{"id":3338,"date":"2023-06-02T06:43:24","date_gmt":"2023-06-02T09:43:24","guid":{"rendered":"https:\/\/ebp.org.br\/nordeste\/?page_id=3338"},"modified":"2025-11-12T08:02:16","modified_gmt":"2025-11-12T11:02:16","slug":"noites-de-biblioteca","status":"publish","type":"page","link":"https:\/\/ebp.org.br\/nordeste\/biblioteca\/noites-de-biblioteca\/","title":{"rendered":"Noites de Biblioteca"},"content":{"rendered":"<section class=\"wpb-content-wrapper\">[vc_row][vc_column][vc_column_text]\n<h3><span style=\"color: #993300;\">Noites de Biblioteca 2025<\/span><\/h3>\n[\/vc_column_text][\/vc_column][\/vc_row][vc_row][vc_column width=&#8221;2\/3&#8243;][vc_column_text]\n<h3><span style=\"color: #993300;\">Noite de Biblioteca<\/span><\/h3>\n<p>O livro de Marcelo Rubens Paiva<\/p>\n<p><strong>Ainda estou aqui<\/strong><\/p>\n<ul>\n<li>Comentam: Sandra Conrado e Tatiana Schefer<\/li>\n<li>Coordena: Wilson Lima<\/li>\n<li>Grupo de trabalho: Juliana Ribeiro, Nelson Matheus (NPJ), Roberta Gusm\u00e3o,Tatiana Schefer e Wilson Lima<\/li>\n<\/ul>\n<p>18 de novembro, \u00e0s 20h<\/p>\n<p>Atividade transmitida pelo zoom[\/vc_column_text][\/vc_column][vc_column width=&#8221;1\/3&#8243;][vc_single_image image=&#8221;4674&#8243;][vc_empty_space][\/vc_column][\/vc_row][vc_row][vc_column width=&#8221;2\/3&#8243;][vc_column_text]\n<h3><span style=\"color: #993300;\">Noite de Biblioteca<\/span><\/h3>\n<p><strong>Cinema em cena: Oeste outra vez<\/strong><\/p>\n<ul>\n<li>Conversam : <strong>DANIEL PORPINO<\/strong> (ATOR &#8211; CONVIDADO) | <strong>CASSANDRA DIAS<\/strong> (EBP\/AMP)<\/li>\n<li>Coordena\u00e7\u00e3o: <strong>Sandra Conrado<\/strong><\/li>\n<li>Grupo de trabalho: Juliana Ribeiro, Nelson Matheus (NPJ), Roberta Gusm\u00e3o,Tatiana Schefer e Wilson Lima<\/li>\n<\/ul>\n<p>09 de setembro, \u00e0s 20h<\/p>\n<p>Atividade transmitida pelo zoom[\/vc_column_text][\/vc_column][vc_column width=&#8221;1\/3&#8243;][vc_single_image image=&#8221;4662&#8243;][vc_empty_space][vc_video link=&#8221;https:\/\/youtu.be\/uQ71M2jfTU0&#8243;][\/vc_column][\/vc_row][vc_row][vc_column width=&#8221;2\/3&#8243;][vc_column_text]\n<h3><span style=\"color: #993300;\">Noite de Biblioteca<\/span><\/h3>\n<p><strong>Por que falar de supervis\u00e3o?<\/strong><br \/>\n&#8220;A fun\u00e7\u00e3o do controle \u00e9: controlar o sujeito cujo ato o ultrapassa &#8230; &#8221;<br \/>\nLacan, 1970, apud, Laurent, 2013, p. 25<\/p>\n<ul>\n<li>Convidada: Paula Borsoi (EBP\/AMP)<\/li>\n<li>Conversam:<br \/>\nConversam Paula Borsoi (EBP RJ)<br \/>\nMargarida Assad (Diretora da EBP-NE)<\/li>\n<li>03 de JUNHO, \u00e0s 20h<\/li>\n<\/ul>\n<p>Atividade transmitida pelo zoom[\/vc_column_text][\/vc_column][vc_column width=&#8221;1\/3&#8243;][vc_single_image image=&#8221;4588&#8243;][\/vc_column][\/vc_row][vc_row][vc_column][vc_column_text]\n<h3><span style=\"color: #993300;\">Noites de Biblioteca<\/span><\/h3>\n<p>A solid\u00e3o entre muitos: o que n\u00e3o faz s\u00e9rie na s\u00e9rie adolesc\u00eancia<\/p>\n<ul>\n<li><strong>Convidado:<\/strong> Marcelo Veras (EBP\/AMP)Coordena\u00e7\u00e3o: Sandra Conrado<\/li>\n<li><strong>Mediadores:<\/strong> Wilson Lima e Nelson Matheus Silva (NPJ)<\/li>\n<li>06 de maio, \u00e0s 20h<\/li>\n<\/ul>\n<p>Atividade transmitida pelo zoom[\/vc_column_text][\/vc_column][\/vc_row][vc_row][vc_column width=&#8221;2\/3&#8243;][vc_video link=&#8221;https:\/\/www.youtube.com\/watch?v=x8R0szi8_xI&#8221;][\/vc_column][vc_column width=&#8221;1\/3&#8243;][vc_single_image image=&#8221;4573&#8243;][\/vc_column][\/vc_row][vc_row][vc_column][vc_column_text]\n<h3><span style=\"color: #993300;\">Noites de Biblioteca 2024<\/span><\/h3>\n[\/vc_column_text][\/vc_column][\/vc_row][vc_row][vc_column width=&#8221;2\/3&#8243;][vc_column_text]\n<h3><span style=\"color: #993300;\">Noites de Biblioteca<\/span><\/h3>\n<p>Atividade sobre Cinema<\/p>\n<p>Filme: \u201cRebento\u201d (2018)<\/p>\n<p>Conversam:<br \/>\nAndr\u00e9 Morais (Diretor)<br \/>\ne Sandra Conrado<\/p>\n<p>Coordena:<br \/>\nLourdes Arag\u00e3o<\/p>\n<ul>\n<li>03 de setembro, ter\u00e7a-feira, \u00e0s 20h<\/li>\n<li>O FILME SER\u00c1 DISPONIBILIZADO PREVIAMENTE PARA OS INSCRITOS.<br \/>\nSolicitar atrav\u00e9s do e-mail <a href=\"mailto:ebpnedivulga@gmail.com\">ebpnedivulga@gmail.com<\/a><br \/>\nAtividade transmitida pela plataforma Zoom.<\/li>\n<\/ul>\n[\/vc_column_text][\/vc_column][vc_column width=&#8221;1\/3&#8243;][vc_single_image image=&#8221;4438&#8243;][vc_empty_space][vc_video link=&#8221;https:\/\/www.youtube.com\/watch?v=T2UPeNF2bzs&#8221;][\/vc_column][\/vc_row][vc_row][vc_column][vc_separator color=&#8221;juicy_pink&#8221;][\/vc_column][\/vc_row][vc_row][vc_column width=&#8221;2\/3&#8243;][vc_column_text]\n<h3><span style=\"color: #993300;\">Noites de Biblioteca<\/span><\/h3>\n<p>Lan\u00e7amento do livro: <strong>\u201cA morte de si\u201d<\/strong><\/p>\n<p>Convidado: <strong>Marcelo Veras (autor) EBP\/AMP<\/strong><\/p>\n<p>Conversa com <strong>Glacy Gorski (EBP\/AMP)<\/strong><\/p>\n<p>Coordena: <strong>Francisco Santos<\/strong><\/p>\n<p>Atividade transmitida pela plataforma Zoom[\/vc_column_text][\/vc_column][vc_column width=&#8221;1\/3&#8243;][vc_single_image image=&#8221;4319&#8243;][vc_empty_space][vc_video link=&#8221;https:\/\/www.youtube.com\/watch?v=i4Y7_w0J5Q4&#8243;][\/vc_column][\/vc_row][vc_row][vc_column][vc_separator color=&#8221;juicy_pink&#8221;][\/vc_column][\/vc_row][vc_row][vc_column width=&#8221;2\/3&#8243;][vc_column_text]\n<h3><span style=\"color: #993300;\">Noites de Biblioteca<\/span><\/h3>\n<p>Lan\u00e7amento de Livro: <strong>\u201cLacan e a Solu\u00e7\u00e3o Elegante na Psicose\u201d<\/strong><\/p>\n<p>Autor convidado:<br \/>\n<strong>Henri Kaufmanner<\/strong><br \/>\nEBP\/AMP<\/p>\n<p>Conversa com:<br \/>\n<strong>Laura Rubi\u00e3o<\/strong><br \/>\nEBP\/AMP<\/p>\n<p>Coordena:<br \/>\n<strong>Cleide Monteiro<\/strong>[\/vc_column_text][\/vc_column][vc_column width=&#8221;1\/3&#8243;][vc_single_image image=&#8221;4157&#8243;][vc_empty_space][vc_video link=&#8221;https:\/\/www.youtube.com\/watch?v=ASUWVd7G4vU&#8221;][\/vc_column][\/vc_row][vc_row][vc_column][vc_separator color=&#8221;juicy_pink&#8221;][\/vc_column][\/vc_row][vc_row][vc_column][vc_column_text]\n<h3><span style=\"color: #993300;\">Noites de Biblioteca 2023<\/span><\/h3>\n[\/vc_column_text][\/vc_column][\/vc_row][vc_row][vc_column width=&#8221;2\/3&#8243;][vc_column_text]\n<h3><span style=\"color: #993300;\">Noites de Biblioteca<\/span><\/h3>\n<p><strong>Lan\u00e7amento da edi\u00e7\u00e3o ampliada do livro Lacan Chin\u00eas<\/strong><\/p>\n<p>Convidado:<br \/>\nCleyton Andrade<br \/>\n(autor) EBP\/AMP<\/p>\n<p>Conversa:<br \/>\nFabi\u00e1n Fajnwaks<br \/>\n(posf\u00e1cio) EOL\/ECF\/AMP<\/p>\n<p>Coordena:<br \/>\nFrancisco Santos[\/vc_column_text][\/vc_column][vc_column width=&#8221;1\/3&#8243;][vc_single_image image=&#8221;4072&#8243;][vc_empty_space][vc_video link=&#8221;https:\/\/www.youtube.com\/watch?v=x1cIby4UC0g&#8221;][\/vc_column][\/vc_row][vc_row][vc_column width=&#8221;2\/3&#8243;][vc_column_text]\n<h3><span style=\"color: #993300;\">Noites de Biblioteca<\/span><\/h3>\n<p><strong>Conversa sobre o filme &#8220;Pele Fina&#8221; (2022)<\/strong><br \/>\nEm conson\u00e2ncia com o tema da III Jornada da Se\u00e7\u00e3o Nordeste &#8220;Cada um em seu mundo: todos delirantes?&#8221;<\/p>\n<p>Convidados:<br \/>\nArtur Lins<br \/>\ndiretor<\/p>\n<p>Susane Zanotti<br \/>\n(coordenadora da comiss\u00e3o Cient\u00edfica da III Jornada)<\/p>\n<p>Coordena:<br \/>\nSandra Conrado[\/vc_column_text][\/vc_column][vc_column width=&#8221;1\/3&#8243;][vc_single_image image=&#8221;3890&#8243;][vc_empty_space][vc_video link=&#8221;https:\/\/www.youtube.com\/watch?v=ShF0Wx6Ml70&#8243;][\/vc_column][\/vc_row][vc_row][vc_column width=&#8221;2\/3&#8243;][vc_column_text]\n<h3><span style=\"color: #993300;\">Noites de Biblioteca<\/span><\/h3>\n<p><strong>Uma leitura de \u201cReavida e escrita: notas de uma psicanalista\u201d<\/strong><\/p>\n<p>Convidada: Ana Lucia Lutterbach Autora (EBP\/AMP)<\/p>\n<p>Conversa: Ana Tereza Groisman (EBP\/AMP)<\/p>\n<p>Coordena: K\u00e9sia Ramos[\/vc_column_text][\/vc_column][vc_column width=&#8221;1\/3&#8243;][vc_single_image image=&#8221;3862&#8243;][vc_video link=&#8221;https:\/\/youtu.be\/MbsqRHsI7dM&#8221;][\/vc_column][\/vc_row][vc_row][vc_column width=&#8221;2\/3&#8243;][vc_column_text]\n<h3><span style=\"color: #993300;\">Atividade Preparat\u00f3ria da Se\u00e7\u00e3o Nordeste &#8211; XI ENAPOL: \u201cCome\u00e7ar a se analisar\u201d<\/span><\/h3>\n<p><strong>Conversa\u00e7\u00e3o: A partir do document\u00e1rio \u201cA primeira sess\u00e3o\u201d (2009)- Dire\u00e7\u00e3o: G\u00e9rard Miller<\/strong><\/p>\n<ul>\n<li>Convidada: Isabel do R\u00eago Barros Duarte (EBP\/AMP)<\/li>\n<li>Conversa: Cassandra Dias<\/li>\n<li>Coordena: Cleide Monteiro<\/li>\n<\/ul>\n<p style=\"font-weight: 400;\">Atividade transmitida pela plataforma zoom<\/p>\n[\/vc_column_text][\/vc_column][vc_column width=&#8221;1\/3&#8243;][vc_single_image image=&#8221;3861&#8243;][vc_video link=&#8221;https:\/\/www.youtube.com\/watch?v=IInANMl7PWY&#8221;][vc_column_text]\n<h6 style=\"text-align: center;\">ATIVIDADE: NOITES DE BIBLIOTECA ATIVIDADE PREPARAT\u00d3RIA DA SE\u00c7\u00c3O NORDESTE XI ENAPOL \u201cCOME\u00c7AR A SE ANALISAR\u201d<br \/>\nCONVERSA\u00c7\u00c3O A PARTIR DO DOCUMENT\u00c1RIO &#8220;A PRIMEIRA SESS\u00c3O&#8221; (2009) DE G\u00c9RARD MILLER.<\/h6>\n[\/vc_column_text][\/vc_column][\/vc_row][vc_row][vc_column width=&#8221;2\/3&#8243;][vc_column_text]\n<h3 style=\"font-weight: 400;\"><span style=\"color: #993300;\">Escrita em cena: O \u00daltimo \u00c9dipo<\/span><\/h3>\n<p style=\"font-weight: 400;\"><em>Baseado na adapta\u00e7\u00e3o de W. J Solha \u201c\u00c9dipo no Terceiro Mil\u00eanio\u201d (S\u00f3focles)<\/em><\/p>\n<ul>\n<li style=\"font-weight: 400;\"><strong>Conversam:<\/strong> Jorge Bweres (diretor), Sandra Luna (dramaturga) e Sandra Conrado (psicanalista)<\/li>\n<li style=\"font-weight: 400;\"><strong>Coordena\u00e7\u00e3o:<\/strong> Maria de Lourdes Arag\u00e3o<\/li>\n<\/ul>\n<p style=\"font-weight: 400;\">Atividade transmitida pela plataforma zoom<\/p>\n[\/vc_column_text][\/vc_column][vc_column width=&#8221;1\/3&#8243;][vc_single_image image=&#8221;3849&#8243;][vc_video link=&#8221;https:\/\/youtu.be\/A8-AyNEaUWg&#8221;][vc_column_text]\n<h6 style=\"text-align: center;\"><strong>NOITES DE BIBLIOTECA &#8211; ESCRITA EM CENA: O \u00daLTIMO \u00c9DIPO: BASEADO NA<br \/>\n<\/strong><strong>ADAPTA\u00c7\u00c3O DE W. SOLHA: \u201c\u00c9DIPO DO \u00daLTIMO MIL\u00caNIO&#8221; &#8211; COORDENA\u00c7\u00c3O MARIA DE LOURDES ARAG\u00c3O<\/strong><\/h6>\n[\/vc_column_text][\/vc_column][\/vc_row]\n<\/section>","protected":false},"excerpt":{"rendered":"<p>[vc_row][vc_column][vc_column_text] Noites de Biblioteca 2025 [\/vc_column_text][\/vc_column][\/vc_row][vc_row][vc_column width=&#8221;2\/3&#8243;][vc_column_text] Noite de Biblioteca O livro de Marcelo Rubens Paiva Ainda estou aqui Comentam: Sandra Conrado e Tatiana Schefer Coordena: Wilson Lima Grupo de trabalho: Juliana Ribeiro, Nelson Matheus (NPJ), Roberta Gusm\u00e3o,Tatiana Schefer e Wilson Lima 18 de novembro, \u00e0s 20h Atividade transmitida pelo zoom[\/vc_column_text][\/vc_column][vc_column width=&#8221;1\/3&#8243;][vc_single_image image=&#8221;4674&#8243;][vc_empty_space][\/vc_column][\/vc_row][vc_row][vc_column width=&#8221;2\/3&#8243;][vc_column_text] Noite&hellip;<\/p>\n","protected":false},"author":1,"featured_media":0,"parent":1513,"menu_order":0,"comment_status":"closed","ping_status":"closed","template":"","meta":{"footnotes":""},"class_list":["post-3338","page","type-page","status-publish","hentry","entry","no-media"],"_links":{"self":[{"href":"https:\/\/ebp.org.br\/nordeste\/wp-json\/wp\/v2\/pages\/3338","targetHints":{"allow":["GET"]}}],"collection":[{"href":"https:\/\/ebp.org.br\/nordeste\/wp-json\/wp\/v2\/pages"}],"about":[{"href":"https:\/\/ebp.org.br\/nordeste\/wp-json\/wp\/v2\/types\/page"}],"author":[{"embeddable":true,"href":"https:\/\/ebp.org.br\/nordeste\/wp-json\/wp\/v2\/users\/1"}],"replies":[{"embeddable":true,"href":"https:\/\/ebp.org.br\/nordeste\/wp-json\/wp\/v2\/comments?post=3338"}],"version-history":[{"count":19,"href":"https:\/\/ebp.org.br\/nordeste\/wp-json\/wp\/v2\/pages\/3338\/revisions"}],"predecessor-version":[{"id":4679,"href":"https:\/\/ebp.org.br\/nordeste\/wp-json\/wp\/v2\/pages\/3338\/revisions\/4679"}],"up":[{"embeddable":true,"href":"https:\/\/ebp.org.br\/nordeste\/wp-json\/wp\/v2\/pages\/1513"}],"wp:attachment":[{"href":"https:\/\/ebp.org.br\/nordeste\/wp-json\/wp\/v2\/media?parent=3338"}],"curies":[{"name":"wp","href":"https:\/\/api.w.org\/{rel}","templated":true}]}}