{"id":2989,"date":"2022-08-19T11:34:30","date_gmt":"2022-08-19T14:34:30","guid":{"rendered":"https:\/\/ebp.org.br\/nordeste\/?page_id=2989"},"modified":"2023-11-30T08:21:27","modified_gmt":"2023-11-30T11:21:27","slug":"boletim-litoraneo-09","status":"publish","type":"page","link":"https:\/\/ebp.org.br\/nordeste\/biblioteca\/publicacao\/boletim-litoraneo-09\/","title":{"rendered":"Boletim Litor\u00e2neo #09"},"content":{"rendered":"<section class=\"wpb-content-wrapper\">[vc_row][vc_column][vc_single_image image=&#8221;2334&#8243; alignment=&#8221;center&#8221;][vc_column_text]\n<h6 style=\"text-align: center;\">Boletim Litor\u00e2neo #09 &#8211; Agosto 2022<\/h6>\n[\/vc_column_text][\/vc_column][\/vc_row][vc_row][vc_column][vc_column_text]\n<h3>EDITORIAL<\/h3>\n<h6><em>Cassandra Dias \u2013 Diretora de Biblioteca<\/em><\/h6>\n<p><img loading=\"lazy\" decoding=\"async\" class=\"center\" src=\"https:\/\/ebp.org.br\/nordeste\/wp-content\/uploads\/2022\/08\/mini_001-1.jpg\" alt=\"Image\" width=\"700\" height=\"140\" align=\"center\" border=\"0\" \/><\/p>\n<p>\u201cA \u00fanica vantagem que um psicanalista tem o direito de tirar de sua posi\u00e7\u00e3o, sendo-lhe esta reconhecida como tal, \u00e9 a de se lembrar, com Freud, que em sua mat\u00e9ria o artista sempre o precede e, portanto, ele n\u00e3o tem que bancar o psic\u00f3logo quando o artista lhe desbrava o caminho\u201d.[\/vc_column_text][vc_btn title=&#8221;Leia+&#8221; style=&#8221;classic&#8221; color=&#8221;mulled-wine&#8221; size=&#8221;xs&#8221; link=&#8221;url:https%3A%2F%2Febp.org.br%2Fnordeste%2Feditorial-litoraneo-09%2F|title:Editorial%20Boletim%20Litor%C3%A2neo%20%2302&#8243;][\/vc_column][\/vc_row][vc_row][vc_column][vc_separator border_width=&#8221;2&#8243;][\/vc_column][\/vc_row][vc_row][vc_column][vc_column_text]\n<h3>Para Al\u00e9m da Imagem-Movimento<\/h3>\n<h6>K\u00e9sia Ramos<\/h6>\n<p><img loading=\"lazy\" decoding=\"async\" class=\"center\" src=\"https:\/\/ebp.org.br\/nordeste\/wp-content\/uploads\/2022\/08\/mini_002-1.jpg\" alt=\"Image\" width=\"700\" height=\"140\" align=\"center\" border=\"0\" \/><\/p>\n<p>A pr\u00f3pria etimologia da palavra \u201ccinema\u201d \u00e9 a abrevia\u00e7\u00e3o de \u201ccinemat\u00f3grafo\u201d. \u201cCine\u201d, vem do grego e significa movimento, e o sufixo \u201c\u00e1grafo\u201d, aqui, significa, gravar. Assim, temos uma imagem em movimento gravado.<br \/>\nNo entanto, a cria\u00e7\u00e3o do cinema foi resultado do esfor\u00e7o de v\u00e1rios inventores que trabalhavam para desenvolver aparelhos para captar e projetar imagens em movimento. Destacarei alguns desses grandes inventores que presentearam a humanidade com esta fabulosa inven\u00e7\u00e3o.[\/vc_column_text][vc_btn title=&#8221;Leia+&#8221; style=&#8221;classic&#8221; color=&#8221;mulled-wine&#8221; size=&#8221;xs&#8221; link=&#8221;url:https%3A%2F%2Febp.org.br%2Fnordeste%2Fpara-alem-da-imagem-movimento%2F|title:O%20Testemunho%20e%20as%20Li%C3%A7%C3%B5es%20do%20Passe%20na%20Se%C3%A7%C3%A3o%20Nordeste&#8221;][\/vc_column][\/vc_row][vc_row][vc_column][vc_separator border_width=&#8221;2&#8243;][\/vc_column][\/vc_row][vc_row][vc_column][vc_column_text]\n<h3>Coment\u00e1rios sobre o filme Girl<\/h3>\n<h6>Ondina Machado<\/h6>\n<p><img loading=\"lazy\" decoding=\"async\" class=\"center\" src=\"https:\/\/ebp.org.br\/nordeste\/wp-content\/uploads\/2022\/08\/mini_003-1.jpg\" alt=\"Image\" width=\"700\" height=\"140\" align=\"center\" border=\"0\" \/><\/p>\n<p><em>Girl<\/em>\u00a0\u00e9 um filme comovente. Trata da luta de Lara para se livrar da \u201cpequena diferen\u00e7a\u201d que se apresenta como uma mancha na sua bela imagem de mulher. Ela vive o desencontro entre a sua identidade de g\u00eanero e sua imagem. Ela sabe que o falo \u00e9 \u201co significado maior, global\u201d na partilha dos sexos. Encarado dessa maneira o \u00f3rg\u00e3o passa a ser significante, aquele significante que significa o sujeito para outro significante. \u00c9 justamente por isso que ela o rejeita. A cirurgia de redesigna\u00e7\u00e3o de g\u00eanero, ent\u00e3o, daria conta de extirpar a mancha em sua imagem, o ap\u00eandice inc\u00f4modo que nega sua identidade. Mas nem todos vivem essa radicalidade.[\/vc_column_text][vc_btn title=&#8221;Leia+&#8221; style=&#8221;classic&#8221; color=&#8221;mulled-wine&#8221; size=&#8221;xs&#8221; link=&#8221;url:https%3A%2F%2Febp.org.br%2Fnordeste%2Fcomentarios-sobre-o-filme-girl%2F|title:O%20que%20%C3%A9%20um%20cartel%3F%20Para%20responder%2C%20n%C3%A3o%20vale%20colar!%5B1%5D&#8221;][\/vc_column][\/vc_row][vc_row][vc_column][vc_separator border_width=&#8221;2&#8243;][\/vc_column][\/vc_row][vc_row][vc_column][vc_column_text]\n<h3>\u201cEstar a s\u00f3s\u201d, solid\u00e3o feminina.\u00a0<em>Coment\u00e1rio ao filme Certas mulheres<\/em><\/h3>\n<h6>Graciela Bessa<\/h6>\n<p><img loading=\"lazy\" decoding=\"async\" class=\"center\" src=\"https:\/\/ebp.org.br\/nordeste\/wp-content\/uploads\/2022\/08\/mini_004-1.jpg\" alt=\"Image\" width=\"700\" height=\"140\" align=\"center\" border=\"0\" \/><\/p>\n<p>Come\u00e7o agradecendo a K\u00e9sia Ramos, coordenadora desta atividade Cinema e Psican\u00e1lise da Se\u00e7\u00e3o Nordeste, como tamb\u00e9m \u00e0 diretoria desta Se\u00e7\u00e3o, o convite para comentar o filme Certas mulheres, escrito e dirigido por uma mulher, Kelly Reichardt. \u00c9 um grande prazer estar aqui com todos voc\u00eas.<br \/>\nConfesso que o que me chamou a aten\u00e7\u00e3o ao assistir este filme pela primeira vez \u00e9 que se trata de um filme dos detalhes, das entrelinhas, dos olhares que se encontram e se perdem.<\/p>\n<p>perdem.[\/vc_column_text][vc_btn title=&#8221;Leia+&#8221; style=&#8221;classic&#8221; color=&#8221;mulled-wine&#8221; size=&#8221;xs&#8221; link=&#8221;url:https%3A%2F%2Febp.org.br%2Fnordeste%2Festar-a-sos-solidao-feminina-comentario-ao-filme-certas-mulheres%2F|title:O%20que%20%C3%A9%20um%20cartel%3F%20Para%20responder%2C%20n%C3%A3o%20vale%20colar!%5B1%5D&#8221;][\/vc_column][\/vc_row][vc_row][vc_column][vc_separator border_width=&#8221;2&#8243;][\/vc_column][\/vc_row][vc_row][vc_column][vc_column_text]\n<h3>O analista e a escrita<\/h3>\n<h6>F\u00e1tima Pinheiro<\/h6>\n<p><img loading=\"lazy\" decoding=\"async\" class=\"center\" src=\"https:\/\/ebp.org.br\/nordeste\/wp-content\/uploads\/2022\/08\/mini_005-1.jpg\" alt=\"Image\" width=\"700\" height=\"140\" align=\"center\" border=\"0\" \/><\/p>\n<p>\u201cO analista e a escrita\u201d, t\u00edtulo sugerido pela Cassandra para o nosso encontro \u2013 o qual gostei muito &#8211; fez sentir-me duplamente concernida: por minha pr\u00e1tica enquanto analista e, tamb\u00e9m, como escritora. Pensei, ent\u00e3o, trabalhar o la\u00e7o entre a psican\u00e1lise e a escrita a partir da poesia e dos efeitos produzidos por ela em minha po\u00e9tica.[\/vc_column_text][vc_btn title=&#8221;Leia+&#8221; style=&#8221;classic&#8221; color=&#8221;mulled-wine&#8221; size=&#8221;xs&#8221; link=&#8221;url:https%3A%2F%2Febp.org.br%2Fnordeste%2Fo-analista-e-a-escrita%2F|title:O%20que%20%C3%A9%20um%20cartel%3F%20Para%20responder%2C%20n%C3%A3o%20vale%20colar!%5B1%5D&#8221;][\/vc_column][\/vc_row][vc_row][vc_column][vc_separator border_width=&#8221;2&#8243;][\/vc_column][\/vc_row][vc_row][vc_column][vc_column_text]\n<h3>ATIVIDADES NA EBP &#8211; SE\u00c7\u00c3O NORDESTE<br \/>\nAGENDA &#8211; AGOSTO &#8211; 2022<\/h3>\n<p><strong>Noite de cart\u00e9is<br \/>\nE O MAIS-UM?<\/strong><br \/>\nConvidada: Cassandra Dias (EBP\/AMP)<br \/>\nCoordena\u00e7\u00e3o: Claudia Formiga, Paulo Carvalho e Rose Mooneyhan (Comiss\u00e3o de Cart\u00e9is EBP-NE)<br \/>\nDia: 02 de agosto<br \/>\nHor\u00e1rio: 20h<\/p>\n<p><strong>Semin\u00e1rio de Orienta\u00e7\u00e3o Lacaniana<\/strong><br \/>\nTexto base: Semin\u00e1rio \u201cO Ser e o Um\u201d, de Jacques-Alain Miller- li\u00e7\u00e3o de 30 de mar\u00e7o de 2011<br \/>\nRespons\u00e1veis: Cleyton Andrade e Gabriella Dupim<br \/>\nCoordenam: Bibiana Poggi e Eliane Baptista<br \/>\nDia: 09 de agosto<br \/>\nHor\u00e1rio: 20h<\/p>\n<p><strong>Preparat\u00f3ria da II JORNADA DA SE\u00c7\u00c3O NORDESTE \u201cE O ANALISTA<br \/>\nEM TEMPOS DA EVAPORA\u00c7\u00c3O DO PAI?\u201d<br \/>\nEixo 2: \u201cO analista frente ao discurso de \u00f3dio segregador e a nova l\u00f3gica coletiva\u201d<\/strong><br \/>\nApresentam: Margarida Assad e Cl\u00e1udia Formiga &#8211; Coordenadoras do Eixo 2<br \/>\nCoordena\u00e7\u00e3o: Jos\u00e9 Carlos Lapenda<br \/>\nConversam: Suele Conde e Nelson Matheus Silva<br \/>\nDia: 16 de agosto<br \/>\nHor\u00e1rio: 20h<\/p>\n<p><strong>Aposta no passe hoje<br \/>\nComent\u00e1rios sobre o texto &#8220;Oito pontua\u00e7\u00f5es sobre a crise no passe&#8221; &#8211; Jacques-Alain Miller<\/strong><br \/>\nConvidada Sandra Grostein (AME da EBP\/AMP)<br \/>\nCoordena\u00e7\u00e3o: Cleyton Andrade<br \/>\nCoordena\u00e7\u00e3o de mesa: Margarida Assad<br \/>\nDia: 17 de agosto<br \/>\nHor\u00e1rio: 20h<\/p>\n<p><strong>Semin\u00e1rio Inconsciente e Interpreta\u00e7\u00e3o: momentos-chave em Freud e Lacan<br \/>\nInterpreta\u00e7\u00e3o por alus\u00e3o<\/strong><br \/>\nRefer\u00eancia Bibliogr\u00e1fica: LACAN, J. \u201cA dire\u00e7\u00e3o do tratamento e os princ\u00edpios de seu poder\u201d(1958). In: Escritos. Rio de Janeiro: Jorge Zahar, 1998.<br \/>\nApresenta: Glacy Gorski<br \/>\nCoordena\u00e7\u00e3o:Elizabete Siqueira e Glacy Gorski<br \/>\nDia: 23 de agosto<br \/>\nHor\u00e1rio: 20h \u00e0s 21h30<\/p>\n<p><strong>Semin\u00e1rio de leitura do Semin\u00e1rio de Lacan, livro 10 A ang\u00fastia<\/strong><br \/>\nRespons\u00e1vel: Ruth Jeunon<br \/>\nDia: 03, 10, 17, 24 e 31 de agosto<br \/>\nHor\u00e1rio: 13h30min \u00e0s 15h<\/p>\n<p><strong>Cinema e Psican\u00e1lise<\/strong><br \/>\nConversa\u00e7\u00e3o sobre o filme \u201cEstou me guardando para quando o carnaval chegar\u201d(2019), dire\u00e7\u00e3o Marcelo Gomes<br \/>\nConvidados: Marcela Antelo (AME EBP\/AMP), Diretora Geral da EBP Se\u00e7\u00e3o Bahia.<br \/>\nJo\u00e3o Vieira Jr. Produtor e membro do Conselho Consultivo do Audiovisual do Estado de Pernambuco<br \/>\nCoordena\u00e7\u00e3o: K\u00e9sia Ramos<br \/>\nApoio: Comiss\u00e3o de Cinema e Psican\u00e1lise da Rede Fapol na EBP<br \/>\nDia: 30 de agosto<br \/>\nHor\u00e1rio: 20h[\/vc_column_text][\/vc_column][\/vc_row][vc_row][vc_column][vc_separator border_width=&#8221;2&#8243;][\/vc_column][\/vc_row][vc_row css=&#8221;.vc_custom_1624132366850{background-color: #3f4649 !important;}&#8221;][vc_column][vc_single_image image=&#8221;2333&#8243; alignment=&#8221;center&#8221;][vc_column_text]\n<h6 style=\"text-align: center;\"><span style=\"color: #ffffff;\">Litor\u00e2neo &#8211; Boletim Eletr\u00f4nico da EBP Se\u00e7\u00e3o Nordeste<\/span><\/h6>\n<h6 style=\"text-align: center;\"><span style=\"color: #ffffff;\">Coordenadora da Comiss\u00e3o\u00a0de Boletim:\u00a0Cassandra Dias<\/span><br \/>\n<span style=\"color: #ffffff;\">Comiss\u00e3o de Boletim:\u00a0Bruno Senna, Cassandra Dias e K\u00e9sia Ramos<\/span><br \/>\n<span style=\"color: #ffffff;\">Designer: Bruno Senna &#8211; <a style=\"color: #ffffff;\" href=\"mailto:sennabruno@gmail.com\">sennabruno@gmail.com<\/a><\/span><\/h6>\n[\/vc_column_text][\/vc_column][\/vc_row]\n<\/section>","protected":false},"excerpt":{"rendered":"<p>[vc_row][vc_column][vc_single_image image=&#8221;2334&#8243; alignment=&#8221;center&#8221;][vc_column_text] Boletim Litor\u00e2neo #09 &#8211; Agosto 2022 [\/vc_column_text][\/vc_column][\/vc_row][vc_row][vc_column][vc_column_text] EDITORIAL Cassandra Dias \u2013 Diretora de Biblioteca \u201cA \u00fanica vantagem que um psicanalista tem o direito de tirar de sua posi\u00e7\u00e3o, sendo-lhe esta reconhecida como tal, \u00e9 a de se lembrar, com Freud, que em sua mat\u00e9ria o artista sempre o precede e, portanto, ele&hellip;<\/p>\n","protected":false},"author":1,"featured_media":0,"parent":1231,"menu_order":0,"comment_status":"closed","ping_status":"closed","template":"","meta":{"footnotes":""},"class_list":["post-2989","page","type-page","status-publish","hentry","entry","no-media"],"_links":{"self":[{"href":"https:\/\/ebp.org.br\/nordeste\/wp-json\/wp\/v2\/pages\/2989","targetHints":{"allow":["GET"]}}],"collection":[{"href":"https:\/\/ebp.org.br\/nordeste\/wp-json\/wp\/v2\/pages"}],"about":[{"href":"https:\/\/ebp.org.br\/nordeste\/wp-json\/wp\/v2\/types\/page"}],"author":[{"embeddable":true,"href":"https:\/\/ebp.org.br\/nordeste\/wp-json\/wp\/v2\/users\/1"}],"replies":[{"embeddable":true,"href":"https:\/\/ebp.org.br\/nordeste\/wp-json\/wp\/v2\/comments?post=2989"}],"version-history":[{"count":2,"href":"https:\/\/ebp.org.br\/nordeste\/wp-json\/wp\/v2\/pages\/2989\/revisions"}],"predecessor-version":[{"id":4098,"href":"https:\/\/ebp.org.br\/nordeste\/wp-json\/wp\/v2\/pages\/2989\/revisions\/4098"}],"up":[{"embeddable":true,"href":"https:\/\/ebp.org.br\/nordeste\/wp-json\/wp\/v2\/pages\/1231"}],"wp:attachment":[{"href":"https:\/\/ebp.org.br\/nordeste\/wp-json\/wp\/v2\/media?parent=2989"}],"curies":[{"name":"wp","href":"https:\/\/api.w.org\/{rel}","templated":true}]}}