{"id":2889,"date":"2022-05-30T09:01:09","date_gmt":"2022-05-30T12:01:09","guid":{"rendered":"https:\/\/ebp.org.br\/nordeste\/?page_id=2889"},"modified":"2024-06-11T17:28:22","modified_gmt":"2024-06-11T20:28:22","slug":"cinema-psicanalise","status":"publish","type":"page","link":"https:\/\/ebp.org.br\/nordeste\/cinema-psicanalise\/","title":{"rendered":"Cinema &#038; Psican\u00e1lise"},"content":{"rendered":"<section class=\"wpb-content-wrapper\">[vc_row][vc_column][vc_column_text]A cria\u00e7\u00e3o do cinema foi resultado do esfor\u00e7o de v\u00e1rios inventores que trabalhavam para conseguir registrar imagens em movimento. O cinema \u00e9, cronologicamente, a \u00faltima das artes, considerada como a mais imersiva das sete artes, por conseguir mexer com quase todos os sentidos humanos.<\/p>\n<p>\u00c9 sabido que o cinema e a psican\u00e1lise surgem praticamente ao mesmo tempo, e s\u00e3o modos privilegiados de transformar experi\u00eancia em discurso.<\/p>\n<p>Sigmund Freud e Jacques Lacan prop\u00f5em que a arte esteja ao lado enigm\u00e1tico do saber do artista. Em Frankfurt, ao receber o pr\u00eamio Goethe, Freud atribuiu aos artistas a descoberta do inconsciente.\u00a0Eles, pela sua sensibilidade, seriam respons\u00e1veis por materializar nas suas produ\u00e7\u00f5es o que circula silenciosamente em cada \u00e9poca.<\/p>\n<p>Assim, esta proposta de atividade n\u00e3o s\u00f3 aplica a psican\u00e1lise ao cinema, como o cinema \u00e0 psican\u00e1lise. Mas, investigar e conversar sobre o que a s\u00e9tima arte p\u00f5e em evid\u00eancia atrav\u00e9s de suas cria\u00e7\u00f5es.<\/p>\n<h6>K\u00e9sia Ramos<br \/>\nCoordenadora da atividade de Cinema e Psican\u00e1lise da EBP Se\u00e7\u00e3o Nordeste<\/h6>\n[\/vc_column_text][vc_empty_space][\/vc_column][\/vc_row][vc_row][vc_column width=&#8221;2\/3&#8243;][vc_single_image image=&#8221;4346&#8243; onclick=&#8221;link_image&#8221;][\/vc_column][vc_column width=&#8221;1\/3&#8243;][vc_video link=&#8221;https:\/\/www.youtube.com\/watch?v=bQ8ExoBsz5g&#8221;][\/vc_column][\/vc_row][vc_row][vc_column width=&#8221;1\/3&#8243;][vc_single_image image=&#8221;3846&#8243; onclick=&#8221;link_image&#8221;][\/vc_column][vc_column width=&#8221;1\/3&#8243;][vc_single_image image=&#8221;3673&#8243; onclick=&#8221;link_image&#8221;][\/vc_column][vc_column width=&#8221;1\/3&#8243;][vc_single_image image=&#8221;3703&#8243; onclick=&#8221;link_image&#8221;][\/vc_column][\/vc_row][vc_row][vc_column width=&#8221;1\/3&#8243;][vc_single_image image=&#8221;3729&#8243; onclick=&#8221;link_image&#8221;][\/vc_column][vc_column width=&#8221;1\/3&#8243;][vc_single_image image=&#8221;3767&#8243; onclick=&#8221;link_image&#8221;][\/vc_column][vc_column width=&#8221;1\/3&#8243;][vc_single_image image=&#8221;4082&#8243; onclick=&#8221;link_image&#8221;][\/vc_column][\/vc_row][vc_row][vc_column][vc_empty_space][vc_column_text]\n<h3><span style=\"color: #993300;\">V\u00eddeo<\/span><\/h3>\n[\/vc_column_text][vc_empty_space][\/vc_column][\/vc_row][vc_row][vc_column width=&#8221;1\/2&#8243;][vc_video link=&#8221;https:\/\/youtu.be\/6v7FpkV9SiU&#8221;][vc_column_text]\n<h6 style=\"text-align: center;\">CINEMA E PSICAN\u00c1LISE: CONVERSA\u00c7\u00c3O SOBRE O FILME &#8220;O HOMEM IDEAL&#8221;.<\/h6>\n[\/vc_column_text][\/vc_column][vc_column width=&#8221;1\/2&#8243;][vc_video link=&#8221;https:\/\/www.youtube.com\/watch?v=JCShz-HPcJk&#8221;][vc_column_text]\n<h6 style=\"text-align: center;\">CINEMA E PSICAN\u00c1LISE: CONVERSA\u00c7\u00c3O SOBRE O FILME &#8220;ELEPHANT&#8221; COM A CONVIDADA<br \/>\nNOHEM\u00cd BROWN EBP\/AMP, COORDENADORA DA NR CEREDA BRASIL.<\/h6>\n[\/vc_column_text][\/vc_column][\/vc_row]\n<\/section>","protected":false},"excerpt":{"rendered":"<p>[vc_row][vc_column][vc_column_text]A cria\u00e7\u00e3o do cinema foi resultado do esfor\u00e7o de v\u00e1rios inventores que trabalhavam para conseguir registrar imagens em movimento. O cinema \u00e9, cronologicamente, a \u00faltima das artes, considerada como a mais imersiva das sete artes, por conseguir mexer com quase todos os sentidos humanos. \u00c9 sabido que o cinema e a psican\u00e1lise surgem praticamente ao&hellip;<\/p>\n","protected":false},"author":1,"featured_media":0,"parent":0,"menu_order":0,"comment_status":"closed","ping_status":"closed","template":"","meta":{"footnotes":""},"class_list":["post-2889","page","type-page","status-publish","hentry","entry","no-media"],"_links":{"self":[{"href":"https:\/\/ebp.org.br\/nordeste\/wp-json\/wp\/v2\/pages\/2889","targetHints":{"allow":["GET"]}}],"collection":[{"href":"https:\/\/ebp.org.br\/nordeste\/wp-json\/wp\/v2\/pages"}],"about":[{"href":"https:\/\/ebp.org.br\/nordeste\/wp-json\/wp\/v2\/types\/page"}],"author":[{"embeddable":true,"href":"https:\/\/ebp.org.br\/nordeste\/wp-json\/wp\/v2\/users\/1"}],"replies":[{"embeddable":true,"href":"https:\/\/ebp.org.br\/nordeste\/wp-json\/wp\/v2\/comments?post=2889"}],"version-history":[{"count":7,"href":"https:\/\/ebp.org.br\/nordeste\/wp-json\/wp\/v2\/pages\/2889\/revisions"}],"predecessor-version":[{"id":4358,"href":"https:\/\/ebp.org.br\/nordeste\/wp-json\/wp\/v2\/pages\/2889\/revisions\/4358"}],"wp:attachment":[{"href":"https:\/\/ebp.org.br\/nordeste\/wp-json\/wp\/v2\/media?parent=2889"}],"curies":[{"name":"wp","href":"https:\/\/api.w.org\/{rel}","templated":true}]}}