{"id":2830,"date":"2022-03-19T16:35:51","date_gmt":"2022-03-19T19:35:51","guid":{"rendered":"https:\/\/ebp.org.br\/nordeste\/?page_id=2830"},"modified":"2023-11-30T08:24:21","modified_gmt":"2023-11-30T11:24:21","slug":"boletim-litoraneo-08","status":"publish","type":"page","link":"https:\/\/ebp.org.br\/nordeste\/biblioteca\/publicacao\/boletim-litoraneo-08\/","title":{"rendered":"Boletim Litor\u00e2neo #08"},"content":{"rendered":"<section class=\"wpb-content-wrapper\">[vc_row][vc_column][vc_single_image image=&#8221;2334&#8243; alignment=&#8221;center&#8221;][vc_column_text]\n<h6 style=\"text-align: center;\">Boletim Litor\u00e2neo #08 &#8211; Mar\u00e7o 2022<\/h6>\n[\/vc_column_text][\/vc_column][\/vc_row][vc_row][vc_column][vc_column_text]\n<h3>EDITORIAL<\/h3>\n<h6>Cassandra Dias \u2013 Diretora de Biblioteca<\/h6>\n<p><img loading=\"lazy\" decoding=\"async\" class=\"alignnone wp-image-2820 size-full\" src=\"https:\/\/ebp.org.br\/nordeste\/wp-content\/uploads\/2022\/03\/mini_Boletim-02.jpg\" alt=\"\" width=\"700\" height=\"140\" \/><\/p>\n<p>O boletim Litor\u00e2neo, em sua primeira edi\u00e7\u00e3o do ano de 2022, re\u00fane um panorama diversificado do trabalho no Nordeste da EBP. Cada um que com o seu estilo assina esses textos, contibu\u00ed com a presen\u00e7a do psicanalista na discuss\u00e3o de temas urgentes da atualidade. Recolher essa transmiss\u00e3o escreve um percurso institucional decidido a partir de uma transfer\u00eancia de trabalho.[\/vc_column_text][vc_btn title=&#8221;Leia+&#8221; style=&#8221;classic&#8221; color=&#8221;mulled-wine&#8221; size=&#8221;xs&#8221; link=&#8221;url:https%3A%2F%2Febp.org.br%2Fnordeste%2Feditorial-litoraneo-08%2F|title:Editorial%20Boletim%20Litor%C3%A2neo%20%2302&#8243;][\/vc_column][\/vc_row][vc_row][vc_column][vc_separator border_width=&#8221;2&#8243;][\/vc_column][\/vc_row][vc_row][vc_column][vc_column_text]\n<h3>Das identifica\u00e7\u00f5es ao amor mais digno: a pol\u00edtica da psican\u00e1lise<\/h3>\n<h6>Li\u00e9ge Uchoa<\/h6>\n<p><img loading=\"lazy\" decoding=\"async\" class=\"size-full wp-image-2820 alignnone\" src=\"https:\/\/ebp.org.br\/nordeste\/wp-content\/uploads\/2022\/03\/mini_Boletim-02.jpg\" alt=\"\" width=\"700\" height=\"140\" \/><\/p>\n<p>O ponto de partida do semin\u00e1rio \u201cOs Divinos Detalhes\u201d, de Jacques-Alain Miller, foi apresentar o detalhe como aquilo que admite o gozo condicionando a escolha do objeto amoroso e sexual. Algumas quest\u00f5es sobre o amor nos levam aos pequenos detalhes: o que \u00e9 o amor? O que ensina a psican\u00e1lise sobre o amor? Em particular, o fato de que o parceiro est\u00e1 fundamentalmente indeterminado para o sujeito&#8230;[\/vc_column_text][vc_btn title=&#8221;Leia+&#8221; style=&#8221;classic&#8221; color=&#8221;mulled-wine&#8221; size=&#8221;xs&#8221; link=&#8221;url:https%3A%2F%2Febp.org.br%2Fnordeste%2Fdas-identificacoes-ao-amor-mais-digno-a-politica-da-psicanalise%2F|title:O%20Testemunho%20e%20as%20Li%C3%A7%C3%B5es%20do%20Passe%20na%20Se%C3%A7%C3%A3o%20Nordeste&#8221;][\/vc_column][\/vc_row][vc_row][vc_column][vc_separator border_width=&#8221;2&#8243;][\/vc_column][\/vc_row][vc_row][vc_column][vc_column_text]\n<h3>O Novo no Amor: Modalidades contempor\u00e2neas dos la\u00e7os<\/h3>\n<h6>Maria Wilma S. de Faria<\/h6>\n<p><img loading=\"lazy\" decoding=\"async\" class=\"alignnone size-full wp-image-2821\" src=\"https:\/\/ebp.org.br\/nordeste\/wp-content\/uploads\/2022\/03\/mini_Boletim-03.jpg\" alt=\"\" width=\"700\" height=\"140\" \/><\/p>\n<p>Gostaria de come\u00e7ar falando da alegria em estar ao lado das coordenadoras Li\u00e8ge Uch\u00f4a e Margarida Assad, duas colegas, companheiras de um percurso de uma vida de trabalho. Agradecer tamb\u00e9m a Ana Eliza, que acabo de conhecer e \u00e0 Cassandra, por me permitir trazer algo da minha experi\u00eancia.[\/vc_column_text][vc_btn title=&#8221;Leia+&#8221; style=&#8221;classic&#8221; color=&#8221;mulled-wine&#8221; size=&#8221;xs&#8221; link=&#8221;url:https%3A%2F%2Febp.org.br%2Fnordeste%2Fo-novo-no-amor-modalidades-contemporaneas-dos-lacos%2F|title:O%20que%20%C3%A9%20um%20cartel%3F%20Para%20responder%2C%20n%C3%A3o%20vale%20colar!%5B1%5D&#8221;][\/vc_column][\/vc_row][vc_row][vc_column][vc_separator border_width=&#8221;2&#8243;][\/vc_column][\/vc_row][vc_row][vc_column][vc_column_text]\n<h3>Escola e Cart\u00e9is: A via do coletivo ao singular<\/h3>\n<h6>Margarida Elia Assad<\/h6>\n<p><img loading=\"lazy\" decoding=\"async\" class=\"alignnone size-full wp-image-2824\" src=\"https:\/\/ebp.org.br\/nordeste\/wp-content\/uploads\/2022\/03\/mini_Boletim-06.jpg\" alt=\"\" width=\"700\" height=\"140\" \/><\/p>\n<p>Quando aceitei o convite da Diretoria de Cart\u00e9is e Interc\u00e2mbio para falar hoje sobre os cart\u00e9is, a quem, no nome de Claudia Formiga,\u00a0gostaria desde j\u00e1 de agradecer o am\u00e1vel convite, me deparei com o t\u00edtulo que daria a essa fala. Depois de pensar um pouco me surgiu abordar o cartel pela via do que, para n\u00f3s psicanalistas \u00e9 um desafio, o de como nos posicionar frente ao coletivo&#8230;[\/vc_column_text][vc_btn title=&#8221;Leia+&#8221; style=&#8221;classic&#8221; color=&#8221;mulled-wine&#8221; size=&#8221;xs&#8221; link=&#8221;url:https%3A%2F%2Febp.org.br%2Fnordeste%2Fescola-e-carteis-a-via-do-coletivo-ao-singular-1%2F|title:O%20que%20%C3%A9%20um%20cartel%3F%20Para%20responder%2C%20n%C3%A3o%20vale%20colar!%5B1%5D&#8221;][\/vc_column][\/vc_row][vc_row][vc_column][vc_separator border_width=&#8221;2&#8243;][\/vc_column][\/vc_row][vc_row][vc_column][vc_column_text]\n<h3>Exist\u00eancia e escrita do Um: novos arranjos contra o imperialismo do Universal<\/h3>\n<h6>Elizabete Siqueira<\/h6>\n<p><img loading=\"lazy\" decoding=\"async\" class=\"alignnone size-full wp-image-2825\" src=\"https:\/\/ebp.org.br\/nordeste\/wp-content\/uploads\/2022\/03\/mini_Boletim-07.jpg\" alt=\"\" width=\"700\" height=\"140\" \/><\/p>\n<p>A exist\u00eancia e a escrita do Um s\u00e3o sintagmas que aparecem em dois diferentes eixos de nossa Jornada. Tal presen\u00e7a produziu em mim o desejo de salientar a contraposi\u00e7\u00e3o do ensino de Lacan em rela\u00e7\u00e3o ao Universal e de como esse ensino fura antigos paradigmas segregativos. Meu objetivo \u00e9, portanto, frisar que a exist\u00eancia e o Um emancipam da ambi\u00e7\u00e3o de universalidade do Mestre e que os dois&#8230;[\/vc_column_text][vc_btn title=&#8221;Leia+&#8221; style=&#8221;classic&#8221; color=&#8221;mulled-wine&#8221; size=&#8221;xs&#8221; link=&#8221;url:https%3A%2F%2Febp.org.br%2Fnordeste%2Fexistencia-e-escrita-do-um-novos-arranjos-contra-o-imperialismo-do-universal%2F|title:O%20que%20%C3%A9%20um%20cartel%3F%20Para%20responder%2C%20n%C3%A3o%20vale%20colar!%5B1%5D&#8221;][\/vc_column][\/vc_row][vc_row][vc_column][vc_separator border_width=&#8221;2&#8243;][\/vc_column][\/vc_row][vc_row][vc_column][vc_column_text]\n<h3>A voz de n\u00e3o-todo trans!<\/h3>\n<h6>Gabriella Dupim<\/h6>\n<p><img loading=\"lazy\" decoding=\"async\" class=\"alignnone size-full wp-image-2826\" src=\"https:\/\/ebp.org.br\/nordeste\/wp-content\/uploads\/2022\/03\/mini_Boletim-08.jpg\" alt=\"\" width=\"700\" height=\"140\" \/><\/p>\n<p>Ao receber o convite para comentar os recortes da entrevista com Andreina Gama, coordenadora do eixo \u00b4Diversidade \u00c9tnico Racial, G\u00eanero e Orienta\u00e7\u00e3o Sexual\u00b4 da Funda\u00e7\u00e3o e da Associa\u00e7\u00e3o de Pessoas Travestis e Transexuais da Para\u00edba, realizada por integrantes do N\u00facleo de Estudos e Pesquisa sobre o Feminino, exibidos na I Jornada da Se\u00e7\u00e3o Nordeste em dezembro de 2021&#8230;[\/vc_column_text][vc_btn title=&#8221;Leia+&#8221; style=&#8221;classic&#8221; color=&#8221;mulled-wine&#8221; size=&#8221;xs&#8221; link=&#8221;url:https%3A%2F%2Febp.org.br%2Fnordeste%2Fa-voz-de-nao-todo-trans%2F|title:O%20que%20%C3%A9%20um%20cartel%3F%20Para%20responder%2C%20n%C3%A3o%20vale%20colar!%5B1%5D&#8221;][\/vc_column][\/vc_row][vc_row][vc_column][vc_separator border_width=&#8221;2&#8243;][\/vc_column][\/vc_row][vc_row][vc_column][vc_column_text]\n<h3>O patriarcado como uma estrutura elementar do sexismo<\/h3>\n<h6>Luis Francisco Camargo<\/h6>\n<p><img loading=\"lazy\" decoding=\"async\" class=\"alignnone size-full wp-image-2827\" src=\"https:\/\/ebp.org.br\/nordeste\/wp-content\/uploads\/2022\/03\/mini_Boletim-09.jpg\" alt=\"\" width=\"700\" height=\"140\" \/><\/p>\n<p>Lacan, em \u201cOs complexos familiares na forma\u00e7\u00e3o do indiv\u00edduo\u201d (1938), abordou a fam\u00edlia como uma estrutura hier\u00e1rquica que replica o modelo patriarcal, \u201co \u00f3rg\u00e3o privilegiado da coer\u00e7\u00e3o do adulto sobre a crian\u00e7a, coer\u00e7\u00e3o a quem o homem deve a etapa original e as bases arcaicas de sua forma\u00e7\u00e3o moral (LACAN, 2003, p. 30)\u201d. Para melhor ilustrar o lugar da fam\u00edlia, Lacan tomou a l\u00edngua materna&#8230;[\/vc_column_text][vc_btn title=&#8221;Leia+&#8221; style=&#8221;classic&#8221; color=&#8221;mulled-wine&#8221; size=&#8221;xs&#8221; link=&#8221;url:https%3A%2F%2Febp.org.br%2Fnordeste%2Fo-patriarcado-como-uma-estrutura-elementar-do-sexismo%2F|title:O%20que%20%C3%A9%20um%20cartel%3F%20Para%20responder%2C%20n%C3%A3o%20vale%20colar!%5B1%5D&#8221;][\/vc_column][\/vc_row][vc_row][vc_column][vc_separator border_width=&#8221;2&#8243;][\/vc_column][\/vc_row][vc_row][vc_column][vc_column_text]\n<h3>Do desenho ao corpo: uma li\u00e7\u00e3o sobre o enigma da sexua\u00e7\u00e3o em Laerte-se<\/h3>\n<h6>Karynna M. B da N\u00f3brega<\/h6>\n<p><img loading=\"lazy\" decoding=\"async\" class=\"alignnone size-full wp-image-2828\" src=\"https:\/\/ebp.org.br\/nordeste\/wp-content\/uploads\/2022\/03\/mini_Boletim-10.jpg\" alt=\"\" width=\"700\" height=\"140\" \/><\/p>\n<p>O document\u00e1rio Laerte-se (2020), dirigido por Lydia Barbosa da Silva e Eliane Brum, em 1h e 40 minutos, exibe como a cartunista e chargista Laerte Coutinho tornou-se uma mulher, depois de cinco d\u00e9cadas como homem. Na primeira tomada de cena, Laerte apresenta uma vacila\u00e7\u00e3o em aceitar ou n\u00e3o fazer o document\u00e1rio, menciona n\u00e3o se sentir pronta. A diretora e roteirista prop\u00f5e um outro lugar para a realiza\u00e7\u00e3o da filmagem&#8230;[\/vc_column_text][vc_btn title=&#8221;Leia+&#8221; style=&#8221;classic&#8221; color=&#8221;mulled-wine&#8221; size=&#8221;xs&#8221; link=&#8221;url:https%3A%2F%2Febp.org.br%2Fnordeste%2Fdo-desenho-ao-corpo-uma-licao-sobre-o-enigma-da-sexuacao-em-laerte-se%2F|title:O%20que%20%C3%A9%20um%20cartel%3F%20Para%20responder%2C%20n%C3%A3o%20vale%20colar!%5B1%5D&#8221;][\/vc_column][\/vc_row][vc_row][vc_column][vc_separator border_width=&#8221;2&#8243;][\/vc_column][\/vc_row][vc_row css=&#8221;.vc_custom_1624132366850{background-color: #3f4649 !important;}&#8221;][vc_column][vc_single_image image=&#8221;2333&#8243; alignment=&#8221;center&#8221;][vc_column_text]\n<h6 style=\"text-align: center;\"><span style=\"color: #ffffff;\">Litor\u00e2neo &#8211; Boletim Eletr\u00f4nico da EBP Se\u00e7\u00e3o Nordeste<\/span><\/h6>\n<h6 style=\"text-align: center;\"><span style=\"color: #ffffff;\">Coordenadora da Comiss\u00e3o\u00a0de Boletim:\u00a0Cassandra Dias<\/span><br \/>\n<span style=\"color: #ffffff;\">Comiss\u00e3o de Boletim:\u00a0Bruno Senna, Cassandra Dias e K\u00e9sia Ramos<\/span><br \/>\n<span style=\"color: #ffffff;\">Designer: Bruno Senna &#8211; <a style=\"color: #ffffff;\" href=\"mailto:sennabruno@gmail.com\">sennabruno@gmail.com<\/a><\/span><\/h6>\n[\/vc_column_text][\/vc_column][\/vc_row]\n<\/section>","protected":false},"excerpt":{"rendered":"<p>[vc_row][vc_column][vc_single_image image=&#8221;2334&#8243; alignment=&#8221;center&#8221;][vc_column_text] Boletim Litor\u00e2neo #08 &#8211; Mar\u00e7o 2022 [\/vc_column_text][\/vc_column][\/vc_row][vc_row][vc_column][vc_column_text] EDITORIAL Cassandra Dias \u2013 Diretora de Biblioteca O boletim Litor\u00e2neo, em sua primeira edi\u00e7\u00e3o do ano de 2022, re\u00fane um panorama diversificado do trabalho no Nordeste da EBP. Cada um que com o seu estilo assina esses textos, contibu\u00ed com a presen\u00e7a do psicanalista na&hellip;<\/p>\n","protected":false},"author":1,"featured_media":0,"parent":1231,"menu_order":0,"comment_status":"closed","ping_status":"closed","template":"","meta":{"footnotes":""},"class_list":["post-2830","page","type-page","status-publish","hentry","entry","no-media"],"_links":{"self":[{"href":"https:\/\/ebp.org.br\/nordeste\/wp-json\/wp\/v2\/pages\/2830","targetHints":{"allow":["GET"]}}],"collection":[{"href":"https:\/\/ebp.org.br\/nordeste\/wp-json\/wp\/v2\/pages"}],"about":[{"href":"https:\/\/ebp.org.br\/nordeste\/wp-json\/wp\/v2\/types\/page"}],"author":[{"embeddable":true,"href":"https:\/\/ebp.org.br\/nordeste\/wp-json\/wp\/v2\/users\/1"}],"replies":[{"embeddable":true,"href":"https:\/\/ebp.org.br\/nordeste\/wp-json\/wp\/v2\/comments?post=2830"}],"version-history":[{"count":2,"href":"https:\/\/ebp.org.br\/nordeste\/wp-json\/wp\/v2\/pages\/2830\/revisions"}],"predecessor-version":[{"id":4100,"href":"https:\/\/ebp.org.br\/nordeste\/wp-json\/wp\/v2\/pages\/2830\/revisions\/4100"}],"up":[{"embeddable":true,"href":"https:\/\/ebp.org.br\/nordeste\/wp-json\/wp\/v2\/pages\/1231"}],"wp:attachment":[{"href":"https:\/\/ebp.org.br\/nordeste\/wp-json\/wp\/v2\/media?parent=2830"}],"curies":[{"name":"wp","href":"https:\/\/api.w.org\/{rel}","templated":true}]}}