{"id":2759,"date":"2021-12-22T07:47:03","date_gmt":"2021-12-22T10:47:03","guid":{"rendered":"https:\/\/ebp.org.br\/nordeste\/?page_id=2759"},"modified":"2023-11-30T08:33:20","modified_gmt":"2023-11-30T11:33:20","slug":"boletim-litoraneo-07","status":"publish","type":"page","link":"https:\/\/ebp.org.br\/nordeste\/biblioteca\/publicacao\/boletim-litoraneo-07\/","title":{"rendered":"Boletim Litor\u00e2neo #07"},"content":{"rendered":"<section class=\"wpb-content-wrapper\">[vc_row][vc_column][vc_single_image image=&#8221;2334&#8243; alignment=&#8221;center&#8221;][vc_column_text]\n<h6 style=\"text-align: center;\">Boletim Litor\u00e2neo #06 &#8211; Novembro 2021<\/h6>\n[\/vc_column_text][\/vc_column][\/vc_row][vc_row][vc_column][vc_column_text]\n<h3>EDITORIAL<\/h3>\n<h6>Cassandra Dias \u2013 Diretora de Biblioteca<\/h6>\n<p><img loading=\"lazy\" decoding=\"async\" class=\"size-full wp-image-2747 aligncenter\" src=\"https:\/\/ebp.org.br\/nordeste\/wp-content\/uploads\/2021\/12\/001.jpeg\" alt=\"\" width=\"700\" height=\"140\" \/><\/p>\n<blockquote><p>As pessoas n\u00e3o morrem, ficam encantadas&#8230;a gente morre \u00e9 para provar que viveu&#8230;<br \/>\nGuimar\u00e3es Rosa<\/p><\/blockquote>\n<p>E assim se foi Rosane da Fonte. Encantou-se no m\u00eas de outubro desse ano de 2021, deixando em nossa comunidade de interesse, constitu\u00edda por amigos, colegas de trabalho, analisantes, alunos e supervisandos, um sabor amargo por t\u00e3o repentina partida. Sabemos &#8211; mas n\u00e3o acreditamos &#8211; que aquela dama de delicada eleg\u00e2ncia nas maneiras, nas palavras e nos gestos, a psicanalista que se movia na arte da escuta e que exercitava o seu of\u00edcio com afinco, se fora.[\/vc_column_text][vc_btn title=&#8221;Leia+&#8221; style=&#8221;classic&#8221; color=&#8221;mulled-wine&#8221; size=&#8221;xs&#8221; link=&#8221;url:https%3A%2F%2Febp.org.br%2Fnordeste%2Feditorial-litoraneo-07%2F|title:Editorial%20Boletim%20Litor%C3%A2neo%20%2302&#8243;][\/vc_column][\/vc_row][vc_row][vc_column][vc_separator border_width=&#8221;2&#8243;][\/vc_column][\/vc_row][vc_row][vc_column][vc_column_text]\n<h3>Amor, desejo e gozo<\/h3>\n<h6>Rosane da Fonte<\/h6>\n<p><img loading=\"lazy\" decoding=\"async\" class=\"size-full wp-image-2748 aligncenter\" src=\"https:\/\/ebp.org.br\/nordeste\/wp-content\/uploads\/2021\/12\/002.jpeg\" alt=\"\" width=\"700\" height=\"140\" \/><\/p>\n<p>O tema de hoje, Amor, desejo e gozo, convoca-nos a falar de encontros.<\/p>\n<p>Vamos iniciar pela dire\u00e7\u00e3o do tratamento em que se constitui um encontro com um parceiro novo, com o qual se inicia uma partida, um jogo de xadrez, como dizia Freud. Nesse contexto as pe\u00e7as s\u00e3o as palavras que se desdobram em in\u00fameras vari\u00e1veis. As jogadas s\u00e3o tortuosas, repletas de impasses problem\u00e1ticos, muitas vezes porque s\u00e3o marcadas por um mal-entendido estrutural. Nesse encontro se atravessam o desejo, o gozo e o amor.[\/vc_column_text][vc_btn title=&#8221;Leia+&#8221; style=&#8221;classic&#8221; color=&#8221;mulled-wine&#8221; size=&#8221;xs&#8221; link=&#8221;url:https%3A%2F%2Febp.org.br%2Fnordeste%2Famor-desejo-e-gozo%2F|title:O%20Testemunho%20e%20as%20Li%C3%A7%C3%B5es%20do%20Passe%20na%20Se%C3%A7%C3%A3o%20Nordeste&#8221;][\/vc_column][\/vc_row][vc_row][vc_column][vc_separator border_width=&#8221;2&#8243;][\/vc_column][\/vc_row][vc_row][vc_column][vc_column_text]\n<h3>Algumas palavras sobre minha amiga Rosane da Fonte.<\/h3>\n<h6>Rosa Reis<\/h6>\n<p><img loading=\"lazy\" decoding=\"async\" class=\"size-full wp-image-2749 aligncenter\" src=\"https:\/\/ebp.org.br\/nordeste\/wp-content\/uploads\/2021\/12\/003.jpeg\" alt=\"\" width=\"700\" height=\"140\" \/><\/p>\n<p>Era um encontro quase que di\u00e1rio h\u00e1 mais ou menos 20 anos.<\/p>\n<p>A frase chave, de um lado ou do outro, quando nos encontr\u00e1vamos no corredor do consult\u00f3rio era: \u201cvamos tomar um caf\u00e9\u201d? A conversa ent\u00e3o rolava, \u00e0s vezes mais longa, outras mais curta, em muitos momentos interrompida, mas sempre variad\u00edssima: casos cl\u00ednicos, textos lidos, projetos para a Se\u00e7\u00e3o, projetos de viagens, assuntos particulares, fam\u00edlia, moda etc.[\/vc_column_text][vc_btn title=&#8221;Leia+&#8221; style=&#8221;classic&#8221; color=&#8221;mulled-wine&#8221; size=&#8221;xs&#8221; link=&#8221;url:https%3A%2F%2Febp.org.br%2Fnordeste%2Falgumas-palavras-sobre-minha-amiga-rosane-da-fonte%2F|title:O%20que%20%C3%A9%20um%20cartel%3F%20Para%20responder%2C%20n%C3%A3o%20vale%20colar!%5B1%5D&#8221;][\/vc_column][\/vc_row][vc_row][vc_column][vc_separator border_width=&#8221;2&#8243;][\/vc_column][\/vc_row][vc_row][vc_column][vc_column_text]\n<h3>A uma amiga que partiu<\/h3>\n<h6>Gisella Sette<\/h6>\n<p><img loading=\"lazy\" decoding=\"async\" class=\"size-full wp-image-2750 aligncenter\" src=\"https:\/\/ebp.org.br\/nordeste\/wp-content\/uploads\/2021\/12\/004.jpeg\" alt=\"\" width=\"700\" height=\"140\" \/><\/p>\n<p>Por que voc\u00ea partiu assim t\u00e3o de repente? Nem nos despedimos, querida amiga!<\/p>\n<p>Por que t\u00e3o cedo? Muito cedo&#8230;&#8230;.? Por\u00e9m, o que \u00e9 o tempo, e como cronometr\u00e1-lo dizendo-o cedo ou tarde, quando temos por refer\u00eancia a eternidade?[\/vc_column_text][vc_btn title=&#8221;Leia+&#8221; style=&#8221;classic&#8221; color=&#8221;mulled-wine&#8221; size=&#8221;xs&#8221; link=&#8221;url:https%3A%2F%2Febp.org.br%2Fnordeste%2Fa-uma-amiga-que-partiu%2F|title:O%20que%20%C3%A9%20um%20cartel%3F%20Para%20responder%2C%20n%C3%A3o%20vale%20colar!%5B1%5D&#8221;][\/vc_column][\/vc_row][vc_row][vc_column][vc_separator border_width=&#8221;2&#8243;][\/vc_column][\/vc_row][vc_row][vc_column][vc_column_text]\n<h3>Homenagem a Rosane<\/h3>\n<h6>Maria Eliane Neves Baptista<\/h6>\n<p><img loading=\"lazy\" decoding=\"async\" class=\"size-full wp-image-2751 aligncenter\" src=\"https:\/\/ebp.org.br\/nordeste\/wp-content\/uploads\/2021\/12\/005.jpeg\" alt=\"\" width=\"700\" height=\"140\" \/><\/p>\n<p>Minha amizade com Rosane surgiu a partir da parceria de trabalho constru\u00edda aos poucos, alicer\u00e7ada pelo afeto, respeito e pela admira\u00e7\u00e3o. No trabalho conjunto planej\u00e1vamos atividades a fim de que os conceitos psicanal\u00edticos fossem transmitidos de forma clara, porque consider\u00e1vamos essa a forma de despertar o interesse pela Escola Brasileira de Psican\u00e1lise, naqueles que se aproximavam por meio dos cart\u00e9is ou dos Cursos de Extens\u00e3o.[\/vc_column_text][vc_btn title=&#8221;Leia+&#8221; style=&#8221;classic&#8221; color=&#8221;mulled-wine&#8221; size=&#8221;xs&#8221; link=&#8221;url:https%3A%2F%2Febp.org.br%2Fnordeste%2Fhomenagem-a-rosane-3%2F|title:O%20que%20%C3%A9%20um%20cartel%3F%20Para%20responder%2C%20n%C3%A3o%20vale%20colar!%5B1%5D&#8221;][\/vc_column][\/vc_row][vc_row][vc_column][vc_separator border_width=&#8221;2&#8243;][\/vc_column][\/vc_row][vc_row][vc_column][vc_column_text]\n<h3>Elegia a Rosane<\/h3>\n<h6>Elizabete Siqueira<\/h6>\n<p><img loading=\"lazy\" decoding=\"async\" class=\"size-full wp-image-2752 aligncenter\" src=\"https:\/\/ebp.org.br\/nordeste\/wp-content\/uploads\/2021\/12\/006.jpeg\" alt=\"\" width=\"700\" height=\"140\" \/><\/p>\n<p>Teria sido muito f\u00e1cil falar sobre Rosane em outras circunst\u00e2ncias que n\u00e3o esta da sua partida. Muitas coisas poderiam ser ditas: amiga dedicada, colega acess\u00edvel, analista talentosa. Agora, resta-nos o consolo de lembrar seu jeito de atuar no mundo e de fazer a diferen\u00e7a.[\/vc_column_text][vc_btn title=&#8221;Leia+&#8221; style=&#8221;classic&#8221; color=&#8221;mulled-wine&#8221; size=&#8221;xs&#8221; link=&#8221;url:https%3A%2F%2Febp.org.br%2Fnordeste%2Felegia-a-rosane%2F|title:O%20que%20%C3%A9%20um%20cartel%3F%20Para%20responder%2C%20n%C3%A3o%20vale%20colar!%5B1%5D&#8221;][\/vc_column][\/vc_row][vc_row][vc_column][vc_separator border_width=&#8221;2&#8243;][\/vc_column][\/vc_row][vc_row][vc_column][vc_column_text]\n<h3>Homenagem a Rosane da Fonte<\/h3>\n<h6>Zaina M\u00aa Gama Pereira<\/h6>\n<p><img loading=\"lazy\" decoding=\"async\" class=\"size-full wp-image-2753 aligncenter\" src=\"https:\/\/ebp.org.br\/nordeste\/wp-content\/uploads\/2021\/12\/007.jpeg\" alt=\"\" width=\"700\" height=\"140\" \/><\/p>\n<p>Recebi um convite da colega Cassandra Dias, diretora da Biblioteca da Se\u00e7\u00e3o Nordeste, para que eu fizesse uma homenagem \u00e0 amiga psicanalista Rosane da Fonte. Esta convoca\u00e7\u00e3o foi de pronto atendida e desde ent\u00e3o, fa\u00e7o um resgate ao meu longo conv\u00edvio com ela, perpassado por afeto, admira\u00e7\u00e3o, confian\u00e7a e leveza. Nunca esque\u00e7o de suas palavras, quando entre tantas outras dizia que eu tenho luz pr\u00f3pria. Muito amorosa essa amiga![\/vc_column_text][vc_btn title=&#8221;Leia+&#8221; style=&#8221;classic&#8221; color=&#8221;mulled-wine&#8221; size=&#8221;xs&#8221; link=&#8221;url:https%3A%2F%2Febp.org.br%2Fnordeste%2Fhomenagem-a-rosane-da-fonte%2F|title:O%20que%20%C3%A9%20um%20cartel%3F%20Para%20responder%2C%20n%C3%A3o%20vale%20colar!%5B1%5D&#8221;][\/vc_column][\/vc_row][vc_row][vc_column][vc_separator border_width=&#8221;2&#8243;][\/vc_column][\/vc_row][vc_row][vc_column][vc_column_text]\n<h3>Homenagem a Rosane<\/h3>\n<h6>S\u00edlvia Farias<\/h6>\n<p><img loading=\"lazy\" decoding=\"async\" class=\"size-full wp-image-2754 aligncenter\" src=\"https:\/\/ebp.org.br\/nordeste\/wp-content\/uploads\/2021\/12\/008.jpeg\" alt=\"\" width=\"700\" height=\"140\" \/><\/p>\n<p>Rosane fez parte de toda minha trajet\u00f3ria profissional, desde estudante do curso de Psicologia, quando tive a honra de t\u00ea-la como professora, at\u00e9 outubro deste ano, com seu falecimento. Ao longo do tempo fui aluna, supervisionanda, colega de trabalho e amiga, e \u00e9 como amiga que falarei.[\/vc_column_text][vc_btn title=&#8221;Leia+&#8221; style=&#8221;classic&#8221; color=&#8221;mulled-wine&#8221; size=&#8221;xs&#8221; link=&#8221;url:https%3A%2F%2Febp.org.br%2Fnordeste%2Fhomenagem-a-rosane-2%2F|title:O%20que%20%C3%A9%20um%20cartel%3F%20Para%20responder%2C%20n%C3%A3o%20vale%20colar!%5B1%5D&#8221;][\/vc_column][\/vc_row][vc_row][vc_column][vc_separator border_width=&#8221;2&#8243;][\/vc_column][\/vc_row][vc_row][vc_column][vc_column_text]\n<h3>Homenagem a Rosane<\/h3>\n<h6>Bibiana Poggi<\/h6>\n<p><img loading=\"lazy\" decoding=\"async\" class=\"size-full wp-image-2755 aligncenter\" src=\"https:\/\/ebp.org.br\/nordeste\/wp-content\/uploads\/2021\/12\/009.jpeg\" alt=\"\" width=\"700\" height=\"140\" \/><\/p>\n<p>Diga, minha queridinha!<\/p>\n<p>Assim voc\u00ea me recebia..<\/p>\n<p>Talvez por isso, sonhei que eu agradecia a voc\u00ea o tanto que me fez, enquanto caminh\u00e1vamos num jardim.[\/vc_column_text][vc_btn title=&#8221;Leia+&#8221; style=&#8221;classic&#8221; color=&#8221;mulled-wine&#8221; size=&#8221;xs&#8221; link=&#8221;url:https%3A%2F%2Febp.org.br%2Fnordeste%2Fhomenagem-a-rosane%2F|title:O%20que%20%C3%A9%20um%20cartel%3F%20Para%20responder%2C%20n%C3%A3o%20vale%20colar!%5B1%5D&#8221;][\/vc_column][\/vc_row][vc_row][vc_column][vc_separator border_width=&#8221;2&#8243;][\/vc_column][\/vc_row][vc_row][vc_column][vc_column_text]\n<h3>Rosane, querida<\/h3>\n<h6>Anamaria Vasconcelos<\/h6>\n<p><img loading=\"lazy\" decoding=\"async\" class=\"size-full wp-image-2756 aligncenter\" src=\"https:\/\/ebp.org.br\/nordeste\/wp-content\/uploads\/2021\/12\/010.jpeg\" alt=\"\" width=\"700\" height=\"140\" \/><\/p>\n<p>Tempos dif\u00edceis, tempos de confinamento, de proibi\u00e7\u00f5es sobre nossos corpos, sobre nossos ritos sociais de encontro, de alegria e de morte. Tempo do n\u00e3o poder respirar sem m\u00e1scara, do n\u00e3o poder abra\u00e7ar, ahhh\u2026mas o amor, esse n\u00e3o, e \u00e9 a partir dele que vieram \u00e0s inven\u00e7\u00f5es, veio a poesia, e voc\u00ea caminhava ativamente, coordenou h\u00e1 um ano atr\u00e1s nossa jornada de Cart\u00e9is com a alegria e o entusiasmo de sempre. Mas de repente, pumba!<\/p>\n<p>Leia mais[\/vc_column_text][vc_btn title=&#8221;Leia+&#8221; style=&#8221;classic&#8221; color=&#8221;mulled-wine&#8221; size=&#8221;xs&#8221; link=&#8221;url:https%3A%2F%2Febp.org.br%2Fnordeste%2Fhomenagem-a-rosane%2F|title:O%20que%20%C3%A9%20um%20cartel%3F%20Para%20responder%2C%20n%C3%A3o%20vale%20colar!%5B1%5D&#8221;][\/vc_column][\/vc_row][vc_row][vc_column][vc_separator border_width=&#8221;2&#8243;][\/vc_column][\/vc_row][vc_row][vc_column][vc_video link=&#8221;https:\/\/youtu.be\/LCHUAkb1AgM&#8221;][vc_column_text]\n<p style=\"text-align: center;\">\u201c&#8230; E quando se vai morrer, lembrar-se de que o dia morre,<br \/>\nE que o poente \u00e9 belo e \u00e9 bela a noite que fica&#8230;<br \/>\nAssim \u00e9 e assim seja&#8230;\u201d<\/p>\n<h6 style=\"text-align: center;\">Alberto Caeiro<\/h6>\n[\/vc_column_text][\/vc_column][\/vc_row][vc_row][vc_column][vc_separator border_width=&#8221;2&#8243;][\/vc_column][\/vc_row][vc_row css=&#8221;.vc_custom_1624132366850{background-color: #3f4649 !important;}&#8221;][vc_column][vc_single_image image=&#8221;2333&#8243; alignment=&#8221;center&#8221;][vc_column_text]\n<h6 style=\"text-align: center;\"><span style=\"color: #ffffff;\">Litor\u00e2neo &#8211; Boletim Eletr\u00f4nico da EBP Se\u00e7\u00e3o Nordeste<\/span><\/h6>\n<h6 style=\"text-align: center;\"><span style=\"color: #ffffff;\">Coordenadora da Comiss\u00e3o\u00a0de Boletim:\u00a0Cassandra Dias<\/span><br \/>\n<span style=\"color: #ffffff;\">Comiss\u00e3o de Boletim:\u00a0Bruno Senna, Cassandra Dias e K\u00e9sia Ramos<\/span><br \/>\n<span style=\"color: #ffffff;\">Designer: Bruno Senna &#8211; <a style=\"color: #ffffff;\" href=\"mailto:sennabruno@gmail.com\">sennabruno@gmail.com<\/a><\/span><\/h6>\n[\/vc_column_text][\/vc_column][\/vc_row]\n<\/section>","protected":false},"excerpt":{"rendered":"<p>[vc_row][vc_column][vc_single_image image=&#8221;2334&#8243; alignment=&#8221;center&#8221;][vc_column_text] Boletim Litor\u00e2neo #06 &#8211; Novembro 2021 [\/vc_column_text][\/vc_column][\/vc_row][vc_row][vc_column][vc_column_text] EDITORIAL Cassandra Dias \u2013 Diretora de Biblioteca As pessoas n\u00e3o morrem, ficam encantadas&#8230;a gente morre \u00e9 para provar que viveu&#8230; Guimar\u00e3es Rosa E assim se foi Rosane da Fonte. Encantou-se no m\u00eas de outubro desse ano de 2021, deixando em nossa comunidade de interesse, constitu\u00edda&hellip;<\/p>\n","protected":false},"author":1,"featured_media":0,"parent":1231,"menu_order":0,"comment_status":"closed","ping_status":"closed","template":"","meta":{"footnotes":""},"class_list":["post-2759","page","type-page","status-publish","hentry","entry","no-media"],"_links":{"self":[{"href":"https:\/\/ebp.org.br\/nordeste\/wp-json\/wp\/v2\/pages\/2759","targetHints":{"allow":["GET"]}}],"collection":[{"href":"https:\/\/ebp.org.br\/nordeste\/wp-json\/wp\/v2\/pages"}],"about":[{"href":"https:\/\/ebp.org.br\/nordeste\/wp-json\/wp\/v2\/types\/page"}],"author":[{"embeddable":true,"href":"https:\/\/ebp.org.br\/nordeste\/wp-json\/wp\/v2\/users\/1"}],"replies":[{"embeddable":true,"href":"https:\/\/ebp.org.br\/nordeste\/wp-json\/wp\/v2\/comments?post=2759"}],"version-history":[{"count":2,"href":"https:\/\/ebp.org.br\/nordeste\/wp-json\/wp\/v2\/pages\/2759\/revisions"}],"predecessor-version":[{"id":4102,"href":"https:\/\/ebp.org.br\/nordeste\/wp-json\/wp\/v2\/pages\/2759\/revisions\/4102"}],"up":[{"embeddable":true,"href":"https:\/\/ebp.org.br\/nordeste\/wp-json\/wp\/v2\/pages\/1231"}],"wp:attachment":[{"href":"https:\/\/ebp.org.br\/nordeste\/wp-json\/wp\/v2\/media?parent=2759"}],"curies":[{"name":"wp","href":"https:\/\/api.w.org\/{rel}","templated":true}]}}