{"id":2552,"date":"2021-08-20T06:03:15","date_gmt":"2021-08-20T09:03:15","guid":{"rendered":"https:\/\/ebp.org.br\/nordeste\/?page_id=2552"},"modified":"2023-11-30T08:37:24","modified_gmt":"2023-11-30T11:37:24","slug":"boletim-litoraneo-04","status":"publish","type":"page","link":"https:\/\/ebp.org.br\/nordeste\/biblioteca\/publicacao\/boletim-litoraneo-04\/","title":{"rendered":"Boletim Litor\u00e2neo #04"},"content":{"rendered":"<section class=\"wpb-content-wrapper\">[vc_row][vc_column][vc_single_image image=&#8221;2334&#8243; alignment=&#8221;center&#8221;][vc_column_text]\n<h6 style=\"text-align: center;\">Boletim Litor\u00e2neo #04 &#8211; Agosto 2021<\/h6>\n[\/vc_column_text][\/vc_column][\/vc_row][vc_row][vc_column][vc_column_text]\n<h3>EDITORIAL<\/h3>\n<h6><em>Cassandra Dias \u2013 Diretora de Biblioteca<\/em><\/h6>\n<p><img loading=\"lazy\" decoding=\"async\" class=\"wp-image-2543 size-full alignnone\" src=\"https:\/\/ebp.org.br\/nordeste\/wp-content\/uploads\/2021\/08\/boletim_04_editorial.jpeg\" alt=\"\" width=\"700\" height=\"120\" \/><\/p>\n<p>Em sua 10\u00aa edi\u00e7\u00e3o, o Encontro Americano de Psican\u00e1lise de Orienta\u00e7\u00e3o Lacaniana &#8211; X ENAPOL re\u00fane em outubro, a comunidade anal\u00edtica das Am\u00e9ricas para discutir: O novo no amor: modalidades contempor\u00e2neas dos la\u00e7os\u201d.[\/vc_column_text][vc_btn title=&#8221;Leia+&#8221; style=&#8221;classic&#8221; color=&#8221;mulled-wine&#8221; size=&#8221;xs&#8221; link=&#8221;url:https%3A%2F%2Febp.org.br%2Fnordeste%2Feditorial-boletim-litoraneo-04%2F|title:Editorial%20Boletim%20Litor%C3%A2neo%20%2302&#8243;][\/vc_column][\/vc_row][vc_row][vc_column][vc_separator border_width=&#8221;2&#8243;][\/vc_column][\/vc_row][vc_row][vc_column][vc_column_text]\n<h3>Da fun\u00e7\u00e3o res\u00edduo \u00e0s modalidades familiares de la\u00e7o<\/h3>\n<h6><em>PASTORIL &#8211; N\u00facleo de Pesquisa em Psican\u00e1lise com Crian\u00e7as e Adolescentes \u2013 Pernambuco<\/em><br \/>\n<em>Rosa Feitosa e Maria Eliane Neves Baptista<\/em><\/h6>\n<p><img loading=\"lazy\" decoding=\"async\" class=\"alignnone wp-image-2544 size-full\" src=\"https:\/\/ebp.org.br\/nordeste\/wp-content\/uploads\/2021\/08\/boletim_04_nucleo001.jpeg\" alt=\"\" width=\"700\" height=\"120\" \/><\/p>\n<p>As mudan\u00e7as observadas na atualidade, \u00e0 irrup\u00e7\u00e3o dos direitos e a presen\u00e7a ativa das mulheres deram origem \u00e0 uma hist\u00f3ria, que desconstruiu as informa\u00e7\u00f5es anteriormente aprendidas sobre a fam\u00edlia na vig\u00eancia do patriarcado que durante s\u00e9culos influenciou tamb\u00e9m, o estabelecimento dos v\u00ednculos amorosos. O poder dos pais sobre os filhos reproduzia o modelo da rela\u00e7\u00e3o com as mulheres e definia o lugar que lhes era designado no mundo.[\/vc_column_text][vc_btn title=&#8221;Leia+&#8221; style=&#8221;classic&#8221; color=&#8221;mulled-wine&#8221; size=&#8221;xs&#8221; link=&#8221;url:https%3A%2F%2Febp.org.br%2Fnordeste%2Fda-funcao-residuo-as-modalidades-familiares-de-laco%2F|title:O%20Testemunho%20e%20as%20Li%C3%A7%C3%B5es%20do%20Passe%20na%20Se%C3%A7%C3%A3o%20Nordeste&#8221;][\/vc_column][\/vc_row][vc_row][vc_column][vc_separator border_width=&#8221;2&#8243;][\/vc_column][\/vc_row][vc_row][vc_column][vc_column_text]\n<h3>Um novo amor no la\u00e7o familiar?<\/h3>\n<h6><em>TELENGO TENGO &#8211; N\u00facleo de Pesquisa de Psican\u00e1lise com Crian\u00e7as e Adolescentes &#8211; Rio Grande do Norte<\/em><br \/>\n<em>Juliana Ribeiro Lima<\/em><\/h6>\n<p><img loading=\"lazy\" decoding=\"async\" class=\"alignnone size-full wp-image-2545\" src=\"https:\/\/ebp.org.br\/nordeste\/wp-content\/uploads\/2021\/08\/boletim_04_nucleo002.jpeg\" alt=\"\" width=\"700\" height=\"120\" \/><\/p>\n<p>Lembro que, em 2017, o tema do VIII ENAPOL, foi sobre os \u201cAssuntos de Fam\u00edlia\u201d, momento em que trabalhamos o que havia de novo ou mudado nestes \u201cassuntos\u201d.<br \/>\nNaquela ocasi\u00e3o, jogamos luz sobre as m\u00faltiplas configura\u00e7\u00f5es familiares, com sua diversidade nas formas do conjugo e nas formas de procria\u00e7\u00e3o, que revelavam n\u00e3o haver qualquer atrelamento obrigat\u00f3rio entre gesta\u00e7\u00e3o e filia\u00e7\u00e3o e, menos ainda, a exig\u00eancia de um casamento, ficando exposto o car\u00e1ter de fic\u00e7\u00e3o desta jun\u00e7\u00e3o das institui\u00e7\u00f5es: casamento-procria\u00e7\u00e3o-fam\u00edlia.[\/vc_column_text][vc_btn title=&#8221;Leia+&#8221; style=&#8221;classic&#8221; color=&#8221;mulled-wine&#8221; size=&#8221;xs&#8221; link=&#8221;url:https%3A%2F%2Febp.org.br%2Fnordeste%2Fum-novo-amor-no-laco-familiar%2F|title:O%20cartel%20articula%20a%20Escola&#8221;][\/vc_column][\/vc_row][vc_row][vc_column][vc_separator border_width=&#8221;2&#8243;][\/vc_column][\/vc_row][vc_row][vc_column][vc_column_text]\n<h3>\u201c\u00c9 tudo menina!\u201d &#8211; fazer la\u00e7o, fazer fam\u00edlia nos arranjos da sexua\u00e7\u00e3o<\/h3>\n<h6><em>UNI DUNI T\u00ca &#8211; N\u00facleo de Estudos e Pesquisas sobre Crian\u00e7as e Adolescentes Para\u00edba<\/em><br \/>\n<em>Relatora: Sandra Conrado<\/em><\/h6>\n<p><img loading=\"lazy\" decoding=\"async\" class=\"alignnone wp-image-2546 size-full\" src=\"https:\/\/ebp.org.br\/nordeste\/wp-content\/uploads\/2021\/08\/boletim_04_nucleo003.jpeg\" alt=\"\" width=\"700\" height=\"120\" \/><\/p>\n<p>Se Freud n\u00e3o tivesse estendido \u00e0s crian\u00e7as o direito ao trabalho com o inconsciente, como poder\u00edamos ter acesso ao que, do lado delas, a pergunta sobre o sexo j\u00e1 fixa muito precocemente: o encontro com a falta, com seus impasses e com a pergunta sobre quem s\u00e3o seus pais, com os quais elas tanto contam para se assentar na vida?[\/vc_column_text][vc_btn title=&#8221;Leia+&#8221; style=&#8221;classic&#8221; color=&#8221;mulled-wine&#8221; size=&#8221;xs&#8221; link=&#8221;url:https%3A%2F%2Febp.org.br%2Fnordeste%2Fe-tudo-menina-fazer-laco-fazer-familia-nos-arranjos-da-sexuacao%2F|title:%E2%80%9C%C3%89%20tudo%20menina!%E2%80%9D%20%E2%80%93%20fazer%20la%C3%A7o%2C%20fazer%20fam%C3%ADlia%20nos%20arranjos%20da%20sexua%C3%A7%C3%A3o&#8221;][\/vc_column][\/vc_row][vc_row][vc_column][vc_separator border_width=&#8221;2&#8243;][\/vc_column][\/vc_row][vc_row][vc_column][vc_column_text]\n<h3>Inf\u00e2ncia e diferen\u00e7a sexual: novas fic\u00e7\u00f5es familiares?<\/h3>\n<h6><em>N\u00facleo de Investiga\u00e7\u00e3o C\u00f4co de roda \u2013 Psican\u00e1lise, a Crian\u00e7a e o Adolescente Alagoas<\/em><br \/>\n<em>Susane Zanotti e Viviane Nunes<\/em><\/h6>\n<p><img loading=\"lazy\" decoding=\"async\" class=\"alignnone size-full wp-image-2547\" src=\"https:\/\/ebp.org.br\/nordeste\/wp-content\/uploads\/2021\/08\/boletim_04_nucleo004.jpeg\" alt=\"\" width=\"700\" height=\"150\" \/>O N\u00facleo de investiga\u00e7\u00e3o \u201cCoco de roda &#8211; Psican\u00e1lise, a crian\u00e7a e o adolescente\u201d, rec\u00e9m-criado em Macei\u00f3-AL, escolheu em 2021 como tema de trabalho \u201ca diferen\u00e7a sexual\u201d, orientados pelo tema do CIEN\/NR CEREDA &#8211; a diferen\u00e7a sexual e a sexua\u00e7\u00e3o. Partindo do que h\u00e1 de novo nas modalidades contempor\u00e2neas de elei\u00e7\u00e3o do pr\u00f3prio sexo, privilegiamos neste ano um percurso cl\u00ednico, pol\u00edtico e epist\u00eamico: da diferen\u00e7a sexual \u00e0 sexua\u00e7\u00e3o; a querela das crian\u00e7as trans; amor e la\u00e7o social quando o sexo biol\u00f3gico \u00e9 incerto; a diferen\u00e7a sexual \u00e9 (a)sexuada; o enigma da diferen\u00e7a sexual na cl\u00ednica em Institui\u00e7\u00f5es; ser sexuado e cultura: modos de usar.[\/vc_column_text][vc_btn title=&#8221;Leia+&#8221; style=&#8221;classic&#8221; color=&#8221;mulled-wine&#8221; size=&#8221;xs&#8221; link=&#8221;url:https%3A%2F%2Febp.org.br%2Fnordeste%2Finfancia-e-diferenca-sexual-novas-ficcoes-familiares%2F|title:Inf%C3%A2ncia%20e%20diferen%C3%A7a%20sexual%3A%20novas%20fic%C3%A7%C3%B5es%20familiares%3F&#8221;][\/vc_column][\/vc_row][vc_row][vc_column][vc_separator border_width=&#8221;2&#8243;][\/vc_column][\/vc_row][vc_row][vc_column][vc_column_text]\n<h3>O que \u00e9 um cartel? Para responder, n\u00e3o vale colar!<\/h3>\n<h6><em>Cleide Pereira Monteiro<\/em><\/h6>\n<p><img loading=\"lazy\" decoding=\"async\" class=\"alignnone wp-image-2542 size-full\" src=\"https:\/\/ebp.org.br\/nordeste\/wp-content\/uploads\/2021\/08\/boletim_04_cartel.jpeg\" alt=\"\" width=\"700\" height=\"120\" \/><\/p>\n<p>Inicialmente, gostaria de agradecer \u00e0 Diretora de Cart\u00e9is e Interc\u00e2mbios da EBP &#8211; Se\u00e7\u00e3o Nordeste, Claudia Formiga, pelo convite e por ter se colocado a trabalho desde o momento de intitular esta nossa conversa de hoje. Um t\u00edtulo feito a v\u00e1rias m\u00e3os.<\/p>\n<p><a href=\"https:\/\/www.youtube.com\/watch?v=4sF_pm9INuE\">Clique aqui<\/a> para ver o V\u00eddeo[\/vc_column_text][vc_btn title=&#8221;Leia+&#8221; style=&#8221;classic&#8221; color=&#8221;mulled-wine&#8221; size=&#8221;xs&#8221; link=&#8221;url:https%3A%2F%2Febp.org.br%2Fnordeste%2Fo-que-e-um-cartel-para-responder-nao-vale-colar1%2F|title:O%20que%20%C3%A9%20um%20cartel%3F%20Para%20responder%2C%20n%C3%A3o%20vale%20colar!%5B1%5D&#8221;][\/vc_column][\/vc_row][vc_row][vc_column][vc_separator border_width=&#8221;2&#8243;][\/vc_column][\/vc_row][vc_row][vc_column][vc_column_text]\n<h3>Agenda Agosto\/2021<\/h3>\n<p><strong>Ter\u00e7a 03<\/strong><\/p>\n<p><strong>20h &#8211; PREPARAT\u00d3RIOS PARA O X ENAPOL &#8211; \u201cO NOVO NO AMOR: MODALIDADES CONTEMPOR\u00c2NEAS DOS LA\u00c7OS\u201d<\/strong><\/p>\n<p><strong>\u201c<\/strong><strong>O Amor entre Presen\u00e7a e Aus\u00eancia\u201d<\/strong><br \/>\nConvidado:<strong>\u00a0Ricardo Seldes (AME \u2013 EOL\/AMP) vice-presidente da FAPOL<\/strong><br \/>\nRespons\u00e1veis: Li\u00e8ge Uch\u00f4a e Margarida Assad<\/p>\n<hr \/>\n<p><strong>Segunda 09<\/strong><\/p>\n<p><strong>19h30min &#8211; SEMIN\u00c1RIO DE ORIENTA\u00c7\u00c3O LACANIANA<\/strong><\/p>\n<p>Coordena\u00e7\u00e3o: Margarida Assad e Anamaria Vasconcelos (Conselho da Se\u00e7\u00e3o Nordeste)<br \/>\nTexto:\u00a0<strong>\u201cLos divinos detalles\u201d\u00a0<\/strong>(Los cursos psicoanal\u00edticos de J-Alain Miller, 1989)<br \/>\n<strong>Aula IX : Como chega a castra\u00e7\u00e3o ao gozo?<\/strong><br \/>\nRespons\u00e1veis: Rosa Reis e Taciana Mariz<\/p>\n<hr \/>\n<p><strong>Ter\u00e7a 17<\/strong><\/p>\n<p><strong>20h\u00a0<\/strong>&#8211;<strong>\u00a0<\/strong><strong>PREPARAT\u00d3RIOS PARA A I JORNADA DA SE\u00c7\u00c3O NORDESTE<\/strong><br \/>\n\u201c<strong>O ENIGMA DA SEXUA\u00c7\u00c3O. O QUE A EXPERI\u00caNCIA ANAL\u00cdTICA NOS ENSINA SOBRE\u00a0<em>ISSO<\/em>\u201d<\/strong><\/p>\n<p>Texto:<strong>\u201cA mulher n\u00e3o existe\u201d, de Christiane Alberti. Argumento do Congresso AMP 2022.\u00a0<\/strong>Disponivel no site da Jornada: https:\/\/ebp.org.br\/nordeste\/jornadas\/2021\/<br \/>\nRespons\u00e1veis: Cleide Monteiro e Eliane Baptista<br \/>\nCoordena\u00e7\u00e3o: Elizabete Siqueira<\/p>\n<hr \/>\n<p><strong>Ter\u00e7a 24<\/strong><\/p>\n<p><strong>19h30min &#8211; I NOITE DA BIBLIOTECA<\/strong><\/p>\n<p><strong>\u201cAL\u00c9M DO PRINC\u00cdPIO DO PRAZER 1920-2020 &#8211; 100 ANOS\u201d<\/strong><br \/>\nConvidados:<strong>\u00a0Gilson Ianini (EBP\/AMP) e Sergio de Campos (EBP\/AMP)<\/strong><br \/>\nBiblioteca Viva: Cassandra Dias, Carolina Duarte, Francisco Xavier Neto<\/p>\n<hr \/>\n<p><strong>Ter\u00e7a 31<\/strong><\/p>\n<p><strong>20h<\/strong><strong>\u00a0&#8211; 3a. CONVERSA\u00c7\u00c3O Preparat\u00f3ria para o X Enapol: \u201cO novo amor e as novas parcerias amorosas\u201d<\/strong><\/p>\n<p>Responsaveis: Margarida Assad, coordenadora do N\u00facleo de pesquisa sobre sexualidades, sexua\u00e7\u00e3o e as fal\u00e1cias do sexo\u00a0 e Glacy Gorski, coordenadora do N\u00facleo de estudos e pesquisa sobre o feminino.<br \/>\nCoordena\u00e7\u00e3o: Li\u00e8ge Uch\u00f4a e Margarida Assad<\/p>\n<hr \/>\n<p><strong>Quartas 04, 11, 18 e 25<\/strong><\/p>\n<p><strong>13h30min &#8211; SEMIN\u00c1RIO POR CONTA E RISCO<\/strong><\/p>\n<p>(atividade semanal)<br \/>\n<strong>Leitura do semin\u00e1rio de Lacan, Livro 9 \u201cA Identifica\u00e7\u00e3o\u201d<\/strong><br \/>\n(ser\u00e1 retomado a partir da Li\u00e7\u00e3o XIV)<br \/>\nRespons\u00e1vel: Ruth Jeunon[\/vc_column_text][\/vc_column][\/vc_row][vc_row][vc_column][vc_separator border_width=&#8221;2&#8243;][\/vc_column][\/vc_row][vc_row css=&#8221;.vc_custom_1624132366850{background-color: #3f4649 !important;}&#8221;][vc_column][vc_single_image image=&#8221;2333&#8243; alignment=&#8221;center&#8221;][vc_column_text]\n<h6 style=\"text-align: center;\"><span style=\"color: #ffffff;\">Litor\u00e2neo &#8211; Boletim Eletr\u00f4nico da EBP Se\u00e7\u00e3o Nordeste<\/span><\/h6>\n<h6 style=\"text-align: center;\"><span style=\"color: #ffffff;\">Coordenadora da Comiss\u00e3o\u00a0de Boletim:\u00a0Cassandra Dias<\/span><br \/>\n<span style=\"color: #ffffff;\">Comiss\u00e3o de Boletim:\u00a0Bruno Senna, Cassandra Dias e K\u00e9sia Ramos<\/span><br \/>\n<span style=\"color: #ffffff;\">Designer: Bruno Senna &#8211; <a style=\"color: #ffffff;\" href=\"mailto:sennabruno@gmail.com\">sennabruno@gmail.com<\/a><\/span><\/h6>\n[\/vc_column_text][\/vc_column][\/vc_row]\n<\/section>","protected":false},"excerpt":{"rendered":"<p>[vc_row][vc_column][vc_single_image image=&#8221;2334&#8243; alignment=&#8221;center&#8221;][vc_column_text] Boletim Litor\u00e2neo #04 &#8211; Agosto 2021 [\/vc_column_text][\/vc_column][\/vc_row][vc_row][vc_column][vc_column_text] EDITORIAL Cassandra Dias \u2013 Diretora de Biblioteca Em sua 10\u00aa edi\u00e7\u00e3o, o Encontro Americano de Psican\u00e1lise de Orienta\u00e7\u00e3o Lacaniana &#8211; X ENAPOL re\u00fane em outubro, a comunidade anal\u00edtica das Am\u00e9ricas para discutir: O novo no amor: modalidades contempor\u00e2neas dos la\u00e7os\u201d.[\/vc_column_text][vc_btn title=&#8221;Leia+&#8221; style=&#8221;classic&#8221; color=&#8221;mulled-wine&#8221; size=&#8221;xs&#8221; link=&#8221;url:https%3A%2F%2Febp.org.br%2Fnordeste%2Feditorial-boletim-litoraneo-04%2F|title:Editorial%20Boletim%20Litor%C3%A2neo%20%2302&#8243;][\/vc_column][\/vc_row][vc_row][vc_column][vc_separator&hellip;<\/p>\n","protected":false},"author":1,"featured_media":0,"parent":1231,"menu_order":0,"comment_status":"closed","ping_status":"closed","template":"","meta":{"footnotes":""},"class_list":["post-2552","page","type-page","status-publish","hentry","entry","no-media"],"_links":{"self":[{"href":"https:\/\/ebp.org.br\/nordeste\/wp-json\/wp\/v2\/pages\/2552","targetHints":{"allow":["GET"]}}],"collection":[{"href":"https:\/\/ebp.org.br\/nordeste\/wp-json\/wp\/v2\/pages"}],"about":[{"href":"https:\/\/ebp.org.br\/nordeste\/wp-json\/wp\/v2\/types\/page"}],"author":[{"embeddable":true,"href":"https:\/\/ebp.org.br\/nordeste\/wp-json\/wp\/v2\/users\/1"}],"replies":[{"embeddable":true,"href":"https:\/\/ebp.org.br\/nordeste\/wp-json\/wp\/v2\/comments?post=2552"}],"version-history":[{"count":1,"href":"https:\/\/ebp.org.br\/nordeste\/wp-json\/wp\/v2\/pages\/2552\/revisions"}],"predecessor-version":[{"id":4107,"href":"https:\/\/ebp.org.br\/nordeste\/wp-json\/wp\/v2\/pages\/2552\/revisions\/4107"}],"up":[{"embeddable":true,"href":"https:\/\/ebp.org.br\/nordeste\/wp-json\/wp\/v2\/pages\/1231"}],"wp:attachment":[{"href":"https:\/\/ebp.org.br\/nordeste\/wp-json\/wp\/v2\/media?parent=2552"}],"curies":[{"name":"wp","href":"https:\/\/api.w.org\/{rel}","templated":true}]}}