{"id":2469,"date":"2021-07-30T09:07:22","date_gmt":"2021-07-30T12:07:22","guid":{"rendered":"https:\/\/ebp.org.br\/nordeste\/?page_id=2469"},"modified":"2021-07-30T09:07:22","modified_gmt":"2021-07-30T12:07:22","slug":"boletim-litoraneo-edicao-especial-ia-jornada-secao-nordeste","status":"publish","type":"page","link":"https:\/\/ebp.org.br\/nordeste\/biblioteca\/publicacao\/boletim-litoraneo-edicao-especial-ia-jornada-secao-nordeste\/","title":{"rendered":"Boletim Litor\u00e2neo Edi\u00e7\u00e3o Especial &#8211; I\u00aa Jornada Se\u00e7\u00e3o Nordeste"},"content":{"rendered":"<section class=\"wpb-content-wrapper\">[vc_row][vc_column][vc_single_image image=&#8221;2334&#8243; img_size=&#8221;full&#8221; alignment=&#8221;center&#8221;][vc_column_text]\n<h6 style=\"text-align: center;\">Boletim Litor\u00e2neo Edi\u00e7\u00e3o Especial &#8211; Agosto 2021<\/h6>\n[\/vc_column_text][\/vc_column][\/vc_row][vc_row][vc_column][vc_column_text]\n<h3>EDITORIAL<\/h3>\n<h6><em>Cassandra Dias \u2013 Diretora de Biblioteca<\/em><\/h6>\n<p><img loading=\"lazy\" decoding=\"async\" class=\"center aligncenter\" src=\"http:\/\/ebp.org.br\/nordeste\/jornadas\/2021\/wp-content\/uploads\/2021\/07\/001.jpg\" alt=\"Image\" width=\"700\" height=\"150\" align=\"center\" border=\"0\" \/><\/p>\n<p>No \u00faltimo m\u00eas de 2021, acontecer\u00e1 a I Jornada da Se\u00e7\u00e3o Nordeste, fundada a partir de uma Nova Geografia instalada na Escola Brasileira de Psican\u00e1lise, que alterou o funcionamento local de tr\u00eas regi\u00f5es geogr\u00e1ficas: nordeste, centro oeste e sul que formaram tr\u00eas novas Se\u00e7\u00f5es da Escola, respectivamente: Se\u00e7\u00e3o Nordeste, Se\u00e7\u00e3o Leste Oeste e Se\u00e7\u00e3o Sul.<\/p>\n<p>A Jornada encerrar\u00e1 esse primeiro ano de funcionamento da Se\u00e7\u00e3o Nordeste que mobilizou os seus membros na constru\u00e7\u00e3o de uma comunidade de interesse decidida a fazer desse territ\u00f3rio um litor\u00e2neo psicanal\u00edtico m\u00faltiplo e orientado em rela\u00e7\u00e3o ao Uno da Escola.<\/p>\n<p>Em torno do enigma da sexua\u00e7\u00e3o, uma elabora\u00e7\u00e3o coletiva est\u00e1 em curso, verdadeiro\u00a0<em>work in progress.\u00a0<\/em>\u00a0A edi\u00e7\u00e3o especial desse boletim, que re\u00fane o material produzido at\u00e9 ent\u00e3o, \u00e9 dedicada a esse trabalho decidido sob a reg\u00eancia de Jos\u00e9 Carlos Lapenda e Glacy Gorski na Diretoria Geral e Elizabete Siqueira \u00e0 frente da Comiss\u00e3o Cient\u00edfica.<\/p>\n<p>Apresentamos o argumento geral em que se tra\u00e7am as premissas dessa investiga\u00e7\u00e3o, assim como os eixos tem\u00e1ticos, as atividades preparat\u00f3rias e os textos de orienta\u00e7\u00e3o que norteiam o caminho epist\u00eamico, com destaque para os textos do nosso convidado Fabi\u00e1n Fajnwaks.<\/p>\n<p>Que a leitura desse material sirva para aproximar o que ressoa para cada um do enigma da sexua\u00e7\u00e3o, enla\u00e7ando uma transfer\u00eancia de trabalho dirigida \u00e0 Escola de Lacan no Nordeste.[\/vc_column_text][\/vc_column][\/vc_row][vc_row][vc_column][vc_separator border_width=&#8221;2&#8243;][\/vc_column][\/vc_row][vc_row][vc_column][vc_column_text]\n<h3>ARGUMENTO GERAL<\/h3>\n<h6><em>Glacy Gonzales Gorski e Elizabete Siqueira<\/em><\/h6>\n<p><img loading=\"lazy\" decoding=\"async\" class=\"center aligncenter\" src=\"http:\/\/ebp.org.br\/nordeste\/jornadas\/2021\/wp-content\/uploads\/2021\/07\/002.jpg\" alt=\"Image\" width=\"700\" height=\"150\" align=\"center\" border=\"0\" \/><\/p>\n<p>O t\u00edtulo escolhido para a I Jornada da Se\u00e7\u00e3o Nordeste:\u00a0<em>O enigma da sexua\u00e7\u00e3o &#8211; O que nos ensina a experi\u00eancia anal\u00edtica sobre Isso\u00a0<\/em>\u00e9 um convite dirigido \u00e0 comunidade anal\u00edtica para participar de uma conversa\u00e7\u00e3o sobre este tema fundamental que, de in\u00edcio, tem como pressuposto um distanciamento de toda e qualquer concep\u00e7\u00e3o essencialista, construtivista ou identit\u00e1ria.[\/vc_column_text][vc_btn title=&#8221;Leia+&#8221; style=&#8221;classic&#8221; color=&#8221;mulled-wine&#8221; size=&#8221;xs&#8221; link=&#8221;url:http%3A%2F%2Febp.org.br%2Fnordeste%2Fjornadas%2F2021%2Fargumento%2F|title:O%20Testemunho%20e%20as%20Li%C3%A7%C3%B5es%20do%20Passe%20na%20Se%C3%A7%C3%A3o%20Nordeste||&#8221;][\/vc_column][\/vc_row][vc_row][vc_column][vc_separator border_width=&#8221;2&#8243;][\/vc_column][\/vc_row][vc_row][vc_column][vc_column_text]\n<h3>Argumentos dos Eixos Tem\u00e1ticos<\/h3>\n<p><img loading=\"lazy\" decoding=\"async\" class=\"center aligncenter\" src=\"http:\/\/ebp.org.br\/nordeste\/jornadas\/2021\/wp-content\/uploads\/2021\/07\/003.jpg\" alt=\"Image\" width=\"700\" height=\"150\" align=\"center\" border=\"0\" \/><\/p>\n<p><strong><em>Eixo 1: &#8211; A mulher que n\u00e3o existe: uma escrita do Um<\/em><\/strong><\/p>\n<p><em>Respons\u00e1veis: Cleide Monteiro e Eliane Baptista<\/em><\/p>\n<p>Este eixo se prop\u00f5e a extrair as consequ\u00eancias do aforismo lacaniano de que \u201cA mulher n\u00e3o existe\u201d. O artigo \u201cA\u201d que designa o universal s\u00f3 existe barrado (\u023a). Dessa perspectiva, nada se pode dizer da mulher. N\u00e3o sendo poss\u00edvel o conjunto de todas as mulheres, pois n\u00e3o existe mulher que esteja em posi\u00e7\u00e3o de exce\u00e7\u00e3o, o que h\u00e1 s\u00e3o mulheres a serem tomadas uma a uma; cada nome de mulher vale em si mesmo cumprindo a fun\u00e7\u00e3o de letra.<\/p>\n<hr \/>\n<p><em><strong>Eixo 2: O saber in-sabido do sexo.<\/strong><br \/>\nRespons\u00e1veis: Cleyton Andrade e Li\u00e9ge Uchoa<\/em><\/p>\n<p>Desde Freud encontramos ao menos duas formas de resist\u00eancia ao sexual. Ambas decorrem de uma rela\u00e7\u00e3o entre o pensamento e o sexual. Na primeira, o pensamento \u00e9 al\u00e7ado \u00e0 categoria de defesa contra o sexual, contra o real do sexo. O pensamento se pretende regulador e promotor da normatiza\u00e7\u00e3o de uma ren\u00fancia moral \u00e0 sexualidade. Uma forma de saber que pode se valer de narrativas&#8230;<\/p>\n<hr \/>\n<p><strong><em>Eixo 3: A n\u00e3o-rela\u00e7\u00e3o sexual: o real, a exist\u00eancia e o amor<\/em><\/strong><em><br \/>\nRespons\u00e1veis: Bibiana Poggi e Rosa Reis<\/em><\/p>\n<p>O amor n\u00e3o faz Um, disse Lacan ao opor-se fortemente \u00e0 fic\u00e7\u00e3o de que dois, o homem e a mulher, na rela\u00e7\u00e3o sexual possam fazer Um.<br \/>\nLacan tamb\u00e9m esclareceu que aquilo \u201cque deveria resultar da linguagem, ou seja, a possibilidade de a rela\u00e7\u00e3o sexual se inscrever nela de algum modo, mostra de forma precisa, e na realidade, seu fracasso. Ela n\u00e3o \u00e9 inscrit\u00edvel\u201d.[\/vc_column_text][vc_btn title=&#8221;Leia+&#8221; style=&#8221;classic&#8221; color=&#8221;mulled-wine&#8221; size=&#8221;xs&#8221; link=&#8221;url:http%3A%2F%2Febp.org.br%2Fnordeste%2Fjornadas%2F2021%2Feixos-tematicos%2F|title:O%20cartel%20articula%20a%20Escola||&#8221;][\/vc_column][\/vc_row][vc_row][vc_column][vc_separator border_width=&#8221;2&#8243;][\/vc_column][\/vc_row][vc_row][vc_column][vc_column_text]\n<h3>CONVERSA\u00c7\u00d5ES PREPARAT\u00d3RIAS<\/h3>\n<p><img loading=\"lazy\" decoding=\"async\" class=\"center aligncenter\" src=\"http:\/\/ebp.org.br\/nordeste\/jornadas\/2021\/wp-content\/uploads\/2021\/07\/004.jpg\" alt=\"Image\" width=\"700\" height=\"150\" align=\"center\" border=\"0\" \/><\/p>\n<p><strong>1\u00aa Preparat\u00f3ria \u2013 20 julho<\/strong><\/p>\n<ul>\n<li><strong>O enigma da sexua\u00e7\u00e3o<\/strong>\n<ul>\n<li>Texto base: A escolha do sexo \u2013 a experi\u00eancia enigm\u00e1tica da sexua\u00e7\u00e3o. Fabi\u00e1n Fajnwaks<\/li>\n<li>Respons\u00e1veis: Anamaria Vasconcelos e Cassandra Dias<\/li>\n<\/ul>\n<\/li>\n<\/ul>\n<p><strong>2\u00aa Preparat\u00f3ria \u2013 17 agosto<\/strong><\/p>\n<ul>\n<li><strong>A Mulher que n\u00e3o existe: uma escrita do Um<\/strong>\n<ul>\n<li>Respons\u00e1veis: Cleide Monteiro e Maria Eliane Baptista<\/li>\n<li>Texto base:\u00a0<em>A Mulher N\u00e3o Existe<\/em>. Christiane Alberti. Argumento do Congresso AMP 2022<\/li>\n<\/ul>\n<\/li>\n<\/ul>\n<p><strong>3\u00aa Preparat\u00f3ria \u2013 21 setembro<\/strong><\/p>\n<ul>\n<li><strong>O saber in-sabido do sexo<\/strong>\n<ul>\n<li>Respons\u00e1veis: Cleyton Andrade e Li\u00e9ge Ara\u00fajo<\/li>\n<li>Texto base:\u00a0<em>Sobre a cl\u00ednica do corpo falante: sexua\u00e7\u00e3o, diferen\u00e7a sexual e rela\u00e7\u00e3o sexual<\/em>. J\u00e9sus Santiago<\/li>\n<\/ul>\n<\/li>\n<\/ul>\n<p><strong>4\u00aa Preparat\u00f3ria \u2013 26 outubro<\/strong><\/p>\n<ul>\n<li><strong>A n\u00e3o rela\u00e7\u00e3o sexual: o real, a exist\u00eancia e o amor<\/strong>\n<ul>\n<li>Respons\u00e1veis: Bibiana Poggi e Rosa Reis<\/li>\n<li>Texto base: Culturas queer: alteridade e homossexualidades. Fabi\u00e1n Fajnwaks<\/li>\n<\/ul>\n<\/li>\n<\/ul>\n[\/vc_column_text][vc_btn title=&#8221;Leia+&#8221; style=&#8221;classic&#8221; color=&#8221;mulled-wine&#8221; size=&#8221;xs&#8221; link=&#8221;url:http%3A%2F%2Febp.org.br%2Fnordeste%2Fjornadas%2F2021%2Fatividades-preparatorias%2F|||&#8221;][\/vc_column][\/vc_row][vc_row][vc_column][vc_separator border_width=&#8221;2&#8243;][\/vc_column][\/vc_row][vc_row][vc_column][vc_column_text]\n<h3>A escolha do sexo &#8211; A experi\u00eancia enigm\u00e1tica da sexua\u00e7\u00e3o<\/h3>\n<h3><em>Fabi\u00e1n Fajnwaks<\/em><\/h3>\n<p><img loading=\"lazy\" decoding=\"async\" class=\"center aligncenter\" src=\"http:\/\/ebp.org.br\/nordeste\/jornadas\/2021\/wp-content\/uploads\/2021\/07\/005.jpg\" alt=\"Image\" width=\"700\" height=\"150\" align=\"center\" border=\"0\" \/><\/p>\n<p>\u201cO ser sexuado se autoriza de si mesmo. De si mesmo e de alguns outros\u201d . Esta afirma\u00e7\u00e3o de Jacques Lacan, em 9 de abril de 1974, em\u00a0<em>Os N\u00e3o-Tolos erram,<\/em>\u00a0usando a mesma f\u00f3rmula conhecida, \u201co analista se autoriza de si mesmo\u201d , assinala que h\u00e1 um real em jogo na sexualidade, o que implica que, para se nomear sexuado, (Leia mais) o ser falante n\u00e3o pode encontrar apoio somente nos semblantes que lhe v\u00eam do Outro&#8230;[\/vc_column_text][vc_btn title=&#8221;Leia+&#8221; style=&#8221;classic&#8221; color=&#8221;mulled-wine&#8221; size=&#8221;xs&#8221; link=&#8221;url:http%3A%2F%2Febp.org.br%2Fnordeste%2Fjornadas%2F2021%2Fa-escolha-do-sexo-a-experiencia-enigmatica-da-sexuacao1%2F|||&#8221;][\/vc_column][\/vc_row][vc_row][vc_column][vc_separator border_width=&#8221;2&#8243;][\/vc_column][\/vc_row][vc_row][vc_column][vc_column_text]\n<h3>A Mulher N\u00e3o Existe<br \/>\nArgumento do Congresso AMP 2022<\/h3>\n<h6><em>Christiane Alberti<\/em><\/h6>\n<p><img loading=\"lazy\" decoding=\"async\" class=\"center aligncenter\" src=\"http:\/\/ebp.org.br\/nordeste\/jornadas\/2021\/wp-content\/uploads\/2021\/07\/006.jpg\" alt=\"Image\" width=\"700\" height=\"150\" align=\"center\" border=\"0\" \/><\/p>\n<p>Um vento soprou. De todos os lados surgem vozes de mulheres quebrando um sil\u00eancio que vem de longe. Elas clamam legitimamente por seu desejo de igualdade e de liberdade, denunciam as injusti\u00e7as sexistas a as viol\u00eancias acometidas contra as mulheres. A psican\u00e1lise faz sua parte nesse movimento.[\/vc_column_text][vc_btn title=&#8221;Leia+&#8221; style=&#8221;classic&#8221; color=&#8221;mulled-wine&#8221; size=&#8221;xs&#8221; link=&#8221;url:http%3A%2F%2Febp.org.br%2Fnordeste%2Fjornadas%2F2021%2Fmulher-nao-existe-argumento-do-congresso-amp-2022%2F|||&#8221;][\/vc_column][\/vc_row][vc_row][vc_column][vc_separator border_width=&#8221;2&#8243;][\/vc_column][\/vc_row][vc_row][vc_column][vc_column_text]\n<h3>Sobre a cl\u00ednica do corpo falante: sexua\u00e7\u00e3o, diferen\u00e7a sexual e rela\u00e7\u00e3o sexual<\/h3>\n<h6><em>J\u00e9sus Santiago<\/em><\/h6>\n<p><img loading=\"lazy\" decoding=\"async\" class=\"center aligncenter\" src=\"http:\/\/ebp.org.br\/nordeste\/jornadas\/2021\/wp-content\/uploads\/2021\/07\/007.jpg\" alt=\"Image\" width=\"700\" height=\"150\" align=\"center\" border=\"0\" \/><\/p>\n<p>Jacques-Alain Miller afirma que, com o Semin\u00e1rio 20, m<em>ais, ainda,<\/em>\u00a0Lacan serra o tronco da \u00e1rvore sobre o qual havia posto todo o seu ensino. Qual \u00e9 esse tronco? \u00c9 o fato de que a linguagem, a fala e, enfim, a estrutura constitue o pilar com o qual a discursividade do Outro captura o organismo vivo. \u00c9 exatamente no decorrer do m<em>ais, ainda<\/em>, que Lacan p\u00f5e em quest\u00e3o o conceito mesmo de linguagem, que, portanto, passa a ser considerado como conceito derivado e secund\u00e1rio com rela\u00e7\u00e3o \u00e0 inven\u00e7\u00e3o do conceito de\u00a0<em>lal\u00edngua.<\/em>..[\/vc_column_text][vc_btn title=&#8221;Leia+&#8221; style=&#8221;classic&#8221; color=&#8221;mulled-wine&#8221; size=&#8221;xs&#8221; link=&#8221;url:http%3A%2F%2Febp.org.br%2Fnordeste%2Fjornadas%2F2021%2Fsobre-a-clinica-do-corpo-falante-sexuacao-diferenca-sexual-e-relacao-sexual%2F|||&#8221;][\/vc_column][\/vc_row][vc_row][vc_column][vc_separator border_width=&#8221;2&#8243;][\/vc_column][\/vc_row][vc_row][vc_column][vc_column_text]\n<h3>Culturas queer: alteridade e homossexualidades*<\/h3>\n<h6><em>Fabi\u00e1n Fajnwacks<\/em><\/h6>\n<p><img loading=\"lazy\" decoding=\"async\" class=\"center aligncenter\" src=\"http:\/\/ebp.org.br\/nordeste\/jornadas\/2021\/wp-content\/uploads\/2021\/07\/008.jpg\" alt=\"Image\" width=\"700\" height=\"150\" align=\"center\" border=\"0\" \/><\/p>\n<p>A psican\u00e1lise lacaniana poderia dividir at\u00e9 certo ponto, pelo menos, a cr\u00edtica que as teorias\u00a0<em>queer<\/em>\u00a0fizeram, desde sua origem, aos estudos\u00a0<em>gays<\/em>\u00a0e l\u00e9sbicos: elas lhes reprovam a reprodu\u00e7\u00e3o do pensamento\u00a0<em>straight<\/em>\u00a0contra o qual elas se ergueram.<br \/>\nAs teorias\u00a0<em>queer<\/em>\u00a0pensavam que uma nova normatividade sa\u00edda, desta vez, das fileiras da comunidade LGBT (l\u00e9sbicas, gays, bissexuais, transexuais) come\u00e7ava, ent\u00e3o, a nascer&#8230;[\/vc_column_text][vc_btn title=&#8221;Leia+&#8221; style=&#8221;classic&#8221; color=&#8221;mulled-wine&#8221; size=&#8221;xs&#8221; link=&#8221;url:http%3A%2F%2Febp.org.br%2Fnordeste%2Fjornadas%2F2021%2Fculturas-queer-alteridade-e-homossexualidades%2F|||&#8221;][\/vc_column][\/vc_row][vc_row][vc_column][vc_separator border_width=&#8221;2&#8243;][\/vc_column][\/vc_row][vc_row css=&#8221;.vc_custom_1624132366850{background-color: #3f4649 !important;}&#8221;][vc_column][vc_single_image image=&#8221;2333&#8243; img_size=&#8221;full&#8221; alignment=&#8221;center&#8221;][vc_column_text]\n<h6 style=\"text-align: center;\"><span style=\"color: #ffffff;\">Litor\u00e2neo &#8211; Boletim Eletr\u00f4nico da EBP Se\u00e7\u00e3o Nordeste<\/span><\/h6>\n<h6 style=\"text-align: center;\"><span style=\"color: #ffffff;\">Coordenadora da Comiss\u00e3o\u00a0de Boletim:\u00a0Cassandra Dias<\/span><br \/>\n<span style=\"color: #ffffff;\">Comiss\u00e3o de Boletim:\u00a0Bruno Senna, Cassandra Dias e K\u00e9sia Ramos<\/span><br \/>\n<span style=\"color: #ffffff;\">Designer: Bruno Senna &#8211; <a style=\"color: #ffffff;\" href=\"mailto:sennabruno@gmail.com\">sennabruno@gmail.com<\/a><\/span><\/h6>\n[\/vc_column_text][\/vc_column][\/vc_row]\n<\/section>","protected":false},"excerpt":{"rendered":"<p>[vc_row][vc_column][vc_single_image image=&#8221;2334&#8243; img_size=&#8221;full&#8221; alignment=&#8221;center&#8221;][vc_column_text] Boletim Litor\u00e2neo Edi\u00e7\u00e3o Especial &#8211; Agosto 2021 [\/vc_column_text][\/vc_column][\/vc_row][vc_row][vc_column][vc_column_text] EDITORIAL Cassandra Dias \u2013 Diretora de Biblioteca No \u00faltimo m\u00eas de 2021, acontecer\u00e1 a I Jornada da Se\u00e7\u00e3o Nordeste, fundada a partir de uma Nova Geografia instalada na Escola Brasileira de Psican\u00e1lise, que alterou o funcionamento local de tr\u00eas regi\u00f5es geogr\u00e1ficas: nordeste, centro&hellip;<\/p>\n","protected":false},"author":1,"featured_media":0,"parent":1231,"menu_order":0,"comment_status":"closed","ping_status":"closed","template":"","meta":{"footnotes":""},"class_list":["post-2469","page","type-page","status-publish","hentry","entry","no-media"],"_links":{"self":[{"href":"https:\/\/ebp.org.br\/nordeste\/wp-json\/wp\/v2\/pages\/2469","targetHints":{"allow":["GET"]}}],"collection":[{"href":"https:\/\/ebp.org.br\/nordeste\/wp-json\/wp\/v2\/pages"}],"about":[{"href":"https:\/\/ebp.org.br\/nordeste\/wp-json\/wp\/v2\/types\/page"}],"author":[{"embeddable":true,"href":"https:\/\/ebp.org.br\/nordeste\/wp-json\/wp\/v2\/users\/1"}],"replies":[{"embeddable":true,"href":"https:\/\/ebp.org.br\/nordeste\/wp-json\/wp\/v2\/comments?post=2469"}],"version-history":[{"count":0,"href":"https:\/\/ebp.org.br\/nordeste\/wp-json\/wp\/v2\/pages\/2469\/revisions"}],"up":[{"embeddable":true,"href":"https:\/\/ebp.org.br\/nordeste\/wp-json\/wp\/v2\/pages\/1231"}],"wp:attachment":[{"href":"https:\/\/ebp.org.br\/nordeste\/wp-json\/wp\/v2\/media?parent=2469"}],"curies":[{"name":"wp","href":"https:\/\/api.w.org\/{rel}","templated":true}]}}