{"id":2446,"date":"2021-07-14T08:19:02","date_gmt":"2021-07-14T11:19:02","guid":{"rendered":"https:\/\/ebp.org.br\/nordeste\/?page_id=2446"},"modified":"2023-11-30T08:38:27","modified_gmt":"2023-11-30T11:38:27","slug":"boletim-litoraneo-03","status":"publish","type":"page","link":"https:\/\/ebp.org.br\/nordeste\/biblioteca\/publicacao\/boletim-litoraneo-03\/","title":{"rendered":"Boletim Litor\u00e2neo #03"},"content":{"rendered":"<section class=\"wpb-content-wrapper\">[vc_row][vc_column][vc_single_image image=&#8221;2334&#8243; alignment=&#8221;center&#8221;][vc_column_text]\n<h6 style=\"text-align: center;\">Boletim Litor\u00e2neo #03 &#8211; Julho 2021<\/h6>\n[\/vc_column_text][\/vc_column][\/vc_row][vc_row][vc_column][vc_column_text]\n<h3>EDITORIAL<\/h3>\n<h6>Cassandra Dias \u2013 Diretora de Biblioteca<\/h6>\n<p><img loading=\"lazy\" decoding=\"async\" class=\"aligncenter wp-image-2440 size-full\" src=\"https:\/\/ebp.org.br\/nordeste\/wp-content\/uploads\/2021\/07\/boletim_003_editorial.jpg\" alt=\"\" width=\"700\" height=\"150\" \/><\/p>\n<p>A roda do Chronos est\u00e1 girando veloz e seguimos com ele. Ainda cautelosos, um pouco mais adaptados ao funcionamento remoto, aguardando o avan\u00e7o da imuniza\u00e7\u00e3o para podermos saber ent\u00e3o, sobre a sa\u00edda do t\u00fanel. Como ser\u00e1 a vida p\u00f3s COVID e as consequ\u00eancias para os viventes, recolhidas pelos psicanalistas?[\/vc_column_text][vc_btn title=&#8221;Leia+&#8221; style=&#8221;classic&#8221; color=&#8221;mulled-wine&#8221; size=&#8221;xs&#8221; link=&#8221;url:https%3A%2F%2Febp.org.br%2Fnordeste%2Feditorial-boletim-litoraneo-03%2F|title:Editorial%20Boletim%20Litor%C3%A2neo%20%2302&#8243;][\/vc_column][\/vc_row][vc_row][vc_column][vc_separator border_width=&#8221;2&#8243;][\/vc_column][\/vc_row][vc_row][vc_column][vc_column_text]\n<h3>O Testemunho e as Li\u00e7\u00f5es do Passe na Se\u00e7\u00e3o Nordeste<\/h3>\n<h6><em>Cleyton Andrade<\/em><\/h6>\n<p><img loading=\"lazy\" decoding=\"async\" class=\"center aligncenter\" src=\"https:\/\/ebp.org.br\/nordeste\/wp-content\/uploads\/2021\/07\/boletim_003_passe.jpg\" alt=\"Image\" width=\"700\" height=\"150\" align=\"center\" border=\"0\" \/><\/p>\n<p>Antes dos holandeses, o litoral nordestino, na faixa que ia do Rio Grande do Norte a Alagoas, contava com 162 engenhos de a\u00e7\u00facar, a sua maioria entre a v\u00e1rzea grande e o rio Formoso, em Pernambuco (Mello, 2012). A primeira explos\u00e3o econ\u00f4mica do Brasil Col\u00f4nia teve como eixo e centro, o Nordeste. Por\u00e9m, se houve ascens\u00e3o, houve queda do ciclo da cana de a\u00e7\u00facar&#8230;[\/vc_column_text][vc_btn title=&#8221;Leia+&#8221; style=&#8221;classic&#8221; color=&#8221;mulled-wine&#8221; size=&#8221;xs&#8221; link=&#8221;url:https%3A%2F%2Febp.org.br%2Fnordeste%2Fo-testemunho-e-as-licoes-do-passe-na-secao-nordeste%2F|title:O%20Testemunho%20e%20as%20Li%C3%A7%C3%B5es%20do%20Passe%20na%20Se%C3%A7%C3%A3o%20Nordeste&#8221;][\/vc_column][\/vc_row][vc_row][vc_column][vc_separator border_width=&#8221;2&#8243;][\/vc_column][\/vc_row][vc_row][vc_column][vc_column_text]\n<h3>O cartel articula a Escola<\/h3>\n<h6><em>Cla\u00fadia Formiga<\/em><\/h6>\n<p><img loading=\"lazy\" decoding=\"async\" class=\"center aligncenter\" src=\"https:\/\/ebp.org.br\/nordeste\/wp-content\/uploads\/2021\/07\/boletim_003_cartel.jpg\" alt=\"Image\" width=\"700\" height=\"150\" align=\"center\" border=\"0\" \/><\/p>\n<p>Quando Lacan, por ocasi\u00e3o da funda\u00e7\u00e3o de sua Escola em 1964, prop\u00f5e o cartel como dispositivo privilegiado por meio do qual se deve realizar\u00a0<em>o trabalho de Escola,<\/em>\u00a0ele o posiciona no centro da forma\u00e7\u00e3o do analista. Quer dizer, no lugar em torno do qual se situa a pergunta\u00a0<em>o que \u00e9 um analista<\/em>, pergunta cuja resposta aponta a um vazio de saber que convoca \u00e0 elabora\u00e7\u00e3o.[\/vc_column_text][vc_btn title=&#8221;Leia+&#8221; style=&#8221;classic&#8221; color=&#8221;mulled-wine&#8221; size=&#8221;xs&#8221; link=&#8221;url:https%3A%2F%2Febp.org.br%2Fnordeste%2Fo-cartel-articula-a-escola%2F|title:O%20cartel%20articula%20a%20Escola&#8221;][\/vc_column][\/vc_row][vc_row][vc_column][vc_separator border_width=&#8221;2&#8243;][\/vc_column][\/vc_row][vc_row][vc_column][vc_column_text]\n<h3>Noite de Lan\u00e7amento da I Jornada da Se\u00e7\u00e3o Nordeste &#8211; Resson\u00e2ncias<\/h3>\n<p><img loading=\"lazy\" decoding=\"async\" class=\"center aligncenter\" src=\"https:\/\/ebp.org.br\/nordeste\/wp-content\/uploads\/2021\/07\/boletim_003_jornadas.jpg\" alt=\"Image\" width=\"700\" height=\"150\" align=\"center\" border=\"0\" \/><\/p>\n<h6><em>Paulo Carvalho<\/em><\/h6>\n<p>Recolho e registro alguns pontos que ressoaram na ocasi\u00e3o do Lan\u00e7amento da 1\u00ba Jornada da Se\u00e7\u00e3o Nordeste \u201cO Enigma da sexua\u00e7\u00e3o \u2013 O que nos ensina a experi\u00eancia psicanal\u00edtica sobre Isso\u201d.\u00a0 Dirijo este coment\u00e1rio especialmente ao segundo eixo, cujo argumento foi apresentado pelos colegas Cleyton Andrade e Li\u00e8ge Uch\u00f4a.<\/p>\n<p>Parto da hip\u00f3tese de que o texto \u201cD\u00f3cil ao trans\u201d, de Jacques-Alain Miller, marca um antes e um depois no Campo Freudiano. Momento de conclus\u00e3o que interpreto em duas vertentes \u2013 abertura e fechamento.<\/p>\n<h6><em>Pauleska N\u00f3brega<\/em><\/h6>\n<p>O que se assentaria sob o enigma da sexua\u00e7\u00e3o? O que orbitaria a partir desse enigma em nossa \u00e9poca? O encontro do dia 15 de junho para o lan\u00e7amento da I Jornada da Se\u00e7\u00e3o Nordeste: \u201cO enigma da sexua\u00e7\u00e3o: o que nos ensina a experi\u00eancia anal\u00edtica sobre Isso\u201d, me permitiu indagar se a experi\u00eancia anal\u00edtica subverteria as arbitrariedades de uma \u00e9poca, n\u00e3o por fazer girar o discurso sob a perspectiva de um centro, mas para dar acento ao que, do discurso, faz girar e, por isso, cair&#8230;[\/vc_column_text][vc_btn title=&#8221;Leia+&#8221; style=&#8221;classic&#8221; color=&#8221;mulled-wine&#8221; size=&#8221;xs&#8221; link=&#8221;url:https%3A%2F%2Febp.org.br%2Fnordeste%2Fnoite-de-lancamento-da-i-jornada-da-secao-nordeste-ressonancias%2F&#8221;][\/vc_column][\/vc_row][vc_row][vc_column][vc_separator border_width=&#8221;2&#8243;][\/vc_column][\/vc_row][vc_row][vc_column][vc_column_text]\n<h3>Agenda Julho\/2021<\/h3>\n<p><strong>S\u00e1bado\u00a0 03<\/strong><\/p>\n<p><strong>Acha-se Cart\u00e9is \u2013 Atividade da Diretoria de Cart\u00e9is e interc\u00e2mbios<\/strong><br \/>\n<strong><em>Voc\u00ea sabe o que \u00e9 um cartel? Para responder, n\u00e3o vale colar!<\/em><\/strong><br \/>\n<strong>O Cartel na Escola de Lacan<\/strong><\/p>\n<p>Apresenta\u00e7\u00e3o: Cleide Monteiro<br \/>\nCoordena: Cl\u00e1udia Formiga<br \/>\nHor\u00e1rio: 10h<\/p>\n<hr \/>\n<p><strong>Ter\u00e7a 13<\/strong><\/p>\n<p><strong>Semin\u00e1rio de Orienta\u00e7\u00e3o Lacaniana<\/strong><\/p>\n<p>Coordena\u00e7\u00e3o: Margarida Assad e Anamaria Vasconcelos (Conselho da Se\u00e7\u00e3o)<\/p>\n<p>Texto:\u00a0<strong>\u201cLos divinos detalles\u201d\u00a0<\/strong>(Los cursos psicoanal\u00edticos de J-Alain Miller, 1989)<br \/>\n<strong>cap\u00edtulo VIII &#8211; Gozos<\/strong><br \/>\nRespons\u00e1veis: Cassandra Dias e Glacy Gorsky<br \/>\nHor\u00e1rio: 19h30<\/p>\n<hr \/>\n<p><strong>Ter\u00e7a<\/strong>\u00a0<strong>20<\/strong><\/p>\n<p>Encontro preparat\u00f3rio para a<strong>\u00a0I Jornada da Se\u00e7\u00e3o Nordeste<\/strong><br \/>\n\u201c<strong>O enigma da sexua\u00e7\u00e3o. O que a experi\u00eancia anal\u00edtica nos ensina sobre\u00a0<em>Isso<\/em>\u201d<\/strong><\/p>\n<p>Texto:<strong>\u00a0\u201cElei\u00e7\u00e3o do sexo: a experi\u00eancia enigm\u00e1tica da sexua\u00e7\u00e3o\u201d\u00a0<\/strong>de Fabi\u00e1n Fajnwaks<strong>.<\/strong><br \/>\nRespons\u00e1veis: Anamaria Vasconcelos e Cassandra Dias<br \/>\nHor\u00e1rio: 20h<\/p>\n<hr \/>\n<p><strong>Ter\u00e7a<\/strong>\u00a0<strong>27<\/strong><\/p>\n<p><strong>Preparat\u00f3rios para o X ENAPOL &#8211; \u201cO novo no amor: modalidades contempor\u00e2neas dos la\u00e7os\u201d<\/strong><br \/>\nCoordenam: Li\u00e8ge Uch\u00f4a e Margarida Assad<\/p>\n<p><strong>\u201cOs autismos e seus ensinamentos sobre o amor\u201d<\/strong><br \/>\nRespons\u00e1veis: coordenadores do N\u00facleo de Psican\u00e1lise e Autismo (AL) e N\u00facleo de Estudos e pesquisa sobre Psican\u00e1lise e Autismos (PE).<br \/>\nHor\u00e1rio: 20h[\/vc_column_text][\/vc_column][\/vc_row][vc_row][vc_column][vc_separator border_width=&#8221;2&#8243;][\/vc_column][\/vc_row][vc_row css=&#8221;.vc_custom_1624132366850{background-color: #3f4649 !important;}&#8221;][vc_column][vc_single_image image=&#8221;2333&#8243; alignment=&#8221;center&#8221;][vc_column_text]\n<h6 style=\"text-align: center;\"><span style=\"color: #ffffff;\">Litor\u00e2neo &#8211; Boletim Eletr\u00f4nico da EBP Se\u00e7\u00e3o Nordeste<\/span><\/h6>\n<h6 style=\"text-align: center;\"><span style=\"color: #ffffff;\">Coordenadora da Comiss\u00e3o\u00a0de Boletim:\u00a0Cassandra Dias<\/span><br \/>\n<span style=\"color: #ffffff;\">Comiss\u00e3o de Boletim:\u00a0Bruno Senna, Cassandra Dias e K\u00e9sia Ramos<\/span><br \/>\n<span style=\"color: #ffffff;\">Designer: Bruno Senna &#8211; <a style=\"color: #ffffff;\" href=\"mailto:sennabruno@gmail.com\">sennabruno@gmail.com<\/a><\/span><\/h6>\n[\/vc_column_text][\/vc_column][\/vc_row]\n<\/section>","protected":false},"excerpt":{"rendered":"<p>[vc_row][vc_column][vc_single_image image=&#8221;2334&#8243; alignment=&#8221;center&#8221;][vc_column_text] Boletim Litor\u00e2neo #03 &#8211; Julho 2021 [\/vc_column_text][\/vc_column][\/vc_row][vc_row][vc_column][vc_column_text] EDITORIAL Cassandra Dias \u2013 Diretora de Biblioteca A roda do Chronos est\u00e1 girando veloz e seguimos com ele. Ainda cautelosos, um pouco mais adaptados ao funcionamento remoto, aguardando o avan\u00e7o da imuniza\u00e7\u00e3o para podermos saber ent\u00e3o, sobre a sa\u00edda do t\u00fanel. Como ser\u00e1 a vida&hellip;<\/p>\n","protected":false},"author":1,"featured_media":0,"parent":1231,"menu_order":0,"comment_status":"closed","ping_status":"closed","template":"","meta":{"footnotes":""},"class_list":["post-2446","page","type-page","status-publish","hentry","entry","no-media"],"_links":{"self":[{"href":"https:\/\/ebp.org.br\/nordeste\/wp-json\/wp\/v2\/pages\/2446","targetHints":{"allow":["GET"]}}],"collection":[{"href":"https:\/\/ebp.org.br\/nordeste\/wp-json\/wp\/v2\/pages"}],"about":[{"href":"https:\/\/ebp.org.br\/nordeste\/wp-json\/wp\/v2\/types\/page"}],"author":[{"embeddable":true,"href":"https:\/\/ebp.org.br\/nordeste\/wp-json\/wp\/v2\/users\/1"}],"replies":[{"embeddable":true,"href":"https:\/\/ebp.org.br\/nordeste\/wp-json\/wp\/v2\/comments?post=2446"}],"version-history":[{"count":1,"href":"https:\/\/ebp.org.br\/nordeste\/wp-json\/wp\/v2\/pages\/2446\/revisions"}],"predecessor-version":[{"id":4108,"href":"https:\/\/ebp.org.br\/nordeste\/wp-json\/wp\/v2\/pages\/2446\/revisions\/4108"}],"up":[{"embeddable":true,"href":"https:\/\/ebp.org.br\/nordeste\/wp-json\/wp\/v2\/pages\/1231"}],"wp:attachment":[{"href":"https:\/\/ebp.org.br\/nordeste\/wp-json\/wp\/v2\/media?parent=2446"}],"curies":[{"name":"wp","href":"https:\/\/api.w.org\/{rel}","templated":true}]}}