{"id":2418,"date":"2021-06-19T17:02:34","date_gmt":"2021-06-19T20:02:34","guid":{"rendered":"https:\/\/ebp.org.br\/nordeste\/?page_id=2418"},"modified":"2023-11-30T08:39:25","modified_gmt":"2023-11-30T11:39:25","slug":"boletim-litoraneo-02","status":"publish","type":"page","link":"https:\/\/ebp.org.br\/nordeste\/biblioteca\/publicacao\/boletim-litoraneo-02\/","title":{"rendered":"Boletim Litor\u00e2neo #02"},"content":{"rendered":"<section class=\"wpb-content-wrapper\">[vc_row][vc_column][vc_single_image image=&#8221;2334&#8243; alignment=&#8221;center&#8221;][vc_column_text]\n<h6 style=\"text-align: center;\">Boletim Litor\u00e2neo #02 &#8211; Junho 2021<\/h6>\n[\/vc_column_text][\/vc_column][\/vc_row][vc_row][vc_column][vc_column_text]\n<h3>EDITORIAL<\/h3>\n<h6>Cassandra Dias \u2013 Diretora de Biblioteca<\/h6>\n<p><img loading=\"lazy\" decoding=\"async\" class=\"aligncenter wp-image-2403 size-full\" src=\"https:\/\/ebp.org.br\/nordeste\/wp-content\/uploads\/2021\/06\/mini_editorial_002.jpg\" alt=\"\" width=\"700\" height=\"150\" \/><\/p>\n<p>O Litor\u00e2neo banha o continente da psican\u00e1lise no Nordeste e em seu segundo n\u00famero traz na escrita dos seus membros as primeiras resson\u00e2ncias de um trabalho de Escola que anuncia sua fertilidade.<\/p>\n<p>A enuncia\u00e7\u00e3o de Anamaria Vasconcelos nos situa sobre o lugar da Orienta\u00e7\u00e3o Lacaniana enquanto um norteador na Escola de Lacan e espinha dorsal de um percurso de forma\u00e7\u00e3o.<\/p>\n<p>Elizabete Siqueira e Glacy Gorski nos apresentam o argumento da I Jornada da Se\u00e7\u00e3o Nordeste \u201cO enigma da sexua\u00e7\u00e3o: o que a psican\u00e1lise nos ensina sobre Isso\u201d. Um intenso trabalho de prepara\u00e7\u00e3o em torno do tema se inicia a partir de agora, mobilizando todo um campo transferencial que compartilharemos nos pr\u00f3ximos n\u00fameros do boletim.[\/vc_column_text][vc_btn title=&#8221;Leia+&#8221; style=&#8221;classic&#8221; color=&#8221;mulled-wine&#8221; size=&#8221;xs&#8221; link=&#8221;url:https%3A%2F%2Febp.org.br%2Fnordeste%2Feditorial-boletim-litoraneo-02%2F|title:Editorial%20Boletim%20Litor%C3%A2neo%20%2302&#8243;][\/vc_column][\/vc_row][vc_row][vc_column][vc_separator border_width=&#8221;2&#8243;][\/vc_column][\/vc_row][vc_row][vc_column][vc_column_text]\n<h3>Orienta\u00e7\u00e3o Lacaniana<\/h3>\n<h6>Por Anamaria Vasconcelos<\/h6>\n<p><img loading=\"lazy\" decoding=\"async\" class=\"aligncenter wp-image-2405 size-full\" src=\"https:\/\/ebp.org.br\/nordeste\/wp-content\/uploads\/2021\/06\/mini_seminario_orientacao_lacaniana.jpg\" alt=\"\" width=\"700\" height=\"150\" \/><\/p>\n<p>Atualmente, estamos vivendo os efeitos de uma Nova Geografia na Escola, particularmente aqueles que se encontram diretamente envolvidos na din\u00e2mica de novas se\u00e7\u00f5es. Temos por muitas vezes, vivido certa inquieta\u00e7\u00e3o. Ao mesmo tempo, estamos envolvidos de modo decidido no nosso trabalho, guiados pela luz dos nossos princ\u00edpios para assim nos por a trabalho e zelar por nosso funcionamento. Desse modo, agrade\u00e7o a possibilidade de escrever sobre uma tem\u00e1tica que tanto tem me chamado a aten\u00e7\u00e3o. Entendo tamb\u00e9m que nesse convite, encontro uma das facetas da Garantia que a Escola de Lacan pode oferecer; garantia, enquanto um lugar poss\u00edvel que abre a possibilidade de elaborar com outros, nesse caso, pela escrita. Escrever \u00e9 um viver essa solid\u00e3o. De acordo com Clara Holguin, \u201cgarantia como uma solid\u00e3o com\u201d.[\/vc_column_text][vc_btn title=&#8221;Leia+&#8221; style=&#8221;classic&#8221; color=&#8221;mulled-wine&#8221; size=&#8221;xs&#8221; link=&#8221;url:https%3A%2F%2Febp.org.br%2Fnordeste%2Forientacao-lacaniana%2F&#8221;][\/vc_column][\/vc_row][vc_row][vc_column][vc_separator border_width=&#8221;2&#8243;][\/vc_column][\/vc_row][vc_row][vc_column][vc_column_text]\n<h3>I Jornada Se\u00e7\u00e3o Nordeste<br \/>\nO enigma da sexua\u00e7\u00e3o: o que a experi\u00eancia anal\u00edtica nos ensina sobre Isso<\/h3>\n<h6>Por Elizabete Siqueira e Glacy Gorski<\/h6>\n<p><img loading=\"lazy\" decoding=\"async\" class=\"aligncenter wp-image-2407 size-full\" src=\"https:\/\/ebp.org.br\/nordeste\/wp-content\/uploads\/2021\/06\/mini_jornada.jpg\" alt=\"\" width=\"700\" height=\"150\" \/><\/p>\n<p>O t\u00edtulo escolhido para I Jornada da Se\u00e7\u00e3o Nordeste \u201cO enigma da sexua\u00e7\u00e3o \u2013 o que a experi\u00eancia anal\u00edtica nos ensina sobre Isso\u201d, \u00e9 um convite dirigido \u00e0 comunidade anal\u00edtica para participar de uma conversa\u00e7\u00e3o sobre esse tema fundamental que, de in\u00edcio, tem como pressuposto um distanciamento de toda e qualquer concep\u00e7\u00e3o essencialista, construtivista ou identit\u00e1ria, uma vez que a psican\u00e1lise tra\u00e7a como orienta\u00e7\u00e3o, a posi\u00e7\u00e3o singular de cada sujeito em rela\u00e7\u00e3o ao gozo. Por isso, pensar uma sexualidade apoiada na no\u00e7\u00e3o de g\u00eanero invalida-se pelo que a experi\u00eancia anal\u00edtica ensina.[\/vc_column_text][vc_btn title=&#8221;Leia+&#8221; style=&#8221;classic&#8221; color=&#8221;mulled-wine&#8221; size=&#8221;xs&#8221; link=&#8221;url:https%3A%2F%2Febp.org.br%2Fnordeste%2Feventos%2Fjornada%2F|||&#8221;][\/vc_column][\/vc_row][vc_row][vc_column][vc_separator border_width=&#8221;2&#8243;][\/vc_column][\/vc_row][vc_row][vc_column][vc_column_text]\n<h3>Atividade Preparat\u00f3ria ao X ENAPOL<\/h3>\n<h6>Por Li\u00e8ge Uch\u00f4a e Margarida Assad &#8211; Coordenadoras do Semin\u00e1rio Preparat\u00f3rio ao X ENAPOL<\/h6>\n<p><img loading=\"lazy\" decoding=\"async\" class=\"aligncenter size-full wp-image-2406\" src=\"https:\/\/ebp.org.br\/nordeste\/wp-content\/uploads\/2021\/06\/mini_preparatoria.jpg\" alt=\"\" width=\"700\" height=\"150\" \/><\/p>\n<p>Nos dias 9 e 10 de outubro de 2021, acontecer\u00e1, em Santiago do Chile, no formato virtual, o X ENAPOL, trazendo uma tem\u00e1tica instigante: O novo no amor: modalidades contempor\u00e2neas dos la\u00e7os. S\u00e3o v\u00e1rias as vias que dispomos em Psican\u00e1lise para abordar a tem\u00e1tica do amor, bem como sua articula\u00e7\u00e3o com outros saberes e sua rela\u00e7\u00e3o com o Outro social.[\/vc_column_text][vc_btn title=&#8221;Leia+&#8221; style=&#8221;classic&#8221; color=&#8221;mulled-wine&#8221; size=&#8221;xs&#8221; link=&#8221;url:https%3A%2F%2Febp.org.br%2Fnordeste%2Fensino%2Fseminarios-preparatorios-para-o-x-enapol%2F|||&#8221;][\/vc_column][\/vc_row][vc_row][vc_column][vc_separator border_width=&#8221;2&#8243;][\/vc_column][\/vc_row][vc_row][vc_column width=&#8221;1\/4&#8243;][vc_single_image image=&#8221;2394&#8243;][\/vc_column][vc_column width=&#8221;3\/4&#8243;][vc_column_text]\n<h3>Homenagem p\u00f3stuma a L\u00eada Guimar\u00e3es<\/h3>\n<h6>Por Margarida Assad &#8211; Presidente do Conselho Deliberativo | Jos\u00e9 Carlos Lapenda Figueiroa &#8211; Diretor Geral<\/h6>\n<p>N\u00f3s, membros e participantes da Se\u00e7\u00e3o Nordeste tivemos a satisfa\u00e7\u00e3o de receber o vigor da transmiss\u00e3o que L\u00eada nos ofertou. Por diversas situa\u00e7\u00f5es de Ensino, sejam em Jornadas, supervis\u00f5es, cart\u00e9is e mesmo em momentos de descontra\u00e7\u00e3o, L\u00eada nos ensinou muito, deixando marcas em cada um de n\u00f3s.<\/p>\n<p>Sua transmiss\u00e3o viva e a for\u00e7a de seu desejo iluminaram a cena da Escola, muito al\u00e9m da Bahia e do Rio de Janeiro, Estados onde residiu. Na EBP foi uma das primeiras AEs. Nomeada em 2000, seus testemunhos deixaram forte impacto na forma\u00e7\u00e3o de toda uma gera\u00e7\u00e3o de psicanalistas.<\/p>\n<p>Registramos aqui nosso carinho e gratid\u00e3o a essa colega que nos deixou em 23 de maio, em Feira de Santana, na Bahia. Ela partiu nos deixando um significativo legado atrav\u00e9s de sua forte presen\u00e7a de mulher, amiga, extremamente causada pela Psican\u00e1lise.<\/p>\n<p>\u00c9 dif\u00edcil imaginar que se tenha apagado a exuber\u00e2ncia de L\u00eada Guimar\u00e3es.[\/vc_column_text][\/vc_column][\/vc_row][vc_row][vc_column][vc_separator border_width=&#8221;2&#8243;][\/vc_column][\/vc_row][vc_row css=&#8221;.vc_custom_1624132366850{background-color: #3f4649 !important;}&#8221;][vc_column][vc_single_image image=&#8221;2333&#8243; alignment=&#8221;center&#8221;][vc_column_text]\n<h6 style=\"text-align: center;\"><span style=\"color: #ffffff;\">Litor\u00e2neo &#8211; Boletim Eletr\u00f4nico da EBP Se\u00e7\u00e3o Nordeste<\/span><\/h6>\n<h6 style=\"text-align: center;\"><span style=\"color: #ffffff;\">Coordenadora da Comiss\u00e3o\u00a0de Boletim:\u00a0Cassandra Dias<\/span><br \/>\n<span style=\"color: #ffffff;\">Comiss\u00e3o de Boletim:\u00a0Bruno Senna, Cassandra Dias e K\u00e9sia Ramos<\/span><br \/>\n<span style=\"color: #ffffff;\">Designer: Bruno Senna &#8211; <a style=\"color: #ffffff;\" href=\"mailto:sennabruno@gmail.com\">sennabruno@gmail.com<\/a><\/span><\/h6>\n[\/vc_column_text][\/vc_column][\/vc_row]\n<\/section>","protected":false},"excerpt":{"rendered":"<p>[vc_row][vc_column][vc_single_image image=&#8221;2334&#8243; alignment=&#8221;center&#8221;][vc_column_text] Boletim Litor\u00e2neo #02 &#8211; Junho 2021 [\/vc_column_text][\/vc_column][\/vc_row][vc_row][vc_column][vc_column_text] EDITORIAL Cassandra Dias \u2013 Diretora de Biblioteca O Litor\u00e2neo banha o continente da psican\u00e1lise no Nordeste e em seu segundo n\u00famero traz na escrita dos seus membros as primeiras resson\u00e2ncias de um trabalho de Escola que anuncia sua fertilidade. A enuncia\u00e7\u00e3o de Anamaria Vasconcelos nos&hellip;<\/p>\n","protected":false},"author":1,"featured_media":0,"parent":1231,"menu_order":0,"comment_status":"closed","ping_status":"closed","template":"","meta":{"footnotes":""},"class_list":["post-2418","page","type-page","status-publish","hentry","entry","no-media"],"_links":{"self":[{"href":"https:\/\/ebp.org.br\/nordeste\/wp-json\/wp\/v2\/pages\/2418","targetHints":{"allow":["GET"]}}],"collection":[{"href":"https:\/\/ebp.org.br\/nordeste\/wp-json\/wp\/v2\/pages"}],"about":[{"href":"https:\/\/ebp.org.br\/nordeste\/wp-json\/wp\/v2\/types\/page"}],"author":[{"embeddable":true,"href":"https:\/\/ebp.org.br\/nordeste\/wp-json\/wp\/v2\/users\/1"}],"replies":[{"embeddable":true,"href":"https:\/\/ebp.org.br\/nordeste\/wp-json\/wp\/v2\/comments?post=2418"}],"version-history":[{"count":1,"href":"https:\/\/ebp.org.br\/nordeste\/wp-json\/wp\/v2\/pages\/2418\/revisions"}],"predecessor-version":[{"id":4109,"href":"https:\/\/ebp.org.br\/nordeste\/wp-json\/wp\/v2\/pages\/2418\/revisions\/4109"}],"up":[{"embeddable":true,"href":"https:\/\/ebp.org.br\/nordeste\/wp-json\/wp\/v2\/pages\/1231"}],"wp:attachment":[{"href":"https:\/\/ebp.org.br\/nordeste\/wp-json\/wp\/v2\/media?parent=2418"}],"curies":[{"name":"wp","href":"https:\/\/api.w.org\/{rel}","templated":true}]}}