{"id":2415,"date":"2021-06-19T16:52:59","date_gmt":"2021-06-19T19:52:59","guid":{"rendered":"https:\/\/ebp.org.br\/nordeste\/?page_id=2415"},"modified":"2023-11-30T08:40:25","modified_gmt":"2023-11-30T11:40:25","slug":"boletim-litoraneo-01","status":"publish","type":"page","link":"https:\/\/ebp.org.br\/nordeste\/biblioteca\/publicacao\/boletim-litoraneo-01\/","title":{"rendered":"Boletim Litor\u00e2neo #01"},"content":{"rendered":"<section class=\"wpb-content-wrapper\">[vc_row][vc_column][vc_single_image image=&#8221;2334&#8243; alignment=&#8221;center&#8221;][vc_column_text]\n<h6 style=\"text-align: center;\">Boletim Litor\u00e2neo #01 &#8211; Maio 2021<\/h6>\n[\/vc_column_text][\/vc_column][\/vc_row][vc_row][vc_column][vc_column_text]\n<h3>PALAVRAS DO CONSELHO DELIBERATIVO<\/h3>\n<h6>Margarida Assad &#8211; Presidente do Conselho Deliberativo<\/h6>\n<p><img loading=\"lazy\" decoding=\"async\" class=\"aligncenter wp-image-2317 size-full\" src=\"https:\/\/ebp.org.br\/nordeste\/wp-content\/uploads\/2021\/05\/imagem_conselho.jpg\" alt=\"\" width=\"700\" height=\"150\" \/><\/p>\n<p>Se\u00e7\u00e3o Nordeste, uma realidade!<\/p>\n<p>A Se\u00e7\u00e3o Nordeste est\u00e1 formada. Uma Se\u00e7\u00e3o m\u00faltipla reunindo membros de v\u00e1rios Estados do nordeste. Cada um de n\u00f3s trabalhou de forma decidida desde 2019 para que a Se\u00e7\u00e3o pudesse se constituir. V\u00e1rias conversa\u00e7\u00f5es, reuni\u00f5es, textos sobre a pol\u00edtica da Escola, Semin\u00e1rios de membros, enfim trabalhamos com afinco. Certamente tivemos que elaborar nossos lutos, a perda de um lugar j\u00e1 familiar; rela\u00e7\u00f5es que existiam entre membros de muitos anos de trabalho foram expandidas pela chegada de novos colegas. Novos estilos de trabalho, e novos sintomas, diferentes daqueles que j\u00e1 hav\u00edamos acostumados a lidar. Toda essa multiplicidade de elementos nos tirou de certa zona de conforto; esse luto ainda tem seus restos, e estamos elaborando na certeza que o destino da Se\u00e7\u00e3o est\u00e1 em nossas m\u00e3os.[\/vc_column_text][vc_btn title=&#8221;Leia+&#8221; style=&#8221;classic&#8221; color=&#8221;mulled-wine&#8221; size=&#8221;xs&#8221; link=&#8221;url:https%3A%2F%2Febp.org.br%2Fnordeste%2Fpalavras-do-conselho-deliberativo%2F&#8221;][\/vc_column][\/vc_row][vc_row][vc_column][vc_separator border_width=&#8221;2&#8243;][\/vc_column][\/vc_row][vc_row][vc_column][vc_column_text]\n<h3>PALAVRAS DA DIRETORIA<\/h3>\n<h6>Jos\u00e9 Carlos Lapenda &#8211; Diretor Geral<\/h6>\n<p><img loading=\"lazy\" decoding=\"async\" class=\"aligncenter wp-image-2318 size-full\" src=\"https:\/\/ebp.org.br\/nordeste\/wp-content\/uploads\/2021\/05\/imagem_diretoria.jpg\" alt=\"\" width=\"700\" height=\"150\" \/><\/p>\n<p>Advertido do momento especial para a presen\u00e7a da Psican\u00e1lise no mundo, tomo como objetivo maior de gest\u00e3o o engajamento da Se\u00e7\u00e3o no novo tempo que se inaugura no Campo Freudiano e fa\u00e7o disso o compromisso primordial de minha presen\u00e7a na Diretoria.<\/p>\n<p>Consideramos de partida que a Escola de Lacan se alimenta de amor e desejo, de la\u00e7os tecidos por transfer\u00eancia de trabalho e desejo de analista. Que se fortale\u00e7am os dispositivos organizacionais de forma a estimular as iniciativas e os endere\u00e7amentos individuais que fazem da Escola uma realidade viva e presente na vida de cada um e da cidade. Que, assim, a libido possa circular, desimpedida de imperativos burocr\u00e1ticos.[\/vc_column_text][vc_btn title=&#8221;Leia+&#8221; style=&#8221;classic&#8221; color=&#8221;mulled-wine&#8221; size=&#8221;xs&#8221; link=&#8221;url:https%3A%2F%2Febp.org.br%2Fnordeste%2Fpalavras-da-diretoria-diretoria-geral%2F&#8221;][\/vc_column][\/vc_row][vc_row][vc_column][vc_separator border_width=&#8221;2&#8243;][\/vc_column][\/vc_row][vc_row][vc_column][vc_column_text]\n<h6>Cassandra Dias &#8211; Diretora de Biblioteca<\/h6>\n<p>E eis que surge o Litor\u00e2neo.<\/p>\n<p>Como ve\u00edculo de comunica\u00e7\u00e3o e registro de um novo tempo, o boletim eletr\u00f4nico da Se\u00e7\u00e3o Nordeste pretende trazer os ventos que sopram no Nordeste brasileiro para a\u00a0comunidade de interesses que habita esse territ\u00f3rio, no pa\u00eds da psican\u00e1lise.<\/p>\n<p>Um litoral, esse espa\u00e7o que \u201cserve de fronteira para o outro, por serem eles estrangeiros, a ponto de n\u00e3o serem rec\u00edprocos\u201d? \u00c9 o que Lacan nos lan\u00e7a a partir do seu voo sobre as plan\u00edcies siberianas na volta de sua viagem ao Jap\u00e3o. No ravinamento produzido pelos sulcos das \u00e1guas na terra, algo se produz entre centro e aus\u00eancia, saber e gozo, escrita e semblante&#8230;[\/vc_column_text][vc_btn title=&#8221;Leia+&#8221; style=&#8221;classic&#8221; color=&#8221;mulled-wine&#8221; size=&#8221;xs&#8221; link=&#8221;url:https%3A%2F%2Febp.org.br%2Fnordeste%2Fdiretoria-de-biblioteca%2F&#8221;][\/vc_column][\/vc_row][vc_row][vc_column][vc_separator border_width=&#8221;2&#8243;][\/vc_column][\/vc_row][vc_row][vc_column][vc_column_text]\n<h6>Bibiana Poggi &#8211; Diretora Secret\u00e1ria\/Tesoureira<\/h6>\n<p>Aceitar a indica\u00e7\u00e3o para ocupar uma diretoria da nova Se\u00e7\u00e3o Nordeste diz de um desejo decidido por uma causa \u2013 a causa da psican\u00e1lise.<\/p>\n<p>A Se\u00e7\u00e3o Nordeste da Escola Brasileira de Psican\u00e1lise foi fundada a partir dos acontecimentos de Escola nesta Se\u00e7\u00e3o.\u00a0Quatro diretorias a comp\u00f5em, entre elas a secretaria e tesouraria.<\/p>\n<p>S\u00e3o muitas as compet\u00eancias estatut\u00e1rias atribu\u00eddas \u00e0 secretaria e \u00e0 tesouraria. Coloc\u00e1-las em pr\u00e1tica, neste momento, abre a possibilidade para o novo que pode advir do funcionamento.[\/vc_column_text][vc_btn title=&#8221;Leia+&#8221; style=&#8221;classic&#8221; color=&#8221;mulled-wine&#8221; size=&#8221;xs&#8221; link=&#8221;url:https%3A%2F%2Febp.org.br%2Fnordeste%2Fdiretoria-de-tesouraria%2F&#8221;][\/vc_column][\/vc_row][vc_row][vc_column][vc_separator border_width=&#8221;2&#8243;][\/vc_column][\/vc_row][vc_row][vc_column][vc_column_text]\n<h6>Cl\u00e1udia Formiga &#8211; Diretora de Cart\u00e9is e Interc\u00e2mbio<\/h6>\n<p>Acomodava-me ainda ao significante Membro da EBP, que assinala pra mim um novo momento em minha transfer\u00eancia \u00e0 Escola, quando na EBP estava em curso a cria\u00e7\u00e3o das novas se\u00e7\u00f5es. Logo em seguida, as altera\u00e7\u00f5es e mudan\u00e7as em nossa pr\u00e1tica, trazidas pela pandemia de Covid 19. Enquanto tivemos de nos virar com o inesperado de um a-mais imposto pela pandemia, o desafio de me inserir no movimento da Se\u00e7\u00e3o em manter vivo o trabalho de Escola, me trouxe tamb\u00e9m a satisfa\u00e7\u00e3o da descoberta de fazeres in\u00e9ditos. \u00c9 nesse contexto de dificuldades e tamb\u00e9m de convite \u00e0 inven\u00e7\u00e3o, que o significante \u201cnova geografia\u201d circunscreve pra n\u00f3s certa expans\u00e3o de horizontes nesse trabalho, ponto de recome\u00e7o.[\/vc_column_text][vc_btn title=&#8221;Leia+&#8221; style=&#8221;classic&#8221; color=&#8221;mulled-wine&#8221; size=&#8221;xs&#8221; link=&#8221;url:https%3A%2F%2Febp.org.br%2Fnordeste%2Fdiretoria-de-carteis-e-intercambio%2F&#8221;][\/vc_column][\/vc_row][vc_row][vc_column][vc_separator border_width=&#8221;2&#8243;][\/vc_column][\/vc_row][vc_row css=&#8221;.vc_custom_1624132366850{background-color: #3f4649 !important;}&#8221;][vc_column][vc_single_image image=&#8221;2333&#8243; alignment=&#8221;center&#8221;][vc_column_text]\n<h6 style=\"text-align: center;\"><span style=\"color: #ffffff;\">Litor\u00e2neo &#8211; Boletim Eletr\u00f4nico da EBP Se\u00e7\u00e3o Nordeste<\/span><\/h6>\n<h6 style=\"text-align: center;\"><span style=\"color: #ffffff;\">Coordenadora da Comiss\u00e3o\u00a0de Boletim:\u00a0Cassandra Dias<\/span><br \/>\n<span style=\"color: #ffffff;\">Comiss\u00e3o de Boletim:\u00a0Bruno Senna, Cassandra Dias e K\u00e9sia Ramos<\/span><br \/>\n<span style=\"color: #ffffff;\">Designer: Bruno Senna &#8211; <a style=\"color: #ffffff;\" href=\"mailto:sennabruno@gmail.com\">sennabruno@gmail.com<\/a><\/span><\/h6>\n[\/vc_column_text][\/vc_column][\/vc_row]\n<\/section>","protected":false},"excerpt":{"rendered":"<p>[vc_row][vc_column][vc_single_image image=&#8221;2334&#8243; alignment=&#8221;center&#8221;][vc_column_text] Boletim Litor\u00e2neo #01 &#8211; Maio 2021 [\/vc_column_text][\/vc_column][\/vc_row][vc_row][vc_column][vc_column_text] PALAVRAS DO CONSELHO DELIBERATIVO Margarida Assad &#8211; Presidente do Conselho Deliberativo Se\u00e7\u00e3o Nordeste, uma realidade! A Se\u00e7\u00e3o Nordeste est\u00e1 formada. Uma Se\u00e7\u00e3o m\u00faltipla reunindo membros de v\u00e1rios Estados do nordeste. Cada um de n\u00f3s trabalhou de forma decidida desde 2019 para que a Se\u00e7\u00e3o pudesse&hellip;<\/p>\n","protected":false},"author":1,"featured_media":0,"parent":1231,"menu_order":0,"comment_status":"closed","ping_status":"closed","template":"","meta":{"footnotes":""},"class_list":["post-2415","page","type-page","status-publish","hentry","entry","no-media"],"_links":{"self":[{"href":"https:\/\/ebp.org.br\/nordeste\/wp-json\/wp\/v2\/pages\/2415","targetHints":{"allow":["GET"]}}],"collection":[{"href":"https:\/\/ebp.org.br\/nordeste\/wp-json\/wp\/v2\/pages"}],"about":[{"href":"https:\/\/ebp.org.br\/nordeste\/wp-json\/wp\/v2\/types\/page"}],"author":[{"embeddable":true,"href":"https:\/\/ebp.org.br\/nordeste\/wp-json\/wp\/v2\/users\/1"}],"replies":[{"embeddable":true,"href":"https:\/\/ebp.org.br\/nordeste\/wp-json\/wp\/v2\/comments?post=2415"}],"version-history":[{"count":1,"href":"https:\/\/ebp.org.br\/nordeste\/wp-json\/wp\/v2\/pages\/2415\/revisions"}],"predecessor-version":[{"id":4110,"href":"https:\/\/ebp.org.br\/nordeste\/wp-json\/wp\/v2\/pages\/2415\/revisions\/4110"}],"up":[{"embeddable":true,"href":"https:\/\/ebp.org.br\/nordeste\/wp-json\/wp\/v2\/pages\/1231"}],"wp:attachment":[{"href":"https:\/\/ebp.org.br\/nordeste\/wp-json\/wp\/v2\/media?parent=2415"}],"curies":[{"name":"wp","href":"https:\/\/api.w.org\/{rel}","templated":true}]}}