{"id":2364,"date":"2021-06-01T09:30:53","date_gmt":"2021-06-01T12:30:53","guid":{"rendered":"https:\/\/ebp.org.br\/nordeste\/?page_id=2364"},"modified":"2021-06-01T09:30:53","modified_gmt":"2021-06-01T12:30:53","slug":"seminarios-preparatorios-para-o-x-enapol","status":"publish","type":"page","link":"https:\/\/ebp.org.br\/nordeste\/ensino\/seminarios-preparatorios-para-o-x-enapol\/","title":{"rendered":"CONVERSA\u00c7\u00d5ES PREPARAT\u00d3RIAS PARA O X ENAPOL"},"content":{"rendered":"<section class=\"wpb-content-wrapper\">[vc_row][vc_column][vc_column_text]\n<h3><span style=\"color: #993300;\">O NOVO NO AMOR: MODALIDADES CONTEMPOR\u00c2NEAS DOS LA\u00c7OS<\/span><\/h3>\n<p>Nos dias 9 e 10 de outubro de 2021, acontecer\u00e1, em Santiago do Chile, no formato virtual, o X ENAPOL, trazendo uma tem\u00e1tica instigante: O Novo no amor: modalidades contempor\u00e2neas dos la\u00e7os. S\u00e3o v\u00e1rias as vias que dispomos em Psican\u00e1lise para abordar a tem\u00e1tica do amor, bem como sua articula\u00e7\u00e3o com outros saberes e sua rela\u00e7\u00e3o com o Outro social.<\/p>\n<p>Estamos encarregadas de coordenar as atividades preparat\u00f3rias a esse importante evento que une v\u00e1rias Escolas, Institutos e N\u00facleos de Pesquisa da Am\u00e9rica. Nesse sentido, visando o Uno da nossa comunidade anal\u00edtica, a partir do m\u00faltiplo que acontece nos trabalhos dos N\u00facleos de Pesquisa em cada localidade da regi\u00e3o Nordeste, pensamos em convidar os diferentes N\u00facleos e Grupos de Estudo de nossa regi\u00e3o para participarem conosco dos preparat\u00f3rios deste evento. Nossa proposta \u00e9 que tenhamos quatro encontros. O primeiro em junho, seguidos dos meses de julho, agosto e outubro. A cada m\u00eas, os N\u00facleos e\/ou Grupos de estudos se responsabilizar\u00e3o em apresentar uma quest\u00e3o que venha sendo debatida em seu N\u00facleo para uma conversa\u00e7\u00e3o entre outros N\u00facleos com a mesma tem\u00e1tica.<\/p>\n<p>Nesse momento t\u00e3o dif\u00edcil para nosso povo brasileiro e para o mundo, acreditamos que possamos fazer boas conversa\u00e7\u00f5es sobre a tem\u00e1tica do Novo no Amor, abordando tamb\u00e9m a discuss\u00e3o sobre os novos sintomas que decorrem da conjuntura pand\u00eamica e cultural que vivemos, e, os novos la\u00e7os que poder\u00e3o advir da\u00ed.[\/vc_column_text][\/vc_column][\/vc_row][vc_row][vc_column width=&#8221;2\/3&#8243;][vc_column_text]\n<h3><\/h3>\n<h3><span style=\"color: #993300;\"><strong>Inf\u00e2ncia: novas formas de la\u00e7<\/strong><strong>os familiares<\/strong><\/span><\/h3>\n<ul>\n<li>\u00a0 29 de junho\/2021<\/li>\n<li>N\u00facleo de Psican\u00e1lise com Crian\u00e7a e Adolescente &#8211; AL\n<ul>\n<li>Coordenadoras: Susane Vasconcelos e Viviane Nunes<\/li>\n<\/ul>\n<\/li>\n<li>N\u00facleo de Pesquisa em Psican\u00e1lise com Crian\u00e7as e Adolescentes -Telengo Tengo &#8211; RN\n<ul>\n<li>\u00a0Coordenadoras: Ana Aparecida Rocha e Juliana Ribeiro<\/li>\n<\/ul>\n<\/li>\n<li>N\u00facleo de Estudos e Pesquisa sobre Crian\u00e7a no Discurso Anal\u00edtico &#8211; Unidunit\u00ea &#8211; PB\n<ul>\n<li>Coordenadoras: Sandra Conrado e M\u00aa Cristina Maia<\/li>\n<\/ul>\n<\/li>\n<li>N\u00facleo de Pesquisa em Psican\u00e1lise com Crian\u00e7as e Adolescentes &#8211; Pastoril \u2013 PE\n<ul>\n<li>Coordenadoras: Maria Eliane Neves Baptista e Rosa Feitosa<\/li>\n<\/ul>\n<\/li>\n<\/ul>\n[\/vc_column_text][\/vc_column][vc_column width=&#8221;1\/3&#8243;][vc_single_image image=&#8221;2350&#8243; img_size=&#8221;500&#215;500&#8243;][\/vc_column][\/vc_row][vc_row][vc_column][vc_separator border_width=&#8221;2&#8243;][\/vc_column][\/vc_row][vc_row][vc_column width=&#8221;2\/3&#8243;][vc_column_text]\n<h3><span style=\"color: #993300;\"><strong>\u00a0O autismo e seus ensinamentos sobre o amor<\/strong><\/span><\/h3>\n<ul>\n<li>\u00a027 de julho\/2021<\/li>\n<li>N\u00facleo de Estudos sobre Psican\u00e1lise e Autismo \u2013 AL<\/li>\n<li>Coordenadores: Janu\u00e1rio Marques de Lima Neto e Elis Duarte<\/li>\n<li>N\u00facleo de Estudos e Pesquisa sobre Autismo e Psican\u00e1lise \u2013 PE<\/li>\n<li>Coordenadora: Anamaria Vasconcelos<\/li>\n<\/ul>\n[\/vc_column_text][\/vc_column][vc_column width=&#8221;1\/3&#8243;][vc_single_image image=&#8221;2458&#8243; img_size=&#8221;500&#215;500&#8243;][\/vc_column][\/vc_row][vc_row][vc_column][vc_separator border_width=&#8221;2&#8243;][\/vc_column][\/vc_row][vc_row][vc_column width=&#8221;2\/3&#8243;][vc_column_text]\n<h3><span style=\"color: #993300;\">O Amor entre Presen\u00e7a e Aus\u00eancia<\/span><\/h3>\n<ul>\n<li>03 de agosto\/2021<\/li>\n<li>Coordena\u00e7\u00e3o: Li\u00e8ge Uch\u00f4a e Margarida Assad<\/li>\n<li>Convidado Ricardo Seldes &#8211; Psicanalista EOL\/AME\/AMP &#8211; Vice-Presidente da FAPOL<\/li>\n<\/ul>\n[\/vc_column_text][\/vc_column][vc_column width=&#8221;1\/3&#8243;][vc_single_image image=&#8221;2459&#8243; img_size=&#8221;500&#215;500&#8243;][\/vc_column][\/vc_row][vc_row][vc_column][vc_separator border_width=&#8221;2&#8243;][\/vc_column][\/vc_row][vc_row][vc_column width=&#8221;2\/3&#8243;][vc_column_text]\n<h3><strong><span style=\"color: #993300;\">\u00a0O novo amor e as novas parcerias amorosas<\/span> <\/strong><\/h3>\n<ul>\n<li>31 de agosto\/2021<\/li>\n<li>N\u00facleo de Pesquisa sobre Sexualidades, Sexua\u00e7\u00e3o e as Fal\u00e1cias do Sexo \u2013 PB<br \/>\nCoordenadora: Margarida Assad<\/li>\n<li>\u00a0Colaboradores: Marina Franco, Suele Conde, Carla Pereira e Wilson Lima.<\/li>\n<li>N\u00facleo de Estudos e Pesquisa Sobre o Feminino &#8211; PB<\/li>\n<li>\u00a0Coordenadoras: Glacy Gorski e Gabriella Dupim<\/li>\n<\/ul>\n[\/vc_column_text][\/vc_column][vc_column width=&#8221;1\/3&#8243;][vc_single_image image=&#8221;2493&#8243; img_size=&#8221;500&#215;500&#8243;][\/vc_column][\/vc_row][vc_row][vc_column][vc_separator border_width=&#8221;2&#8243;][\/vc_column][\/vc_row][vc_row][vc_column width=&#8221;2\/3&#8243;][vc_column_text]\n<h3><span style=\"color: #993300;\"><strong>O novo no amor e os la\u00e7os sociais<\/strong><\/span><\/h3>\n<ul>\n<li>5 de outubro<strong>\/<\/strong>2021<\/li>\n<li>Respons\u00e1veis: N\u00facleo de estudos e pesquisas sobre Toxicomanias (Para\u00edba) e N\u00facleo \u201cViol\u00eancia e Psican\u00e1lise\u201d (Alagoas)<\/li>\n<li>Coment\u00e1rios: Maria Wilma Faria (membro EBP\/AMP e coordenadora da Rede TyA Brasil)<\/li>\n<li>Coordena\u00e7\u00e3o: Margarida Assad e Li\u00e8ge Uch\u00f4a<\/li>\n<\/ul>\n[\/vc_column_text][\/vc_column][vc_column width=&#8221;1\/3&#8243;][vc_single_image image=&#8221;2622&#8243; img_size=&#8221;500&#215;500&#8243;][\/vc_column][\/vc_row]\n<\/section>","protected":false},"excerpt":{"rendered":"<p>[vc_row][vc_column][vc_column_text] O NOVO NO AMOR: MODALIDADES CONTEMPOR\u00c2NEAS DOS LA\u00c7OS Nos dias 9 e 10 de outubro de 2021, acontecer\u00e1, em Santiago do Chile, no formato virtual, o X ENAPOL, trazendo uma tem\u00e1tica instigante: O Novo no amor: modalidades contempor\u00e2neas dos la\u00e7os. S\u00e3o v\u00e1rias as vias que dispomos em Psican\u00e1lise para abordar a tem\u00e1tica do amor,&hellip;<\/p>\n","protected":false},"author":1,"featured_media":0,"parent":1560,"menu_order":0,"comment_status":"closed","ping_status":"closed","template":"","meta":{"footnotes":""},"class_list":["post-2364","page","type-page","status-publish","hentry","entry","no-media"],"_links":{"self":[{"href":"https:\/\/ebp.org.br\/nordeste\/wp-json\/wp\/v2\/pages\/2364","targetHints":{"allow":["GET"]}}],"collection":[{"href":"https:\/\/ebp.org.br\/nordeste\/wp-json\/wp\/v2\/pages"}],"about":[{"href":"https:\/\/ebp.org.br\/nordeste\/wp-json\/wp\/v2\/types\/page"}],"author":[{"embeddable":true,"href":"https:\/\/ebp.org.br\/nordeste\/wp-json\/wp\/v2\/users\/1"}],"replies":[{"embeddable":true,"href":"https:\/\/ebp.org.br\/nordeste\/wp-json\/wp\/v2\/comments?post=2364"}],"version-history":[{"count":0,"href":"https:\/\/ebp.org.br\/nordeste\/wp-json\/wp\/v2\/pages\/2364\/revisions"}],"up":[{"embeddable":true,"href":"https:\/\/ebp.org.br\/nordeste\/wp-json\/wp\/v2\/pages\/1560"}],"wp:attachment":[{"href":"https:\/\/ebp.org.br\/nordeste\/wp-json\/wp\/v2\/media?parent=2364"}],"curies":[{"name":"wp","href":"https:\/\/api.w.org\/{rel}","templated":true}]}}