{"id":2354,"date":"2021-06-01T09:19:42","date_gmt":"2021-06-01T12:19:42","guid":{"rendered":"https:\/\/ebp.org.br\/nordeste\/?page_id=2354"},"modified":"2025-11-12T07:59:03","modified_gmt":"2025-11-12T10:59:03","slug":"seminario-de-orientacao-lacaniana","status":"publish","type":"page","link":"https:\/\/ebp.org.br\/nordeste\/ensino\/seminarios\/seminario-de-orientacao-lacaniana\/","title":{"rendered":"Semin\u00e1rio de Orienta\u00e7\u00e3o Lacaniana"},"content":{"rendered":"<section class=\"wpb-content-wrapper\">[vc_row][vc_column][vc_column_text]\n<h1><span style=\"color: #993300;\">2025<\/span><\/h1>\n[\/vc_column_text][\/vc_column][\/vc_row][vc_row][vc_column width=&#8221;1\/5&#8243;][vc_single_image image=&#8221;4676&#8243; onclick=&#8221;link_image&#8221;][\/vc_column][vc_column width=&#8221;1\/5&#8243;][vc_single_image image=&#8221;4518&#8243; onclick=&#8221;link_image&#8221;][\/vc_column][vc_column width=&#8221;1\/5&#8243;][vc_single_image image=&#8221;4563&#8243; onclick=&#8221;link_image&#8221;][\/vc_column][vc_column width=&#8221;1\/5&#8243;][vc_single_image image=&#8221;4575&#8243; onclick=&#8221;link_image&#8221;][\/vc_column][vc_column width=&#8221;1\/5&#8243;][vc_single_image image=&#8221;4585&#8243; onclick=&#8221;link_image&#8221;][\/vc_column][\/vc_row][vc_row][vc_column][vc_column_text]\n<h1><span style=\"color: #993300;\">2024<\/span><\/h1>\n[\/vc_column_text][\/vc_column][\/vc_row][vc_row][vc_column][vc_column_text]\n<h3><span style=\"color: #993300;\">Funcionamento do Semin\u00e1rio de Orienta\u00e7\u00e3o Lacaniana<\/span><\/h3>\n<p>No dia 12 de mar\u00e7o, ter\u00e1 in\u00edcio o Semin\u00e1rio de Orienta\u00e7\u00e3o Lacaniana, sob coordena\u00e7\u00e3o do Conselho da Se\u00e7\u00e3o Nordeste, que escolheu como tema de estudo de trabalho para este ano o curso de Jacques Alain Miller, intitulado &#8220;O ultim\u00edssimo Lacan&#8221;.<\/p>\n<p>Por meio dessa atividade, a Diretoria da Se\u00e7\u00e3o Nordeste d\u00e1 mais um passo no processo de reocupa\u00e7\u00e3o dos espa\u00e7os f\u00edsicos das cidades que comp\u00f5em o territ\u00f3rio chamado Nordeste, favorecendo mais uma vez o momento de encontro, troca e interc\u00e2mbio que caracteriza o ensino de Lacan.<br \/>\nPromover o encontro in presentia \u00e9 a causa dessa a\u00e7\u00e3o.<\/p>\n<p>Para tanto, o semin\u00e1rio ocorrer\u00e1 exclusivamente de forma presencial nas cidades de Recife, Jo\u00e3o Pessoa e Natal, a partir de agora. A transmiss\u00e3o digital ser\u00e1 disponibilizada para aqueles que residem em outros locais e n\u00e3o t\u00eam condi\u00e7\u00f5es de deslocamento, mas t\u00eam interesse em participar. Para isso, convidamos todos aqueles que direcionam sua aten\u00e7\u00e3o \u00e0 Orienta\u00e7\u00e3o Lacaniana a comparecerem aos seguintes endere\u00e7os:<\/p>\n<p>&#8211; Pernambuco: Rua S\u00e9rgio Magalh\u00e3es, 66 \u2013 Gra\u00e7as &#8211; Recife.<br \/>\n&#8211; Para\u00edba: Av. Fl\u00e1vio Ribeiro Coutinho, Shopping Liv Mall, sala 828 \u2013 Jo\u00e3o Pessoa.<br \/>\n&#8211; Rio Grande do Norte: Pinacoteca do Estado &#8211; Rua Pra\u00e7a Sete de Setembro, s\/n, Cidade Alta \u2013 Natal.<\/p>\n<p>Para os residentes em outras cidades, disponibilizamos, por meio do formul\u00e1rio de inscri\u00e7\u00e3o, a garantia de participa\u00e7\u00e3o por meio da plataforma Zoom.<\/p>\n<p>Estaremos esperando por voc\u00eas!<\/p>\n<h6>Cassandra Dias \u2013 Diretora Geral EBP Nordeste<\/h6>\n[\/vc_column_text][\/vc_column][\/vc_row][vc_row][vc_column width=&#8221;1\/3&#8243;][vc_single_image image=&#8221;4159&#8243; onclick=&#8221;link_image&#8221;][\/vc_column][vc_column width=&#8221;1\/3&#8243;][vc_single_image image=&#8221;4241&#8243; onclick=&#8221;link_image&#8221;][\/vc_column][vc_column width=&#8221;1\/3&#8243;][vc_single_image image=&#8221;4318&#8243; onclick=&#8221;link_image&#8221;][\/vc_column][\/vc_row][vc_row][vc_column width=&#8221;1\/3&#8243;][vc_single_image image=&#8221;4348&#8243; onclick=&#8221;link_image&#8221;][\/vc_column][vc_column width=&#8221;1\/3&#8243;][vc_single_image image=&#8221;4376&#8243; onclick=&#8221;link_image&#8221;][\/vc_column][vc_column width=&#8221;1\/3&#8243;][vc_single_image image=&#8221;4425&#8243; onclick=&#8221;link_image&#8221;][\/vc_column][\/vc_row][vc_row][vc_column width=&#8221;1\/3&#8243;][vc_single_image image=&#8221;4440&#8243; onclick=&#8221;link_image&#8221;][\/vc_column][vc_column width=&#8221;1\/3&#8243;][vc_single_image image=&#8221;4453&#8243; onclick=&#8221;link_image&#8221;][\/vc_column][vc_column width=&#8221;1\/3&#8243;][vc_single_image image=&#8221;4463&#8243; onclick=&#8221;link_image&#8221;][\/vc_column][\/vc_row][vc_row][vc_column][vc_separator color=&#8221;juicy_pink&#8221; border_width=&#8221;3&#8243;][\/vc_column][\/vc_row][vc_row][vc_column][vc_column_text]\n<h1><span style=\"color: #993300;\">2023<\/span><\/h1>\n[\/vc_column_text][\/vc_column][\/vc_row][vc_row][vc_column width=&#8221;1\/3&#8243;][vc_single_image image=&#8221;3823&#8243; onclick=&#8221;link_image&#8221;][\/vc_column][vc_column width=&#8221;1\/3&#8243;][vc_single_image image=&#8221;3827&#8243; onclick=&#8221;link_image&#8221;][\/vc_column][vc_column width=&#8221;1\/3&#8243;][vc_single_image image=&#8221;3843&#8243; onclick=&#8221;link_image&#8221;][\/vc_column][\/vc_row][vc_row][vc_column width=&#8221;1\/3&#8243;][vc_single_image image=&#8221;3848&#8243; onclick=&#8221;link_image&#8221;][\/vc_column][vc_column width=&#8221;1\/3&#8243;][vc_single_image image=&#8221;3855&#8243; onclick=&#8221;link_image&#8221;][\/vc_column][vc_column width=&#8221;1\/3&#8243;][vc_single_image image=&#8221;3864&#8243; onclick=&#8221;link_image&#8221;][\/vc_column][\/vc_row][vc_row][vc_column width=&#8221;1\/3&#8243;][vc_single_image image=&#8221;3891&#8243; onclick=&#8221;link_image&#8221;][\/vc_column][vc_column width=&#8221;1\/3&#8243;][vc_single_image image=&#8221;4061&#8243; onclick=&#8221;link_image&#8221;][\/vc_column][vc_column width=&#8221;1\/3&#8243;][vc_single_image image=&#8221;4073&#8243; onclick=&#8221;link_image&#8221;][\/vc_column][\/vc_row][vc_row][vc_column width=&#8221;1\/3&#8243;][vc_single_image image=&#8221;4081&#8243; onclick=&#8221;link_image&#8221;][\/vc_column][vc_column width=&#8221;1\/3&#8243;][\/vc_column][vc_column width=&#8221;1\/3&#8243;][\/vc_column][\/vc_row][vc_row][vc_column][vc_separator color=&#8221;juicy_pink&#8221; border_width=&#8221;3&#8243;][\/vc_column][\/vc_row][vc_row][vc_column][vc_column_text]\n<h1><span style=\"color: #993300;\">2022<\/span><\/h1>\n[\/vc_column_text][vc_column_text]A proposta para o estudo da Orienta\u00e7\u00e3o Lacaniana em 2022 consiste na leitura e debate do semin\u00e1rio \u201cO Ser e o Um\u201d.<\/p>\n<p>Neste Semin\u00e1rio, Miller lan\u00e7a a quest\u00e3o. \u201cComo a linguagem pode operar sobre o gozo?\u201d.<\/p>\n<p>Conforme Miller, o aforismo lacaniano, O Outro n\u00e3o existe indica que o Um existe, outra maneira de dizer que H\u00e1-Um. Nas suas aulas aborda a experi\u00eancia anal\u00edtica, colocando o acento em conceitos como o do real e o gozo feminino.<\/p>\n<p>Trata-se de um tema atual e relevante apto a produzir quest\u00f5es importantes que poder\u00e3o ser discutidas no espa\u00e7o do semin\u00e1rio.<\/p>\n<p>Os encontros acontecer\u00e3o de forma virtual.<\/p>\n<p>Convidamos a todos a acompanhar a programa\u00e7\u00e3o e a participar dos encontros.<\/p>\n<h6>Bibiana Poggi<br \/>\nMaria Eliane Neves Baptista<\/h6>\n[\/vc_column_text][\/vc_column][\/vc_row][vc_row][vc_column width=&#8221;1\/6&#8243;][vc_single_image image=&#8221;3674&#8243; onclick=&#8221;link_image&#8221;][\/vc_column][vc_column width=&#8221;1\/6&#8243;][vc_single_image image=&#8221;3698&#8243; onclick=&#8221;link_image&#8221;][\/vc_column][vc_column width=&#8221;1\/6&#8243;][vc_single_image image=&#8221;3704&#8243; onclick=&#8221;link_image&#8221;][\/vc_column][vc_column width=&#8221;1\/6&#8243;][vc_single_image image=&#8221;3715&#8243; onclick=&#8221;link_image&#8221;][\/vc_column][vc_column width=&#8221;1\/6&#8243;][vc_single_image image=&#8221;3731&#8243; onclick=&#8221;link_image&#8221;][\/vc_column][vc_column width=&#8221;1\/6&#8243;][vc_single_image image=&#8221;3762&#8243; onclick=&#8221;link_image&#8221;][\/vc_column][\/vc_row][vc_row][vc_column width=&#8221;1\/6&#8243;][vc_single_image image=&#8221;3768&#8243; onclick=&#8221;link_image&#8221;][\/vc_column][vc_column width=&#8221;1\/6&#8243;][vc_single_image image=&#8221;3804&#8243; onclick=&#8221;link_image&#8221;][\/vc_column][vc_column width=&#8221;1\/6&#8243;][\/vc_column][vc_column width=&#8221;1\/6&#8243;][\/vc_column][vc_column width=&#8221;1\/6&#8243;][\/vc_column][vc_column width=&#8221;1\/6&#8243;][\/vc_column][\/vc_row][vc_row][vc_column][vc_separator color=&#8221;juicy_pink&#8221; border_width=&#8221;3&#8243;][\/vc_column][\/vc_row][vc_row][vc_column][vc_column_text]\n<h1><span style=\"color: #993300;\">2021<\/span><\/h1>\n[\/vc_column_text][vc_column_text]\n<h3><span style=\"color: #993300;\">Proposta para o Semin\u00e1rio de Orienta\u00e7\u00e3o Lacaniana para 2021<\/span><\/h3>\n<p><strong>Tema: Um amor mais digno.<\/strong><\/p>\n<h6>Curso de Jacques Alain Miller : Os Divinos Detalhes- 1989 Coordena\u00e7\u00e3o: Anamaria Vasconcelos e Margarida Assad- Pelo Conselho da Se\u00e7\u00e3o NE<\/h6>\n<p>Estimulados pelo tema do pr\u00f3ximo Congresso Internacional da AMP em 2022 com o\u00a0\u00a0 tema: <em>A Mulher n\u00e3o existe, <\/em>ao tempo em que temos acompanhado o debate ocorrido nesse ano de 2020 no \u00e2mbito de nossa Escola e da AMP sobre a quest\u00e3o do feminino e do novo amor, pensamos numa proposta para o Semin\u00e1rio de Orienta\u00e7\u00e3o Lacaniana 2021 que contemple o tema de &#8216;<em>um amor mais digno<\/em>.\u2019 Essa express\u00e3o surgiu na Nota Italiana (1973), quando Lacan propunha aos analistas que, como resultado da inexist\u00eancia da rela\u00e7\u00e3o sexual e da fun\u00e7\u00e3o do Imagin\u00e1rio\u00a0 em unir o simb\u00f3lico e o real , pudesse fazer surgir um <em>amor mais digno.<\/em><a href=\"#_bookmark2\"><em><sup>1<\/sup><\/em><\/a><em>\u00a0<\/em><\/p>\n<p><em>Oscar Ventura em uma confer\u00eancia intitulada, O Amor , sempre Outro, proferida neste ano nas jornadas de MG, afirma: &#8220;A pr\u00e1xis da psican\u00e1lise revela que o amor \u00e9 puro acontecimento, ele se inscreve mais al\u00e9m, tanto da verdade formalizada, como dos cativeiros imagin\u00e1rios por onde passa. \u00c9 sob esse tel\u00e3o de fundo que o amor pode tornar-se novo, que pode surpreender ao sujeito, como dizia Lacan, em \u201cum dizer que faz acontecimento. Que faz resson\u00e2ncia no inconsciente do Outro\u201d.<\/em><\/p>\n<p>Nossa proposta \u00e9 a partir do Curso de Miller, Os Divinos Detalhes, nos aprofundarmos sobre os paradoxos do Amor e do Gozo. Pretendemos seguir as aulas do Curso fornecendo tamb\u00e9m uma bibliografia auxiliar que possa subsidiar a leitura e a interpreta\u00e7\u00e3o dos sintomas de nossa \u00e9poca, especialmente no tocante aos novos la\u00e7os sociais e a consequente urg\u00eancia da inven\u00e7\u00e3o de um novo amor decorrente do dispositivo anal\u00edtico.<\/p>\n<p>Laurent no texto : <em>Lacan Analisante<\/em>, publicado em 2010 pela Op\u00e7\u00e3o Lacaniana online, nos fala da transfer\u00eancia negativa de Lacan aos preconceitos da Psican\u00e1lise dos anos 30, assim como de sua transfer\u00eancia negativa em rela\u00e7\u00e3o a sua an\u00e1lise com Loewenstein . Laurent nos apresenta um Lacan Analisante que \u201ccritica Freud por ter confundido a mulher e a hist\u00e9rica\u201d\u2026<a href=\"#_bookmark3\"><sup>2<\/sup><\/a><\/p>\n<p>O texto <em>Lacan Analisante <\/em>, provocado pela posi\u00e7\u00e3o feminina ocupada pelo psicanalista , avan\u00e7a em dire\u00e7\u00e3o \u00e0 letra que poder\u00e1 inscrever o que ele denomina \u201cindignidade pulsional\u201d , das Ding , de cada singularidade. E Laurent conclui: trata-se de um amor mais digno almejado por Lacan. Encontramos tamb\u00e9m em Bassols uma entrevista \u00e0 revista <em>Registros<\/em><a href=\"#_bookmark5\"><em><sup>3<\/sup><\/em><\/a><em>, <\/em>onde nos fala de\u00a0 um <em>amor mais digno, <\/em>destacando que o novo amor separa o sujeito do Outro o que pode introduzir um novo la\u00e7o social.<\/p>\n<p>Contamos com a contribui\u00e7\u00e3o de todos os colegas membros e participantes da Se\u00e7\u00e3o Nordeste para o enriquecimento de nosso <em>SOL<\/em>.<\/p>\n<hr \/>\n<h6><a href=\"#_bookmark0\"><em>1<\/em><\/a><em>\u00a0<\/em>Lacan, J. Nota Italiana. Outros Escritos. Zahar ED.<\/h6>\n<h6><a href=\"#_bookmark1\">2<\/a>\u00a0Laurent , E. Lacan Analisante, In : <a href=\"http:\/\/www.opcaolacaniana.com.br\/pdf\/numero_3\/Lacan_analisante.pdf\">http:\/\/www.opcaolacaniana.com.br\/pdf\/numero_3\/Lacan_analisante.pdf<\/a><\/h6>\n<h6><a href=\"#_bookmark4\">3<\/a>\u00a0Bassols, M. Hacia un amor m\u00e1s digno. Registros , Tomo Rouge, Mujeres y psicoan\u00e1lisis .<\/h6>\n[\/vc_column_text][\/vc_column][\/vc_row][vc_row][vc_column width=&#8221;2\/3&#8243;][vc_column_text]<span style=\"color: #993300;\"><strong>Calend\u00e1rio para SOL 2021<\/strong>&#8211;<\/span><\/p>\n<ul>\n<li><strong>9 de mar\u00e7o:<\/strong><br \/>\nAbertura: Anamaria Vasconcelos e Margarida Assad<br \/>\nAula 1. Detalhes &#8211; Aula de 1 de mar\u00e7o de 1989<\/li>\n<li><strong>13 de abril:<\/strong><br \/>\nAula 2: O flechazo de Ad\u00e1n y Eva Gisella Sette<br \/>\n<em>Paulo Carvalho<\/em><\/li>\n<li><strong>11 de maio:<\/strong><br \/>\nAula VI &#8211; Do Mito de \u00c9dipo ao objeto a Ruth Jeunon Souza<br \/>\n<em>\u00c2ngela Pequeno<\/em><\/li>\n<li><strong>8 de junho<\/strong><br \/>\nAula VII: Desejo, Amor e Puls\u00e3o<br \/>\n<em>Maria Eliane Neves Baptista<\/em><br \/>\n<em>Cleide Monteiro<\/em><\/li>\n<li><strong>13 de julho:<\/strong><br \/>\nAula VIII: Gozos<br \/>\n<em>Glacy Gorski Cassandra Dias<\/em><\/li>\n<li><strong>10 de agosto:<\/strong><br \/>\nAula IX: Como chega a castra\u00e7\u00e3o ao gozo?<br \/>\n<em>Rosa Reis<\/em><br \/>\n<em>Taciana<\/em><\/li>\n<li><strong>13 de setembro:<\/strong><br \/>\nAula X: Lacan, o Discurso e a Pol\u00edtica<br \/>\n<em>Cleyton Andrade<\/em><br \/>\n<em>Li\u00e8ge Uch\u00f4a<\/em><\/li>\n<li><strong>9 de novembro:<\/strong><br \/>\nAula XI: Impasses do Supereu<br \/>\n<em>Elizabeth Siqueira<\/em><br \/>\n<em>Cl\u00e1udia Formiga<\/em><\/li>\n<li><strong>30 de Novembro:<\/strong><br \/>\nO falo e a quarta contribui\u00e7\u00e3o.<br \/>\n<em>Jos\u00e9 Carlos Lapenda<\/em><br \/>\n<em>Mariana Guerra<\/em><\/li>\n<\/ul>\n[\/vc_column_text][\/vc_column][vc_column width=&#8221;1\/3&#8243;][vc_single_image image=&#8221;3616&#8243; img_size=&#8221;500X500&#8243;][vc_single_image image=&#8221;3641&#8243; img_size=&#8221;500X500&#8243;][vc_single_image image=&#8221;3601&#8243; img_size=&#8221;500X500&#8243;][vc_single_image image=&#8221;3562&#8243; img_size=&#8221;500X500&#8243;][vc_single_image image=&#8221;3560&#8243; img_size=&#8221;500X500&#8243;][vc_single_image image=&#8221;3531&#8243; img_size=&#8221;500X500&#8243;][\/vc_column][\/vc_row]\n<\/section>","protected":false},"excerpt":{"rendered":"<p>[vc_row][vc_column][vc_column_text] 2025 [\/vc_column_text][\/vc_column][\/vc_row][vc_row][vc_column width=&#8221;1\/5&#8243;][vc_single_image image=&#8221;4676&#8243; onclick=&#8221;link_image&#8221;][\/vc_column][vc_column width=&#8221;1\/5&#8243;][vc_single_image image=&#8221;4518&#8243; onclick=&#8221;link_image&#8221;][\/vc_column][vc_column width=&#8221;1\/5&#8243;][vc_single_image image=&#8221;4563&#8243; onclick=&#8221;link_image&#8221;][\/vc_column][vc_column width=&#8221;1\/5&#8243;][vc_single_image image=&#8221;4575&#8243; onclick=&#8221;link_image&#8221;][\/vc_column][vc_column width=&#8221;1\/5&#8243;][vc_single_image image=&#8221;4585&#8243; onclick=&#8221;link_image&#8221;][\/vc_column][\/vc_row][vc_row][vc_column][vc_column_text] 2024 [\/vc_column_text][\/vc_column][\/vc_row][vc_row][vc_column][vc_column_text] Funcionamento do Semin\u00e1rio de Orienta\u00e7\u00e3o Lacaniana No dia 12 de mar\u00e7o, ter\u00e1 in\u00edcio o Semin\u00e1rio de Orienta\u00e7\u00e3o Lacaniana, sob coordena\u00e7\u00e3o do Conselho da Se\u00e7\u00e3o Nordeste, que escolheu como tema de estudo de trabalho para este&hellip;<\/p>\n","protected":false},"author":1,"featured_media":0,"parent":1531,"menu_order":0,"comment_status":"closed","ping_status":"closed","template":"","meta":{"footnotes":""},"class_list":["post-2354","page","type-page","status-publish","hentry","entry","no-media"],"_links":{"self":[{"href":"https:\/\/ebp.org.br\/nordeste\/wp-json\/wp\/v2\/pages\/2354","targetHints":{"allow":["GET"]}}],"collection":[{"href":"https:\/\/ebp.org.br\/nordeste\/wp-json\/wp\/v2\/pages"}],"about":[{"href":"https:\/\/ebp.org.br\/nordeste\/wp-json\/wp\/v2\/types\/page"}],"author":[{"embeddable":true,"href":"https:\/\/ebp.org.br\/nordeste\/wp-json\/wp\/v2\/users\/1"}],"replies":[{"embeddable":true,"href":"https:\/\/ebp.org.br\/nordeste\/wp-json\/wp\/v2\/comments?post=2354"}],"version-history":[{"count":22,"href":"https:\/\/ebp.org.br\/nordeste\/wp-json\/wp\/v2\/pages\/2354\/revisions"}],"predecessor-version":[{"id":4678,"href":"https:\/\/ebp.org.br\/nordeste\/wp-json\/wp\/v2\/pages\/2354\/revisions\/4678"}],"up":[{"embeddable":true,"href":"https:\/\/ebp.org.br\/nordeste\/wp-json\/wp\/v2\/pages\/1531"}],"wp:attachment":[{"href":"https:\/\/ebp.org.br\/nordeste\/wp-json\/wp\/v2\/media?parent=2354"}],"curies":[{"name":"wp","href":"https:\/\/api.w.org\/{rel}","templated":true}]}}