{"id":1542,"date":"2018-02-01T12:14:42","date_gmt":"2018-02-01T14:14:42","guid":{"rendered":"http:\/\/ebp.org.br\/pe\/?page_id=1542"},"modified":"2023-09-27T06:05:24","modified_gmt":"2023-09-27T09:05:24","slug":"aderentes","status":"publish","type":"page","link":"https:\/\/ebp.org.br\/nordeste\/sobre\/aderentes\/","title":{"rendered":"Aderentes"},"content":{"rendered":"<section class=\"wpb-content-wrapper\">[vc_row][vc_column][vc_column_text]\n<p class=\"p1\"><span class=\"s1\">[\/vc_column_text][\/vc_column][\/vc_row][vc_row][vc_column][vc_column_text]<\/span><\/p>\n<h3><span style=\"color: #993300;\">Aderentes<\/span><\/h3>\n<p>L\u00daCIA FEITOSA PEREIRA<br \/>\nForma\u00e7\u00e3o Universit\u00e1ria: M\u00e9dica Psiquiatra<br \/>\nRua S\u00e9rgio Magalh\u00e3es, 65 Apt\u00ba 1801<br \/>\nGra\u00e7as &#8211; CEP: 52.050-270<br \/>\nRecife &#8211; PE<br \/>\nE-mail: contabilidade@vilaricahotel.com.br<\/p>\n<hr \/>\n<p>OLIVIA NORIS DA CUNHA DE FARIAS<br \/>\nForma\u00e7\u00e3o Universit\u00e1ria: Psic\u00f3loga<br \/>\nRua Durval Guimar\u00e3es, 1158 Apt\u00ba 101 Edf. Refirge<br \/>\nPonta Verde &#8211; CEP: 57.035-060<br \/>\nMacei\u00f3 &#8211; AL<br \/>\nE-mail: <a href=\"mailto:olivianoris@gmail.com\">olivianoris@gmail.com<\/a><\/p>\n<hr \/>\n<p>S\u00cdLVIA REGINA GONDIM FARIAS DE ANDRADE<br \/>\nForma\u00e7\u00e3o Universit\u00e1ria: Psic\u00f3loga<br \/>\nRua Hoel Sette, 144 Apt\u00ba 601<br \/>\nJaqueira &#8211; Recife &#8211; PE<br \/>\n81 99978.6588 \/<br \/>\nE-mail: <a href=\"mailto:silviargfa@gmail.com\">silviargfa@gmail.com<\/a><\/p>\n<hr \/>\n<p>ZAINA MARIA GAMA PEREIRA<br \/>\nForma\u00e7\u00e3o Universit\u00e1ria: Psic\u00f3loga<br \/>\nRua Neto de Mendon\u00e7a, 230 Apt\u00ba 202<br \/>\nRosarinho &#8211; CEP: 52.050-100<br \/>\nRecife &#8211; PE<br \/>\n81 \u2013 99142.4904 \/ 3423.9692<br \/>\nE-mail: <a href=\"mailto:zaina.maria@elogica.com.br\">zaina.maria@elogica.com.br<\/a>[\/vc_column_text][\/vc_column][\/vc_row][vc_row][vc_column][vc_column_text]\n[\/vc_column_text][\/vc_column][\/vc_row]\n<\/section>","protected":false},"excerpt":{"rendered":"<p>[vc_row][vc_column][vc_column_text] [\/vc_column_text][\/vc_column][\/vc_row][vc_row][vc_column][vc_column_text] Aderentes L\u00daCIA FEITOSA PEREIRA Forma\u00e7\u00e3o Universit\u00e1ria: M\u00e9dica Psiquiatra Rua S\u00e9rgio Magalh\u00e3es, 65 Apt\u00ba 1801 Gra\u00e7as &#8211; CEP: 52.050-270 Recife &#8211; PE E-mail: contabilidade@vilaricahotel.com.br OLIVIA NORIS DA CUNHA DE FARIAS Forma\u00e7\u00e3o Universit\u00e1ria: Psic\u00f3loga Rua Durval Guimar\u00e3es, 1158 Apt\u00ba 101 Edf. Refirge Ponta Verde &#8211; CEP: 57.035-060 Macei\u00f3 &#8211; AL E-mail: olivianoris@gmail.com S\u00cdLVIA REGINA GONDIM&hellip;<\/p>\n","protected":false},"author":1,"featured_media":0,"parent":1178,"menu_order":0,"comment_status":"closed","ping_status":"closed","template":"","meta":{"footnotes":""},"class_list":["post-1542","page","type-page","status-publish","hentry","entry","no-media"],"_links":{"self":[{"href":"https:\/\/ebp.org.br\/nordeste\/wp-json\/wp\/v2\/pages\/1542","targetHints":{"allow":["GET"]}}],"collection":[{"href":"https:\/\/ebp.org.br\/nordeste\/wp-json\/wp\/v2\/pages"}],"about":[{"href":"https:\/\/ebp.org.br\/nordeste\/wp-json\/wp\/v2\/types\/page"}],"author":[{"embeddable":true,"href":"https:\/\/ebp.org.br\/nordeste\/wp-json\/wp\/v2\/users\/1"}],"replies":[{"embeddable":true,"href":"https:\/\/ebp.org.br\/nordeste\/wp-json\/wp\/v2\/comments?post=1542"}],"version-history":[{"count":1,"href":"https:\/\/ebp.org.br\/nordeste\/wp-json\/wp\/v2\/pages\/1542\/revisions"}],"predecessor-version":[{"id":3918,"href":"https:\/\/ebp.org.br\/nordeste\/wp-json\/wp\/v2\/pages\/1542\/revisions\/3918"}],"up":[{"embeddable":true,"href":"https:\/\/ebp.org.br\/nordeste\/wp-json\/wp\/v2\/pages\/1178"}],"wp:attachment":[{"href":"https:\/\/ebp.org.br\/nordeste\/wp-json\/wp\/v2\/media?parent=1542"}],"curies":[{"name":"wp","href":"https:\/\/api.w.org\/{rel}","templated":true}]}}