{"id":1531,"date":"2017-09-05T13:37:49","date_gmt":"2017-09-05T16:37:49","guid":{"rendered":"http:\/\/ebp.org.br\/pe\/?page_id=1531"},"modified":"2023-09-27T06:12:06","modified_gmt":"2023-09-27T09:12:06","slug":"seminarios","status":"publish","type":"page","link":"https:\/\/ebp.org.br\/nordeste\/ensino\/seminarios\/","title":{"rendered":"Semin\u00e1rios"},"content":{"rendered":"<section class=\"wpb-content-wrapper\">[vc_row][vc_column][vc_column_text]\n<h3><span style=\"color: #993300;\">Semin\u00e1rios<\/span><\/h3>\n<p><strong>Orienta\u00e7\u00e3o Lacaniana<\/strong> \u2013 Atividade em que a Se\u00e7\u00e3o Nordeste procura manter viva a psican\u00e1lise de orienta\u00e7\u00e3o lacaniana, promovendo leituras, coment\u00e1rios, discuss\u00f5es em torno de Semin\u00e1rios, textos de AEs e AMEs, aqueles que podem oferecer um real que atualize \u00e0 psican\u00e1lise aos dias atuais, onde impera o discurso da ci\u00eancia e do capitalimo. \u00c9 uma atividade quinzenal, coordenada pelos membros da Se\u00e7\u00e3o e aberta ao p\u00fablico.<\/p>\n<p><strong>Estudo dos Membros<\/strong> \u2013 Espa\u00e7o de estudo, discuss\u00e3o, restrito aos membros. O estudo \u00e9 cl\u00ednico e te\u00f3rico e as discuss\u00f5es versam em torno destes e do que se refere as quest\u00f5es pol\u00edticas internas e externas da Escola. As reuni\u00f5es s\u00e3o mensais.<\/p>\n<p><strong>Li\u00e7\u00f5es do Passe<\/strong> \u2013 Atividade mensal, coordenada pelos membros da EBP\/AMP, Se\u00e7\u00e3o Nordeste, que se realiza atrav\u00e9s da extra\u00e7\u00e3o de conceitos cl\u00ednicos e avan\u00e7os da psican\u00e1lise nos Testemunhos de Passe dos AEs. Esta modalidade deve ser realizada com a presen\u00e7a do AE, sempre que haja disponibilidade por parte daquele que deu seu Testemunho de Passe.<\/p>\n<p><strong>Ensino dos AMEs<\/strong> &#8211; Atividade que a Se\u00e7\u00e3o Nordeste promove com a participa\u00e7\u00e3o de um AME, que al\u00e9m de transmitir sua experi\u00eancia aos membros da Se\u00e7\u00e3o, ajuda levar a psican\u00e1lise \u00e0 cidade quando se faz parcerias com outras institui\u00e7\u00f5es: de ensino, de sa\u00fade, etc.<\/p>\n<p><strong>Semin\u00e1rio Cl\u00ednico<\/strong> &#8211;\u00a0Especificidades da cl\u00ednica na orienta\u00e7\u00e3o lacaniana[\/vc_column_text][\/vc_column][\/vc_row]\n<\/section>","protected":false},"excerpt":{"rendered":"<p>[vc_row][vc_column][vc_column_text] Semin\u00e1rios Orienta\u00e7\u00e3o Lacaniana \u2013 Atividade em que a Se\u00e7\u00e3o Nordeste procura manter viva a psican\u00e1lise de orienta\u00e7\u00e3o lacaniana, promovendo leituras, coment\u00e1rios, discuss\u00f5es em torno de Semin\u00e1rios, textos de AEs e AMEs, aqueles que podem oferecer um real que atualize \u00e0 psican\u00e1lise aos dias atuais, onde impera o discurso da ci\u00eancia e do capitalimo. \u00c9&hellip;<\/p>\n","protected":false},"author":1,"featured_media":0,"parent":1560,"menu_order":0,"comment_status":"closed","ping_status":"closed","template":"","meta":{"footnotes":""},"class_list":["post-1531","page","type-page","status-publish","hentry","entry","no-media"],"_links":{"self":[{"href":"https:\/\/ebp.org.br\/nordeste\/wp-json\/wp\/v2\/pages\/1531","targetHints":{"allow":["GET"]}}],"collection":[{"href":"https:\/\/ebp.org.br\/nordeste\/wp-json\/wp\/v2\/pages"}],"about":[{"href":"https:\/\/ebp.org.br\/nordeste\/wp-json\/wp\/v2\/types\/page"}],"author":[{"embeddable":true,"href":"https:\/\/ebp.org.br\/nordeste\/wp-json\/wp\/v2\/users\/1"}],"replies":[{"embeddable":true,"href":"https:\/\/ebp.org.br\/nordeste\/wp-json\/wp\/v2\/comments?post=1531"}],"version-history":[{"count":1,"href":"https:\/\/ebp.org.br\/nordeste\/wp-json\/wp\/v2\/pages\/1531\/revisions"}],"predecessor-version":[{"id":3922,"href":"https:\/\/ebp.org.br\/nordeste\/wp-json\/wp\/v2\/pages\/1531\/revisions\/3922"}],"up":[{"embeddable":true,"href":"https:\/\/ebp.org.br\/nordeste\/wp-json\/wp\/v2\/pages\/1560"}],"wp:attachment":[{"href":"https:\/\/ebp.org.br\/nordeste\/wp-json\/wp\/v2\/media?parent=1531"}],"curies":[{"name":"wp","href":"https:\/\/api.w.org\/{rel}","templated":true}]}}