{"id":1513,"date":"2017-09-05T09:58:32","date_gmt":"2017-09-05T12:58:32","guid":{"rendered":"http:\/\/ebp.org.br\/pe\/?page_id=1513"},"modified":"2026-03-09T10:20:24","modified_gmt":"2026-03-09T13:20:24","slug":"biblioteca","status":"publish","type":"page","link":"https:\/\/ebp.org.br\/nordeste\/biblioteca\/","title":{"rendered":"Biblioteca"},"content":{"rendered":"<section class=\"wpb-content-wrapper\">[vc_row][vc_column][vc_column_text]\n<h3><span style=\"color: #993300;\">Diretoria de Biblioteca<\/span><\/h3>\n<p style=\"font-weight: 400;\">A diretoria de biblioteca zela pela pol\u00edtica do acervo e documentos da Se\u00e7\u00e3o Nordeste. Contempla, na sua pr\u00e1tica, as quest\u00f5es epist\u00eamicas com base na transmiss\u00e3o, no ensino e na leitura do que est\u00e1 ativo na cultura. Intitulamos essa pr\u00e1tica de \u201cNoites de Biblioteca\u201d, rubrica designada ao lugar dedicado ao di\u00e1logo da psican\u00e1lise com outros saberes que acenam para as subjetividades: literatura, jornalismo, teatro, cinema e a arte em geral. Assim, \u00e9 um espa\u00e7o que se l\u00ea as letras, mas tamb\u00e9m as formas de sintomatizar um tempo que demanda de n\u00f3s um dizer sempre a mais.<\/p>\n<h6 style=\"font-weight: 400;\">Sandra Conrado<br \/>\nDiretora de Biblioteca<\/h6>\n[\/vc_column_text][\/vc_column][\/vc_row]\n<\/section>","protected":false},"excerpt":{"rendered":"<p>[vc_row][vc_column][vc_column_text] Diretoria de Biblioteca A diretoria de biblioteca zela pela pol\u00edtica do acervo e documentos da Se\u00e7\u00e3o Nordeste. Contempla, na sua pr\u00e1tica, as quest\u00f5es epist\u00eamicas com base na transmiss\u00e3o, no ensino e na leitura do que est\u00e1 ativo na cultura. Intitulamos essa pr\u00e1tica de \u201cNoites de Biblioteca\u201d, rubrica designada ao lugar dedicado ao di\u00e1logo da&hellip;<\/p>\n","protected":false},"author":1,"featured_media":0,"parent":0,"menu_order":0,"comment_status":"closed","ping_status":"closed","template":"","meta":{"footnotes":""},"class_list":["post-1513","page","type-page","status-publish","hentry","entry","no-media"],"_links":{"self":[{"href":"https:\/\/ebp.org.br\/nordeste\/wp-json\/wp\/v2\/pages\/1513","targetHints":{"allow":["GET"]}}],"collection":[{"href":"https:\/\/ebp.org.br\/nordeste\/wp-json\/wp\/v2\/pages"}],"about":[{"href":"https:\/\/ebp.org.br\/nordeste\/wp-json\/wp\/v2\/types\/page"}],"author":[{"embeddable":true,"href":"https:\/\/ebp.org.br\/nordeste\/wp-json\/wp\/v2\/users\/1"}],"replies":[{"embeddable":true,"href":"https:\/\/ebp.org.br\/nordeste\/wp-json\/wp\/v2\/comments?post=1513"}],"version-history":[{"count":2,"href":"https:\/\/ebp.org.br\/nordeste\/wp-json\/wp\/v2\/pages\/1513\/revisions"}],"predecessor-version":[{"id":4756,"href":"https:\/\/ebp.org.br\/nordeste\/wp-json\/wp\/v2\/pages\/1513\/revisions\/4756"}],"wp:attachment":[{"href":"https:\/\/ebp.org.br\/nordeste\/wp-json\/wp\/v2\/media?parent=1513"}],"curies":[{"name":"wp","href":"https:\/\/api.w.org\/{rel}","templated":true}]}}