{"id":1363,"date":"2017-07-23T18:13:17","date_gmt":"2017-07-23T21:13:17","guid":{"rendered":"http:\/\/ebp.org.br\/sp\/?page_id=1363"},"modified":"2017-07-23T18:13:17","modified_gmt":"2017-07-23T21:13:17","slug":"jornada","status":"publish","type":"page","link":"https:\/\/ebp.org.br\/nordeste\/eventos\/jornada\/","title":{"rendered":"Jornada"},"content":{"rendered":"<section class=\"wpb-content-wrapper\">[vc_row][vc_column][vc_column_text]\n<h3><span style=\"color: #993300;\">1\u00aa Jornada da Se\u00e7\u00e3o Nordeste<\/span><\/h3>\n[\/vc_column_text][vc_btn title=&#8221;Acesse o site!&#8221; color=&#8221;juicy-pink&#8221; link=&#8221;url:https%3A%2F%2Febp.org.br%2Fnordeste%2Fjornadas%2F2021%2F|||&#8221;][vc_column_text]\n<h3>O enigma da sexua\u00e7\u00e3o<\/h3>\n<p>O que nos ensina a experi\u00eancia anal\u00edtica sobre <em>isso<\/em><\/p>\n<ul>\n<li>Convidado Internacional: <strong><span style=\"color: #993300;\">Fabi\u00e1n Fajnwaks<\/span><\/strong><\/li>\n<li>Dire\u00e7\u00e3o Geral: <strong><span style=\"color: #993300;\">Jos\u00e9 Carlos Lapenda e Glacy Gorski<\/span><\/strong><\/li>\n<li>Coordena\u00e7\u00e3o Cient\u00edfica: <strong><span style=\"color: #993300;\">Elizabete Siqueira<\/span><\/strong><\/li>\n<\/ul>\n<p><em><strong>03 e 04 de dezembro<\/strong><\/em><\/p>\n<h6>Evento transmitido atrav\u00e9s da plataforma ZOOM<\/h6>\n<hr \/>\n<p><img loading=\"lazy\" decoding=\"async\" class=\"alignright size-medium wp-image-2368\" src=\"https:\/\/ebp.org.br\/nordeste\/wp-content\/uploads\/2021\/06\/Jornada-300x300.jpg\" alt=\"\" width=\"300\" height=\"300\" \/><\/p>\n<p>O t\u00edtulo escolhido para I Jornada da Se\u00e7\u00e3o Nordeste \u201cO enigma da sexua\u00e7\u00e3o \u2013 o que a experi\u00eancia anal\u00edtica nos ensina sobre<em> Isso\u201d<\/em>, \u00e9 um convite dirigido \u00e0 comunidade anal\u00edtica para participar de uma conversa\u00e7\u00e3o sobre esse tema fundamental que, de in\u00edcio, tem como pressuposto um distanciamento de toda e qualquer concep\u00e7\u00e3o essencialista, construtivista ou identit\u00e1ria, uma vez que a psican\u00e1lise tra\u00e7a como orienta\u00e7\u00e3o, a posi\u00e7\u00e3o singular de cada sujeito em rela\u00e7\u00e3o ao gozo. Por isso, pensar uma sexualidade apoiada na no\u00e7\u00e3o de g\u00eanero invalida-se pelo que a experi\u00eancia anal\u00edtica ensina.<\/p>\n<p>Lacan precisou rever a cl\u00ednica do significante na qual o simb\u00f3lico reinava, para trazer algo novo no campo da experi\u00eancia anal\u00edtica, a cl\u00ednica organizada pelo gozo, que n\u00e3o se pauta em uma l\u00f3gica bin\u00e1ria regida pela reciprocidade. Ela \u00e9 borromeana e aborda, com mais vigor, o enigma do feminino. Tem como orienta\u00e7\u00e3o a quest\u00e3o do gozo, indicando, com isso, a exist\u00eancia de algo que sobrepuja a fun\u00e7\u00e3o f\u00e1lica\u00a0 \u0336\u00a0 edipiana em sua ess\u00eancia. O mais al\u00e9m aponta para o real, para o imposs\u00edvel de ser dito, mas que, nem por isso, \u00e9 menos existente e, tampouco, tem a ver com uma quest\u00e3o de op\u00e7\u00e3o ou de determina\u00e7\u00e3o significante. Isso indica algo que pode ser experimentado no corpo como acontecimento que desvela um a mais, <em>mais ainda<\/em>, que n\u00e3o se ordena pela l\u00f3gica f\u00e1lica e \u00e9 avizinhado do real.<\/p>\n<p>No \u00faltimo ensino, Lacan aponta para um gozo Outro, como acontecimento de corpo n\u00e3o ordenado pelo falo e que \u00e9 nomeado gozo feminino. Esclarece que este tem o estatuto de gozo como tal, que cada ser falante experimenta gozo <em>n\u00e3o-todo<\/em> que contraria a universalidade f\u00e1lica, exigindo um <em>savoir-y-faire, <\/em>um saber fazer a\u00ed com isso.<\/p>\n<p>Conclu\u00edmos afirmando com Stevens<a href=\"#_ftn1\" name=\"_ftnref1\">[1]<\/a> que n\u00e3o existe saber sobre o \u201creal da c\u00f3pula e do gozo, no entanto, o amor \u00e9 uma solu\u00e7\u00e3o para essa inexist\u00eancia\u201d. Pergunta-se, ainda, o que resta no final da an\u00e1lise, uma vez analisados os enganos e as ilus\u00f5es do amor?<\/p>\n<p>Esperamos que essas coloca\u00e7\u00f5es provoquem indaga\u00e7\u00f5es e o desejo de investigar os tr\u00eas eixos de trabalho aqui expostos: 1- A mulher que n\u00e3o existe e a escrita do Um 2- O saber <em>in-sabido<\/em> do sexo e 3- A n\u00e3o-rela\u00e7\u00e3o sexual: o real, a exist\u00eancia e o amor<\/p>\n<h6>Elizabete Siqueira e Glacy Gorski<\/h6>\n<hr \/>\n<h6><a href=\"#_ftnref1\" name=\"_ftn1\">[1]<\/a> Stevens, A. Sobre lo real del amor. <em>Enlaces,6, <\/em>pp. 26-34.<\/h6>\n[\/vc_column_text][vc_separator color=&#8221;juicy_pink&#8221; border_width=&#8221;3&#8243;][vc_column_text]\n<h3><span style=\"color: #993300;\">Lan\u00e7amento da 1\u00aa Jornada da Se\u00e7\u00e3o Nordeste<\/span><\/h3>\n<h3>Apresenta\u00e7\u00e3o do argumento e eixos tem\u00e1ticos<\/h3>\n<ul>\n<li><img loading=\"lazy\" decoding=\"async\" class=\"alignright wp-image-2421\" src=\"https:\/\/ebp.org.br\/nordeste\/wp-content\/uploads\/2021\/06\/junho-ATIVIDADE-PREPARATORIA-1.jpg\" alt=\"\" width=\"300\" height=\"300\" \/>Coordena\u00e7\u00e3o: <span style=\"color: #993300;\"><strong>Jos\u00e9 Carlos Lapenda<\/strong><\/span><\/li>\n<li>Respons\u00e1vel: <strong><span style=\"color: #993300;\">Elizabete Siqueira<\/span><\/strong><\/li>\n<li>Coordena\u00e7\u00e3o de mesa: <strong><span style=\"color: #993300;\">Glacy gorski<\/span><\/strong><\/li>\n<\/ul>\n<p><em><strong>16 de junho, \u00e0s 20h<\/strong><\/em><\/p>\n<h6>Atividade transmitida atrav\u00e9s da plataforma ZOOM<\/h6>\n[\/vc_column_text][\/vc_column][\/vc_row]\n<\/section>","protected":false},"excerpt":{"rendered":"<p>[vc_row][vc_column][vc_column_text] 1\u00aa Jornada da Se\u00e7\u00e3o Nordeste [\/vc_column_text][vc_btn title=&#8221;Acesse o site!&#8221; color=&#8221;juicy-pink&#8221; link=&#8221;url:https%3A%2F%2Febp.org.br%2Fnordeste%2Fjornadas%2F2021%2F|||&#8221;][vc_column_text] O enigma da sexua\u00e7\u00e3o O que nos ensina a experi\u00eancia anal\u00edtica sobre isso Convidado Internacional: Fabi\u00e1n Fajnwaks Dire\u00e7\u00e3o Geral: Jos\u00e9 Carlos Lapenda e Glacy Gorski Coordena\u00e7\u00e3o Cient\u00edfica: Elizabete Siqueira 03 e 04 de dezembro Evento transmitido atrav\u00e9s da plataforma ZOOM O t\u00edtulo escolhido&hellip;<\/p>\n","protected":false},"author":1,"featured_media":0,"parent":1557,"menu_order":0,"comment_status":"closed","ping_status":"closed","template":"","meta":{"footnotes":""},"class_list":["post-1363","page","type-page","status-publish","hentry","entry","no-media"],"_links":{"self":[{"href":"https:\/\/ebp.org.br\/nordeste\/wp-json\/wp\/v2\/pages\/1363","targetHints":{"allow":["GET"]}}],"collection":[{"href":"https:\/\/ebp.org.br\/nordeste\/wp-json\/wp\/v2\/pages"}],"about":[{"href":"https:\/\/ebp.org.br\/nordeste\/wp-json\/wp\/v2\/types\/page"}],"author":[{"embeddable":true,"href":"https:\/\/ebp.org.br\/nordeste\/wp-json\/wp\/v2\/users\/1"}],"replies":[{"embeddable":true,"href":"https:\/\/ebp.org.br\/nordeste\/wp-json\/wp\/v2\/comments?post=1363"}],"version-history":[{"count":0,"href":"https:\/\/ebp.org.br\/nordeste\/wp-json\/wp\/v2\/pages\/1363\/revisions"}],"up":[{"embeddable":true,"href":"https:\/\/ebp.org.br\/nordeste\/wp-json\/wp\/v2\/pages\/1557"}],"wp:attachment":[{"href":"https:\/\/ebp.org.br\/nordeste\/wp-json\/wp\/v2\/media?parent=1363"}],"curies":[{"name":"wp","href":"https:\/\/api.w.org\/{rel}","templated":true}]}}