{"id":1231,"date":"2017-07-20T20:50:45","date_gmt":"2017-07-20T23:50:45","guid":{"rendered":"http:\/\/ebp.org.br\/mg\/?page_id=1231"},"modified":"2025-12-29T05:56:12","modified_gmt":"2025-12-29T08:56:12","slug":"publicacao","status":"publish","type":"page","link":"https:\/\/ebp.org.br\/nordeste\/biblioteca\/publicacao\/","title":{"rendered":"Publica\u00e7\u00e3o"},"content":{"rendered":"<section class=\"wpb-content-wrapper\">[vc_row][vc_column][vc_column_text]\n<h3><span style=\"color: #993300;\">Publica\u00e7\u00f5es<\/span><\/h3>\n[\/vc_column_text][\/vc_column][\/vc_row][vc_row][vc_column width=&#8221;1\/4&#8243;][vc_single_image image=&#8221;3521&#8243; img_size=&#8221;150&#215;46&#8243; alignment=&#8221;center&#8221;][vc_column_text]\n<p style=\"text-align: center;\">Boletim Litor\u00e2neo #01<\/p>\n[\/vc_column_text][vc_btn title=&#8221;Leia+&#8221; color=&#8221;mulled-wine&#8221; size=&#8221;xs&#8221; align=&#8221;center&#8221; link=&#8221;url:https%3A%2F%2Febp.org.br%2Fnordeste%2Fbiblioteca%2Fpublicacao%2Fboletim-litoraneo-01%2F|title:Boletim%20Litor%C3%A2neo%20%2301||&#8221;][\/vc_column][vc_column width=&#8221;1\/4&#8243;][vc_single_image image=&#8221;3521&#8243; img_size=&#8221;150&#215;46&#8243; alignment=&#8221;center&#8221;][vc_column_text]\n<p style=\"text-align: center;\">Boletim Litor\u00e2neo #02<\/p>\n[\/vc_column_text][vc_btn title=&#8221;Leia+&#8221; color=&#8221;mulled-wine&#8221; size=&#8221;xs&#8221; align=&#8221;center&#8221; link=&#8221;url:https%3A%2F%2Febp.org.br%2Fnordeste%2Fbiblioteca%2Fpublicacao%2Fboletim-litoraneo-02%2F|title:Boletim%20Litor%C3%A2neo%20%2301||&#8221;][\/vc_column][vc_column width=&#8221;1\/4&#8243;][vc_single_image image=&#8221;3521&#8243; img_size=&#8221;150&#215;46&#8243; alignment=&#8221;center&#8221;][vc_column_text]\n<p style=\"text-align: center;\">Boletim Litor\u00e2neo #03<\/p>\n[\/vc_column_text][vc_btn title=&#8221;Leia+&#8221; color=&#8221;mulled-wine&#8221; size=&#8221;xs&#8221; align=&#8221;center&#8221; link=&#8221;url:https%3A%2F%2Febp.org.br%2Fnordeste%2Fbiblioteca%2Fpublicacao%2Fboletim-litoraneo-03%2F|title:Boletim%20Litor%C3%A2neo%20%2303||&#8221;][\/vc_column][vc_column width=&#8221;1\/4&#8243;][vc_single_image image=&#8221;3521&#8243; img_size=&#8221;150&#215;46&#8243; alignment=&#8221;center&#8221;][vc_column_text]\n<p style=\"text-align: center;\">Boletim Litor\u00e2neo #04<\/p>\n[\/vc_column_text][vc_btn title=&#8221;Leia+&#8221; color=&#8221;mulled-wine&#8221; size=&#8221;xs&#8221; align=&#8221;center&#8221; link=&#8221;url:https%3A%2F%2Febp.org.br%2Fnordeste%2Fbiblioteca%2Fpublicacao%2Fboletim-litoraneo-04%2F|title:Boletim%20Litor%C3%A2neo%20%2303||&#8221;][\/vc_column][\/vc_row][vc_row][vc_column][vc_empty_space][\/vc_column][\/vc_row][vc_row][vc_column width=&#8221;1\/4&#8243;][vc_single_image image=&#8221;3521&#8243; img_size=&#8221;150&#215;46&#8243; alignment=&#8221;center&#8221;][vc_column_text]\n<p style=\"text-align: center;\">Boletim Litor\u00e2neo #05<\/p>\n[\/vc_column_text][vc_btn title=&#8221;Leia+&#8221; color=&#8221;mulled-wine&#8221; size=&#8221;xs&#8221; align=&#8221;center&#8221; link=&#8221;url:https%3A%2F%2Febp.org.br%2Fnordeste%2Fbiblioteca%2Fpublicacao%2Fboletim-litoraneo-05%2F|title:Boletim%20Litor%C3%A2neo%20%2305||&#8221;][\/vc_column][vc_column width=&#8221;1\/4&#8243;][vc_single_image image=&#8221;3521&#8243; img_size=&#8221;150&#215;46&#8243; alignment=&#8221;center&#8221;][vc_column_text]\n<p style=\"text-align: center;\">Boletim Litor\u00e2neo #06<\/p>\n[\/vc_column_text][vc_btn title=&#8221;Leia+&#8221; color=&#8221;mulled-wine&#8221; size=&#8221;xs&#8221; align=&#8221;center&#8221; link=&#8221;url:https%3A%2F%2Febp.org.br%2Fnordeste%2Fbiblioteca%2Fpublicacao%2Fboletim-litoraneo-06%2F|title:Boletim%20Litor%C3%A2neo%20%2305||&#8221;][\/vc_column][vc_column width=&#8221;1\/4&#8243;][vc_single_image image=&#8221;3521&#8243; img_size=&#8221;150&#215;46&#8243; alignment=&#8221;center&#8221;][vc_column_text]\n<p style=\"text-align: center;\">Boletim Litor\u00e2neo #07<\/p>\n[\/vc_column_text][vc_btn title=&#8221;Leia+&#8221; color=&#8221;mulled-wine&#8221; size=&#8221;xs&#8221; align=&#8221;center&#8221; link=&#8221;url:https%3A%2F%2Febp.org.br%2Fnordeste%2Fbiblioteca%2Fpublicacao%2Fboletim-litoraneo-07%2F|title:Boletim%20Litor%C3%A2neo%20%2305||&#8221;][\/vc_column][vc_column width=&#8221;1\/4&#8243;][vc_single_image image=&#8221;3521&#8243; img_size=&#8221;150&#215;46&#8243; alignment=&#8221;center&#8221;][vc_column_text]\n<p style=\"text-align: center;\">Boletim Litor\u00e2neo #08<\/p>\n[\/vc_column_text][vc_btn title=&#8221;Leia+&#8221; color=&#8221;mulled-wine&#8221; size=&#8221;xs&#8221; align=&#8221;center&#8221; link=&#8221;url:https%3A%2F%2Febp.org.br%2Fnordeste%2Fbiblioteca%2Fpublicacao%2Fboletim-litoraneo-08%2F|title:Boletim%20Litor%C3%A2neo%20%2305||&#8221;][\/vc_column][\/vc_row][vc_row][vc_column][vc_empty_space][\/vc_column][\/vc_row][vc_row][vc_column width=&#8221;1\/4&#8243;][vc_single_image image=&#8221;3521&#8243; img_size=&#8221;150&#215;46&#8243; alignment=&#8221;center&#8221;][vc_column_text]\n<p style=\"text-align: center;\">Boletim Litor\u00e2neo #09<\/p>\n[\/vc_column_text][vc_btn title=&#8221;Leia+&#8221; color=&#8221;mulled-wine&#8221; size=&#8221;xs&#8221; align=&#8221;center&#8221; link=&#8221;url:https%3A%2F%2Febp.org.br%2Fnordeste%2Fbiblioteca%2Fpublicacao%2Fboletim-litoraneo-09%2F|title:Boletim%20Litor%C3%A2neo%20%2305||&#8221;][\/vc_column][vc_column width=&#8221;1\/4&#8243;][vc_single_image image=&#8221;3521&#8243; img_size=&#8221;150&#215;46&#8243; alignment=&#8221;center&#8221;][vc_column_text]\n<p style=\"text-align: center;\">Boletim Litor\u00e2neo #10<\/p>\n[\/vc_column_text][vc_btn title=&#8221;Leia+&#8221; color=&#8221;mulled-wine&#8221; size=&#8221;xs&#8221; align=&#8221;center&#8221; link=&#8221;url:https%3A%2F%2Febp.org.br%2Fnordeste%2Fbiblioteca%2Fpublicacao%2Fboletim-litoraneo-10%2F|title:Boletim%20Litor%C3%A2neo%20%2305||&#8221;][\/vc_column][vc_column width=&#8221;1\/4&#8243;][vc_single_image image=&#8221;3521&#8243; img_size=&#8221;150&#215;46&#8243; alignment=&#8221;center&#8221;][vc_column_text]\n<p style=\"text-align: center;\">Boletim Litor\u00e2neo #11<\/p>\n[\/vc_column_text][vc_btn title=&#8221;Leia+&#8221; color=&#8221;mulled-wine&#8221; size=&#8221;xs&#8221; align=&#8221;center&#8221; link=&#8221;url:https%3A%2F%2Febp.org.br%2Fnordeste%2Fbiblioteca%2Fpublicacao%2Fboletim-litoraneo-11%2F|title:Boletim%20Litor%C3%A2neo%20%2305&#8243;][\/vc_column][vc_column width=&#8221;1\/4&#8243;][vc_single_image image=&#8221;3521&#8243; img_size=&#8221;150&#215;46&#8243; alignment=&#8221;center&#8221;][vc_column_text]\n<p style=\"text-align: center;\">Boletim Litor\u00e2neo #12<\/p>\n[\/vc_column_text][vc_btn title=&#8221;Leia+&#8221; color=&#8221;mulled-wine&#8221; size=&#8221;xs&#8221; align=&#8221;center&#8221; link=&#8221;url:https%3A%2F%2Febp.org.br%2Fnordeste%2Feditorial-boletim-litoraneo-no12%2F|title:Boletim%20Litor%C3%A2neo%20%2305&#8243;][\/vc_column][\/vc_row][vc_row][vc_column][vc_empty_space][\/vc_column][\/vc_row][vc_row][vc_column width=&#8221;1\/4&#8243;][vc_single_image image=&#8221;3521&#8243; img_size=&#8221;150&#215;46&#8243; alignment=&#8221;center&#8221;][vc_column_text]\n<p style=\"text-align: center;\">Boletim Litor\u00e2neo #13<\/p>\n[\/vc_column_text][vc_btn title=&#8221;Leia+&#8221; color=&#8221;mulled-wine&#8221; size=&#8221;xs&#8221; align=&#8221;center&#8221; link=&#8221;url:https%3A%2F%2Febp.org.br%2Fnordeste%2Fbiblioteca%2Fpublicacao%2Fboletim-litoraneo-13%2F|title:Boletim%20Litor%C3%A2neo%20%2305&#8243;][\/vc_column][vc_column width=&#8221;1\/4&#8243;][vc_single_image image=&#8221;3521&#8243; img_size=&#8221;150&#215;46&#8243; alignment=&#8221;center&#8221;][vc_column_text]\n<p style=\"text-align: center;\">Boletim Litor\u00e2neo #14<\/p>\n[\/vc_column_text][vc_btn title=&#8221;Leia+&#8221; color=&#8221;mulled-wine&#8221; size=&#8221;xs&#8221; align=&#8221;center&#8221; link=&#8221;url:https%3A%2F%2Febp.org.br%2Fnordeste%2Fbiblioteca%2Fpublicacao%2Fboletim-litoraneo-14%2F|title:Boletim%20Litor%C3%A2neo%20%2305&#8243;][\/vc_column][vc_column width=&#8221;1\/4&#8243;][vc_single_image image=&#8221;3521&#8243; img_size=&#8221;150&#215;46&#8243; alignment=&#8221;center&#8221;][vc_column_text]\n<p style=\"text-align: center;\">Boletim Litor\u00e2neo #15<\/p>\n[\/vc_column_text][vc_btn title=&#8221;Leia+&#8221; color=&#8221;mulled-wine&#8221; size=&#8221;xs&#8221; align=&#8221;center&#8221; link=&#8221;url:https%3A%2F%2Febp.org.br%2Fnordeste%2Fbiblioteca%2Fpublicacao%2Fboletim-litoraneo-15%2F|title:Boletim%20Litor%C3%A2neo%20%2305&#8243;][\/vc_column][vc_column width=&#8221;1\/4&#8243;][vc_single_image image=&#8221;3521&#8243; img_size=&#8221;150&#215;46&#8243; alignment=&#8221;center&#8221;][vc_column_text]\n<p style=\"text-align: center;\">Boletim Litor\u00e2neo #16<\/p>\n[\/vc_column_text][vc_btn title=&#8221;Leia+&#8221; color=&#8221;mulled-wine&#8221; size=&#8221;xs&#8221; align=&#8221;center&#8221; link=&#8221;url:https%3A%2F%2Febp.org.br%2Fnordeste%2Fbiblioteca%2Fpublicacao%2Fboletim-litoraneo-16%2F|title:Boletim%20Litor%C3%A2neo%20%2316&#8243;][\/vc_column][\/vc_row][vc_row][vc_column][vc_empty_space][\/vc_column][\/vc_row][vc_row][vc_column width=&#8221;1\/4&#8243;][vc_single_image image=&#8221;3521&#8243; img_size=&#8221;150&#215;46&#8243; alignment=&#8221;center&#8221;][vc_column_text]\n<p style=\"text-align: center;\">Boletim Litor\u00e2neo #17<\/p>\n[\/vc_column_text][vc_btn title=&#8221;Leia+&#8221; color=&#8221;mulled-wine&#8221; size=&#8221;xs&#8221; align=&#8221;center&#8221; link=&#8221;url:https%3A%2F%2Febp.org.br%2Fnordeste%2Fbiblioteca%2Fpublicacao%2Fboletim-litoraneo-17%2F|title:Boletim%20Litor%C3%A2neo%20%2305&#8243;][\/vc_column][vc_column width=&#8221;1\/4&#8243;][vc_single_image image=&#8221;3521&#8243; img_size=&#8221;150&#215;46&#8243; alignment=&#8221;center&#8221;][vc_column_text]\n<p style=\"text-align: center;\">Boletim Litor\u00e2neo #18<\/p>\n[\/vc_column_text][vc_btn title=&#8221;Leia+&#8221; color=&#8221;mulled-wine&#8221; size=&#8221;xs&#8221; align=&#8221;center&#8221; link=&#8221;url:https%3A%2F%2Febp.org.br%2Fnordeste%2Fbiblioteca%2Fpublicacao%2Fboletim-litoraneo-18%2F|title:Boletim%20Litor%C3%A2neo%20%2305&#8243;][\/vc_column][vc_column width=&#8221;1\/4&#8243;][vc_single_image image=&#8221;3521&#8243; img_size=&#8221;150&#215;46&#8243; alignment=&#8221;center&#8221;][vc_column_text]\n<p style=\"text-align: center;\">Boletim Litor\u00e2neo #19<\/p>\n[\/vc_column_text][vc_btn title=&#8221;Leia+&#8221; color=&#8221;mulled-wine&#8221; size=&#8221;xs&#8221; align=&#8221;center&#8221; link=&#8221;url:https%3A%2F%2Febp.org.br%2Fnordeste%2Fbiblioteca%2Fpublicacao%2Fboletim-litoraneo-19%2F|title:Boletim%20Litor%C3%A2neo%20%2305&#8243;][\/vc_column][vc_column width=&#8221;1\/4&#8243;][\/vc_column][\/vc_row][vc_row][vc_column][vc_separator color=&#8221;juicy_pink&#8221; border_width=&#8221;2&#8243;][\/vc_column][\/vc_row][vc_row][vc_column width=&#8221;1\/4&#8243;][vc_single_image image=&#8221;3521&#8243; img_size=&#8221;150&#215;46&#8243; alignment=&#8221;center&#8221;][vc_column_text]\n<p style=\"text-align: center;\">Boletim Litor\u00e2neo Especial Jornadas<\/p>\n[\/vc_column_text][vc_btn title=&#8221;Leia+&#8221; color=&#8221;mulled-wine&#8221; size=&#8221;xs&#8221; align=&#8221;center&#8221; link=&#8221;url:https%3A%2F%2Febp.org.br%2Fnordeste%2Fbiblioteca%2Fpublicacao%2Fboletim-litoraneo-edicao-especial-ia-jornada-secao-nordeste%2F|title:Boletim%20Litor%C3%A2neo%20%2301||&#8221;][\/vc_column][vc_column width=&#8221;1\/4&#8243;][vc_single_image image=&#8221;3521&#8243; img_size=&#8221;150&#215;46&#8243; alignment=&#8221;center&#8221;][vc_column_text]\n<p style=\"text-align: center;\">Boletim Litor\u00e2neo Edi\u00e7\u00e3o Especial &#8211; 2\u00aa Jornada Se\u00e7\u00e3o Nordeste<\/p>\n[\/vc_column_text][vc_btn title=&#8221;Leia+&#8221; color=&#8221;mulled-wine&#8221; size=&#8221;xs&#8221; align=&#8221;center&#8221; link=&#8221;url:https%3A%2F%2Febp.org.br%2Fnordeste%2Fbiblioteca%2Fpublicacao%2Fboletim-litoraneo-edicao-especial%2F|title:Boletim%20Litor%C3%A2neo%20%2301||&#8221;][\/vc_column][vc_column width=&#8221;1\/4&#8243;][\/vc_column][vc_column width=&#8221;1\/4&#8243;][\/vc_column][\/vc_row]\n<\/section>","protected":false},"excerpt":{"rendered":"<p>[vc_row][vc_column][vc_column_text] Publica\u00e7\u00f5es [\/vc_column_text][\/vc_column][\/vc_row][vc_row][vc_column width=&#8221;1\/4&#8243;][vc_single_image image=&#8221;3521&#8243; img_size=&#8221;150&#215;46&#8243; alignment=&#8221;center&#8221;][vc_column_text] Boletim Litor\u00e2neo #01 [\/vc_column_text][vc_btn title=&#8221;Leia+&#8221; color=&#8221;mulled-wine&#8221; size=&#8221;xs&#8221; align=&#8221;center&#8221; link=&#8221;url:https%3A%2F%2Febp.org.br%2Fnordeste%2Fbiblioteca%2Fpublicacao%2Fboletim-litoraneo-01%2F|title:Boletim%20Litor%C3%A2neo%20%2301||&#8221;][\/vc_column][vc_column width=&#8221;1\/4&#8243;][vc_single_image image=&#8221;3521&#8243; img_size=&#8221;150&#215;46&#8243; alignment=&#8221;center&#8221;][vc_column_text] Boletim Litor\u00e2neo #02 [\/vc_column_text][vc_btn title=&#8221;Leia+&#8221; color=&#8221;mulled-wine&#8221; size=&#8221;xs&#8221; align=&#8221;center&#8221; link=&#8221;url:https%3A%2F%2Febp.org.br%2Fnordeste%2Fbiblioteca%2Fpublicacao%2Fboletim-litoraneo-02%2F|title:Boletim%20Litor%C3%A2neo%20%2301||&#8221;][\/vc_column][vc_column width=&#8221;1\/4&#8243;][vc_single_image image=&#8221;3521&#8243; img_size=&#8221;150&#215;46&#8243; alignment=&#8221;center&#8221;][vc_column_text] Boletim Litor\u00e2neo #03 [\/vc_column_text][vc_btn title=&#8221;Leia+&#8221; color=&#8221;mulled-wine&#8221; size=&#8221;xs&#8221; align=&#8221;center&#8221; link=&#8221;url:https%3A%2F%2Febp.org.br%2Fnordeste%2Fbiblioteca%2Fpublicacao%2Fboletim-litoraneo-03%2F|title:Boletim%20Litor%C3%A2neo%20%2303||&#8221;][\/vc_column][vc_column width=&#8221;1\/4&#8243;][vc_single_image image=&#8221;3521&#8243; img_size=&#8221;150&#215;46&#8243; alignment=&#8221;center&#8221;][vc_column_text] Boletim Litor\u00e2neo #04 [\/vc_column_text][vc_btn title=&#8221;Leia+&#8221; color=&#8221;mulled-wine&#8221; size=&#8221;xs&#8221; align=&#8221;center&#8221; link=&#8221;url:https%3A%2F%2Febp.org.br%2Fnordeste%2Fbiblioteca%2Fpublicacao%2Fboletim-litoraneo-04%2F|title:Boletim%20Litor%C3%A2neo%20%2303||&#8221;][\/vc_column][\/vc_row][vc_row][vc_column][vc_empty_space][\/vc_column][\/vc_row][vc_row][vc_column&hellip;<\/p>\n","protected":false},"author":1,"featured_media":0,"parent":1513,"menu_order":0,"comment_status":"closed","ping_status":"closed","template":"","meta":{"footnotes":""},"class_list":["post-1231","page","type-page","status-publish","hentry","entry","no-media"],"_links":{"self":[{"href":"https:\/\/ebp.org.br\/nordeste\/wp-json\/wp\/v2\/pages\/1231","targetHints":{"allow":["GET"]}}],"collection":[{"href":"https:\/\/ebp.org.br\/nordeste\/wp-json\/wp\/v2\/pages"}],"about":[{"href":"https:\/\/ebp.org.br\/nordeste\/wp-json\/wp\/v2\/types\/page"}],"author":[{"embeddable":true,"href":"https:\/\/ebp.org.br\/nordeste\/wp-json\/wp\/v2\/users\/1"}],"replies":[{"embeddable":true,"href":"https:\/\/ebp.org.br\/nordeste\/wp-json\/wp\/v2\/comments?post=1231"}],"version-history":[{"count":12,"href":"https:\/\/ebp.org.br\/nordeste\/wp-json\/wp\/v2\/pages\/1231\/revisions"}],"predecessor-version":[{"id":4754,"href":"https:\/\/ebp.org.br\/nordeste\/wp-json\/wp\/v2\/pages\/1231\/revisions\/4754"}],"up":[{"embeddable":true,"href":"https:\/\/ebp.org.br\/nordeste\/wp-json\/wp\/v2\/pages\/1513"}],"wp:attachment":[{"href":"https:\/\/ebp.org.br\/nordeste\/wp-json\/wp\/v2\/media?parent=1231"}],"curies":[{"name":"wp","href":"https:\/\/api.w.org\/{rel}","templated":true}]}}