{"id":1178,"date":"2017-07-20T17:45:51","date_gmt":"2017-07-20T20:45:51","guid":{"rendered":"http:\/\/www.ebp.org.br\/ba\/?page_id=1178"},"modified":"2023-09-27T06:45:47","modified_gmt":"2023-09-27T09:45:47","slug":"sobre","status":"publish","type":"page","link":"https:\/\/ebp.org.br\/nordeste\/sobre\/","title":{"rendered":"Sobre a EBP NE"},"content":{"rendered":"<section class=\"wpb-content-wrapper\">[vc_row][vc_column][vc_column_text]\n<h3><span style=\"color: #993300;\">Quem Somos<\/span><\/h3>\n[\/vc_column_text][vc_empty_space][vc_column_text]A Se\u00e7\u00e3o Nordeste , criada em 07\/12\/2020, integra a Escola Brasileira de Psican\u00e1lise, que \u00e9 uma das Escolas da Associa\u00e7\u00e3o Mundial de Psican\u00e1lise. A Se\u00e7\u00e3o \u00e9 composta\u00a0\u00a0por membros da EBP e da AMP\u00a0\u00a0que trabalham e residem nos estados do Nordeste, a saber, Alagoas, Cear\u00e1, Maranh\u00e3o, Para\u00edba, Pernambuco, Piau\u00ed , Rio Grande do Norte e Sergipe.<\/p>\n<p>A programa\u00e7\u00e3o de trabalho \u00e9 elaborada pela Diretoria,\u00a0\u00a0homologada pelo Conselho Deliberativo\u00a0e executada pelos seus membros, cujo objetivo \u00e9 promover a transmiss\u00e3o da psican\u00e1lise tanto em intens\u00e3o quanto na sua extens\u00e3o, assim como desenvolver a sua pr\u00e1xis, pela via \u00a0cl\u00ednica, epist\u00eamica e pol\u00edtica.[\/vc_column_text][vc_column_text]\n<h3><span style=\"color: #993300;\">Diretoria<\/span><\/h3>\n[\/vc_column_text][vc_empty_space][vc_column_text]\n<ul>\n<li>\n<div>Diretora Geral &#8211; <strong>Cassandra Dias<\/strong><\/div>\n<\/li>\n<li>\n<div>Diretora Secret\u00e1ria-Tesoureira\u00a0&#8211; <strong>Anamaria\u00a0Vasconcelos<\/strong><\/div>\n<\/li>\n<li>\n<div>Diretora de Cart\u00e9is e Interc\u00e2mbio &#8211; <strong>Li\u00e8ge Uch\u00f4a<\/strong><\/div>\n<\/li>\n<li>\n<div>Diretora de Biblioteca &#8211; <strong>Cleide Monteiro<\/strong><\/div>\n<\/li>\n<\/ul>\n[\/vc_column_text][vc_column_text]\n<h3><span style=\"color: #993300;\">Conselho Deliberativo<\/span><\/h3>\n[\/vc_column_text][vc_empty_space][vc_column_text]\n<ul>\n<li>\n<div>Presidente &#8211; <strong>Cleyton Andrade<\/strong><\/div>\n<\/li>\n<li>\n<div>Secret\u00e1ria &#8211; <strong>Bibiana Poggi<\/strong><\/div>\n<\/li>\n<li>\n<div><strong>Anamaria Vasconcelos<\/strong><\/div>\n<\/li>\n<li>\n<div><strong>Glacy Gorski<\/strong><\/div>\n<\/li>\n<li>\n<div><strong>Margarida Assad<\/strong><\/div>\n<\/li>\n<li>\n<div><strong>Ruth Jeunon<\/strong><\/div>\n<\/li>\n<\/ul>\n[\/vc_column_text][vc_column_text]\n<h3><span style=\"color: #993300;\">Membros<\/span><\/h3>\n[\/vc_column_text][vc_empty_space][vc_column_text]\n<ul>\n<li>Anamaria do Socorro Cordeiro de Vasconcelos<\/li>\n<li>\u00c2ngela de Andrade Pequeno<\/li>\n<li>Bibiana da Gama Poggi<\/li>\n<li>Cleyton Andrade<\/li>\n<li>Cassandra Dias Farias<\/li>\n<li>Claudia Maria Formiga Barbosa<\/li>\n<li>Cleide Pereira Monteiro<\/li>\n<li>Elizabete Regina Almeida de Siqueira<\/li>\n<li>Gisella Maria Sette Lopes<\/li>\n<li>Glacy Gonzales Gorski Garcia<\/li>\n<li>Jos\u00e9 Carlos Lapenda Figueiroa<\/li>\n<li>\n<div>Karynna Magalh\u00e3es Barros de N\u00f3brega<\/div>\n<\/li>\n<li>Liege Uchoa Azevedo de Ara\u00fajo<\/li>\n<li>Margarida Maria Elia Assad<\/li>\n<li>Maria Eliane Neves Baptista<\/li>\n<li>Maria Cristina Maia O. Fernandes<\/li>\n<li>Maria Ruth Jeunon Souza<\/li>\n<li>Rosa Maria de Lima Reis<\/li>\n<li>Rosane Vieira da Cunha da Fonte<\/li>\n<\/ul>\n[\/vc_column_text][vc_column_text]\n<h3><span style=\"color: #993300;\">Aderentes<\/span><\/h3>\n[\/vc_column_text][vc_empty_space][vc_column_text]\n<ul>\n<li>Olivia Noris Cunha de Farias<\/li>\n<li>Silvia Regina Gondim Farias de Andrade<\/li>\n<li>Sandra de Souza Conrado<\/li>\n<li>V\u00e2nia Maria Gomes Ferreira e Silva<\/li>\n<li>Zaina Maria Gama Pereira<\/li>\n<\/ul>\n[\/vc_column_text][\/vc_column][\/vc_row]\n<\/section>","protected":false},"excerpt":{"rendered":"<p>[vc_row][vc_column][vc_column_text] Quem Somos [\/vc_column_text][vc_empty_space][vc_column_text]A Se\u00e7\u00e3o Nordeste , criada em 07\/12\/2020, integra a Escola Brasileira de Psican\u00e1lise, que \u00e9 uma das Escolas da Associa\u00e7\u00e3o Mundial de Psican\u00e1lise. A Se\u00e7\u00e3o \u00e9 composta\u00a0\u00a0por membros da EBP e da AMP\u00a0\u00a0que trabalham e residem nos estados do Nordeste, a saber, Alagoas, Cear\u00e1, Maranh\u00e3o, Para\u00edba, Pernambuco, Piau\u00ed , Rio Grande do&hellip;<\/p>\n","protected":false},"author":1,"featured_media":0,"parent":0,"menu_order":0,"comment_status":"closed","ping_status":"closed","template":"","meta":{"footnotes":""},"class_list":["post-1178","page","type-page","status-publish","hentry","entry","no-media"],"_links":{"self":[{"href":"https:\/\/ebp.org.br\/nordeste\/wp-json\/wp\/v2\/pages\/1178","targetHints":{"allow":["GET"]}}],"collection":[{"href":"https:\/\/ebp.org.br\/nordeste\/wp-json\/wp\/v2\/pages"}],"about":[{"href":"https:\/\/ebp.org.br\/nordeste\/wp-json\/wp\/v2\/types\/page"}],"author":[{"embeddable":true,"href":"https:\/\/ebp.org.br\/nordeste\/wp-json\/wp\/v2\/users\/1"}],"replies":[{"embeddable":true,"href":"https:\/\/ebp.org.br\/nordeste\/wp-json\/wp\/v2\/comments?post=1178"}],"version-history":[{"count":5,"href":"https:\/\/ebp.org.br\/nordeste\/wp-json\/wp\/v2\/pages\/1178\/revisions"}],"predecessor-version":[{"id":3932,"href":"https:\/\/ebp.org.br\/nordeste\/wp-json\/wp\/v2\/pages\/1178\/revisions\/3932"}],"wp:attachment":[{"href":"https:\/\/ebp.org.br\/nordeste\/wp-json\/wp\/v2\/media?parent=1178"}],"curies":[{"name":"wp","href":"https:\/\/api.w.org\/{rel}","templated":true}]}}