{"id":138,"date":"2026-04-07T10:42:52","date_gmt":"2026-04-07T13:42:52","guid":{"rendered":"https:\/\/ebp.org.br\/nordeste\/jornadas\/2026\/?page_id=138"},"modified":"2026-04-08T09:07:00","modified_gmt":"2026-04-08T12:07:00","slug":"envio-de-trabalhos","status":"publish","type":"page","link":"https:\/\/ebp.org.br\/nordeste\/jornadas\/2026\/envio-de-trabalhos\/","title":{"rendered":"ENVIO DE TRABALHOS"},"content":{"rendered":"<p><img loading=\"lazy\" decoding=\"async\" class=\"alignleft wp-image-139\" src=\"https:\/\/ebp.org.br\/nordeste\/jornadas\/2026\/wp-content\/uploads\/2026\/04\/ENVIO-DE-TRABALHOS-300x18.png\" alt=\"\" width=\"582\" height=\"35\" srcset=\"https:\/\/ebp.org.br\/nordeste\/jornadas\/2026\/wp-content\/uploads\/2026\/04\/ENVIO-DE-TRABALHOS-300x18.png 300w, https:\/\/ebp.org.br\/nordeste\/jornadas\/2026\/wp-content\/uploads\/2026\/04\/ENVIO-DE-TRABALHOS-1024x62.png 1024w, https:\/\/ebp.org.br\/nordeste\/jornadas\/2026\/wp-content\/uploads\/2026\/04\/ENVIO-DE-TRABALHOS-768x46.png 768w, https:\/\/ebp.org.br\/nordeste\/jornadas\/2026\/wp-content\/uploads\/2026\/04\/ENVIO-DE-TRABALHOS-1536x92.png 1536w, https:\/\/ebp.org.br\/nordeste\/jornadas\/2026\/wp-content\/uploads\/2026\/04\/ENVIO-DE-TRABALHOS.png 1778w\" sizes=\"auto, (max-width: 582px) 100vw, 582px\" \/><\/p>\n<p>&nbsp;<\/p>\n<p>&nbsp;<\/p>\n<h3><strong>Informa\u00e7\u00f5es iniciais:<\/strong><\/h3>\n<p>Inicie o texto com:<\/p>\n<ul>\n<li>T\u00edtulo do trabalho<\/li>\n<li>Nome do autor, e-mail e n\u00famero de WhatsApp<\/li>\n<li>Eixo tem\u00e1tico no qual o trabalho se insere. \u00c9 poss\u00edvel escolher um dos tr\u00eas eixos tem\u00e1ticos:<\/li>\n<\/ul>\n<p><strong>Eixo 1 &#8211; A interpreta\u00e7\u00e3o na cl\u00ednica lacaniana<\/strong><\/p>\n<p><strong>Eixo 2 &#8211; A pr\u00e1tica da interpreta\u00e7\u00e3o nas institui\u00e7\u00f5es<\/strong><\/p>\n<p><strong>Eixo 3 &#8211; As incid\u00eancias da psican\u00e1lise na civiliza\u00e7\u00e3o do imperativo de gozo<\/strong><\/p>\n<p><strong>Orienta\u00e7\u00f5es de formata\u00e7\u00e3o:<\/strong><\/p>\n<ul>\n<li>Os textos devem ter no m\u00e1ximo 5.000 caracteres (com espa\u00e7o), em formato Word.<\/li>\n<li>Fonte: Times New Roman 12, justificado, espa\u00e7amento 1,5.<\/li>\n<li>Refer\u00eancias: citadas em notas de rodap\u00e9.<\/li>\n<li>No assunto do e-mail, informe: \u201cVI Jornada EBP \u2013 Se\u00e7\u00e3o NE\u201d, nome do autor e o eixo tem\u00e1tico.<\/li>\n<\/ul>\n<p><strong>Prazo para o envio de trabalhos: at\u00e9 14 de setembro de 2026.<\/strong><\/p>\n<p><strong>Endere\u00e7o de e-mail para o envio: <span style=\"color: #ff0000;\"><a style=\"color: #ff0000;\" href=\"mailto:vijornadaebp@gmail.com\">vijornadaebp@gmail.com\u00a0<\/a><\/span><\/strong><\/p>\n<p><strong>Observa\u00e7\u00f5es importantes:<\/strong><\/p>\n<ul>\n<li>Para envio de trabalho, o autor deve estar previamente inscrito na VI Jornada da Se\u00e7\u00e3o Nordeste \u2013 Del\u00edrio e interpreta\u00e7\u00e3o.<\/li>\n<li>O autor ser\u00e1 comunicado sobre o recebimento do trabalho e, caso seja aceito, receber\u00e1 posteriormente a programa\u00e7\u00e3o da Jornada, indicando mesa e hor\u00e1rio de apresenta\u00e7\u00e3o.<\/li>\n<li>Trabalhos que contenham relato(s) de pr\u00e1tica devem trazer apenas vinhetas, sem nomes de pessoas ou dados que permitam a identifica\u00e7\u00e3o, respeitando o sigilo profissional.<\/li>\n<\/ul>\n","protected":false},"excerpt":{"rendered":"<p>&nbsp; &nbsp; Informa\u00e7\u00f5es iniciais: Inicie o texto com: T\u00edtulo do trabalho Nome do autor, e-mail e n\u00famero de WhatsApp Eixo tem\u00e1tico no qual o trabalho se insere. \u00c9 poss\u00edvel escolher um dos tr\u00eas eixos tem\u00e1ticos: Eixo 1 &#8211; A interpreta\u00e7\u00e3o na cl\u00ednica lacaniana Eixo 2 &#8211; A pr\u00e1tica da interpreta\u00e7\u00e3o nas institui\u00e7\u00f5es Eixo 3 &#8211;&hellip;<\/p>\n","protected":false},"author":1,"featured_media":0,"parent":0,"menu_order":0,"comment_status":"closed","ping_status":"closed","template":"","meta":{"footnotes":""},"class_list":["post-138","page","type-page","status-publish","hentry","entry","no-media"],"_links":{"self":[{"href":"https:\/\/ebp.org.br\/nordeste\/jornadas\/2026\/wp-json\/wp\/v2\/pages\/138","targetHints":{"allow":["GET"]}}],"collection":[{"href":"https:\/\/ebp.org.br\/nordeste\/jornadas\/2026\/wp-json\/wp\/v2\/pages"}],"about":[{"href":"https:\/\/ebp.org.br\/nordeste\/jornadas\/2026\/wp-json\/wp\/v2\/types\/page"}],"author":[{"embeddable":true,"href":"https:\/\/ebp.org.br\/nordeste\/jornadas\/2026\/wp-json\/wp\/v2\/users\/1"}],"replies":[{"embeddable":true,"href":"https:\/\/ebp.org.br\/nordeste\/jornadas\/2026\/wp-json\/wp\/v2\/comments?post=138"}],"version-history":[{"count":6,"href":"https:\/\/ebp.org.br\/nordeste\/jornadas\/2026\/wp-json\/wp\/v2\/pages\/138\/revisions"}],"predecessor-version":[{"id":221,"href":"https:\/\/ebp.org.br\/nordeste\/jornadas\/2026\/wp-json\/wp\/v2\/pages\/138\/revisions\/221"}],"wp:attachment":[{"href":"https:\/\/ebp.org.br\/nordeste\/jornadas\/2026\/wp-json\/wp\/v2\/media?parent=138"}],"curies":[{"name":"wp","href":"https:\/\/api.w.org\/{rel}","templated":true}]}}