{"id":844,"date":"2025-12-09T16:58:34","date_gmt":"2025-12-09T19:58:34","guid":{"rendered":"https:\/\/ebp.org.br\/nordeste\/jornadas\/2025\/?page_id=844"},"modified":"2025-12-12T08:07:47","modified_gmt":"2025-12-12T11:07:47","slug":"boletim-baque-09","status":"publish","type":"page","link":"https:\/\/ebp.org.br\/nordeste\/jornadas\/2025\/boletim-baque-09\/","title":{"rendered":"Boletim BAQUE #09"},"content":{"rendered":"<div class=\"wpb-content-wrapper\">[vc_row][vc_column]<figure class=\"vcex-image vcex-module\"><div class=\"vcex-image-inner wpex-relative wpex-inline-block\"><img width=\"1240\" height=\"310\" src=\"https:\/\/ebp.org.br\/nordeste\/jornadas\/2025\/wp-content\/uploads\/2025\/08\/BASE-BOLETIM-SITE-TOP.jpg\" class=\"vcex-image-img wpex-align-middle\" alt=\"\" loading=\"lazy\" decoding=\"async\" srcset=\"https:\/\/ebp.org.br\/nordeste\/jornadas\/2025\/wp-content\/uploads\/2025\/08\/BASE-BOLETIM-SITE-TOP.jpg 1240w, https:\/\/ebp.org.br\/nordeste\/jornadas\/2025\/wp-content\/uploads\/2025\/08\/BASE-BOLETIM-SITE-TOP-300x75.jpg 300w, https:\/\/ebp.org.br\/nordeste\/jornadas\/2025\/wp-content\/uploads\/2025\/08\/BASE-BOLETIM-SITE-TOP-1024x256.jpg 1024w, https:\/\/ebp.org.br\/nordeste\/jornadas\/2025\/wp-content\/uploads\/2025\/08\/BASE-BOLETIM-SITE-TOP-768x192.jpg 768w\" sizes=\"auto, (max-width: 1240px) 100vw, 1240px\" \/><\/div><\/figure><div class=\"vcex-spacing wpex-w-100 wpex-clear\" style=\"height:50px;\"><\/div>[vc_row_inner][vc_column_inner][vc_column_text css=&#8221;&#8221;]\n<h3 style=\"text-align: center;\">Agradecimento \u00e0s Comiss\u00f5es de trabalho da V Jornada da Se\u00e7\u00e3o Nordeste<\/h3>\n[\/vc_column_text]<div class=\"vcex-spacing wpex-w-100 wpex-clear\" style=\"height:50px;\"><\/div><div class=\"vcex-video wpex-bg-black\" data-vcex-video-type=\"youtube\"><div class=\"vcex-video-inner wpex-relative\"><iframe class=\"wpex-block wpex-w-100 wpex-h-100 wpex-aspect-16-9\" src=\"https:\/\/youtube.com\/embed\/NWQFe2YXhcc\" title=\"\" frameborder=\"0\" allow=\"accelerometer; autoplay; clipboard-write; encrypted-media; gyroscope; picture-in-picture; web-share\" allowfullscreen loading=\"lazy\"><\/iframe><\/div><\/div><div class=\"vcex-spacing wpex-w-100 wpex-clear\" style=\"height:50px;\"><\/div>[vc_column_text css=&#8221;&#8221;]\n<h3 style=\"text-align: center;\">At\u00e9 a pr\u00f3xima!<\/h3>\n[\/vc_column_text]<div class=\"vcex-spacing wpex-w-100 wpex-clear\" style=\"height:50px;\"><\/div>[\/vc_column_inner][\/vc_row_inner]<figure class=\"vcex-image vcex-module\"><div class=\"vcex-image-inner wpex-relative wpex-inline-block\"><img width=\"1240\" height=\"161\" src=\"https:\/\/ebp.org.br\/nordeste\/jornadas\/2025\/wp-content\/uploads\/2025\/08\/BASE-BOLETIM-SITE-BOTTOM.jpg\" class=\"vcex-image-img wpex-align-middle\" alt=\"\" loading=\"lazy\" decoding=\"async\" srcset=\"https:\/\/ebp.org.br\/nordeste\/jornadas\/2025\/wp-content\/uploads\/2025\/08\/BASE-BOLETIM-SITE-BOTTOM.jpg 1240w, https:\/\/ebp.org.br\/nordeste\/jornadas\/2025\/wp-content\/uploads\/2025\/08\/BASE-BOLETIM-SITE-BOTTOM-300x39.jpg 300w, https:\/\/ebp.org.br\/nordeste\/jornadas\/2025\/wp-content\/uploads\/2025\/08\/BASE-BOLETIM-SITE-BOTTOM-1024x133.jpg 1024w, https:\/\/ebp.org.br\/nordeste\/jornadas\/2025\/wp-content\/uploads\/2025\/08\/BASE-BOLETIM-SITE-BOTTOM-768x100.jpg 768w\" sizes=\"auto, (max-width: 1240px) 100vw, 1240px\" \/><\/div><\/figure>[vc_column_text css=&#8221;.vc_custom_1755170797007{padding-top: 30px !important;padding-bottom: 30px !important;background-color: #012E33 !important;}&#8221;]\n<p style=\"text-align: center;\"><span style=\"color: #ffffff; font-size: 13px;\">Comiss\u00e3o de M\u00eddias<\/span><br \/>\n<span style=\"color: #ffffff; font-size: 13px;\">Coordena\u00e7\u00e3o: Cl\u00e1udia Formiga<\/span><br \/>\n<span style=\"color: #ffffff; font-size: 13px;\">Anderson Barbosa, Jos\u00e9 Augusto Rocha, Juliana de Castro, Kevin do \u00d3, Suele Conde, Susane Zanotti, Tatiana Schefer<\/span><\/p>\n<p style=\"text-align: center;\"><span style=\"color: #ffffff; font-size: 13px;\">Designer: Bruno Senna &#8211; sennabruno@gmail.com<\/span><\/p>\n[\/vc_column_text][\/vc_column][\/vc_row]\n<\/div>","protected":false},"excerpt":{"rendered":"<p>[vc_row][vc_column][vc_row_inner][vc_column_inner][vc_column_text css=&#8221;&#8221;] Agradecimento \u00e0s Comiss\u00f5es de trabalho da V Jornada da Se\u00e7\u00e3o Nordeste [\/vc_column_text][vc_column_text css=&#8221;&#8221;] At\u00e9 a pr\u00f3xima! [\/vc_column_text][\/vc_column_inner][\/vc_row_inner][vc_column_text css=&#8221;.vc_custom_1755170797007{padding-top: 30px !important;padding-bottom: 30px !important;background-color: #012E33 !important;}&#8221;] Comiss\u00e3o de M\u00eddias Coordena\u00e7\u00e3o: Cl\u00e1udia Formiga Anderson Barbosa, Jos\u00e9 Augusto Rocha, Juliana de Castro, Kevin do \u00d3, Suele Conde, Susane Zanotti, Tatiana Schefer Designer: Bruno Senna &#8211; sennabruno@gmail.com [\/vc_column_text][\/vc_column][\/vc_row]<\/p>\n","protected":false},"author":1,"featured_media":0,"parent":0,"menu_order":0,"comment_status":"closed","ping_status":"closed","template":"","meta":{"footnotes":""},"class_list":["post-844","page","type-page","status-publish","hentry","entry","no-media"],"_links":{"self":[{"href":"https:\/\/ebp.org.br\/nordeste\/jornadas\/2025\/wp-json\/wp\/v2\/pages\/844","targetHints":{"allow":["GET"]}}],"collection":[{"href":"https:\/\/ebp.org.br\/nordeste\/jornadas\/2025\/wp-json\/wp\/v2\/pages"}],"about":[{"href":"https:\/\/ebp.org.br\/nordeste\/jornadas\/2025\/wp-json\/wp\/v2\/types\/page"}],"author":[{"embeddable":true,"href":"https:\/\/ebp.org.br\/nordeste\/jornadas\/2025\/wp-json\/wp\/v2\/users\/1"}],"replies":[{"embeddable":true,"href":"https:\/\/ebp.org.br\/nordeste\/jornadas\/2025\/wp-json\/wp\/v2\/comments?post=844"}],"version-history":[{"count":10,"href":"https:\/\/ebp.org.br\/nordeste\/jornadas\/2025\/wp-json\/wp\/v2\/pages\/844\/revisions"}],"predecessor-version":[{"id":856,"href":"https:\/\/ebp.org.br\/nordeste\/jornadas\/2025\/wp-json\/wp\/v2\/pages\/844\/revisions\/856"}],"wp:attachment":[{"href":"https:\/\/ebp.org.br\/nordeste\/jornadas\/2025\/wp-json\/wp\/v2\/media?parent=844"}],"curies":[{"name":"wp","href":"https:\/\/api.w.org\/{rel}","templated":true}]}}