{"id":838,"date":"2025-12-04T19:04:40","date_gmt":"2025-12-04T22:04:40","guid":{"rendered":"https:\/\/ebp.org.br\/nordeste\/jornadas\/2025\/?page_id=838"},"modified":"2025-12-04T19:04:40","modified_gmt":"2025-12-04T22:04:40","slug":"boletim-baque-08","status":"publish","type":"page","link":"https:\/\/ebp.org.br\/nordeste\/jornadas\/2025\/boletim-baque-08\/","title":{"rendered":"Boletim BAQUE #08"},"content":{"rendered":"<div class=\"wpb-content-wrapper\">[vc_row][vc_column]<figure class=\"vcex-image vcex-module\"><div class=\"vcex-image-inner wpex-relative wpex-inline-block\"><img width=\"1240\" height=\"310\" src=\"https:\/\/ebp.org.br\/nordeste\/jornadas\/2025\/wp-content\/uploads\/2025\/08\/BASE-BOLETIM-SITE-TOP.jpg\" class=\"vcex-image-img wpex-align-middle\" alt=\"\" loading=\"lazy\" decoding=\"async\" srcset=\"https:\/\/ebp.org.br\/nordeste\/jornadas\/2025\/wp-content\/uploads\/2025\/08\/BASE-BOLETIM-SITE-TOP.jpg 1240w, https:\/\/ebp.org.br\/nordeste\/jornadas\/2025\/wp-content\/uploads\/2025\/08\/BASE-BOLETIM-SITE-TOP-300x75.jpg 300w, https:\/\/ebp.org.br\/nordeste\/jornadas\/2025\/wp-content\/uploads\/2025\/08\/BASE-BOLETIM-SITE-TOP-1024x256.jpg 1024w, https:\/\/ebp.org.br\/nordeste\/jornadas\/2025\/wp-content\/uploads\/2025\/08\/BASE-BOLETIM-SITE-TOP-768x192.jpg 768w\" sizes=\"auto, (max-width: 1240px) 100vw, 1240px\" \/><\/div><\/figure>[vc_column_text css=&#8221;.vc_custom_1764885852424{padding-top: 30px !important;padding-right: 30px !important;padding-bottom: 30px !important;padding-left: 30px !important;background-color: #FFFFFF !important;}&#8221;]\n<h3>EDITORIAL<\/h3>\n<p><span style=\"font-size: 13px;\"><em>por Cassandra Dias Farias (EBP\/AMP)<br \/>\nPela Comiss\u00e3o Cient\u00edfica<\/em><\/span><\/p>\n<p>Para o \u00faltimo Baque &#8211; boletim da\u00a0<strong>V Jornada da Se\u00e7\u00e3o Nordeste<\/strong>, apresentamos o programa elaborado pela Comiss\u00e3o Cient\u00edfica, atrav\u00e9s das produ\u00e7\u00f5es endere\u00e7adas \u00e0 discuss\u00e3o em torno do\u00a0<em>Trauma<\/em>.<\/p>\n<p>O volume de trabalhos confirma o quanto esse tema mobilizou a comunidade de praticantes que, decididos, submetem suas elabora\u00e7\u00f5es a um coletivo que se re\u00fane em Recife nos pr\u00f3ximos dias.<\/p>\n<p>O baque que concerne a todo ser falante, fruto do esbarr\u00e3o com a linguagem e com o Outro, traumatiza. Deixa marcas, res\u00edduos, cicatrizes, produz sintomas. A civiliza\u00e7\u00e3o, por sua vez, engendra acontecimentos traum\u00e1ticos.<\/p>\n<p>No programa da\u00a0<strong>V Jornada<\/strong>, encontramos elabora\u00e7\u00f5es que indicam o ponto onde cada autor est\u00e1 podendo se virar para efetuar um trabalho sobre o trauma. Essa pluralidade comp\u00f5e o tecido para um corpo coletivo que se debru\u00e7a sobre o que a psican\u00e1lise de orienta\u00e7\u00e3o lacaniana tem a dizer acerca do trauma.<\/p>\n<p>Anunciamos tamb\u00e9m o t\u00edtulo da interven\u00e7\u00e3o do nosso convidado, Marcus Andr\u00e9 Vieira, trazendo o golpe certeiro da enuncia\u00e7\u00e3o, como \u00eaxtimo de todo esse processo.<\/p>\n<p>Conclu\u00edmos esse trabalho voltando ao primeiro n\u00famero do boletim, nas palavras de Cl\u00e1udia Formiga: \u201cNo Recife, terra de maracatu e locus da nossa Jornada, baque \u00e9 ritmo, impacto. \u00c9 tambor que estronda o peito, passo que avan\u00e7a e hist\u00f3ria que resiste\u201d.<\/p>\n<p>Que a flecha disparada produza resson\u00e2ncias e possamos recolher efeitos a posteriori.[\/vc_column_text]<div class=\"vcex-module vcex-divider vcex-divider-solid vcex-divider-center wpex-mx-auto wpex-block wpex-h-0 wpex-border-b wpex-border-solid wpex-border-main\" style=\"border-color:var(--wpex-accent);\"><\/div>[vc_row_inner css=&#8221;.vc_custom_1755085704315{padding-right: 20px !important;padding-left: 20px !important;background-color: #FFFFFF !important;}&#8221;][vc_column_inner]<div class=\"theme-button-wrap textcenter wpex-clr\"><a href=\"https:\/\/ebp.org.br\/nordeste\/jornadas\/2025\/programa\/\" class=\"vcex-button theme-button align-center inline\"><span class=\"vcex-button-inner theme-button-inner wpex-flex wpex-flex-wrap wpex-items-center wpex-justify-center\">PROGRAMA<\/span><\/a><\/div> [\/vc_column_inner][\/vc_row_inner]<figure class=\"vcex-image vcex-module\"><div class=\"vcex-image-inner wpex-relative wpex-inline-block\"><img width=\"1240\" height=\"161\" src=\"https:\/\/ebp.org.br\/nordeste\/jornadas\/2025\/wp-content\/uploads\/2025\/08\/BASE-BOLETIM-SITE-BOTTOM.jpg\" class=\"vcex-image-img wpex-align-middle\" alt=\"\" loading=\"lazy\" decoding=\"async\" srcset=\"https:\/\/ebp.org.br\/nordeste\/jornadas\/2025\/wp-content\/uploads\/2025\/08\/BASE-BOLETIM-SITE-BOTTOM.jpg 1240w, https:\/\/ebp.org.br\/nordeste\/jornadas\/2025\/wp-content\/uploads\/2025\/08\/BASE-BOLETIM-SITE-BOTTOM-300x39.jpg 300w, https:\/\/ebp.org.br\/nordeste\/jornadas\/2025\/wp-content\/uploads\/2025\/08\/BASE-BOLETIM-SITE-BOTTOM-1024x133.jpg 1024w, https:\/\/ebp.org.br\/nordeste\/jornadas\/2025\/wp-content\/uploads\/2025\/08\/BASE-BOLETIM-SITE-BOTTOM-768x100.jpg 768w\" sizes=\"auto, (max-width: 1240px) 100vw, 1240px\" \/><\/div><\/figure>[vc_column_text css=&#8221;.vc_custom_1755170797007{padding-top: 30px !important;padding-bottom: 30px !important;background-color: #012E33 !important;}&#8221;]\n<p style=\"text-align: center;\"><span style=\"color: #ffffff; font-size: 13px;\">Comiss\u00e3o de M\u00eddias<\/span><br \/>\n<span style=\"color: #ffffff; font-size: 13px;\">Coordena\u00e7\u00e3o: Cl\u00e1udia Formiga<\/span><br \/>\n<span style=\"color: #ffffff; font-size: 13px;\">Anderson Barbosa, Jos\u00e9 Augusto Rocha, Juliana de Castro, Kevin do \u00d3, Suele Conde, Susane Zanotti, Tatiana Schefer<\/span><\/p>\n<p style=\"text-align: center;\"><span style=\"color: #ffffff; font-size: 13px;\">Designer: Bruno Senna &#8211; sennabruno@gmail.com<\/span><\/p>\n[\/vc_column_text][\/vc_column][\/vc_row]\n<\/div>","protected":false},"excerpt":{"rendered":"<p>[vc_row][vc_column][vc_column_text css=&#8221;.vc_custom_1764885852424{padding-top: 30px !important;padding-right: 30px !important;padding-bottom: 30px !important;padding-left: 30px !important;background-color: #FFFFFF !important;}&#8221;] EDITORIAL por Cassandra Dias Farias (EBP\/AMP) Pela Comiss\u00e3o Cient\u00edfica Para o \u00faltimo Baque &#8211; boletim da\u00a0V Jornada da Se\u00e7\u00e3o Nordeste, apresentamos o programa elaborado pela Comiss\u00e3o Cient\u00edfica, atrav\u00e9s das produ\u00e7\u00f5es endere\u00e7adas \u00e0 discuss\u00e3o em torno do\u00a0Trauma. O volume de trabalhos confirma o quanto&hellip;<\/p>\n","protected":false},"author":1,"featured_media":0,"parent":0,"menu_order":0,"comment_status":"closed","ping_status":"closed","template":"","meta":{"footnotes":""},"class_list":["post-838","page","type-page","status-publish","hentry","entry","no-media"],"_links":{"self":[{"href":"https:\/\/ebp.org.br\/nordeste\/jornadas\/2025\/wp-json\/wp\/v2\/pages\/838","targetHints":{"allow":["GET"]}}],"collection":[{"href":"https:\/\/ebp.org.br\/nordeste\/jornadas\/2025\/wp-json\/wp\/v2\/pages"}],"about":[{"href":"https:\/\/ebp.org.br\/nordeste\/jornadas\/2025\/wp-json\/wp\/v2\/types\/page"}],"author":[{"embeddable":true,"href":"https:\/\/ebp.org.br\/nordeste\/jornadas\/2025\/wp-json\/wp\/v2\/users\/1"}],"replies":[{"embeddable":true,"href":"https:\/\/ebp.org.br\/nordeste\/jornadas\/2025\/wp-json\/wp\/v2\/comments?post=838"}],"version-history":[{"count":1,"href":"https:\/\/ebp.org.br\/nordeste\/jornadas\/2025\/wp-json\/wp\/v2\/pages\/838\/revisions"}],"predecessor-version":[{"id":839,"href":"https:\/\/ebp.org.br\/nordeste\/jornadas\/2025\/wp-json\/wp\/v2\/pages\/838\/revisions\/839"}],"wp:attachment":[{"href":"https:\/\/ebp.org.br\/nordeste\/jornadas\/2025\/wp-json\/wp\/v2\/media?parent=838"}],"curies":[{"name":"wp","href":"https:\/\/api.w.org\/{rel}","templated":true}]}}