{"id":821,"date":"2025-11-25T15:53:23","date_gmt":"2025-11-25T18:53:23","guid":{"rendered":"https:\/\/ebp.org.br\/nordeste\/jornadas\/2025\/?page_id=821"},"modified":"2025-12-04T19:05:21","modified_gmt":"2025-12-04T22:05:21","slug":"boletim-baque-07","status":"publish","type":"page","link":"https:\/\/ebp.org.br\/nordeste\/jornadas\/2025\/boletim-baque-07\/","title":{"rendered":"Boletim BAQUE #07"},"content":{"rendered":"<div class=\"wpb-content-wrapper\">[vc_row][vc_column]<figure class=\"vcex-image vcex-module\"><div class=\"vcex-image-inner wpex-relative wpex-inline-block\"><img width=\"1240\" height=\"310\" src=\"https:\/\/ebp.org.br\/nordeste\/jornadas\/2025\/wp-content\/uploads\/2025\/08\/BASE-BOLETIM-SITE-TOP.jpg\" class=\"vcex-image-img wpex-align-middle\" alt=\"\" loading=\"lazy\" decoding=\"async\" srcset=\"https:\/\/ebp.org.br\/nordeste\/jornadas\/2025\/wp-content\/uploads\/2025\/08\/BASE-BOLETIM-SITE-TOP.jpg 1240w, https:\/\/ebp.org.br\/nordeste\/jornadas\/2025\/wp-content\/uploads\/2025\/08\/BASE-BOLETIM-SITE-TOP-300x75.jpg 300w, https:\/\/ebp.org.br\/nordeste\/jornadas\/2025\/wp-content\/uploads\/2025\/08\/BASE-BOLETIM-SITE-TOP-1024x256.jpg 1024w, https:\/\/ebp.org.br\/nordeste\/jornadas\/2025\/wp-content\/uploads\/2025\/08\/BASE-BOLETIM-SITE-TOP-768x192.jpg 768w\" sizes=\"auto, (max-width: 1240px) 100vw, 1240px\" \/><\/div><\/figure>[vc_column_text css=&#8221;.vc_custom_1764099756298{padding-top: 30px !important;padding-right: 30px !important;padding-bottom: 30px !important;padding-left: 30px !important;background-color: #FFFFFF !important;}&#8221;]\n<h3>EDITORIAL<\/h3>\n<p><span style=\"font-size: 13px;\"><em><span style=\"font-weight: 400;\">por Bibiana Poggi (EBP\/AMP)<br \/>\n<\/span><span style=\"font-weight: 400;\">Coordenadora Geral da Jornada\u00a0<\/span><\/em><\/span><\/p>\n<p><span style=\"font-weight: 400;\">Dezembro se aproxima e, com ele, os rumores da <\/span><b>V Jornada da Se\u00e7\u00e3o Nordeste<\/b><span style=\"font-weight: 400;\">, da EBP, cujo t\u00edtulo \u00e9 <\/span><i><span style=\"font-weight: 400;\">Trauma<\/span><\/i><span style=\"font-weight: 400;\">.<\/span><\/p>\n<p><span style=\"font-weight: 400;\">Nesta edi\u00e7\u00e3o do Baque, Marcus Andr\u00e9 Vieira \u2014 convidado da <\/span><b>V Jornada<\/b><span style=\"font-weight: 400;\"> \u2014 convoca-nos, de maneira instigante, a discutir o tema, destacando a import\u00e2ncia de uma leitura singular para cada situa\u00e7\u00e3o.<\/span><\/p>\n<p><span style=\"font-weight: 400;\">Marcus Andr\u00e9 Vieira \u00e9 psicanalista, membro da Escola Brasileira de Psican\u00e1lise (EBP) e da Associa\u00e7\u00e3o Mundial de Psican\u00e1lise (AMP). \u00c9 Analista Membro da Escola (AME) e foi Analista da Escola (AE) no per\u00edodo de 2013 a 2016. \u00c9 doutor pela Universidade de Paris VIII. Marcus Andr\u00e9 possui ampla produ\u00e7\u00e3o de textos relativos aos temas caros \u00e0 psican\u00e1lise, dentre eles aqueles que abordam o trauma.<\/span><\/p>\n<p><span style=\"font-weight: 400;\">Assim, com grande entusiasmo, convido a todos a assistir aos v\u00eddeos, destacar as pr\u00f3prias quest\u00f5es e a comparecer \u00e0 <\/span><b>V Jornada<\/b><span style=\"font-weight: 400;\">, nos dias 05 e 06 de dezembro de 2025.<\/span><\/p>\n<p><span style=\"font-weight: 400;\">At\u00e9 breve!<\/span>[\/vc_column_text]<div class=\"vcex-module vcex-divider vcex-divider-solid vcex-divider-center wpex-mx-auto wpex-block wpex-h-0 wpex-border-b wpex-border-solid wpex-border-main\" style=\"border-color:var(--wpex-accent);\"><\/div>[vc_row_inner css=&#8221;.vc_custom_1755085704315{padding-right: 20px !important;padding-left: 20px !important;background-color: #FFFFFF !important;}&#8221;][vc_column_inner width=&#8221;1\/2&#8243;]<div class=\"vcex-video wpex-bg-black\" data-vcex-video-type=\"youtube\"><div class=\"vcex-video-inner wpex-relative\"><iframe class=\"wpex-block wpex-w-100 wpex-h-100 wpex-aspect-16-9\" src=\"https:\/\/youtube.com\/embed\/sOdQDtMeGyg\" title=\"\" frameborder=\"0\" allow=\"accelerometer; autoplay; clipboard-write; encrypted-media; gyroscope; picture-in-picture; web-share\" allowfullscreen loading=\"lazy\"><\/iframe><\/div><\/div>[\/vc_column_inner][vc_column_inner width=&#8221;1\/2&#8243;]<div class=\"vcex-video wpex-bg-black\" data-vcex-video-type=\"youtube\"><div class=\"vcex-video-inner wpex-relative\"><iframe class=\"wpex-block wpex-w-100 wpex-h-100 wpex-aspect-16-9\" src=\"https:\/\/youtube.com\/embed\/-osftM7TKDs\" title=\"\" frameborder=\"0\" allow=\"accelerometer; autoplay; clipboard-write; encrypted-media; gyroscope; picture-in-picture; web-share\" allowfullscreen loading=\"lazy\"><\/iframe><\/div><\/div>[\/vc_column_inner][\/vc_row_inner]<div class=\"vcex-module vcex-divider vcex-divider-solid vcex-divider-center wpex-mx-auto wpex-block wpex-h-0 wpex-border-b wpex-border-solid wpex-border-main\" style=\"border-color:var(--wpex-accent);\"><\/div>[vc_row_inner css=&#8221;.vc_custom_1755085704315{padding-right: 20px !important;padding-left: 20px !important;background-color: #FFFFFF !important;}&#8221;][vc_column_inner]<div class=\"theme-button-wrap textcenter wpex-clr\"><a href=\"https:\/\/ebp.org.br\/nordeste\/jornadas\/2025\/inscricoes\/\" class=\"vcex-button theme-button align-center inline\"><span class=\"vcex-button-inner theme-button-inner wpex-flex wpex-flex-wrap wpex-items-center wpex-justify-center\">INSCRI\u00c7\u00d5ES<\/span><\/a><\/div> [\/vc_column_inner][\/vc_row_inner]<figure class=\"vcex-image vcex-module\"><div class=\"vcex-image-inner wpex-relative wpex-inline-block\"><img width=\"1240\" height=\"161\" src=\"https:\/\/ebp.org.br\/nordeste\/jornadas\/2025\/wp-content\/uploads\/2025\/08\/BASE-BOLETIM-SITE-BOTTOM.jpg\" class=\"vcex-image-img wpex-align-middle\" alt=\"\" loading=\"lazy\" decoding=\"async\" srcset=\"https:\/\/ebp.org.br\/nordeste\/jornadas\/2025\/wp-content\/uploads\/2025\/08\/BASE-BOLETIM-SITE-BOTTOM.jpg 1240w, https:\/\/ebp.org.br\/nordeste\/jornadas\/2025\/wp-content\/uploads\/2025\/08\/BASE-BOLETIM-SITE-BOTTOM-300x39.jpg 300w, https:\/\/ebp.org.br\/nordeste\/jornadas\/2025\/wp-content\/uploads\/2025\/08\/BASE-BOLETIM-SITE-BOTTOM-1024x133.jpg 1024w, https:\/\/ebp.org.br\/nordeste\/jornadas\/2025\/wp-content\/uploads\/2025\/08\/BASE-BOLETIM-SITE-BOTTOM-768x100.jpg 768w\" sizes=\"auto, (max-width: 1240px) 100vw, 1240px\" \/><\/div><\/figure>[vc_column_text css=&#8221;.vc_custom_1755170797007{padding-top: 30px !important;padding-bottom: 30px !important;background-color: #012E33 !important;}&#8221;]\n<p style=\"text-align: center;\"><span style=\"color: #ffffff; font-size: 13px;\">Comiss\u00e3o de M\u00eddias<\/span><br \/>\n<span style=\"color: #ffffff; font-size: 13px;\">Coordena\u00e7\u00e3o: Cl\u00e1udia Formiga<\/span><br \/>\n<span style=\"color: #ffffff; font-size: 13px;\">Anderson Barbosa, Jos\u00e9 Augusto Rocha, Juliana de Castro, Kevin do \u00d3, Suele Conde, Susane Zanotti, Tatiana Schefer<\/span><\/p>\n<p style=\"text-align: center;\"><span style=\"color: #ffffff; font-size: 13px;\">Designer: Bruno Senna &#8211; sennabruno@gmail.com<\/span><\/p>\n[\/vc_column_text][\/vc_column][\/vc_row]\n<\/div>","protected":false},"excerpt":{"rendered":"<p>[vc_row][vc_column][vc_column_text css=&#8221;.vc_custom_1764099756298{padding-top: 30px !important;padding-right: 30px !important;padding-bottom: 30px !important;padding-left: 30px !important;background-color: #FFFFFF !important;}&#8221;] EDITORIAL por Bibiana Poggi (EBP\/AMP) Coordenadora Geral da Jornada\u00a0 Dezembro se aproxima e, com ele, os rumores da V Jornada da Se\u00e7\u00e3o Nordeste, da EBP, cujo t\u00edtulo \u00e9 Trauma. Nesta edi\u00e7\u00e3o do Baque, Marcus Andr\u00e9 Vieira \u2014 convidado da V Jornada \u2014 convoca-nos,&hellip;<\/p>\n","protected":false},"author":1,"featured_media":0,"parent":0,"menu_order":0,"comment_status":"closed","ping_status":"closed","template":"","meta":{"footnotes":""},"class_list":["post-821","page","type-page","status-publish","hentry","entry","no-media"],"_links":{"self":[{"href":"https:\/\/ebp.org.br\/nordeste\/jornadas\/2025\/wp-json\/wp\/v2\/pages\/821","targetHints":{"allow":["GET"]}}],"collection":[{"href":"https:\/\/ebp.org.br\/nordeste\/jornadas\/2025\/wp-json\/wp\/v2\/pages"}],"about":[{"href":"https:\/\/ebp.org.br\/nordeste\/jornadas\/2025\/wp-json\/wp\/v2\/types\/page"}],"author":[{"embeddable":true,"href":"https:\/\/ebp.org.br\/nordeste\/jornadas\/2025\/wp-json\/wp\/v2\/users\/1"}],"replies":[{"embeddable":true,"href":"https:\/\/ebp.org.br\/nordeste\/jornadas\/2025\/wp-json\/wp\/v2\/comments?post=821"}],"version-history":[{"count":5,"href":"https:\/\/ebp.org.br\/nordeste\/jornadas\/2025\/wp-json\/wp\/v2\/pages\/821\/revisions"}],"predecessor-version":[{"id":829,"href":"https:\/\/ebp.org.br\/nordeste\/jornadas\/2025\/wp-json\/wp\/v2\/pages\/821\/revisions\/829"}],"wp:attachment":[{"href":"https:\/\/ebp.org.br\/nordeste\/jornadas\/2025\/wp-json\/wp\/v2\/media?parent=821"}],"curies":[{"name":"wp","href":"https:\/\/api.w.org\/{rel}","templated":true}]}}