{"id":773,"date":"2025-11-11T07:01:11","date_gmt":"2025-11-11T10:01:11","guid":{"rendered":"https:\/\/ebp.org.br\/nordeste\/jornadas\/2025\/?page_id=773"},"modified":"2025-11-11T07:12:54","modified_gmt":"2025-11-11T10:12:54","slug":"boletim-baque-06","status":"publish","type":"page","link":"https:\/\/ebp.org.br\/nordeste\/jornadas\/2025\/boletim-baque-06\/","title":{"rendered":"Boletim BAQUE #06"},"content":{"rendered":"<div class=\"wpb-content-wrapper\">[vc_row][vc_column]<figure class=\"vcex-image vcex-module\"><div class=\"vcex-image-inner wpex-relative wpex-inline-block\"><img width=\"1240\" height=\"310\" src=\"https:\/\/ebp.org.br\/nordeste\/jornadas\/2025\/wp-content\/uploads\/2025\/08\/BASE-BOLETIM-SITE-TOP.jpg\" class=\"vcex-image-img wpex-align-middle\" alt=\"\" loading=\"lazy\" decoding=\"async\" srcset=\"https:\/\/ebp.org.br\/nordeste\/jornadas\/2025\/wp-content\/uploads\/2025\/08\/BASE-BOLETIM-SITE-TOP.jpg 1240w, https:\/\/ebp.org.br\/nordeste\/jornadas\/2025\/wp-content\/uploads\/2025\/08\/BASE-BOLETIM-SITE-TOP-300x75.jpg 300w, https:\/\/ebp.org.br\/nordeste\/jornadas\/2025\/wp-content\/uploads\/2025\/08\/BASE-BOLETIM-SITE-TOP-1024x256.jpg 1024w, https:\/\/ebp.org.br\/nordeste\/jornadas\/2025\/wp-content\/uploads\/2025\/08\/BASE-BOLETIM-SITE-TOP-768x192.jpg 768w\" sizes=\"auto, (max-width: 1240px) 100vw, 1240px\" \/><\/div><\/figure>[vc_column_text css=&#8221;.vc_custom_1762855928264{padding-top: 30px !important;padding-right: 30px !important;padding-bottom: 30px !important;padding-left: 30px !important;background-color: #FFFFFF !important;}&#8221;]\n<h3>EDITORIAL<\/h3>\n<p><em><span style=\"font-size: 13px;\"><img loading=\"lazy\" decoding=\"async\" class=\"alignnone size-full wp-image-756\" src=\"https:\/\/ebp.org.br\/nordeste\/jornadas\/2025\/wp-content\/uploads\/2025\/11\/imagem_boletim0006_FULL.jpg\" alt=\"\" width=\"1400\" height=\"536\" srcset=\"https:\/\/ebp.org.br\/nordeste\/jornadas\/2025\/wp-content\/uploads\/2025\/11\/imagem_boletim0006_FULL.jpg 1400w, https:\/\/ebp.org.br\/nordeste\/jornadas\/2025\/wp-content\/uploads\/2025\/11\/imagem_boletim0006_FULL-300x115.jpg 300w, https:\/\/ebp.org.br\/nordeste\/jornadas\/2025\/wp-content\/uploads\/2025\/11\/imagem_boletim0006_FULL-1024x392.jpg 1024w, https:\/\/ebp.org.br\/nordeste\/jornadas\/2025\/wp-content\/uploads\/2025\/11\/imagem_boletim0006_FULL-768x294.jpg 768w\" sizes=\"auto, (max-width: 1400px) 100vw, 1400px\" \/><\/span><\/em><\/p>\n<p><em><span style=\"font-size: 13px;\">por Anamaria Vasconcelos (EBP\/AMP)<\/span><\/em><br \/>\n<em><span style=\"font-size: 13px;\">Comiss\u00e3o Cient\u00edfica da V Jornada da Se\u00e7\u00e3o Nordeste<\/span><\/em><\/p>\n<p>Inicio destacando minha satisfa\u00e7\u00e3o em contribuir para esta edi\u00e7\u00e3o do boletim Baque, publica\u00e7\u00e3o que exerce papel significativo ao promover a circula\u00e7\u00e3o de reflex\u00f5es, questionamentos, transfer\u00eancias e o desejo de Escola, elementos que mobilizam a comunidade de trabalho em dire\u00e7\u00e3o \u00e0 <strong>V Jornada<\/strong> <strong>da Se\u00e7\u00e3o Nordeste<\/strong>, conforme observado por Cl\u00e1udia Formiga (EBP\/AMP), coordenadora da Comiss\u00e3o M\u00eddias, da referida jornada, na primeira edi\u00e7\u00e3o do Boletim.[\/vc_column_text][vc_row_inner css=&#8221;.vc_custom_1755085704315{padding-right: 20px !important;padding-left: 20px !important;background-color: #FFFFFF !important;}&#8221;][vc_column_inner]<a href=\"https:\/\/ebp.org.br\/nordeste\/jornadas\/2025\/editorial-boletim-baque-06\/\" class=\"vcex-button theme-button inline\"><span class=\"vcex-button-inner theme-button-inner wpex-flex wpex-flex-wrap wpex-items-center wpex-justify-center\">Leia mais<\/span><\/a> [\/vc_column_inner][\/vc_row_inner]<div class=\"vcex-module vcex-divider vcex-divider-solid vcex-divider-center wpex-mx-auto wpex-block wpex-h-0 wpex-border-b wpex-border-solid wpex-border-main\" style=\"border-color:var(--wpex-accent);\"><\/div>[vc_column_text css=&#8221;.vc_custom_1762855884319{padding-top: 30px !important;padding-right: 30px !important;padding-bottom: 30px !important;padding-left: 30px !important;background-color: #FFFFFF !important;}&#8221;]\n<h3>LIVRARIA<\/h3>\n<p><span style=\"font-size: 13px;\"><em>por Maria Cristina Maia Fernandes (EBP\/AMP)<\/em><\/span><br \/>\n<span style=\"font-size: 13px;\"><em>Coordenadora da Comiss\u00e3o de Livraria<\/em><\/span><\/p>\n<p>A <em>Livraria<\/em> de uma Jornada da Escola n\u00e3o \u00e9 apenas um espa\u00e7o de vendas. Entre plen\u00e1rias, trabalhos, discuss\u00f5es, vai-e-vem nos corredores movimentados, cafezinhos, <em>breaks<\/em>, \u00e9 um recanto que pulsa em outro ritmo, tem seu pr\u00f3prio agalma. Durante a Jornada, a <em>Livraria<\/em> funciona como um ponto de apoio. Este cuidado faz da <em>Livraria<\/em> uma extens\u00e3o natural da programa\u00e7\u00e3o e do social do momento. Os exemplares ficam expostos de forma organizada, geralmente por \u00e1reas tem\u00e1ticas ou editoras, para facilitar a busca dos visitantes e chamar cada leitor a um encontro marcado, seja pelo autor, pelo tema, pelo t\u00edtulo, por uma frase, pela contracapa, pela orelha&#8230;[\/vc_column_text][vc_row_inner css=&#8221;.vc_custom_1755085704315{padding-right: 20px !important;padding-left: 20px !important;background-color: #FFFFFF !important;}&#8221;][vc_column_inner]<a href=\"https:\/\/ebp.org.br\/nordeste\/jornadas\/2025\/livraria\/\" class=\"vcex-button theme-button inline\"><span class=\"vcex-button-inner theme-button-inner wpex-flex wpex-flex-wrap wpex-items-center wpex-justify-center\">Leia mais<\/span><\/a> [\/vc_column_inner][\/vc_row_inner]<div class=\"vcex-module vcex-divider vcex-divider-solid vcex-divider-center wpex-mx-auto wpex-block wpex-h-0 wpex-border-b wpex-border-solid wpex-border-main\" style=\"border-color:var(--wpex-accent);\"><\/div><figure class=\"vcex-image vcex-module\"><div class=\"vcex-image-inner wpex-relative wpex-inline-block\"><img width=\"1240\" height=\"161\" src=\"https:\/\/ebp.org.br\/nordeste\/jornadas\/2025\/wp-content\/uploads\/2025\/08\/BASE-BOLETIM-SITE-BOTTOM.jpg\" class=\"vcex-image-img wpex-align-middle\" alt=\"\" loading=\"lazy\" decoding=\"async\" srcset=\"https:\/\/ebp.org.br\/nordeste\/jornadas\/2025\/wp-content\/uploads\/2025\/08\/BASE-BOLETIM-SITE-BOTTOM.jpg 1240w, https:\/\/ebp.org.br\/nordeste\/jornadas\/2025\/wp-content\/uploads\/2025\/08\/BASE-BOLETIM-SITE-BOTTOM-300x39.jpg 300w, https:\/\/ebp.org.br\/nordeste\/jornadas\/2025\/wp-content\/uploads\/2025\/08\/BASE-BOLETIM-SITE-BOTTOM-1024x133.jpg 1024w, https:\/\/ebp.org.br\/nordeste\/jornadas\/2025\/wp-content\/uploads\/2025\/08\/BASE-BOLETIM-SITE-BOTTOM-768x100.jpg 768w\" sizes=\"auto, (max-width: 1240px) 100vw, 1240px\" \/><\/div><\/figure>[vc_column_text css=&#8221;.vc_custom_1755170797007{padding-top: 30px !important;padding-bottom: 30px !important;background-color: #012E33 !important;}&#8221;]\n<p style=\"text-align: center;\"><span style=\"color: #ffffff; font-size: 13px;\">Comiss\u00e3o de M\u00eddias<\/span><br \/>\n<span style=\"color: #ffffff; font-size: 13px;\">Coordena\u00e7\u00e3o: Cl\u00e1udia Formiga<\/span><br \/>\n<span style=\"color: #ffffff; font-size: 13px;\">Anderson Barbosa, Jos\u00e9 Augusto Rocha, Juliana de Castro, Kevin do \u00d3, Suele Conde, Susane Zanotti, Tatiana Schefer<\/span><\/p>\n<p style=\"text-align: center;\"><span style=\"color: #ffffff; font-size: 13px;\">Designer: Bruno Senna &#8211; sennabruno@gmail.com<\/span><\/p>\n[\/vc_column_text][\/vc_column][\/vc_row]\n<\/div>","protected":false},"excerpt":{"rendered":"<p>[vc_row][vc_column][vc_column_text css=&#8221;.vc_custom_1762855928264{padding-top: 30px !important;padding-right: 30px !important;padding-bottom: 30px !important;padding-left: 30px !important;background-color: #FFFFFF !important;}&#8221;] EDITORIAL por Anamaria Vasconcelos (EBP\/AMP) Comiss\u00e3o Cient\u00edfica da V Jornada da Se\u00e7\u00e3o Nordeste Inicio destacando minha satisfa\u00e7\u00e3o em contribuir para esta edi\u00e7\u00e3o do boletim Baque, publica\u00e7\u00e3o que exerce papel significativo ao promover a circula\u00e7\u00e3o de reflex\u00f5es, questionamentos, transfer\u00eancias e o desejo de Escola,&hellip;<\/p>\n","protected":false},"author":1,"featured_media":0,"parent":0,"menu_order":0,"comment_status":"closed","ping_status":"closed","template":"","meta":{"footnotes":""},"class_list":["post-773","page","type-page","status-publish","hentry","entry","no-media"],"_links":{"self":[{"href":"https:\/\/ebp.org.br\/nordeste\/jornadas\/2025\/wp-json\/wp\/v2\/pages\/773","targetHints":{"allow":["GET"]}}],"collection":[{"href":"https:\/\/ebp.org.br\/nordeste\/jornadas\/2025\/wp-json\/wp\/v2\/pages"}],"about":[{"href":"https:\/\/ebp.org.br\/nordeste\/jornadas\/2025\/wp-json\/wp\/v2\/types\/page"}],"author":[{"embeddable":true,"href":"https:\/\/ebp.org.br\/nordeste\/jornadas\/2025\/wp-json\/wp\/v2\/users\/1"}],"replies":[{"embeddable":true,"href":"https:\/\/ebp.org.br\/nordeste\/jornadas\/2025\/wp-json\/wp\/v2\/comments?post=773"}],"version-history":[{"count":4,"href":"https:\/\/ebp.org.br\/nordeste\/jornadas\/2025\/wp-json\/wp\/v2\/pages\/773\/revisions"}],"predecessor-version":[{"id":784,"href":"https:\/\/ebp.org.br\/nordeste\/jornadas\/2025\/wp-json\/wp\/v2\/pages\/773\/revisions\/784"}],"wp:attachment":[{"href":"https:\/\/ebp.org.br\/nordeste\/jornadas\/2025\/wp-json\/wp\/v2\/media?parent=773"}],"curies":[{"name":"wp","href":"https:\/\/api.w.org\/{rel}","templated":true}]}}