{"id":743,"date":"2025-10-24T06:01:31","date_gmt":"2025-10-24T09:01:31","guid":{"rendered":"https:\/\/ebp.org.br\/nordeste\/jornadas\/2025\/?page_id=743"},"modified":"2025-10-24T07:06:27","modified_gmt":"2025-10-24T10:06:27","slug":"boletim-baque-05","status":"publish","type":"page","link":"https:\/\/ebp.org.br\/nordeste\/jornadas\/2025\/boletim-baque-05\/","title":{"rendered":"Boletim BAQUE #05"},"content":{"rendered":"<div class=\"wpb-content-wrapper\">[vc_row][vc_column]<figure class=\"vcex-image vcex-module\"><div class=\"vcex-image-inner wpex-relative wpex-inline-block\"><img width=\"1240\" height=\"310\" src=\"https:\/\/ebp.org.br\/nordeste\/jornadas\/2025\/wp-content\/uploads\/2025\/08\/BASE-BOLETIM-SITE-TOP.jpg\" class=\"vcex-image-img wpex-align-middle\" alt=\"\" loading=\"lazy\" decoding=\"async\" srcset=\"https:\/\/ebp.org.br\/nordeste\/jornadas\/2025\/wp-content\/uploads\/2025\/08\/BASE-BOLETIM-SITE-TOP.jpg 1240w, https:\/\/ebp.org.br\/nordeste\/jornadas\/2025\/wp-content\/uploads\/2025\/08\/BASE-BOLETIM-SITE-TOP-300x75.jpg 300w, https:\/\/ebp.org.br\/nordeste\/jornadas\/2025\/wp-content\/uploads\/2025\/08\/BASE-BOLETIM-SITE-TOP-1024x256.jpg 1024w, https:\/\/ebp.org.br\/nordeste\/jornadas\/2025\/wp-content\/uploads\/2025\/08\/BASE-BOLETIM-SITE-TOP-768x192.jpg 768w\" sizes=\"auto, (max-width: 1240px) 100vw, 1240px\" \/><\/div><\/figure>[vc_column_text css=&#8221;.vc_custom_1761296524519{padding-top: 30px !important;padding-right: 30px !important;padding-bottom: 30px !important;padding-left: 30px !important;background-color: #FFFFFF !important;}&#8221;]\n<h3>EDITORIAL<\/h3>\n<p><span style=\"font-size: 13px;\"><em>por Bibiana Poggi (EBP\/AMP)<br \/>\nCoordenadora Geral da V Jornada da Se\u00e7\u00e3o Nordeste<\/em><\/span><\/p>\n<div id=\"bannerL\">\n<div id=\"div-gpt-ad-1474537762122-2\" data-google-query-id=\"CJfgofS9t_ACFTIG1AodxucDgQ\">\n<div id=\"google_ads_iframe_\/15188745\/Lipsum-Unit3_0__container__\">De volta ao Recife, capital de Pernambuco, a <strong>V Jornada\u00a0<\/strong>da Se\u00e7\u00e3o Nordeste da Escola Brasileira de Psican\u00e1lise se deixa acolher pela brisa do mar, pelos sons que nela habitam, pela \u00e1gua dos rios e do mar e por uma luz que lhe \u00e9 pr\u00f3pria.<\/div>\n<\/div>\n<\/div>\n[\/vc_column_text][vc_row_inner css=&#8221;.vc_custom_1755085704315{padding-right: 20px !important;padding-left: 20px !important;background-color: #FFFFFF !important;}&#8221;][vc_column_inner]<a href=\"https:\/\/ebp.org.br\/nordeste\/jornadas\/2025\/editorial-boletim-baque-05\/\" class=\"vcex-button theme-button inline\"><span class=\"vcex-button-inner theme-button-inner wpex-flex wpex-flex-wrap wpex-items-center wpex-justify-center\">Leia mais<\/span><\/a> [\/vc_column_inner][\/vc_row_inner]<div class=\"vcex-module vcex-divider vcex-divider-solid vcex-divider-center wpex-mx-auto wpex-block wpex-h-0 wpex-border-b wpex-border-solid wpex-border-main\" style=\"border-color:var(--wpex-accent);\"><\/div>[vc_column_text css=&#8221;.vc_custom_1761296555562{padding-top: 30px !important;padding-right: 30px !important;padding-bottom: 30px !important;padding-left: 30px !important;background-color: #FFFFFF !important;}&#8221;]\n<h3>ACOLHIMENTO<\/h3>\n<p><span style=\"font-size: 13px;\"><em>por K\u00e9sia Ramos (EBP\/AMP)<br \/>\nCoordenadora da Comiss\u00e3o de Infraestrutura<\/em><\/span><\/p>\n<p>Recife, cidade de encontros entre o mar e o mangue, tradi\u00e7\u00e3o e inven\u00e7\u00e3o, acolhe neste ano a\u00a0<strong>V Jornada<\/strong>\u00a0da Se\u00e7\u00e3o Nordeste. O pr\u00f3prio nome da cidade j\u00e1 anuncia sua geografia: \u201cRecife\u201d vem de \u201carrecife\u201d, refer\u00eancia \u00e0s forma\u00e7\u00f5es de pedras e corais que se estendem pela costa, protegendo a orla e formando as piscinas naturais que encantam quem chega. Desde os primeiros registros coloniais, quando ainda era chamada de\u00a0<em>Ribeira de Mar dos Arrecifes<\/em>, a capital pernambucana inscreve em sua designa\u00e7\u00e3o a mem\u00f3ria do mar e a for\u00e7a da hist\u00f3ria.[\/vc_column_text][vc_row_inner css=&#8221;.vc_custom_1755085704315{padding-right: 20px !important;padding-left: 20px !important;background-color: #FFFFFF !important;}&#8221;][vc_column_inner]<a href=\"https:\/\/ebp.org.br\/nordeste\/jornadas\/2025\/recife-cenario-da-v-jornada-da-secao-nordeste\/\" class=\"vcex-button theme-button inline\"><span class=\"vcex-button-inner theme-button-inner wpex-flex wpex-flex-wrap wpex-items-center wpex-justify-center\">Leia mais<\/span><\/a> [\/vc_column_inner][\/vc_row_inner]<div class=\"vcex-module vcex-divider vcex-divider-solid vcex-divider-center wpex-mx-auto wpex-block wpex-h-0 wpex-border-b wpex-border-solid wpex-border-main\" style=\"border-color:var(--wpex-accent);\"><\/div>[vc_row_inner css=&#8221;.vc_custom_1755085704315{padding-right: 20px !important;padding-left: 20px !important;background-color: #FFFFFF !important;}&#8221;][vc_column_inner]<div class=\"vcex-spacing wpex-w-100 wpex-clear\" style=\"height:50px;\"><\/div><figure class=\"vcex-image vcex-module wpex-text-center\"><div class=\"vcex-image-inner wpex-relative wpex-inline-block\"><img width=\"650\" height=\"813\" src=\"https:\/\/ebp.org.br\/nordeste\/jornadas\/2025\/wp-content\/uploads\/2025\/10\/cartaz_festa_boletim-1.png\" class=\"vcex-image-img wpex-align-middle\" alt=\"\" loading=\"lazy\" decoding=\"async\" srcset=\"https:\/\/ebp.org.br\/nordeste\/jornadas\/2025\/wp-content\/uploads\/2025\/10\/cartaz_festa_boletim-1.png 650w, https:\/\/ebp.org.br\/nordeste\/jornadas\/2025\/wp-content\/uploads\/2025\/10\/cartaz_festa_boletim-1-240x300.png 240w\" sizes=\"auto, (max-width: 650px) 100vw, 650px\" \/><\/div><\/figure>[\/vc_column_inner][\/vc_row_inner][vc_column_text css=&#8221;.vc_custom_1761296649977{padding-top: 30px !important;padding-right: 30px !important;padding-bottom: 30px !important;padding-left: 30px !important;background-color: #FFFFFF !important;}&#8221;]\n<h3>FESTA<\/h3>\n<p><span style=\"font-size: 13px;\"><em>por K\u00e9sia Ramos (EBP\/AMP)<br \/>\nCoordenadora da Comiss\u00e3o de Infraestrutura<\/em><\/span><\/p>\n<p>No ritmo da\u00a0<strong>V Jornada<\/strong>\u00a0da Se\u00e7\u00e3o Nordeste, entra em cena um significante:\u00a0<strong><em>aBalada<\/em><\/strong>. Ele desliza em suas resson\u00e2ncias \u2014 abalar, balada, embalar \u2014, e cada um que escuta j\u00e1 se move um pouco com a sonoridade do trocadilho. \u00c9 nesse\u00a0<em>beat<\/em>\u00a0que chegamos \u00e0 festa:\u00a0<strong><em>aBalada do Trauma<\/em><\/strong>.[\/vc_column_text][vc_row_inner css=&#8221;.vc_custom_1755085704315{padding-right: 20px !important;padding-left: 20px !important;background-color: #FFFFFF !important;}&#8221;][vc_column_inner]<a href=\"https:\/\/ebp.org.br\/nordeste\/jornadas\/2025\/acolhimento\/festa\/\" class=\"vcex-button theme-button inline\"><span class=\"vcex-button-inner theme-button-inner wpex-flex wpex-flex-wrap wpex-items-center wpex-justify-center\">Leia mais<\/span><\/a> [\/vc_column_inner][\/vc_row_inner][vc_row_inner css=&#8221;.vc_custom_1755085704315{padding-right: 20px !important;padding-left: 20px !important;background-color: #FFFFFF !important;}&#8221;][vc_column_inner]<figure class=\"vcex-image vcex-module wpex-text-center\"><div class=\"vcex-image-inner wpex-relative wpex-inline-block\"><a href=\"https:\/\/youtu.be\/S2bZ22K8Y4g\"><img width=\"650\" height=\"366\" src=\"https:\/\/ebp.org.br\/nordeste\/jornadas\/2025\/wp-content\/uploads\/2025\/10\/thumb_festa.jpg\" class=\"vcex-image-img wpex-align-middle\" alt=\"\" loading=\"lazy\" decoding=\"async\" srcset=\"https:\/\/ebp.org.br\/nordeste\/jornadas\/2025\/wp-content\/uploads\/2025\/10\/thumb_festa.jpg 650w, https:\/\/ebp.org.br\/nordeste\/jornadas\/2025\/wp-content\/uploads\/2025\/10\/thumb_festa-300x169.jpg 300w\" sizes=\"auto, (max-width: 650px) 100vw, 650px\" \/><\/a><\/div><\/figure>[\/vc_column_inner][\/vc_row_inner]<div class=\"vcex-module vcex-divider vcex-divider-solid vcex-divider-center wpex-mx-auto wpex-block wpex-h-0 wpex-border-b wpex-border-solid wpex-border-main\" style=\"border-color:var(--wpex-accent);\"><\/div><figure class=\"vcex-image vcex-module\"><div class=\"vcex-image-inner wpex-relative wpex-inline-block\"><img width=\"1240\" height=\"161\" src=\"https:\/\/ebp.org.br\/nordeste\/jornadas\/2025\/wp-content\/uploads\/2025\/08\/BASE-BOLETIM-SITE-BOTTOM.jpg\" class=\"vcex-image-img wpex-align-middle\" alt=\"\" loading=\"lazy\" decoding=\"async\" srcset=\"https:\/\/ebp.org.br\/nordeste\/jornadas\/2025\/wp-content\/uploads\/2025\/08\/BASE-BOLETIM-SITE-BOTTOM.jpg 1240w, https:\/\/ebp.org.br\/nordeste\/jornadas\/2025\/wp-content\/uploads\/2025\/08\/BASE-BOLETIM-SITE-BOTTOM-300x39.jpg 300w, https:\/\/ebp.org.br\/nordeste\/jornadas\/2025\/wp-content\/uploads\/2025\/08\/BASE-BOLETIM-SITE-BOTTOM-1024x133.jpg 1024w, https:\/\/ebp.org.br\/nordeste\/jornadas\/2025\/wp-content\/uploads\/2025\/08\/BASE-BOLETIM-SITE-BOTTOM-768x100.jpg 768w\" sizes=\"auto, (max-width: 1240px) 100vw, 1240px\" \/><\/div><\/figure>[vc_column_text css=&#8221;.vc_custom_1755170797007{padding-top: 30px !important;padding-bottom: 30px !important;background-color: #012E33 !important;}&#8221;]\n<p style=\"text-align: center;\"><span style=\"color: #ffffff; font-size: 13px;\">Comiss\u00e3o de M\u00eddias<\/span><br \/>\n<span style=\"color: #ffffff; font-size: 13px;\">Coordena\u00e7\u00e3o: Cl\u00e1udia Formiga<\/span><br \/>\n<span style=\"color: #ffffff; font-size: 13px;\">Anderson Barbosa, Jos\u00e9 Augusto Rocha, Juliana de Castro, Kevin do \u00d3, Suele Conde, Susane Zanotti, Tatiana Schefer<\/span><\/p>\n<p style=\"text-align: center;\"><span style=\"color: #ffffff; font-size: 13px;\">Designer: Bruno Senna &#8211; sennabruno@gmail.com<\/span><\/p>\n[\/vc_column_text][\/vc_column][\/vc_row]\n<\/div>","protected":false},"excerpt":{"rendered":"<p>[vc_row][vc_column][vc_column_text css=&#8221;.vc_custom_1761296524519{padding-top: 30px !important;padding-right: 30px !important;padding-bottom: 30px !important;padding-left: 30px !important;background-color: #FFFFFF !important;}&#8221;] EDITORIAL por Bibiana Poggi (EBP\/AMP) Coordenadora Geral da V Jornada da Se\u00e7\u00e3o Nordeste De volta ao Recife, capital de Pernambuco, a V Jornada\u00a0da Se\u00e7\u00e3o Nordeste da Escola Brasileira de Psican\u00e1lise se deixa acolher pela brisa do mar, pelos sons que nela habitam, pela&hellip;<\/p>\n","protected":false},"author":1,"featured_media":0,"parent":0,"menu_order":0,"comment_status":"closed","ping_status":"closed","template":"","meta":{"footnotes":""},"class_list":["post-743","page","type-page","status-publish","hentry","entry","no-media"],"_links":{"self":[{"href":"https:\/\/ebp.org.br\/nordeste\/jornadas\/2025\/wp-json\/wp\/v2\/pages\/743","targetHints":{"allow":["GET"]}}],"collection":[{"href":"https:\/\/ebp.org.br\/nordeste\/jornadas\/2025\/wp-json\/wp\/v2\/pages"}],"about":[{"href":"https:\/\/ebp.org.br\/nordeste\/jornadas\/2025\/wp-json\/wp\/v2\/types\/page"}],"author":[{"embeddable":true,"href":"https:\/\/ebp.org.br\/nordeste\/jornadas\/2025\/wp-json\/wp\/v2\/users\/1"}],"replies":[{"embeddable":true,"href":"https:\/\/ebp.org.br\/nordeste\/jornadas\/2025\/wp-json\/wp\/v2\/comments?post=743"}],"version-history":[{"count":7,"href":"https:\/\/ebp.org.br\/nordeste\/jornadas\/2025\/wp-json\/wp\/v2\/pages\/743\/revisions"}],"predecessor-version":[{"id":751,"href":"https:\/\/ebp.org.br\/nordeste\/jornadas\/2025\/wp-json\/wp\/v2\/pages\/743\/revisions\/751"}],"wp:attachment":[{"href":"https:\/\/ebp.org.br\/nordeste\/jornadas\/2025\/wp-json\/wp\/v2\/media?parent=743"}],"curies":[{"name":"wp","href":"https:\/\/api.w.org\/{rel}","templated":true}]}}