{"id":704,"date":"2025-10-13T07:03:49","date_gmt":"2025-10-13T10:03:49","guid":{"rendered":"https:\/\/ebp.org.br\/nordeste\/jornadas\/2025\/?page_id=704"},"modified":"2025-10-22T11:32:29","modified_gmt":"2025-10-22T14:32:29","slug":"boletim-baque-04","status":"publish","type":"page","link":"https:\/\/ebp.org.br\/nordeste\/jornadas\/2025\/boletim-baque-04\/","title":{"rendered":"Boletim BAQUE #04"},"content":{"rendered":"<div class=\"wpb-content-wrapper\">[vc_row][vc_column]<figure class=\"vcex-image vcex-module\"><div class=\"vcex-image-inner wpex-relative wpex-inline-block\"><img width=\"1240\" height=\"310\" src=\"https:\/\/ebp.org.br\/nordeste\/jornadas\/2025\/wp-content\/uploads\/2025\/08\/BASE-BOLETIM-SITE-TOP.jpg\" class=\"vcex-image-img wpex-align-middle\" alt=\"\" loading=\"lazy\" decoding=\"async\" srcset=\"https:\/\/ebp.org.br\/nordeste\/jornadas\/2025\/wp-content\/uploads\/2025\/08\/BASE-BOLETIM-SITE-TOP.jpg 1240w, https:\/\/ebp.org.br\/nordeste\/jornadas\/2025\/wp-content\/uploads\/2025\/08\/BASE-BOLETIM-SITE-TOP-300x75.jpg 300w, https:\/\/ebp.org.br\/nordeste\/jornadas\/2025\/wp-content\/uploads\/2025\/08\/BASE-BOLETIM-SITE-TOP-1024x256.jpg 1024w, https:\/\/ebp.org.br\/nordeste\/jornadas\/2025\/wp-content\/uploads\/2025\/08\/BASE-BOLETIM-SITE-TOP-768x192.jpg 768w\" sizes=\"auto, (max-width: 1240px) 100vw, 1240px\" \/><\/div><\/figure>[vc_column_text css=&#8221;.vc_custom_1760349963582{padding-top: 30px !important;padding-right: 30px !important;padding-bottom: 30px !important;padding-left: 30px !important;background-color: #FFFFFF !important;}&#8221;]\n<h3>EDITORIAL<\/h3>\n<p><span style=\"font-size: 13px;\"><em>por Margarida Assad (EBP\/AMP)<\/em><\/span><\/p>\n<div id=\"bannerL\">\n<div id=\"div-gpt-ad-1474537762122-2\" data-google-query-id=\"CJfgofS9t_ACFTIG1AodxucDgQ\">\n<div id=\"google_ads_iframe_\/15188745\/Lipsum-Unit3_0__container__\">Neste Boletim chegamos ao terceiro e \u00faltimo dos tr\u00eas Eixos de trabalho da\u00a0<strong>V Jornada da Se\u00e7\u00e3o Nordeste<\/strong>. Chegamos com entusiasmo e o desejo decidido pelo que ir\u00e1 ocorrer nos dias 5 e 6 de dezembro. Certamente ela ir\u00e1 refletir o trabalho realizado pela Se\u00e7\u00e3o durante este ano, em torno do Trauma, tema escolhido pela Comiss\u00e3o Cient\u00edfica.<\/div>\n<\/div>\n<\/div>\n[\/vc_column_text][vc_row_inner css=&#8221;.vc_custom_1755085704315{padding-right: 20px !important;padding-left: 20px !important;background-color: #FFFFFF !important;}&#8221;][vc_column_inner]<a href=\"https:\/\/ebp.org.br\/nordeste\/jornadas\/2025\/editorial-boletim-baque-04\/\" class=\"vcex-button theme-button inline\"><span class=\"vcex-button-inner theme-button-inner wpex-flex wpex-flex-wrap wpex-items-center wpex-justify-center\">Leia mais<\/span><\/a> [\/vc_column_inner][\/vc_row_inner]<div class=\"vcex-module vcex-divider vcex-divider-solid vcex-divider-center wpex-mx-auto wpex-block wpex-h-0 wpex-border-b wpex-border-solid wpex-border-main\" style=\"border-color:var(--wpex-accent);\"><\/div>[vc_column_text css=&#8221;.vc_custom_1760349984275{padding-top: 30px !important;padding-right: 30px !important;padding-bottom: 30px !important;padding-left: 30px !important;background-color: #FFFFFF !important;}&#8221;]\n<h3>EIXO 3 &#8211; ANALISTA TRAUMA<\/h3>\n<p><span style=\"font-size: 13px;\">Cartelizantes: Cleide Monteiro (EBP\/AMP), S\u00edlvia Gusm\u00e3o, Roberta Gusm\u00e3o e Rosemarie Moneyham. Mais-um: Luc\u00edola Macedo (EBP\/AMP &#8211; Se\u00e7\u00e3o MG)<\/span><\/p>\n<p>Esse eixo pretende tocar a especificidade do trabalho do psicanalista e sua rela\u00e7\u00e3o com o trauma \u2013 como n\u00e3o perder de vista a dimens\u00e3o do\u00a0<em>trou<\/em>\u00a0frente \u00e0s in\u00fameras demandas pela restitui\u00e7\u00e3o do sentido que proliferam na \u00e9poca atual? Qual a rela\u00e7\u00e3o entre a posi\u00e7\u00e3o do analista e a dimens\u00e3o da perda? Quais as incid\u00eancias do analista trauma na pr\u00e1tica daqueles que exercem a psican\u00e1lise? Abrimos espa\u00e7o para recolher o manejo frente \u00e0s s\u00edndromes da \u00e9poca atual: estresse p\u00f3s-traum\u00e1tico; p\u00e2nico; crises de ansiedade;\u00a0<em>burnout<\/em>; psicoses extraordin\u00e1rias e ordin\u00e1rias, entre outras manifesta\u00e7\u00f5es do traum\u00e1tico. Como ir al\u00e9m da inje\u00e7\u00e3o de sentido, rastreando o caminho pulsional?[\/vc_column_text][vc_column_text css=&#8221;.vc_custom_1760349996382{padding-top: 30px !important;padding-right: 30px !important;padding-bottom: 30px !important;padding-left: 30px !important;background-color: #FFFFFF !important;}&#8221;]<strong>ANALISTA TRAUMA<\/strong><\/p>\n<p><span style=\"font-size: 13px;\">Cartel respons\u00e1vel: Cleide Monteiro (EBP\/AMP), S\u00edlvia Gusm\u00e3o, Roberta Gusm\u00e3o, Rosemarie Mooneyham. Mais-Um: Luc\u00edola Macedo (EBP\/AMP \u2013 Se\u00e7\u00e3o Minas).<\/span><\/p>\n<p>A partir das orienta\u00e7\u00f5es da Comiss\u00e3o Cient\u00edfica para o Eixo Tr\u00eas, dedicado \u00e0 quest\u00e3o do analista trauma, cada componente, seguindo a l\u00f3gica de cartel, escolheu abordar um aspecto a partir do ponto que o provocou. Luc\u00edola Macedo, na fun\u00e7\u00e3o de Mais-um, ap\u00f3s as considera\u00e7\u00f5es de cada cartelizante, faz algumas pontua\u00e7\u00f5es e lan\u00e7a quest\u00f5es para o debate ocorrido na preparat\u00f3ria do Eixo 3, em 2 de setembro.[\/vc_column_text][vc_row_inner css=&#8221;.vc_custom_1755085704315{padding-right: 20px !important;padding-left: 20px !important;background-color: #FFFFFF !important;}&#8221;][vc_column_inner]<a href=\"https:\/\/ebp.org.br\/nordeste\/jornadas\/2025\/analista-trauma\/\" class=\"vcex-button theme-button inline\"><span class=\"vcex-button-inner theme-button-inner wpex-flex wpex-flex-wrap wpex-items-center wpex-justify-center\">Leia mais<\/span><\/a> [\/vc_column_inner][\/vc_row_inner]<div class=\"vcex-module vcex-divider vcex-divider-solid vcex-divider-center wpex-mx-auto wpex-block wpex-h-0 wpex-border-b wpex-border-solid wpex-border-main\" style=\"border-color:var(--wpex-accent);\"><\/div>[vc_column_text css=&#8221;.vc_custom_1758913437898{padding-top: 30px !important;padding-right: 30px !important;padding-bottom: 30px !important;padding-left: 30px !important;background-color: #FFFFFF !important;}&#8221;]\n<h3>IMPACTOS<\/h3>\n[\/vc_column_text][vc_column_text css=&#8221;.vc_custom_1760350021477{padding-top: 30px !important;padding-right: 30px !important;padding-bottom: 30px !important;padding-left: 30px !important;background-color: #FFFFFF !important;}&#8221;]<span style=\"font-size: 13px;\">por Juliana de Castro<\/span><br \/>\n<span style=\"font-size: 13px;\">Da Comiss\u00e3o de M\u00eddias<\/span><\/p>\n<p>Nesta edi\u00e7\u00e3o, apresentamos as impress\u00f5es de Fernanda Vasconcelos, Ana Aparecida Rocha e Suele Conde de sua participa\u00e7\u00e3o na Atividade Preparat\u00f3ria do Eixo 3:\u00a0<strong><em>Analista-trauma<\/em><\/strong>.[\/vc_column_text][vc_row_inner css=&#8221;.vc_custom_1755085704315{padding-right: 20px !important;padding-left: 20px !important;background-color: #FFFFFF !important;}&#8221;][vc_column_inner]<a href=\"https:\/\/ebp.org.br\/nordeste\/jornadas\/2025\/impactos-4\/\" class=\"vcex-button theme-button inline\"><span class=\"vcex-button-inner theme-button-inner wpex-flex wpex-flex-wrap wpex-items-center wpex-justify-center\">Leia mais<\/span><\/a> [\/vc_column_inner][\/vc_row_inner]<div class=\"vcex-module vcex-divider vcex-divider-solid vcex-divider-center wpex-mx-auto wpex-block wpex-h-0 wpex-border-b wpex-border-solid wpex-border-main\" style=\"border-color:var(--wpex-accent);\"><\/div>[vc_column_text css=&#8221;.vc_custom_1760350051883{padding-top: 30px !important;padding-right: 30px !important;padding-bottom: 30px !important;padding-left: 30px !important;background-color: #FFFFFF !important;}&#8221;]\n<h3>MARCAS<\/h3>\n[\/vc_column_text][vc_column_text css=&#8221;.vc_custom_1760350064446{padding-top: 30px !important;padding-right: 30px !important;padding-bottom: 30px !important;padding-left: 30px !important;background-color: #FFFFFF !important;}&#8221;]<span style=\"font-size: 13px;\">por Cl\u00e1udia Formiga (EBP\/AMP)<\/span><br \/>\n<span style=\"font-size: 13px;\">Coordenadora da Comiss\u00e3o de M\u00eddias<\/span><\/p>\n<p>Trauma \u00e9 tra\u00e7o, rasura. O que n\u00e3o se apaga do encontro com o real e que, em uma an\u00e1lise, se recolhe como marca.<br \/>\nEsta rubrica se destina a acolher refer\u00eancias comentadas por colegas membros da EBP\/AMP, bem como as marcas deixadas por sua leitura.<\/p>\n<p>Neste n\u00famero, tr\u00eas cita\u00e7\u00f5es garimpadas em Lacan no di\u00e1logo com os tr\u00eas Eixos de nossa Jornada, encontram o tra\u00e7o singular das colegas Karynna N\u00f3brega, Gisella Lopes e L\u00eddia Pessoa, que se deixaram tocar pelo texto e a partir dele se colocaram a trabalho.[\/vc_column_text][vc_row_inner css=&#8221;.vc_custom_1755085704315{padding-right: 20px !important;padding-left: 20px !important;background-color: #FFFFFF !important;}&#8221;][vc_column_inner]<a href=\"https:\/\/ebp.org.br\/nordeste\/jornadas\/2025\/marcas\/\" class=\"vcex-button theme-button inline\"><span class=\"vcex-button-inner theme-button-inner wpex-flex wpex-flex-wrap wpex-items-center wpex-justify-center\">Leia mais<\/span><\/a> [\/vc_column_inner][\/vc_row_inner]<div class=\"vcex-module vcex-divider vcex-divider-solid vcex-divider-center wpex-mx-auto wpex-block wpex-h-0 wpex-border-b wpex-border-solid wpex-border-main\" style=\"border-color:var(--wpex-accent);\"><\/div>[vc_column_text css=&#8221;.vc_custom_1760350100652{padding-top: 30px !important;padding-right: 30px !important;padding-bottom: 30px !important;padding-left: 30px !important;background-color: #FFFFFF !important;}&#8221;]\n<h3>REFER\u00caNCIAS BIBLIOGR\u00c1FICAS<\/h3>\n[\/vc_column_text][vc_column_text css=&#8221;.vc_custom_1761143546944{padding-top: 30px !important;padding-right: 30px !important;padding-bottom: 30px !important;padding-left: 30px !important;background-color: #FFFFFF !important;}&#8221;]<span style=\"font-size: 13px;\">por Jos\u00e9 Carlos Lapenda (EBP\/AMP)<\/span><br \/>\n<span style=\"font-size: 13px;\">Coordenador da Comiss\u00e3o de Refer\u00eancias Bibliogr\u00e1ficas<\/span><\/p>\n<p>Neste n\u00famero, temos o resultado do trabalho da equipe que quase perdeu os prazos \u2014 acreditem \u2014 pelo entusiasmo com que todos se puseram a recolher trechos inteiros, at\u00e9 dar-se conta de ser preciso acomodar as refer\u00eancias dos Eixos a listas adequadas aos espa\u00e7os de divulga\u00e7\u00e3o. Pena, mas o desejo nunca se perde e o esfor\u00e7o ser\u00e1 aproveitado nos trabalhos que se inscrever\u00e3o para a Jornada.<\/p>\n<p>A Equipe de Refer\u00eancias foi composta por seis colegas: Eliene Rodrigues de Lima, Erick Leonardo Pereira, Jos\u00e9 Ronaldo de Paulo, Liana Feldman, Marina Vasconcelos e Romero Ouriques, que se dividiram em duplas para cada Eixo.![\/vc_column_text][vc_row_inner css=&#8221;.vc_custom_1755085704315{padding-right: 20px !important;padding-left: 20px !important;background-color: #FFFFFF !important;}&#8221;][vc_column_inner width=&#8221;1\/3&#8243;]<a href=\"https:\/\/ebp.org.br\/nordeste\/jornadas\/2025\/referencias-bibliograficas-eixo-1\/\" class=\"vcex-button theme-button inline\"><span class=\"vcex-button-inner theme-button-inner wpex-flex wpex-flex-wrap wpex-items-center wpex-justify-center\">EIXO 1<\/span><\/a> [\/vc_column_inner][vc_column_inner width=&#8221;1\/3&#8243;]<a href=\"https:\/\/ebp.org.br\/nordeste\/jornadas\/2025\/referencias-bibliograficas-eixo-2\/\" class=\"vcex-button theme-button inline\"><span class=\"vcex-button-inner theme-button-inner wpex-flex wpex-flex-wrap wpex-items-center wpex-justify-center\">EIXO 2<\/span><\/a> [\/vc_column_inner][vc_column_inner width=&#8221;1\/3&#8243;]<a href=\"https:\/\/ebp.org.br\/nordeste\/jornadas\/2025\/referencias-bibliograficas-eixo-3\/\" class=\"vcex-button theme-button inline\"><span class=\"vcex-button-inner theme-button-inner wpex-flex wpex-flex-wrap wpex-items-center wpex-justify-center\">EIXO 3<\/span><\/a> [\/vc_column_inner][\/vc_row_inner]<div class=\"vcex-module vcex-divider vcex-divider-solid vcex-divider-center wpex-mx-auto wpex-block wpex-h-0 wpex-border-b wpex-border-solid wpex-border-main\" style=\"border-color:var(--wpex-accent);\"><\/div>[vc_column_text css=&#8221;.vc_custom_1758913527249{padding-top: 30px !important;padding-right: 30px !important;padding-bottom: 30px !important;padding-left: 30px !important;background-color: #FFFFFF !important;}&#8221;]\n<h3>TraumArte<\/h3>\n[\/vc_column_text][vc_column_text css=&#8221;.vc_custom_1760350197348{padding-top: 30px !important;padding-right: 30px !important;padding-bottom: 30px !important;padding-left: 30px !important;background-color: #FFFFFF !important;}&#8221;]<span style=\"font-size: 13px;\">por Jos\u00e9 Augusto Rocha<\/span><\/p>\n<div id=\"bannerL2\">\n<div id=\"div-gpt-ad-1474537762122-\" data-google-query-id=\"CJfgofS9t_ACFTIG1AodxucDgQ\">\n<div id=\"google_ads_iframe_\/15188745\/Lipsum-Unit3_0__container__2\"><em>O C\u00e9u da L\u00edngua<\/em>\u00a0\u2014 pe\u00e7a escrita e encenada por Greg\u00f3rio Duvivier \u2014 \u00e9 uma ode \u00e0 l\u00edngua e ao nosso esfor\u00e7o herc\u00faleo de nomear as coisas. Desde o\u00a0<em>Cr\u00e1tilo<\/em>, di\u00e1logo socr\u00e1tico, est\u00e1 em jogo por que as coisas t\u00eam o nome que t\u00eam. \u00c9 um tantinho c\u00f4mico assistir que tal esfor\u00e7o se traduz em produzir equ\u00edvocos entre os falantes.<\/div>\n<\/div>\n<\/div>\n[\/vc_column_text][vc_row_inner css=&#8221;.vc_custom_1755085704315{padding-right: 20px !important;padding-left: 20px !important;background-color: #FFFFFF !important;}&#8221;][vc_column_inner]<a href=\"https:\/\/ebp.org.br\/nordeste\/jornadas\/2025\/traumarte-3\/\" class=\"vcex-button theme-button inline\"><span class=\"vcex-button-inner theme-button-inner wpex-flex wpex-flex-wrap wpex-items-center wpex-justify-center\">Leia mais<\/span><\/a> [\/vc_column_inner][\/vc_row_inner]<div class=\"vcex-module vcex-divider vcex-divider-solid vcex-divider-center wpex-mx-auto wpex-block wpex-h-0 wpex-border-b wpex-border-solid wpex-border-main\" style=\"border-color:var(--wpex-accent);\"><\/div><figure class=\"vcex-image vcex-module\"><div class=\"vcex-image-inner wpex-relative wpex-inline-block\"><img width=\"1240\" height=\"161\" src=\"https:\/\/ebp.org.br\/nordeste\/jornadas\/2025\/wp-content\/uploads\/2025\/08\/BASE-BOLETIM-SITE-BOTTOM.jpg\" class=\"vcex-image-img wpex-align-middle\" alt=\"\" loading=\"lazy\" decoding=\"async\" srcset=\"https:\/\/ebp.org.br\/nordeste\/jornadas\/2025\/wp-content\/uploads\/2025\/08\/BASE-BOLETIM-SITE-BOTTOM.jpg 1240w, https:\/\/ebp.org.br\/nordeste\/jornadas\/2025\/wp-content\/uploads\/2025\/08\/BASE-BOLETIM-SITE-BOTTOM-300x39.jpg 300w, https:\/\/ebp.org.br\/nordeste\/jornadas\/2025\/wp-content\/uploads\/2025\/08\/BASE-BOLETIM-SITE-BOTTOM-1024x133.jpg 1024w, https:\/\/ebp.org.br\/nordeste\/jornadas\/2025\/wp-content\/uploads\/2025\/08\/BASE-BOLETIM-SITE-BOTTOM-768x100.jpg 768w\" sizes=\"auto, (max-width: 1240px) 100vw, 1240px\" \/><\/div><\/figure>[vc_column_text css=&#8221;.vc_custom_1755170797007{padding-top: 30px !important;padding-bottom: 30px !important;background-color: #012E33 !important;}&#8221;]\n<p style=\"text-align: center;\"><span style=\"color: #ffffff; font-size: 13px;\">Comiss\u00e3o de M\u00eddias<\/span><br \/>\n<span style=\"color: #ffffff; font-size: 13px;\">Coordena\u00e7\u00e3o: Cl\u00e1udia Formiga<\/span><br \/>\n<span style=\"color: #ffffff; font-size: 13px;\">Anderson Barbosa, Jos\u00e9 Augusto Rocha, Juliana de Castro, Kevin do \u00d3, Suele Conde, Susane Zanotti, Tatiana Schefer<\/span><\/p>\n<p style=\"text-align: center;\"><span style=\"color: #ffffff; font-size: 13px;\">Designer: Bruno Senna &#8211; sennabruno@gmail.com<\/span><\/p>\n[\/vc_column_text][\/vc_column][\/vc_row]\n<\/div>","protected":false},"excerpt":{"rendered":"<p>[vc_row][vc_column][vc_column_text css=&#8221;.vc_custom_1760349963582{padding-top: 30px !important;padding-right: 30px !important;padding-bottom: 30px !important;padding-left: 30px !important;background-color: #FFFFFF !important;}&#8221;] EDITORIAL por Margarida Assad (EBP\/AMP) Neste Boletim chegamos ao terceiro e \u00faltimo dos tr\u00eas Eixos de trabalho da\u00a0V Jornada da Se\u00e7\u00e3o Nordeste. Chegamos com entusiasmo e o desejo decidido pelo que ir\u00e1 ocorrer nos dias 5 e 6 de dezembro. Certamente ela ir\u00e1&hellip;<\/p>\n","protected":false},"author":1,"featured_media":0,"parent":0,"menu_order":0,"comment_status":"closed","ping_status":"closed","template":"","meta":{"footnotes":""},"class_list":["post-704","page","type-page","status-publish","hentry","entry","no-media"],"_links":{"self":[{"href":"https:\/\/ebp.org.br\/nordeste\/jornadas\/2025\/wp-json\/wp\/v2\/pages\/704","targetHints":{"allow":["GET"]}}],"collection":[{"href":"https:\/\/ebp.org.br\/nordeste\/jornadas\/2025\/wp-json\/wp\/v2\/pages"}],"about":[{"href":"https:\/\/ebp.org.br\/nordeste\/jornadas\/2025\/wp-json\/wp\/v2\/types\/page"}],"author":[{"embeddable":true,"href":"https:\/\/ebp.org.br\/nordeste\/jornadas\/2025\/wp-json\/wp\/v2\/users\/1"}],"replies":[{"embeddable":true,"href":"https:\/\/ebp.org.br\/nordeste\/jornadas\/2025\/wp-json\/wp\/v2\/comments?post=704"}],"version-history":[{"count":5,"href":"https:\/\/ebp.org.br\/nordeste\/jornadas\/2025\/wp-json\/wp\/v2\/pages\/704\/revisions"}],"predecessor-version":[{"id":722,"href":"https:\/\/ebp.org.br\/nordeste\/jornadas\/2025\/wp-json\/wp\/v2\/pages\/704\/revisions\/722"}],"wp:attachment":[{"href":"https:\/\/ebp.org.br\/nordeste\/jornadas\/2025\/wp-json\/wp\/v2\/media?parent=704"}],"curies":[{"name":"wp","href":"https:\/\/api.w.org\/{rel}","templated":true}]}}