{"id":640,"date":"2025-09-26T16:00:25","date_gmt":"2025-09-26T19:00:25","guid":{"rendered":"https:\/\/ebp.org.br\/nordeste\/jornadas\/2025\/?page_id=640"},"modified":"2025-10-01T08:35:10","modified_gmt":"2025-10-01T11:35:10","slug":"boletim-baque-03","status":"publish","type":"page","link":"https:\/\/ebp.org.br\/nordeste\/jornadas\/2025\/boletim-baque-03\/","title":{"rendered":"Boletim BAQUE #03"},"content":{"rendered":"<div class=\"wpb-content-wrapper\">[vc_row][vc_column]<figure class=\"vcex-image vcex-module\"><div class=\"vcex-image-inner wpex-relative wpex-inline-block\"><img width=\"1240\" height=\"310\" src=\"https:\/\/ebp.org.br\/nordeste\/jornadas\/2025\/wp-content\/uploads\/2025\/08\/BASE-BOLETIM-SITE-TOP.jpg\" class=\"vcex-image-img wpex-align-middle\" alt=\"\" loading=\"lazy\" decoding=\"async\" srcset=\"https:\/\/ebp.org.br\/nordeste\/jornadas\/2025\/wp-content\/uploads\/2025\/08\/BASE-BOLETIM-SITE-TOP.jpg 1240w, https:\/\/ebp.org.br\/nordeste\/jornadas\/2025\/wp-content\/uploads\/2025\/08\/BASE-BOLETIM-SITE-TOP-300x75.jpg 300w, https:\/\/ebp.org.br\/nordeste\/jornadas\/2025\/wp-content\/uploads\/2025\/08\/BASE-BOLETIM-SITE-TOP-1024x256.jpg 1024w, https:\/\/ebp.org.br\/nordeste\/jornadas\/2025\/wp-content\/uploads\/2025\/08\/BASE-BOLETIM-SITE-TOP-768x192.jpg 768w\" sizes=\"auto, (max-width: 1240px) 100vw, 1240px\" \/><\/div><\/figure>[vc_column_text css=&#8221;.vc_custom_1759318527819{padding-top: 30px !important;padding-right: 30px !important;padding-bottom: 30px !important;padding-left: 30px !important;background-color: #FFFFFF !important;}&#8221;]\n<h3>EDITORIAL<\/h3>\n<p><span style=\"font-size: 13px;\"><em>por Suele Conde Soares<br \/>\nDa Comiss\u00e3o de M\u00eddias<\/em><\/span><\/p>\n<div id=\"bannerL\">\n<div id=\"div-gpt-ad-1474537762122-2\" data-google-query-id=\"CJfgofS9t_ACFTIG1AodxucDgQ\">\n<div id=\"google_ads_iframe_\/15188745\/Lipsum-Unit3_0__container__\">Bem-vindos ao <strong><em>BAQUE<\/em>#3<\/strong>&nbsp;\u2013 Boletim da&nbsp;<strong>V Jornada da Se\u00e7\u00e3o Nordeste: TRAUMA<\/strong>.<\/div>\n<\/div>\n<\/div>\n<p>No Nordeste brasileiro o m\u00eas de setembro \u00e9 marcado pela mudan\u00e7a de temperatura, o per\u00edodo de chuvas chega ao fim e se inicia a primavera, conforme o Instituto Nacional de Meteorologia (Inmet). E \u00e9 iniciando setembro que a&nbsp;<strong>Se\u00e7\u00e3o Nordeste<\/strong>&nbsp;da&nbsp;<strong>Escola Brasileira de Psican\u00e1lise<\/strong>&nbsp;realiza a segunda preparat\u00f3ria da&nbsp;<strong>V Jornada<\/strong>&nbsp;intitulada \u201cO horizonte do ato\u201d.[\/vc_column_text][vc_row_inner css=&#8221;.vc_custom_1755085704315{padding-right: 20px !important;padding-left: 20px !important;background-color: #FFFFFF !important;}&#8221;][vc_column_inner]<a href=\"https:\/\/ebp.org.br\/nordeste\/jornadas\/2025\/editorial-boletim-baque-03\/\" class=\"vcex-button theme-button inline\"><span class=\"vcex-button-inner theme-button-inner wpex-flex wpex-flex-wrap wpex-items-center wpex-justify-center\">Leia mais<\/span><\/a> [\/vc_column_inner][\/vc_row_inner]<div class=\"vcex-module vcex-divider vcex-divider-solid vcex-divider-center wpex-mx-auto wpex-block wpex-h-0 wpex-border-b wpex-border-solid wpex-border-main\" style=\"border-color:var(--wpex-accent);\"><\/div>[vc_column_text css=&#8221;.vc_custom_1759048257719{padding-top: 30px !important;padding-right: 30px !important;padding-bottom: 30px !important;padding-left: 30px !important;background-color: #FFFFFF !important;}&#8221;]\n<h3>EIXO 2 &#8211; O HORIZONTE DO ATO<\/h3>\n<p><span style=\"font-size: 13px;\"><em>Cartelizantes: Cleyton Andrade (EBP\/AMP), V\u00e2nia Ferreira, Wilson Lima e Carlange Castro. +1: Fl\u00e1via Cera (EBP\/Sul)<\/em><\/span><\/p>\n<p>Nesse eixo, a pergunta norteadora que lan\u00e7amos \u00e9: podemos separar trauma e viol\u00eancia? Em que medida a ideologia da supress\u00e3o do sujeito, segundo Lacan, favorece a escalada das solu\u00e7\u00f5es em que o objeto n\u00e3o est\u00e1 vestido com a roupagem do fantasma? A perspectiva do ato se coloca como sendo uma resposta do sujeito diante do rateio da fantasia. Cabe, aqui, pensar as adic\u00e7\u00f5es e toxicomanias, o\u00a0<em>acting out<\/em>, feminic\u00eddios e segrega\u00e7\u00e3o,\u00a0<em>challengers\u00a0<\/em>digitais, cancelamentos e\u00a0<em>bullyings<\/em>,\u00a0 os quais apontam para o horizonte da puls\u00e3o de morte e da passagem ao ato em sua articula\u00e7\u00e3o com a viol\u00eancia, entre tantas dimens\u00f5es em que o ato se coloca em nossa \u00e9poca.[\/vc_column_text][vc_column_text css=&#8221;.vc_custom_1758913335410{padding-top: 30px !important;padding-right: 30px !important;padding-bottom: 30px !important;padding-left: 30px !important;background-color: #FFFFFF !important;}&#8221;]<strong>O HORIZONTE DO ATO<\/strong><\/p>\n<p><span style=\"font-size: 13px;\">Cartel: Carlange de Castro, V\u00e2nia Ferreira, Wilson Lima, Cleyton Andrade (EBP\/AMP) [Relator]. Mais-um: Fl\u00e1via Cera (EBP\/AMP).<\/span><\/p>\n<p>Ser\u00e1 que ainda precisamos definir a viol\u00eancia? Ela j\u00e1 n\u00e3o seria suficientemente \u00f3bvia, nos restando apenas apont\u00e1-la e, com isso, diz\u00ea-la com todas as letras, caras e formas?<\/p>\n<p>Ou ela ainda, e, apesar de tudo, exige, novamente, incansavelmente, uma nova tradu\u00e7\u00e3o? Seria a viol\u00eancia um dos intraduz\u00edveis?[\/vc_column_text][vc_row_inner css=&#8221;.vc_custom_1755085704315{padding-right: 20px !important;padding-left: 20px !important;background-color: #FFFFFF !important;}&#8221;][vc_column_inner]<a href=\"https:\/\/ebp.org.br\/nordeste\/jornadas\/2025\/eixo-2-o-horizonte-do-ato\/\" class=\"vcex-button theme-button inline\"><span class=\"vcex-button-inner theme-button-inner wpex-flex wpex-flex-wrap wpex-items-center wpex-justify-center\">Leia mais<\/span><\/a> [\/vc_column_inner][\/vc_row_inner]<div class=\"vcex-module vcex-divider vcex-divider-solid vcex-divider-center wpex-mx-auto wpex-block wpex-h-0 wpex-border-b wpex-border-solid wpex-border-main\" style=\"border-color:var(--wpex-accent);\"><\/div>[vc_column_text css=&#8221;.vc_custom_1758913437898{padding-top: 30px !important;padding-right: 30px !important;padding-bottom: 30px !important;padding-left: 30px !important;background-color: #FFFFFF !important;}&#8221;]\n<h3>IMPACTOS<\/h3>\n[\/vc_column_text][vc_column_text css=&#8221;.vc_custom_1759167945624{padding-top: 30px !important;padding-right: 30px !important;padding-bottom: 30px !important;padding-left: 30px !important;background-color: #FFFFFF !important;}&#8221;]<span style=\"font-size: 13px;\">por Juliana de Castro<\/span><br \/>\n<span style=\"font-size: 13px;\">Da Comiss\u00e3o de M\u00eddias<\/span><\/p>\n<p>Nesta edi\u00e7\u00e3o, apresentamos as impress\u00f5es de Anderson Barbosa, de Jo\u00e3o Pessoa (PB) e Jos\u00e9 Augusto Rocha (NPJ), de Rio Tinto (PB) \u2013 integrantes da Comiss\u00e3o de M\u00eddias, de sua participa\u00e7\u00e3o na Atividade Preparat\u00f3ria do Eixo 2:\u00a0<strong><em>O horizonte do ato<\/em><\/strong>.[\/vc_column_text][vc_row_inner css=&#8221;.vc_custom_1755085704315{padding-right: 20px !important;padding-left: 20px !important;background-color: #FFFFFF !important;}&#8221;][vc_column_inner]<a href=\"https:\/\/ebp.org.br\/nordeste\/jornadas\/2025\/impactos-3\/\" class=\"vcex-button theme-button inline\"><span class=\"vcex-button-inner theme-button-inner wpex-flex wpex-flex-wrap wpex-items-center wpex-justify-center\">Leia mais<\/span><\/a> [\/vc_column_inner][\/vc_row_inner]<div class=\"vcex-module vcex-divider vcex-divider-solid vcex-divider-center wpex-mx-auto wpex-block wpex-h-0 wpex-border-b wpex-border-solid wpex-border-main\" style=\"border-color:var(--wpex-accent);\"><\/div>[vc_column_text css=&#8221;.vc_custom_1756252433264{padding-top: 30px !important;padding-right: 30px !important;padding-bottom: 30px !important;padding-left: 30px !important;background-color: #FFFFFF !important;}&#8221;]\n<h3>REMINISC\u00caNCIAS<\/h3>\n[\/vc_column_text][vc_column_text css=&#8221;.vc_custom_1759167961105{padding-top: 30px !important;padding-right: 30px !important;padding-bottom: 30px !important;padding-left: 30px !important;background-color: #FFFFFF !important;}&#8221;]<span style=\"font-size: 13px;\">por Julio Garcia<\/span><br \/>\n<span style=\"font-size: 13px;\">Da Comiss\u00e3o de M\u00eddias<\/span><\/p>\n<p>Em tempos em que os conte\u00fados midi\u00e1ticos consumidos s\u00e3o determinados por algoritmos, onde se localiza o sujeito?\u00a0 Discute-se como se regular as redes sociais e a exposi\u00e7\u00e3o de crian\u00e7as e adolescentes.<\/p>\n<p>Neste n\u00famero, trazemos recortes do texto de orienta\u00e7\u00e3o A TELA DO FANTASMA, eixo 1 da Jornada &#8211; relatora In\u00eas Seabra (EBP\/MG) e cartelizantes, Eliane Baptista (EBP\/AMP), Anderson Barbosa, Francisco Santos e \u00cdsis Maur\u00edcio para nos auxiliar a pensar onde se localiza esse sujeito, eclipsado pela tela dos\u00a0<em>gadgets<\/em>.[\/vc_column_text][vc_row_inner css=&#8221;.vc_custom_1755085704315{padding-right: 20px !important;padding-left: 20px !important;background-color: #FFFFFF !important;}&#8221;][vc_column_inner]<a href=\"https:\/\/ebp.org.br\/nordeste\/jornadas\/2025\/reminiscencias-2\/\" class=\"vcex-button theme-button inline\"><span class=\"vcex-button-inner theme-button-inner wpex-flex wpex-flex-wrap wpex-items-center wpex-justify-center\">Leia mais<\/span><\/a> [\/vc_column_inner][\/vc_row_inner]<div class=\"vcex-module vcex-divider vcex-divider-solid vcex-divider-center wpex-mx-auto wpex-block wpex-h-0 wpex-border-b wpex-border-solid wpex-border-main\" style=\"border-color:var(--wpex-accent);\"><\/div>[vc_column_text css=&#8221;.vc_custom_1758913527249{padding-top: 30px !important;padding-right: 30px !important;padding-bottom: 30px !important;padding-left: 30px !important;background-color: #FFFFFF !important;}&#8221;]\n<h3>TraumArte<\/h3>\n[\/vc_column_text][vc_column_text css=&#8221;.vc_custom_1759168282523{padding-top: 30px !important;padding-right: 30px !important;padding-bottom: 30px !important;padding-left: 30px !important;background-color: #FFFFFF !important;}&#8221;]<span style=\"font-size: 13px;\">por Susane Zanotti (EBP\/AMP)<\/span><br \/>\n<span style=\"font-size: 13px;\">Da Comiss\u00e3o de M\u00eddias<\/span><\/p>\n<p><strong>Doce Amargo<\/strong>, hist\u00f3ria em quadrinhos de Jo\u00e3o Marcos Mendon\u00e7a, lan\u00e7ada neste m\u00eas de setembro, \u00e9 um convite para n\u00e3o esquecermos as rupturas do maior desastre socioambiental da hist\u00f3ria do Brasil. Consequ\u00eancia da ruptura da barragem da Samarco que liberou uma avalanche de rejeitos de minera\u00e7\u00e3o contaminando a bacia do Rio Doce, em Minas Gerais e no Esp\u00edrito Santo, e alcan\u00e7ou o oceano Atl\u00e2ntico. O autor, morador da cidade de Governador Valadares que tinha o Rio Doce como \u00fanica fonte de abastecimento, escreve e ilustra em HQ sua experi\u00eancia desse trauma coletivo, norteada por um antes e um depois da trag\u00e9dia ocorrida h\u00e1 quase 10 anos. Leitura imperd\u00edvel para a V Jornada![\/vc_column_text][vc_row_inner css=&#8221;.vc_custom_1755085704315{padding-right: 20px !important;padding-left: 20px !important;background-color: #FFFFFF !important;}&#8221;][vc_column_inner]<a href=\"https:\/\/ebp.org.br\/nordeste\/jornadas\/2025\/traumarte-2\/\" class=\"vcex-button theme-button inline\"><span class=\"vcex-button-inner theme-button-inner wpex-flex wpex-flex-wrap wpex-items-center wpex-justify-center\">Leia mais<\/span><\/a> [\/vc_column_inner][\/vc_row_inner]<div class=\"vcex-module vcex-divider vcex-divider-solid vcex-divider-center wpex-mx-auto wpex-block wpex-h-0 wpex-border-b wpex-border-solid wpex-border-main\" style=\"border-color:var(--wpex-accent);\"><\/div><figure class=\"vcex-image vcex-module\"><div class=\"vcex-image-inner wpex-relative wpex-inline-block\"><img width=\"1240\" height=\"161\" src=\"https:\/\/ebp.org.br\/nordeste\/jornadas\/2025\/wp-content\/uploads\/2025\/08\/BASE-BOLETIM-SITE-BOTTOM.jpg\" class=\"vcex-image-img wpex-align-middle\" alt=\"\" loading=\"lazy\" decoding=\"async\" srcset=\"https:\/\/ebp.org.br\/nordeste\/jornadas\/2025\/wp-content\/uploads\/2025\/08\/BASE-BOLETIM-SITE-BOTTOM.jpg 1240w, https:\/\/ebp.org.br\/nordeste\/jornadas\/2025\/wp-content\/uploads\/2025\/08\/BASE-BOLETIM-SITE-BOTTOM-300x39.jpg 300w, https:\/\/ebp.org.br\/nordeste\/jornadas\/2025\/wp-content\/uploads\/2025\/08\/BASE-BOLETIM-SITE-BOTTOM-1024x133.jpg 1024w, https:\/\/ebp.org.br\/nordeste\/jornadas\/2025\/wp-content\/uploads\/2025\/08\/BASE-BOLETIM-SITE-BOTTOM-768x100.jpg 768w\" sizes=\"auto, (max-width: 1240px) 100vw, 1240px\" \/><\/div><\/figure>[vc_column_text css=&#8221;.vc_custom_1755170797007{padding-top: 30px !important;padding-bottom: 30px !important;background-color: #012E33 !important;}&#8221;]\n<p style=\"text-align: center;\"><span style=\"color: #ffffff; font-size: 13px;\">Comiss\u00e3o de M\u00eddias<\/span><br \/>\n<span style=\"color: #ffffff; font-size: 13px;\">Coordena\u00e7\u00e3o: Cl\u00e1udia Formiga<\/span><br \/>\n<span style=\"color: #ffffff; font-size: 13px;\">Anderson Barbosa, Jos\u00e9 Augusto Rocha, Juliana de Castro, Kevin do \u00d3, Suele Conde, Susane Zanotti, Tatiana Schefer<\/span><\/p>\n<p style=\"text-align: center;\"><span style=\"color: #ffffff; font-size: 13px;\">Designer: Bruno Senna &#8211; sennabruno@gmail.com<\/span><\/p>\n[\/vc_column_text][\/vc_column][\/vc_row]\n<\/div>","protected":false},"excerpt":{"rendered":"<p>[vc_row][vc_column][vc_column_text css=&#8221;.vc_custom_1759318527819{padding-top: 30px !important;padding-right: 30px !important;padding-bottom: 30px !important;padding-left: 30px !important;background-color: #FFFFFF !important;}&#8221;] EDITORIAL por Suele Conde Soares Da Comiss\u00e3o de M\u00eddias Bem-vindos ao BAQUE#3&nbsp;\u2013 Boletim da&nbsp;V Jornada da Se\u00e7\u00e3o Nordeste: TRAUMA. No Nordeste brasileiro o m\u00eas de setembro \u00e9 marcado pela mudan\u00e7a de temperatura, o per\u00edodo de chuvas chega ao fim e se inicia a&hellip;<\/p>\n","protected":false},"author":1,"featured_media":0,"parent":0,"menu_order":0,"comment_status":"closed","ping_status":"closed","template":"","meta":{"footnotes":""},"class_list":["post-640","page","type-page","status-publish","hentry","entry","no-media"],"_links":{"self":[{"href":"https:\/\/ebp.org.br\/nordeste\/jornadas\/2025\/wp-json\/wp\/v2\/pages\/640","targetHints":{"allow":["GET"]}}],"collection":[{"href":"https:\/\/ebp.org.br\/nordeste\/jornadas\/2025\/wp-json\/wp\/v2\/pages"}],"about":[{"href":"https:\/\/ebp.org.br\/nordeste\/jornadas\/2025\/wp-json\/wp\/v2\/types\/page"}],"author":[{"embeddable":true,"href":"https:\/\/ebp.org.br\/nordeste\/jornadas\/2025\/wp-json\/wp\/v2\/users\/1"}],"replies":[{"embeddable":true,"href":"https:\/\/ebp.org.br\/nordeste\/jornadas\/2025\/wp-json\/wp\/v2\/comments?post=640"}],"version-history":[{"count":12,"href":"https:\/\/ebp.org.br\/nordeste\/jornadas\/2025\/wp-json\/wp\/v2\/pages\/640\/revisions"}],"predecessor-version":[{"id":664,"href":"https:\/\/ebp.org.br\/nordeste\/jornadas\/2025\/wp-json\/wp\/v2\/pages\/640\/revisions\/664"}],"wp:attachment":[{"href":"https:\/\/ebp.org.br\/nordeste\/jornadas\/2025\/wp-json\/wp\/v2\/media?parent=640"}],"curies":[{"name":"wp","href":"https:\/\/api.w.org\/{rel}","templated":true}]}}