{"id":620,"date":"2025-09-26T15:15:38","date_gmt":"2025-09-26T18:15:38","guid":{"rendered":"https:\/\/ebp.org.br\/nordeste\/jornadas\/2025\/?page_id=620"},"modified":"2025-12-04T07:44:07","modified_gmt":"2025-12-04T10:44:07","slug":"festa","status":"publish","type":"page","link":"https:\/\/ebp.org.br\/nordeste\/jornadas\/2025\/acolhimento\/festa\/","title":{"rendered":"Festa"},"content":{"rendered":"<div class=\"wpb-content-wrapper\">[vc_row][vc_column width=&#8221;1\/2&#8243;][vc_column_text css=&#8221;&#8221;]\n<h3><span style=\"color: #993300;\"><b>aBalada do Trauma<\/b><\/span><\/h3>\n<p><em><span style=\"font-size: 13px;\">por K\u00e9sia Ramos (EBP\/AMP)<\/span><\/em><br \/>\n<em><span style=\"font-size: 13px;\">Coordenadora da Comiss\u00e3o de Infraestrutura<\/span><\/em><\/p>\n<p>No ritmo da V Jornada da Se\u00e7\u00e3o Nordeste, entra em cena um significante: aBalada. Ele desliza em suas resson\u00e2ncias \u2014 abalar, balada, embalar \u2014, e cada um que escuta j\u00e1 se move um pouco com a sonoridade do trocadilho. \u00c9 nesse <em>beat<\/em> que chegamos \u00e0 festa: aBalada do Trauma.<\/p>\n<p><em>Pro Dia Nascer Feliz<\/em>, a festa ser\u00e1 no dia 06 de dezembro. Acontecer\u00e1 no Rock &amp; Ribs, bar localizado no Marco Zero do Recife, ponto onde a cidade se abre para o rio, o mar e \u00e0 cultura. O cen\u00e1rio \u00e9 marcante: de um lado, o Rio Capibaribe e o Parque das Esculturas de Francisco Brennand, compondo a paisagem com sua for\u00e7a simb\u00f3lica; de outro, o ambiente vibrante do bar, que homenageia grandes nomes do rock mundial. Nas paredes, quadros de artistas tais como Elvis Presley, Beatles, Rolling Stones, Bowie, Bar\u00e3o Vermelho, Legi\u00e3o Urbana, Amy Winehouse, Queen, The Police e Eric Clapton, entre tantos outros.<\/p>\n<p>Sinais de m\u00fasica por toda parte \u2014 em linguagem, inven\u00e7\u00e3o e arte. Guitarras, pratos de bateria e baquetas completam a atmosfera, convidando-nos ao compasso da festa. Drinks e comidinhas tamb\u00e9m far\u00e3o a alegria da noite e estar\u00e3o dispon\u00edveis no card\u00e1pio.<\/p>\n<p>A aBalada do Trauma joga com a l\u00edngua do ser falante e com a mat\u00e9ria sonora que faz ouvidos e corpos vibrarem nessa noite de festa, brindando, partilhando e dan\u00e7ando no cora\u00e7\u00e3o do Recife. A festa aBalada do Trauma convida cada participante da V Jornada a celebrar e embalar seus corpos com humor e desejo. <em>Let\u2019s dance!<\/em><\/p>\n<p><span style=\"color: #993300;\"><strong>06 DE DEZEMBRO &#8211; 20h<\/strong><\/span><\/p>\n<p><strong><span style=\"color: #993300;\">Local: Rock &amp; Ribs<\/span><br \/>\n<\/strong>Av. Alfredo Lisboa, s\/n, loja 11, Armaz\u00e9m 12 Marco Zero, Recife\/PE[\/vc_column_text][\/vc_column][vc_column width=&#8221;1\/2&#8243;]<figure class=\"vcex-image vcex-module\"><div class=\"vcex-image-inner wpex-relative wpex-inline-block\"><img width=\"2048\" height=\"2560\" src=\"https:\/\/ebp.org.br\/nordeste\/jornadas\/2025\/wp-content\/uploads\/2025\/09\/CARTAZ-FESTA002-01-scaled.jpg\" class=\"vcex-image-img wpex-align-middle\" alt=\"\" loading=\"lazy\" decoding=\"async\" srcset=\"https:\/\/ebp.org.br\/nordeste\/jornadas\/2025\/wp-content\/uploads\/2025\/09\/CARTAZ-FESTA002-01-scaled.jpg 2048w, https:\/\/ebp.org.br\/nordeste\/jornadas\/2025\/wp-content\/uploads\/2025\/09\/CARTAZ-FESTA002-01-240x300.jpg 240w, https:\/\/ebp.org.br\/nordeste\/jornadas\/2025\/wp-content\/uploads\/2025\/09\/CARTAZ-FESTA002-01-819x1024.jpg 819w, https:\/\/ebp.org.br\/nordeste\/jornadas\/2025\/wp-content\/uploads\/2025\/09\/CARTAZ-FESTA002-01-768x960.jpg 768w, https:\/\/ebp.org.br\/nordeste\/jornadas\/2025\/wp-content\/uploads\/2025\/09\/CARTAZ-FESTA002-01-1229x1536.jpg 1229w, https:\/\/ebp.org.br\/nordeste\/jornadas\/2025\/wp-content\/uploads\/2025\/09\/CARTAZ-FESTA002-01-1639x2048.jpg 1639w\" sizes=\"auto, (max-width: 2048px) 100vw, 2048px\" \/><\/div><\/figure>[\/vc_column][\/vc_row]\n<\/div>","protected":false},"excerpt":{"rendered":"<p>[vc_row][vc_column width=&#8221;1\/2&#8243;][vc_column_text css=&#8221;&#8221;] aBalada do Trauma por K\u00e9sia Ramos (EBP\/AMP) Coordenadora da Comiss\u00e3o de Infraestrutura No ritmo da V Jornada da Se\u00e7\u00e3o Nordeste, entra em cena um significante: aBalada. Ele desliza em suas resson\u00e2ncias \u2014 abalar, balada, embalar \u2014, e cada um que escuta j\u00e1 se move um pouco com a sonoridade do trocadilho. \u00c9&hellip;<\/p>\n","protected":false},"author":1,"featured_media":0,"parent":378,"menu_order":0,"comment_status":"closed","ping_status":"closed","template":"","meta":{"footnotes":""},"class_list":["post-620","page","type-page","status-publish","hentry","entry","no-media"],"_links":{"self":[{"href":"https:\/\/ebp.org.br\/nordeste\/jornadas\/2025\/wp-json\/wp\/v2\/pages\/620","targetHints":{"allow":["GET"]}}],"collection":[{"href":"https:\/\/ebp.org.br\/nordeste\/jornadas\/2025\/wp-json\/wp\/v2\/pages"}],"about":[{"href":"https:\/\/ebp.org.br\/nordeste\/jornadas\/2025\/wp-json\/wp\/v2\/types\/page"}],"author":[{"embeddable":true,"href":"https:\/\/ebp.org.br\/nordeste\/jornadas\/2025\/wp-json\/wp\/v2\/users\/1"}],"replies":[{"embeddable":true,"href":"https:\/\/ebp.org.br\/nordeste\/jornadas\/2025\/wp-json\/wp\/v2\/comments?post=620"}],"version-history":[{"count":9,"href":"https:\/\/ebp.org.br\/nordeste\/jornadas\/2025\/wp-json\/wp\/v2\/pages\/620\/revisions"}],"predecessor-version":[{"id":837,"href":"https:\/\/ebp.org.br\/nordeste\/jornadas\/2025\/wp-json\/wp\/v2\/pages\/620\/revisions\/837"}],"up":[{"embeddable":true,"href":"https:\/\/ebp.org.br\/nordeste\/jornadas\/2025\/wp-json\/wp\/v2\/pages\/378"}],"wp:attachment":[{"href":"https:\/\/ebp.org.br\/nordeste\/jornadas\/2025\/wp-json\/wp\/v2\/media?parent=620"}],"curies":[{"name":"wp","href":"https:\/\/api.w.org\/{rel}","templated":true}]}}