{"id":576,"date":"2025-08-26T20:49:20","date_gmt":"2025-08-26T23:49:20","guid":{"rendered":"https:\/\/ebp.org.br\/nordeste\/jornadas\/2025\/?page_id=576"},"modified":"2025-08-28T14:51:37","modified_gmt":"2025-08-28T17:51:37","slug":"boletim-baque-02","status":"publish","type":"page","link":"https:\/\/ebp.org.br\/nordeste\/jornadas\/2025\/boletim-baque-02\/","title":{"rendered":"Boletim BAQUE #02"},"content":{"rendered":"<div class=\"wpb-content-wrapper\">[vc_row][vc_column]<figure class=\"vcex-image vcex-module\"><div class=\"vcex-image-inner wpex-relative wpex-inline-block\"><img width=\"1240\" height=\"310\" src=\"https:\/\/ebp.org.br\/nordeste\/jornadas\/2025\/wp-content\/uploads\/2025\/08\/BASE-BOLETIM-SITE-TOP.jpg\" class=\"vcex-image-img wpex-align-middle\" alt=\"\" loading=\"lazy\" decoding=\"async\" srcset=\"https:\/\/ebp.org.br\/nordeste\/jornadas\/2025\/wp-content\/uploads\/2025\/08\/BASE-BOLETIM-SITE-TOP.jpg 1240w, https:\/\/ebp.org.br\/nordeste\/jornadas\/2025\/wp-content\/uploads\/2025\/08\/BASE-BOLETIM-SITE-TOP-300x75.jpg 300w, https:\/\/ebp.org.br\/nordeste\/jornadas\/2025\/wp-content\/uploads\/2025\/08\/BASE-BOLETIM-SITE-TOP-1024x256.jpg 1024w, https:\/\/ebp.org.br\/nordeste\/jornadas\/2025\/wp-content\/uploads\/2025\/08\/BASE-BOLETIM-SITE-TOP-768x192.jpg 768w\" sizes=\"auto, (max-width: 1240px) 100vw, 1240px\" \/><\/div><\/figure>[vc_column_text css=&#8221;.vc_custom_1756252244132{padding-top: 30px !important;padding-right: 30px !important;padding-bottom: 30px !important;padding-left: 30px !important;background-color: #FFFFFF !important;}&#8221;]\n<h3>EDITORIAL<\/h3>\n<p><span style=\"font-size: 13px;\"><em>por Susane Zanotti (EBP\/AMP)<br \/>\nDa Comiss\u00e3o de M\u00eddias<\/em><\/span><\/p>\n<div id=\"bannerL\">\n<div id=\"div-gpt-ad-1474537762122-2\" data-google-query-id=\"CJfgofS9t_ACFTIG1AodxucDgQ\">\n<div id=\"google_ads_iframe_\/15188745\/Lipsum-Unit3_0__container__\">Bem-vindos ao <strong><em>BAQUE<\/em>#2<\/strong>\u00a0\u2013 Boletim da\u00a0<strong>V Jornada da Se\u00e7\u00e3o Nordeste: TRAUMA<\/strong>.<\/div>\n<\/div>\n<\/div>\n<p>Este segundo n\u00famero inaugura o per\u00edodo das Atividades Preparat\u00f3rias, com o produto dos cart\u00e9is que se dedicam ao trabalho com os tr\u00eas eixos da\u00a0<strong>V Jornada<\/strong>:\u00a0<em>a tela da fantasia, o horizonte do ato\u00a0<\/em>e<em>\u00a0o analista trauma<\/em>.[\/vc_column_text][vc_row_inner css=&#8221;.vc_custom_1755085704315{padding-right: 20px !important;padding-left: 20px !important;background-color: #FFFFFF !important;}&#8221;][vc_column_inner]<a href=\"https:\/\/ebp.org.br\/nordeste\/jornadas\/2025\/editorial-boletim-baque-02\/\" class=\"vcex-button theme-button inline\"><span class=\"vcex-button-inner theme-button-inner wpex-flex wpex-flex-wrap wpex-items-center wpex-justify-center\">Leia mais<\/span><\/a> [\/vc_column_inner][\/vc_row_inner]<div class=\"vcex-module vcex-divider vcex-divider-solid vcex-divider-center wpex-mx-auto wpex-block wpex-h-0 wpex-border-b wpex-border-solid wpex-border-main\" style=\"border-color:var(--wpex-accent);\"><\/div>[vc_column_text css=&#8221;.vc_custom_1756386037718{padding-top: 30px !important;padding-right: 30px !important;padding-bottom: 30px !important;padding-left: 30px !important;background-color: #FFFFFF !important;}&#8221;]\n<h3>EIXO 1: A TELA DA FANTASIA<\/h3>\n<p><span style=\"font-size: 13px;\"><em>Cartelizantes: Eliane Baptista (EBP\/AMP), Anderson Barbosa, Francisco Santos e \u00cdsis Maur\u00edcio. +1: In\u00eas Seabra (EBP\/MG).<\/em><\/span><\/p>\n<p>Nesse eixo, interrogamos a rela\u00e7\u00e3o entre reminisc\u00eancias e a constru\u00e7\u00e3o da cena traum\u00e1tica; o car\u00e1ter traum\u00e1tico da sexualidade; os dois tempos do trauma; a estrutura da fantasia; a diferen\u00e7a entre fantasia, fic\u00e7\u00e3o e del\u00edrio; a aus\u00eancia da fantasia no autismo; o\u00a0 decl\u00ednio da fantasia como media\u00e7\u00e3o diante do real, entre outras perspectivas que trar\u00e3o para o debate a fun\u00e7\u00e3o da fantasia como uma via de tratamento ao real do trauma.<\/p>\n<p>https:\/\/youtu.be\/HYSkvhV_XlY[\/vc_column_text][vc_column_text css=&#8221;.vc_custom_1756386047116{padding-top: 30px !important;padding-right: 30px !important;padding-bottom: 30px !important;padding-left: 30px !important;background-color: #FFFFFF !important;}&#8221;]<strong>A TELA DO FANTASMA<\/strong><\/p>\n<p><span style=\"font-size: 13px;\"><em>Relatora: In\u00eas Seabra (EBP\/MG).<br \/>\nCartelizantes: Eliane Baptista (EBP\/AMP), Anderson Barbosa, Francisco Santos e \u00cdsis Maur\u00edcio. Mais-um: In\u00eas Seabra (EBP\/MG<\/em><\/span><\/p>\n<p>Trabalhamos nesta<strong>\u00a0V Jornada da Se\u00e7\u00e3o Nordeste\u00a0<\/strong>intitulada\u00a0<strong>Trauma<\/strong>, no primeiro eixo proposto pela Comiss\u00e3o Cient\u00edfica ao nosso cartel:\u00a0<em>A tela do fantasma<\/em>.<\/p>\n<p>Sabemos que o fantasma ser\u00e1 constru\u00eddo a partir dos restos da a\u00e7\u00e3o do trauma, a partir do n\u00facleo da trama ficcional, dando significa\u00e7\u00e3o ao mist\u00e9rio do gozo no ser falante.<\/p>\n<p>A incid\u00eancia de lal\u00edngua sobre o corpo se inscreve como trauma, um resto escrito no sujeito. Essa \u00e9 a\u00a0<em>fix\u00e3o\u00a0<\/em>do trauma, sua escrita. Depois vir\u00e1 a constru\u00e7\u00e3o da sua fic\u00e7\u00e3o. O trauma escreve o real, e a\u00a0<em>fix\u00e3o<\/em>\u00a0do trauma pode sobrevir no mesmo lapso que sua fic\u00e7\u00e3o, estruturando a rela\u00e7\u00e3o do sujeito no la\u00e7o social [1].[\/vc_column_text][vc_row_inner css=&#8221;.vc_custom_1755085704315{padding-right: 20px !important;padding-left: 20px !important;background-color: #FFFFFF !important;}&#8221;][vc_column_inner]<a href=\"https:\/\/ebp.org.br\/nordeste\/jornadas\/2025\/a-jornada\/eixos-tematicos\/eixos-tematicos-eixo-1-a-tela-do-fantasma\/\" class=\"vcex-button theme-button inline\"><span class=\"vcex-button-inner theme-button-inner wpex-flex wpex-flex-wrap wpex-items-center wpex-justify-center\">Leia mais<\/span><\/a> [\/vc_column_inner][\/vc_row_inner]<div class=\"vcex-module vcex-divider vcex-divider-solid vcex-divider-center wpex-mx-auto wpex-block wpex-h-0 wpex-border-b wpex-border-solid wpex-border-main\" style=\"border-color:var(--wpex-accent);\"><\/div>[vc_column_text css=&#8221;.vc_custom_1756375026030{padding-top: 30px !important;padding-right: 30px !important;padding-bottom: 30px !important;padding-left: 30px !important;background-color: #FFFFFF !important;}&#8221;]<span style=\"font-size: 13px;\"><em>por Anderson Barbosa<br \/>\nDa Comiss\u00e3o de M\u00eddias<\/em><\/span><\/p>\n<p>Nesta edi\u00e7\u00e3o, apresentamos as impress\u00f5es de Carlange de Castro, de \u200b\u200bTeresina (PI), J\u00falio Freire, de Natal (RN) e J\u00falia Barbosa, de Jo\u00e3o Pessoa (PB) de sua participa\u00e7\u00e3o na Atividade Preparat\u00f3ria do Eixo 1:\u00a0<strong><em>A tela da fantasia<\/em><\/strong>.[\/vc_column_text][vc_row_inner css=&#8221;.vc_custom_1755085704315{padding-right: 20px !important;padding-left: 20px !important;background-color: #FFFFFF !important;}&#8221;][vc_column_inner]<a href=\"https:\/\/ebp.org.br\/nordeste\/jornadas\/2025\/impactos-2\/\" class=\"vcex-button theme-button inline\"><span class=\"vcex-button-inner theme-button-inner wpex-flex wpex-flex-wrap wpex-items-center wpex-justify-center\">Leia mais<\/span><\/a> [\/vc_column_inner][\/vc_row_inner]<div class=\"vcex-module vcex-divider vcex-divider-solid vcex-divider-center wpex-mx-auto wpex-block wpex-h-0 wpex-border-b wpex-border-solid wpex-border-main\" style=\"border-color:var(--wpex-accent);\"><\/div>[vc_column_text css=&#8221;.vc_custom_1756252433264{padding-top: 30px !important;padding-right: 30px !important;padding-bottom: 30px !important;padding-left: 30px !important;background-color: #FFFFFF !important;}&#8221;]\n<h3>REMINISC\u00caNCIAS<\/h3>\n[\/vc_column_text][vc_column_text css=&#8221;.vc_custom_1756375142541{padding-top: 30px !important;padding-right: 30px !important;padding-bottom: 30px !important;padding-left: 30px !important;background-color: #FFFFFF !important;}&#8221;]<span style=\"font-size: 13px;\"><em>por Susane Zanotti (EBP\/AMP)<br \/>\nDa Comiss\u00e3o de M\u00eddias<\/em><\/span><\/p>\n<p>Nesta rubrica, trazemos recortes, fragmentos, cita\u00e7\u00f5es sobre o tema da\u00a0<strong>Jornada<\/strong>, em meio a &#8220;um rio de portas a dentro&#8221;. Essa express\u00e3o, retirada do poema\u00a0<em>Reminisc\u00eancias<\/em>, de M\u00e1rio Quintana, publicado sete anos ap\u00f3s a enchente hist\u00f3rica de 1941, em Porto Alegre, reporta ao uso do barco face \u00e0 viol\u00eancia do rio que transbordou e inundou as casas.[\/vc_column_text][vc_row_inner css=&#8221;.vc_custom_1755085704315{padding-right: 20px !important;padding-left: 20px !important;background-color: #FFFFFF !important;}&#8221;][vc_column_inner]<a href=\"https:\/\/ebp.org.br\/nordeste\/jornadas\/2025\/reminiscencias\/\" class=\"vcex-button theme-button inline\"><span class=\"vcex-button-inner theme-button-inner wpex-flex wpex-flex-wrap wpex-items-center wpex-justify-center\">Leia mais<\/span><\/a> [\/vc_column_inner][\/vc_row_inner]<div class=\"vcex-module vcex-divider vcex-divider-solid vcex-divider-center wpex-mx-auto wpex-block wpex-h-0 wpex-border-b wpex-border-solid wpex-border-main\" style=\"border-color:var(--wpex-accent);\"><\/div>[vc_column_text css=&#8221;.vc_custom_1756403511085{padding-top: 30px !important;padding-right: 30px !important;padding-bottom: 30px !important;padding-left: 30px !important;background-color: #FFFFFF !important;}&#8221;]\n<h3><\/h3>\n<h3>TraumArte<\/h3>\n<p><strong>Abocanhados<\/strong><\/p>\n<p><span style=\"font-size: 13px;\"><em>por Suele Conde Soares<br \/>\n<\/em><\/span><\/p>\n<div id=\"bannerL2\">\n<div id=\"div-gpt-ad-1474537762122-\" data-google-query-id=\"CJfgofS9t_ACFTIG1AodxucDgQ\">\n<div id=\"google_ads_iframe_\/15188745\/Lipsum-Unit3_0__container__2\">O escritor Peter Benchley, na abertura de seu livro <em>Tubar\u00e3o<\/em>\u00a0[1] que posteriormente inspirou o filme de mesmo nome, diz que a escrita do livro foi \u201cuma paix\u00e3o de inf\u00e2ncia\u201d. Medo e fasc\u00ednio permearam o imagin\u00e1rio do autor desde crian\u00e7a, culminando na ideia de escrever um romance sobre o que aconteceria se um grande predador invadisse um balne\u00e1rio de uma cidadezinha que obt\u00e9m dos turistas seu principal lucro. Benchley v\u00ea com o lan\u00e7amento de seu romance o fasc\u00ednio e horror se concretizarem. A obra faz sucesso se transformando em filme e, por outro lado, uma repercuss\u00e3o negativa no aumento da ca\u00e7a ao tubar\u00e3o-branco.<\/div>\n<\/div>\n<\/div>\n[\/vc_column_text][vc_row_inner css=&#8221;.vc_custom_1755085704315{padding-right: 20px !important;padding-left: 20px !important;background-color: #FFFFFF !important;}&#8221;][vc_column_inner]<a href=\"https:\/\/ebp.org.br\/nordeste\/jornadas\/2025\/traumarte\/\" class=\"vcex-button theme-button inline\"><span class=\"vcex-button-inner theme-button-inner wpex-flex wpex-flex-wrap wpex-items-center wpex-justify-center\">Leia mais<\/span><\/a> [\/vc_column_inner][\/vc_row_inner]<div class=\"vcex-module vcex-divider vcex-divider-solid vcex-divider-center wpex-mx-auto wpex-block wpex-h-0 wpex-border-b wpex-border-solid wpex-border-main\" style=\"border-color:var(--wpex-accent);\"><\/div><figure class=\"vcex-image vcex-module\"><div class=\"vcex-image-inner wpex-relative wpex-inline-block\"><img width=\"1240\" height=\"161\" src=\"https:\/\/ebp.org.br\/nordeste\/jornadas\/2025\/wp-content\/uploads\/2025\/08\/BASE-BOLETIM-SITE-BOTTOM.jpg\" class=\"vcex-image-img wpex-align-middle\" alt=\"\" loading=\"lazy\" decoding=\"async\" srcset=\"https:\/\/ebp.org.br\/nordeste\/jornadas\/2025\/wp-content\/uploads\/2025\/08\/BASE-BOLETIM-SITE-BOTTOM.jpg 1240w, https:\/\/ebp.org.br\/nordeste\/jornadas\/2025\/wp-content\/uploads\/2025\/08\/BASE-BOLETIM-SITE-BOTTOM-300x39.jpg 300w, https:\/\/ebp.org.br\/nordeste\/jornadas\/2025\/wp-content\/uploads\/2025\/08\/BASE-BOLETIM-SITE-BOTTOM-1024x133.jpg 1024w, https:\/\/ebp.org.br\/nordeste\/jornadas\/2025\/wp-content\/uploads\/2025\/08\/BASE-BOLETIM-SITE-BOTTOM-768x100.jpg 768w\" sizes=\"auto, (max-width: 1240px) 100vw, 1240px\" \/><\/div><\/figure>[vc_column_text css=&#8221;.vc_custom_1755170797007{padding-top: 30px !important;padding-bottom: 30px !important;background-color: #012E33 !important;}&#8221;]\n<p style=\"text-align: center;\"><span style=\"color: #ffffff; font-size: 13px;\">Comiss\u00e3o de M\u00eddias<\/span><br \/>\n<span style=\"color: #ffffff; font-size: 13px;\">Coordena\u00e7\u00e3o: Cl\u00e1udia Formiga<\/span><br \/>\n<span style=\"color: #ffffff; font-size: 13px;\">Anderson Barbosa, Jos\u00e9 Augusto Rocha, Juliana de Castro, Kevin do \u00d3, Suele Conde, Susane Zanotti, Tatiana Schefer<\/span><\/p>\n<p style=\"text-align: center;\"><span style=\"color: #ffffff; font-size: 13px;\">Designer: Bruno Senna &#8211; sennabruno@gmail.com<\/span><\/p>\n[\/vc_column_text][\/vc_column][\/vc_row]\n<\/div>","protected":false},"excerpt":{"rendered":"<p>[vc_row][vc_column][vc_column_text css=&#8221;.vc_custom_1756252244132{padding-top: 30px !important;padding-right: 30px !important;padding-bottom: 30px !important;padding-left: 30px !important;background-color: #FFFFFF !important;}&#8221;] EDITORIAL por Susane Zanotti (EBP\/AMP) Da Comiss\u00e3o de M\u00eddias Bem-vindos ao BAQUE#2\u00a0\u2013 Boletim da\u00a0V Jornada da Se\u00e7\u00e3o Nordeste: TRAUMA. Este segundo n\u00famero inaugura o per\u00edodo das Atividades Preparat\u00f3rias, com o produto dos cart\u00e9is que se dedicam ao trabalho com os tr\u00eas eixos da\u00a0V&hellip;<\/p>\n","protected":false},"author":1,"featured_media":0,"parent":0,"menu_order":0,"comment_status":"closed","ping_status":"closed","template":"","meta":{"footnotes":""},"class_list":["post-576","page","type-page","status-publish","hentry","entry","no-media"],"_links":{"self":[{"href":"https:\/\/ebp.org.br\/nordeste\/jornadas\/2025\/wp-json\/wp\/v2\/pages\/576","targetHints":{"allow":["GET"]}}],"collection":[{"href":"https:\/\/ebp.org.br\/nordeste\/jornadas\/2025\/wp-json\/wp\/v2\/pages"}],"about":[{"href":"https:\/\/ebp.org.br\/nordeste\/jornadas\/2025\/wp-json\/wp\/v2\/types\/page"}],"author":[{"embeddable":true,"href":"https:\/\/ebp.org.br\/nordeste\/jornadas\/2025\/wp-json\/wp\/v2\/users\/1"}],"replies":[{"embeddable":true,"href":"https:\/\/ebp.org.br\/nordeste\/jornadas\/2025\/wp-json\/wp\/v2\/comments?post=576"}],"version-history":[{"count":9,"href":"https:\/\/ebp.org.br\/nordeste\/jornadas\/2025\/wp-json\/wp\/v2\/pages\/576\/revisions"}],"predecessor-version":[{"id":599,"href":"https:\/\/ebp.org.br\/nordeste\/jornadas\/2025\/wp-json\/wp\/v2\/pages\/576\/revisions\/599"}],"wp:attachment":[{"href":"https:\/\/ebp.org.br\/nordeste\/jornadas\/2025\/wp-json\/wp\/v2\/media?parent=576"}],"curies":[{"name":"wp","href":"https:\/\/api.w.org\/{rel}","templated":true}]}}