{"id":519,"date":"2025-08-13T08:17:35","date_gmt":"2025-08-13T11:17:35","guid":{"rendered":"https:\/\/ebp.org.br\/nordeste\/jornadas\/2025\/?page_id=519"},"modified":"2025-08-14T08:28:43","modified_gmt":"2025-08-14T11:28:43","slug":"boletim-baque-01","status":"publish","type":"page","link":"https:\/\/ebp.org.br\/nordeste\/jornadas\/2025\/boletim-baque-01\/","title":{"rendered":"Boletim BAQUE #01"},"content":{"rendered":"<div class=\"wpb-content-wrapper\">[vc_row][vc_column]<figure class=\"vcex-image vcex-module\"><div class=\"vcex-image-inner wpex-relative wpex-inline-block\"><img width=\"1240\" height=\"310\" src=\"https:\/\/ebp.org.br\/nordeste\/jornadas\/2025\/wp-content\/uploads\/2025\/08\/BASE-BOLETIM-SITE-TOP.jpg\" class=\"vcex-image-img wpex-align-middle\" alt=\"\" loading=\"lazy\" decoding=\"async\" srcset=\"https:\/\/ebp.org.br\/nordeste\/jornadas\/2025\/wp-content\/uploads\/2025\/08\/BASE-BOLETIM-SITE-TOP.jpg 1240w, https:\/\/ebp.org.br\/nordeste\/jornadas\/2025\/wp-content\/uploads\/2025\/08\/BASE-BOLETIM-SITE-TOP-300x75.jpg 300w, https:\/\/ebp.org.br\/nordeste\/jornadas\/2025\/wp-content\/uploads\/2025\/08\/BASE-BOLETIM-SITE-TOP-1024x256.jpg 1024w, https:\/\/ebp.org.br\/nordeste\/jornadas\/2025\/wp-content\/uploads\/2025\/08\/BASE-BOLETIM-SITE-TOP-768x192.jpg 768w\" sizes=\"auto, (max-width: 1240px) 100vw, 1240px\" \/><\/div><\/figure>[vc_column_text css=&#8221;.vc_custom_1755085878696{padding-top: 30px !important;padding-right: 30px !important;padding-bottom: 30px !important;padding-left: 30px !important;background-color: #FFFFFF !important;}&#8221;]\n<h3>EDITORIAL<\/h3>\n<p><span style=\"font-size: 13px;\">por Cl\u00e1udia Formiga (EBP\/AMP)<\/span><br \/>\n<span style=\"font-size: 13px;\">Coordenadora da Comiss\u00e3o de M\u00eddias<\/span><\/p>\n<p>\u00c9 com alegria e ainda na vibra\u00e7\u00e3o do impacto causado pelo lan\u00e7amento da V Jornada da Se\u00e7\u00e3o Nordeste, que apresentamos o seu Boletim, BAQUE. Com ele inicia-se aqui uma outra jornada: a da circula\u00e7\u00e3o de textos, ecos, reflex\u00f5es e o que mais se decanta de um trabalho que vem tomando corpo e que nos levar\u00e1 at\u00e9 Recife, em dezembro.[\/vc_column_text][vc_row_inner css=&#8221;.vc_custom_1755085704315{padding-right: 20px !important;padding-left: 20px !important;background-color: #FFFFFF !important;}&#8221;][vc_column_inner]<a href=\"https:\/\/ebp.org.br\/nordeste\/jornadas\/2025\/editoria-boletim-baque-01\/\" class=\"vcex-button theme-button inline\"><span class=\"vcex-button-inner theme-button-inner wpex-flex wpex-flex-wrap wpex-items-center wpex-justify-center\">Leia mais<\/span><\/a> [\/vc_column_inner][\/vc_row_inner]<div class=\"vcex-module vcex-divider vcex-divider-solid vcex-divider-center wpex-mx-auto wpex-block wpex-h-0 wpex-border-b wpex-border-solid wpex-border-main\" style=\"border-color:var(--wpex-accent);\"><\/div>[vc_column_text css=&#8221;.vc_custom_1755085904156{padding-top: 30px !important;padding-right: 30px !important;padding-bottom: 30px !important;padding-left: 30px !important;background-color: #FFFFFF !important;}&#8221;]\n<h3>APRESENTA\u00c7\u00c3O<\/h3>\n<p><span style=\"font-size: 13px;\">por Bibiana Poggi (EBP\/AMP)<\/span><br \/>\n<span style=\"font-size: 13px;\">Coordenadora Geral da Jornada<\/span><\/p>\n<p style=\"text-align: right;\"><span style=\"font-size: 13px;\">\u201cO psicanalista nunca est\u00e1 sozinho,\u00a0<\/span><br \/>\n<span style=\"font-size: 13px;\">ele depende, tal como o chiste, de um Outro que o reconhe\u00e7a\u201d<\/span><br \/>\n<span style=\"font-size: 13px;\">(LAURENT)<\/span><\/p>\n<p>Na Escola de Lacan, o psicanalista, em sua cont\u00ednua forma\u00e7\u00e3o, encontra-se inserido numa comunidade, o que o coloca junto aos pares pela via da transfer\u00eancia de trabalho.<\/p>\n<p>Dessa forma, uma vez por ano, os membros da Escola, os aderentes, os correspondentes, os cartelizantes e os participantes ativos da Se\u00e7\u00e3o Nordeste s\u00e3o convocados a apresentar e debater suas produ\u00e7\u00f5es em torno de um tema.[\/vc_column_text][vc_row_inner css=&#8221;.vc_custom_1755085704315{padding-right: 20px !important;padding-left: 20px !important;background-color: #FFFFFF !important;}&#8221;][vc_column_inner]<a href=\"https:\/\/ebp.org.br\/nordeste\/jornadas\/2025\/a-jornada\/\" class=\"vcex-button theme-button inline\"><span class=\"vcex-button-inner theme-button-inner wpex-flex wpex-flex-wrap wpex-items-center wpex-justify-center\">Leia mais<\/span><\/a> [\/vc_column_inner][\/vc_row_inner]<div class=\"vcex-module vcex-divider vcex-divider-solid vcex-divider-center wpex-mx-auto wpex-block wpex-h-0 wpex-border-b wpex-border-solid wpex-border-main\" style=\"border-color:var(--wpex-accent);\"><\/div>[vc_column_text css=&#8221;.vc_custom_1755170935904{padding-top: 30px !important;padding-right: 30px !important;padding-bottom: 30px !important;padding-left: 30px !important;background-color: #FFFFFF !important;}&#8221;]\n<h3><span style=\"color: #000000;\">ARGUMENTO<\/span><\/h3>\n<p><span style=\"color: #000000; font-size: 13px;\"><em>por Anamaria Vasconcelos (EBP\/AMP) e Cassandra Dias (EBP\/AMP)<br \/>\nCoordenadoras da Comiss\u00e3o Cient\u00edfica<\/em><\/span><\/p>\n<p><span style=\"color: #000000;\">\u00c9 com alegria que lan\u00e7amos o Argumento sobre a tem\u00e1tica que nortear\u00e1 nossas pesquisas em dire\u00e7\u00e3o \u00e0 nossa V Jornada da Se\u00e7\u00e3o Nordeste. Entre um enxame de leituras e ideias, fizemos nossa escolha e optamos pelo que, primordialmente, Freud nos ensinou a reconhecer na cl\u00ednica. Aquilo que \u00e9 imposs\u00edvel de se dizer, uma experi\u00eancia farta de excesso, que delimita um antes e depois em nossa vida de modo contingente \u2014 o trauma.\u00a0<\/span><\/p>\n<p><span style=\"color: #000000;\">A no\u00e7\u00e3o de trauma remonta \u00e0 origem da psican\u00e1lise. Em sua investiga\u00e7\u00e3o, Freud foi encontrando, na escuta das hist\u00e9ricas, a din\u00e2mica inconsciente que localizava um encontro traum\u00e1tico com o sexual, produzindo o sintoma hist\u00e9rico. Ele estabelece uma rela\u00e7\u00e3o causal entre o trauma ps\u00edquico e o fen\u00f4meno hist\u00e9rico que o levou a dizer \u201cos hist\u00e9ricos sofrem principalmente de reminisc\u00eancias\u201d.<\/span>[\/vc_column_text][vc_row_inner css=&#8221;.vc_custom_1755085704315{padding-right: 20px !important;padding-left: 20px !important;background-color: #FFFFFF !important;}&#8221;][vc_column_inner]<a href=\"https:\/\/ebp.org.br\/nordeste\/jornadas\/2025\/a-jornada\/argumento\/\" class=\"vcex-button theme-button inline\"><span class=\"vcex-button-inner theme-button-inner wpex-flex wpex-flex-wrap wpex-items-center wpex-justify-center\">Leia mais<\/span><\/a> [\/vc_column_inner][\/vc_row_inner]<div class=\"vcex-module vcex-divider vcex-divider-solid vcex-divider-center wpex-mx-auto wpex-block wpex-h-0 wpex-border-b wpex-border-solid wpex-border-main\" style=\"border-color:var(--wpex-accent);\"><\/div>[vc_column_text css=&#8221;.vc_custom_1755085978465{padding-top: 30px !important;padding-right: 30px !important;padding-bottom: 30px !important;padding-left: 30px !important;background-color: #FFFFFF !important;}&#8221;]\n<h3>IMAGEM E TRAUMA:<br \/>\numa composi\u00e7\u00e3o da artista Kais em furo e excesso<\/h3>\n<p><span style=\"font-size: 13px;\">por K\u00e9sia Ramos (EBP\/AMP)<\/span><\/p>\n<p><img loading=\"lazy\" decoding=\"async\" class=\"size-medium wp-image-499 aligncenter\" src=\"https:\/\/ebp.org.br\/nordeste\/jornadas\/2025\/wp-content\/uploads\/2025\/08\/cartaz_boletim-200x300.jpg\" alt=\"\" width=\"200\" height=\"300\" srcset=\"https:\/\/ebp.org.br\/nordeste\/jornadas\/2025\/wp-content\/uploads\/2025\/08\/cartaz_boletim-200x300.jpg 200w, https:\/\/ebp.org.br\/nordeste\/jornadas\/2025\/wp-content\/uploads\/2025\/08\/cartaz_boletim.jpg 500w\" sizes=\"auto, (max-width: 200px) 100vw, 200px\" \/><\/p>\n<p>A ilustra\u00e7\u00e3o apresenta um campo visual atravessado pela ruptura da forma e pela invas\u00e3o da cor. O vermelho, que avan\u00e7a com intensidade, introduz um excesso que desestabiliza a homogeneidade da superf\u00edcie, evocando aquilo que, na experi\u00eancia do trauma, escapa \u00e0 significa\u00e7\u00e3o.[\/vc_column_text][vc_row_inner css=&#8221;.vc_custom_1755085704315{padding-right: 20px !important;padding-left: 20px !important;background-color: #FFFFFF !important;}&#8221;][vc_column_inner]<a href=\"https:\/\/ebp.org.br\/nordeste\/jornadas\/2025\/a-jornada\/imagem-e-trauma-uma-composicao-da-artista-kais-em-furo-e-excesso\/\" class=\"vcex-button theme-button inline\"><span class=\"vcex-button-inner theme-button-inner wpex-flex wpex-flex-wrap wpex-items-center wpex-justify-center\">Leia mais<\/span><\/a> [\/vc_column_inner][\/vc_row_inner]<div class=\"vcex-module vcex-divider vcex-divider-solid vcex-divider-center wpex-mx-auto wpex-block wpex-h-0 wpex-border-b wpex-border-solid wpex-border-main\" style=\"border-color:var(--wpex-accent);\"><\/div>[vc_column_text css=&#8221;.vc_custom_1755086022318{padding-top: 30px !important;padding-right: 30px !important;padding-bottom: 30px !important;padding-left: 30px !important;background-color: #FFFFFF !important;}&#8221;]\n<h3>LAN\u00c7AMENTO DA V JORNADA DA SE\u00c7\u00c3O NORDESTE TRAUMA<\/h3>\n<p>https:\/\/www.youtube.com\/watch?v=vW4M_fMvNOY[\/vc_column_text]<div class=\"vcex-module vcex-divider vcex-divider-solid vcex-divider-center wpex-mx-auto wpex-block wpex-h-0 wpex-border-b wpex-border-solid wpex-border-main\" style=\"border-color:var(--wpex-accent);\"><\/div>[vc_column_text css=&#8221;.vc_custom_1755086049926{padding-top: 30px !important;padding-right: 30px !important;padding-bottom: 30px !important;padding-left: 30px !important;background-color: #FFFFFF !important;}&#8221;]\n<h3><\/h3>\n<h3>IMPACTOS<\/h3>\n<p><span style=\"font-size: 13px;\">por Anderson Barbosa (Comiss\u00e3o de M\u00eddias)<\/span><\/p>\n<p>Nesta rubrica \u2014 Impactos, assim denominada para resgatar o vivo das atividades preparat\u00f3rias da V Jornada da Se\u00e7\u00e3o Nordeste \u2014, buscamos recuperar o trauma por aquilo que ele tem de choque, de baque com o corpo (como sugere nosso t\u00edtulo) e de impacto. Ao convocar aqueles que participaram das atividades a dizer algo sobre isso, pretendemos mobilizar nossa comunidade anal\u00edtica, no territ\u00f3rio nordestino, a elaborar um fragmento de escrita a partir de uma frase, de uma imagem, de uma reminisc\u00eancia.[\/vc_column_text][vc_row_inner css=&#8221;.vc_custom_1755085704315{padding-right: 20px !important;padding-left: 20px !important;background-color: #FFFFFF !important;}&#8221;][vc_column_inner]<a href=\"https:\/\/ebp.org.br\/nordeste\/jornadas\/2025\/impactos\/\" class=\"vcex-button theme-button inline\"><span class=\"vcex-button-inner theme-button-inner wpex-flex wpex-flex-wrap wpex-items-center wpex-justify-center\">Leia mais<\/span><\/a> [\/vc_column_inner][\/vc_row_inner]<div class=\"vcex-module vcex-divider vcex-divider-solid vcex-divider-center wpex-mx-auto wpex-block wpex-h-0 wpex-border-b wpex-border-solid wpex-border-main\" style=\"border-color:var(--wpex-accent);\"><\/div>[vc_column_text css=&#8221;.vc_custom_1755086100968{padding-top: 30px !important;padding-right: 30px !important;padding-bottom: 30px !important;padding-left: 30px !important;background-color: #FFFFFF !important;}&#8221;]\n<h3>CART\u00c9IS FULGURANTES<\/h3>\n<p><span style=\"font-size: 13px;\">por Karynna N\u00f3brega (EBP\/AMP)<\/span><br \/>\n<span style=\"font-size: 13px;\">Diretora de Cart\u00e9is e Interc\u00e2mbio da Se\u00e7\u00e3o Nordeste<\/span><\/p>\n<p>Lacan esclarece, em D\u00b4ECOLAGE, que o cartel \u00e9 um \u00f3rg\u00e3o de base e de forma\u00e7\u00e3o do analista. Nesse texto, esclarece ainda o que \u00e9 o cartel, bem como se d\u00e1 a sua composi\u00e7\u00e3o, a saber, o cartel \u00e9 composto por cinco participantes, nomeados de cartelizantes, o +1 e outros 4 participantes, sendo esses membros, analistas e praticantes da psican\u00e1lise, os quais se re\u00fanem em torno de um determinado tema a ser pesquisado \u2014 S1 \u2014, cada um, enfim, com uma quest\u00e3o de investiga\u00e7\u00e3o. Para forma\u00e7\u00e3o do cartel, portanto, \u00e9 necess\u00e1rio um tema m\u00fatuo&#8230;[\/vc_column_text][vc_row_inner css=&#8221;.vc_custom_1755085704315{padding-right: 20px !important;padding-left: 20px !important;background-color: #FFFFFF !important;}&#8221;][vc_column_inner]<a href=\"https:\/\/ebp.org.br\/nordeste\/jornadas\/2025\/carteis-fulgurantes\/\" class=\"vcex-button theme-button inline\"><span class=\"vcex-button-inner theme-button-inner wpex-flex wpex-flex-wrap wpex-items-center wpex-justify-center\">Leia mais<\/span><\/a> [\/vc_column_inner][\/vc_row_inner]<div class=\"vcex-module vcex-divider vcex-divider-solid vcex-divider-center wpex-mx-auto wpex-block wpex-h-0 wpex-border-b wpex-border-solid wpex-border-main\" style=\"border-color:var(--wpex-accent);\"><\/div><figure class=\"vcex-image vcex-module\"><div class=\"vcex-image-inner wpex-relative wpex-inline-block\"><img width=\"1240\" height=\"161\" src=\"https:\/\/ebp.org.br\/nordeste\/jornadas\/2025\/wp-content\/uploads\/2025\/08\/BASE-BOLETIM-SITE-BOTTOM.jpg\" class=\"vcex-image-img wpex-align-middle\" alt=\"\" loading=\"lazy\" decoding=\"async\" srcset=\"https:\/\/ebp.org.br\/nordeste\/jornadas\/2025\/wp-content\/uploads\/2025\/08\/BASE-BOLETIM-SITE-BOTTOM.jpg 1240w, https:\/\/ebp.org.br\/nordeste\/jornadas\/2025\/wp-content\/uploads\/2025\/08\/BASE-BOLETIM-SITE-BOTTOM-300x39.jpg 300w, https:\/\/ebp.org.br\/nordeste\/jornadas\/2025\/wp-content\/uploads\/2025\/08\/BASE-BOLETIM-SITE-BOTTOM-1024x133.jpg 1024w, https:\/\/ebp.org.br\/nordeste\/jornadas\/2025\/wp-content\/uploads\/2025\/08\/BASE-BOLETIM-SITE-BOTTOM-768x100.jpg 768w\" sizes=\"auto, (max-width: 1240px) 100vw, 1240px\" \/><\/div><\/figure>[vc_column_text css=&#8221;.vc_custom_1755170797007{padding-top: 30px !important;padding-bottom: 30px !important;background-color: #012E33 !important;}&#8221;]\n<p style=\"text-align: center;\"><span style=\"color: #ffffff; font-size: 13px;\">Comiss\u00e3o de M\u00eddias<\/span><br \/>\n<span style=\"color: #ffffff; font-size: 13px;\">Coordena\u00e7\u00e3o: Cl\u00e1udia Formiga<\/span><br \/>\n<span style=\"color: #ffffff; font-size: 13px;\">Anderson Barbosa, Jos\u00e9 Augusto Rocha, Juliana de Castro, Kevin do \u00d3, Suele Conde, Susane Zanotti, Tatiana Schefer<\/span><\/p>\n<p style=\"text-align: center;\"><span style=\"color: #ffffff; font-size: 13px;\">Designer: Bruno Senna &#8211; sennabruno@gmail.com<\/span><\/p>\n[\/vc_column_text][\/vc_column][\/vc_row]\n<\/div>","protected":false},"excerpt":{"rendered":"<p>[vc_row][vc_column][vc_column_text css=&#8221;.vc_custom_1755085878696{padding-top: 30px !important;padding-right: 30px !important;padding-bottom: 30px !important;padding-left: 30px !important;background-color: #FFFFFF !important;}&#8221;] EDITORIAL por Cl\u00e1udia Formiga (EBP\/AMP) Coordenadora da Comiss\u00e3o de M\u00eddias \u00c9 com alegria e ainda na vibra\u00e7\u00e3o do impacto causado pelo lan\u00e7amento da V Jornada da Se\u00e7\u00e3o Nordeste, que apresentamos o seu Boletim, BAQUE. Com ele inicia-se aqui uma outra jornada: a da&hellip;<\/p>\n","protected":false},"author":1,"featured_media":0,"parent":0,"menu_order":0,"comment_status":"closed","ping_status":"closed","template":"","meta":{"footnotes":""},"class_list":["post-519","page","type-page","status-publish","hentry","entry","no-media"],"_links":{"self":[{"href":"https:\/\/ebp.org.br\/nordeste\/jornadas\/2025\/wp-json\/wp\/v2\/pages\/519","targetHints":{"allow":["GET"]}}],"collection":[{"href":"https:\/\/ebp.org.br\/nordeste\/jornadas\/2025\/wp-json\/wp\/v2\/pages"}],"about":[{"href":"https:\/\/ebp.org.br\/nordeste\/jornadas\/2025\/wp-json\/wp\/v2\/types\/page"}],"author":[{"embeddable":true,"href":"https:\/\/ebp.org.br\/nordeste\/jornadas\/2025\/wp-json\/wp\/v2\/users\/1"}],"replies":[{"embeddable":true,"href":"https:\/\/ebp.org.br\/nordeste\/jornadas\/2025\/wp-json\/wp\/v2\/comments?post=519"}],"version-history":[{"count":23,"href":"https:\/\/ebp.org.br\/nordeste\/jornadas\/2025\/wp-json\/wp\/v2\/pages\/519\/revisions"}],"predecessor-version":[{"id":550,"href":"https:\/\/ebp.org.br\/nordeste\/jornadas\/2025\/wp-json\/wp\/v2\/pages\/519\/revisions\/550"}],"wp:attachment":[{"href":"https:\/\/ebp.org.br\/nordeste\/jornadas\/2025\/wp-json\/wp\/v2\/media?parent=519"}],"curies":[{"name":"wp","href":"https:\/\/api.w.org\/{rel}","templated":true}]}}