{"id":511,"date":"2025-08-13T08:11:41","date_gmt":"2025-08-13T11:11:41","guid":{"rendered":"https:\/\/ebp.org.br\/nordeste\/jornadas\/2025\/?page_id=511"},"modified":"2025-10-24T05:32:40","modified_gmt":"2025-10-24T08:32:40","slug":"cartaz","status":"publish","type":"page","link":"https:\/\/ebp.org.br\/nordeste\/jornadas\/2025\/a-jornada\/cartaz\/","title":{"rendered":"Cartaz"},"content":{"rendered":"<div class=\"wpb-content-wrapper\">[vc_row][vc_column width=&#8221;2\/3&#8243;][vc_column_text css=&#8221;&#8221;]\n<h3><span style=\"color: #993300;\">Imagem e trauma: uma composi\u00e7\u00e3o da artista Kais Brasil em furo e excesso<\/span><\/h3>\n<p><span style=\"font-weight: 400; font-size: 13px;\">Por K\u00e9sia Ramos (EBP\/AMP)<\/span><\/p>\n<p><span style=\"font-weight: 400;\">A ilustra\u00e7\u00e3o apresenta um campo visual atravessado pela ruptura da forma e pela invas\u00e3o da cor. O vermelho, que avan\u00e7a com intensidade, introduz um excesso que desestabiliza a homogeneidade da superf\u00edcie, evocando aquilo que, na experi\u00eancia do trauma, escapa \u00e0 significa\u00e7\u00e3o.<\/span><\/p>\n<p><span style=\"font-weight: 400;\">Mais do que representar o trauma, a imagem o transmite em sua dimens\u00e3o estrutural: o real que irrompe, o simb\u00f3lico que falha, o gozo que marca o corpo para al\u00e9m da palavra. Como formulado por Lacan, h\u00e1 aqui um ponto de furo \u2014 <\/span><i><span style=\"font-weight: 400;\">trou<\/span><\/i><span style=\"font-weight: 400;\"> \u2014 em que o sujeito se confronta com uma experi\u00eancia de gozo que n\u00e3o se inscreve, mas insiste.<\/span><\/p>\n<p><span style=\"font-weight: 400;\">O desmanche progressivo da forma, o apagamento dos contornos e a dispers\u00e3o do sentido remetem \u00e0quilo que, na cl\u00ednica, se apresenta como efeito do traum\u00e1tico: a desorganiza\u00e7\u00e3o da cena, o colapso da fantasia e a irrup\u00e7\u00e3o de um real opaco. A imagem convoca, assim, uma leitura que ultrapassa o plano sens\u00edvel, aproximando-se do que, na psican\u00e1lise, se reconhece como o n\u00facleo irredut\u00edvel do sujeito \u2014 seu ponto de encontro com o inassimil\u00e1vel do gozo.<\/span><\/p>\n<p><span style=\"font-weight: 400;\">Convidamos voc\u00ea a apreciar a arte que comp\u00f5e o cartaz, presenteada pela artista Kais \u2014 que, por meio de sua pot\u00eancia visual, nos faz tocar algo do indiz\u00edvel.<\/span>[\/vc_column_text][\/vc_column][vc_column width=&#8221;1\/3&#8243;]<figure class=\"vcex-image vcex-module\"><div class=\"vcex-image-inner wpex-relative wpex-inline-block\"><img width=\"500\" height=\"750\" src=\"https:\/\/ebp.org.br\/nordeste\/jornadas\/2025\/wp-content\/uploads\/2025\/08\/cartaz_boletim.jpg\" class=\"vcex-image-img wpex-align-middle\" alt=\"\" loading=\"lazy\" decoding=\"async\" srcset=\"https:\/\/ebp.org.br\/nordeste\/jornadas\/2025\/wp-content\/uploads\/2025\/08\/cartaz_boletim.jpg 500w, https:\/\/ebp.org.br\/nordeste\/jornadas\/2025\/wp-content\/uploads\/2025\/08\/cartaz_boletim-200x300.jpg 200w\" sizes=\"auto, (max-width: 500px) 100vw, 500px\" \/><\/div><\/figure>[\/vc_column][\/vc_row]\n<\/div>","protected":false},"excerpt":{"rendered":"<p>[vc_row][vc_column width=&#8221;2\/3&#8243;][vc_column_text css=&#8221;&#8221;] Imagem e trauma: uma composi\u00e7\u00e3o da artista Kais Brasil em furo e excesso Por K\u00e9sia Ramos (EBP\/AMP) A ilustra\u00e7\u00e3o apresenta um campo visual atravessado pela ruptura da forma e pela invas\u00e3o da cor. O vermelho, que avan\u00e7a com intensidade, introduz um excesso que desestabiliza a homogeneidade da superf\u00edcie, evocando aquilo que, na&hellip;<\/p>\n","protected":false},"author":1,"featured_media":0,"parent":384,"menu_order":0,"comment_status":"closed","ping_status":"closed","template":"","meta":{"footnotes":""},"class_list":["post-511","page","type-page","status-publish","hentry","entry","no-media"],"_links":{"self":[{"href":"https:\/\/ebp.org.br\/nordeste\/jornadas\/2025\/wp-json\/wp\/v2\/pages\/511","targetHints":{"allow":["GET"]}}],"collection":[{"href":"https:\/\/ebp.org.br\/nordeste\/jornadas\/2025\/wp-json\/wp\/v2\/pages"}],"about":[{"href":"https:\/\/ebp.org.br\/nordeste\/jornadas\/2025\/wp-json\/wp\/v2\/types\/page"}],"author":[{"embeddable":true,"href":"https:\/\/ebp.org.br\/nordeste\/jornadas\/2025\/wp-json\/wp\/v2\/users\/1"}],"replies":[{"embeddable":true,"href":"https:\/\/ebp.org.br\/nordeste\/jornadas\/2025\/wp-json\/wp\/v2\/comments?post=511"}],"version-history":[{"count":3,"href":"https:\/\/ebp.org.br\/nordeste\/jornadas\/2025\/wp-json\/wp\/v2\/pages\/511\/revisions"}],"predecessor-version":[{"id":723,"href":"https:\/\/ebp.org.br\/nordeste\/jornadas\/2025\/wp-json\/wp\/v2\/pages\/511\/revisions\/723"}],"up":[{"embeddable":true,"href":"https:\/\/ebp.org.br\/nordeste\/jornadas\/2025\/wp-json\/wp\/v2\/pages\/384"}],"wp:attachment":[{"href":"https:\/\/ebp.org.br\/nordeste\/jornadas\/2025\/wp-json\/wp\/v2\/media?parent=511"}],"curies":[{"name":"wp","href":"https:\/\/api.w.org\/{rel}","templated":true}]}}