{"id":487,"date":"2025-07-26T08:45:54","date_gmt":"2025-07-26T11:45:54","guid":{"rendered":"https:\/\/ebp.org.br\/nordeste\/jornadas\/2025\/?page_id=487"},"modified":"2025-07-26T08:45:54","modified_gmt":"2025-07-26T11:45:54","slug":"restaurantes","status":"publish","type":"page","link":"https:\/\/ebp.org.br\/nordeste\/jornadas\/2025\/acolhimento\/restaurantes\/","title":{"rendered":"Restaurantes"},"content":{"rendered":"<h3><span style=\"color: #993300;\"><strong>Entre Panelas e Poemas, do Mar e do Mangue ao Prato: um Roteiro de Sabores e Sentidos.<\/strong><\/span><\/h3>\n<p>No Recife, comer \u00e9 tamb\u00e9m escutar hist\u00f3rias, cruzar mem\u00f3rias e saborear territ\u00f3rios. Entre os aromas do mar, os temperos do sert\u00e3o e a criatividade da cozinha urbana, a cidade oferece uma experi\u00eancia que atravessa os sentidos.<\/p>\n<p>Selecionamos algumas indica\u00e7\u00f5es gastron\u00f4micas que v\u00e3o do regional ao contempor\u00e2neo, do tradicional ao reinventado \u2014 para que sua estadia seja tamb\u00e9m uma travessia de sabores.<\/p>\n<p><span style=\"color: #993300;\"><strong>Restaurantes e Bares em Boa Viagem e arredores<\/strong><\/span><\/p>\n<p><strong>Voar Restaurante<\/strong><br \/>\nEndere\u00e7o: R. Baltazar Pereira, 130 \u2013 Boa Viagem<br \/>\nContato: (81) 9-99309313<br \/>\nDist\u00e2ncia aproximada: 0,5 km<br \/>\nTipo: bar \/ restaurante <em>\u00e0 la carte<br \/>\n<\/em>Funcionamento: almo\u00e7o (11h45\u201316h) e jantar (19h\u201300h), todos os dias<\/p>\n<p><strong>Entre Amigos Praia<\/strong><br \/>\nEndere\u00e7o: Av. Boa Viagem, 760 \u2013 Boa Viagem<br \/>\nContato: (81) 3127-2510<br \/>\nDist\u00e2ncia aproximada: 0,47 km<br \/>\nTipo: bar \/ restaurante<em> \u00e0 la carte<br \/>\n<\/em>Funcionamento: domingo a quinta (11h\u201300h); sexta e s\u00e1bado (11h\u20131h)<\/p>\n<p><strong>Mingus<\/strong><br \/>\nEndere\u00e7o: Rua do Atl\u00e2ntico, 102 \u2013 Boa Viagem<br \/>\nContato: (81) 99232-5656<br \/>\nDist\u00e2ncia aproximada: 0,39 km<br \/>\nTipo: restaurante<br \/>\nFuncionamento: segunda a s\u00e1bado \u00e0 noite; almo\u00e7o ter\u00e7a a sexta (12h\u201315h)<\/p>\n<p><strong>Entre Amigos O Bode<\/strong><br \/>\nEndere\u00e7o: R. Marqu\u00eas de Valen\u00e7a, 50 \u2013 Boa Viagem<br \/>\nContato: (81) 3312-1000<br \/>\nDist\u00e2ncia aproximada: 4,32 km<br \/>\nTipo: bar \/ restaurante <em>\u00e0 la carte<\/em>, com rod\u00edzio e sushi<br \/>\nFuncionamento: diariamente, das 11h \u00e0s 00h<\/p>\n<p><strong>Cia do Chopp<\/strong><br \/>\nEndere\u00e7o: Av. Conselheiro Aguiar, 2775 \u2013 Boa Viagem<br \/>\nContato: (81) 3465-9066<br \/>\nDist\u00e2ncia aproximada: 2 km<br \/>\nTipo: bar<\/p>\n<p><strong>Tasquinha do Tio<\/strong><br \/>\nEndere\u00e7o: Av. Boa Viagem, 560 \u2013 Pina<br \/>\nContato: (81) 3465-4143<br \/>\nDist\u00e2ncia aproximada: 1 km<br \/>\nTipo: bar \/ restaurante \u00e0 la carte<\/p>\n<p><strong>Kojima<\/strong><br \/>\nEndere\u00e7o: R. Vic\u00eancia, 85 \u2013 Pina<br \/>\nContato: (81) 3328-3585<br \/>\nDist\u00e2ncia aproximada: 0,75 km<br \/>\nTipo: sushi \u00e0 la carte<\/p>\n<p><strong>Vieira<\/strong><br \/>\nEndere\u00e7o: R. Araguari, 47 \u2013 Bras\u00edlia Teimosa<br \/>\nContato: (81) 3078-5484<br \/>\nDist\u00e2ncia aproximada: 1,6 km<br \/>\nTipo: restaurante e bar<\/p>\n<p><strong>Deck Pina Bar<\/strong><br \/>\nEndere\u00e7o: R. Delfim, 246 \u2013 Bras\u00edlia Teimosa<br \/>\nContato: (81) 98231-2433<br \/>\nTipo: bar<\/p>\n<p><strong>Quiosque Akira Praia<\/strong><br \/>\nEndere\u00e7o: Quiosque 54 \u2013 Av. Boa Viagem<br \/>\nTipo: sushi<\/p>\n<p><strong>Manu Ten\u00f3rio \u2013 Culin\u00e1ria Saud\u00e1vel<\/strong><br \/>\nEndere\u00e7o: R. Amazonas, 42 \u2013 Boa Viagem<br \/>\nContato: (81) 3125-2334<br \/>\nDist\u00e2ncia aproximada: 0,43 km<br \/>\nTipo: culin\u00e1ria saud\u00e1vel \u00e0 la carte<\/p>\n<p><strong>Cais Rooftop Lounge Bar<\/strong><br \/>\nEndere\u00e7o: Av. Alfredo Lisboa, 04 \u2013 Recife Antigo<br \/>\nContato: (81) 99146-8062<br \/>\nDist\u00e2ncia aproximada: 6,24 km<br \/>\nTipo: bar<\/p>\n<p><strong>Moendo na Laje<\/strong><br \/>\nEndere\u00e7o: Av. Alfredo Lisboa, 810 \u2013 Recife Antigo<br \/>\nContato: (81) 99437-6621<br \/>\nDist\u00e2ncia aproximada: 6 km<br \/>\nTipo: bar<\/p>\n<p><strong>Venda Bom Jesus<\/strong><br \/>\nEndere\u00e7o: R. Bar\u00e3o Rodrigues Mendes, 59 \u2013 Recife Antigo<br \/>\nContato: (81) 99733-0663<br \/>\nTipo: bar<\/p>\n<p><strong>Parraxax\u00e1<\/strong><br \/>\nEndere\u00e7o: Av. Fernando Sim\u00f5es Barbosa, 1200 \u2013 Boa Viagem<br \/>\nContato: (81) 3463-7874<br \/>\nDist\u00e2ncia aproximada: 3,91 km<br \/>\nTipo: self-service<\/p>\n","protected":false},"excerpt":{"rendered":"<p>Entre Panelas e Poemas, do Mar e do Mangue ao Prato: um Roteiro de Sabores e Sentidos. No Recife, comer \u00e9 tamb\u00e9m escutar hist\u00f3rias, cruzar mem\u00f3rias e saborear territ\u00f3rios. Entre os aromas do mar, os temperos do sert\u00e3o e a criatividade da cozinha urbana, a cidade oferece uma experi\u00eancia que atravessa os sentidos. Selecionamos algumas&hellip;<\/p>\n","protected":false},"author":1,"featured_media":0,"parent":378,"menu_order":0,"comment_status":"closed","ping_status":"closed","template":"","meta":{"footnotes":""},"class_list":["post-487","page","type-page","status-publish","hentry","entry","no-media"],"_links":{"self":[{"href":"https:\/\/ebp.org.br\/nordeste\/jornadas\/2025\/wp-json\/wp\/v2\/pages\/487","targetHints":{"allow":["GET"]}}],"collection":[{"href":"https:\/\/ebp.org.br\/nordeste\/jornadas\/2025\/wp-json\/wp\/v2\/pages"}],"about":[{"href":"https:\/\/ebp.org.br\/nordeste\/jornadas\/2025\/wp-json\/wp\/v2\/types\/page"}],"author":[{"embeddable":true,"href":"https:\/\/ebp.org.br\/nordeste\/jornadas\/2025\/wp-json\/wp\/v2\/users\/1"}],"replies":[{"embeddable":true,"href":"https:\/\/ebp.org.br\/nordeste\/jornadas\/2025\/wp-json\/wp\/v2\/comments?post=487"}],"version-history":[{"count":1,"href":"https:\/\/ebp.org.br\/nordeste\/jornadas\/2025\/wp-json\/wp\/v2\/pages\/487\/revisions"}],"predecessor-version":[{"id":488,"href":"https:\/\/ebp.org.br\/nordeste\/jornadas\/2025\/wp-json\/wp\/v2\/pages\/487\/revisions\/488"}],"up":[{"embeddable":true,"href":"https:\/\/ebp.org.br\/nordeste\/jornadas\/2025\/wp-json\/wp\/v2\/pages\/378"}],"wp:attachment":[{"href":"https:\/\/ebp.org.br\/nordeste\/jornadas\/2025\/wp-json\/wp\/v2\/media?parent=487"}],"curies":[{"name":"wp","href":"https:\/\/api.w.org\/{rel}","templated":true}]}}