{"id":384,"date":"2025-07-19T06:39:30","date_gmt":"2025-07-19T09:39:30","guid":{"rendered":"https:\/\/ebp.org.br\/nordeste\/jornadas\/2025\/?page_id=384"},"modified":"2025-08-13T08:09:19","modified_gmt":"2025-08-13T11:09:19","slug":"a-jornada","status":"publish","type":"page","link":"https:\/\/ebp.org.br\/nordeste\/jornadas\/2025\/a-jornada\/","title":{"rendered":"A Jornada"},"content":{"rendered":"<h3><span style=\"color: #800000;\"><b>APRESENTA\u00c7\u00c3O\u00a0<\/b><\/span><\/h3>\n<p><span style=\"font-size: 13px;\"><span style=\"font-weight: 400;\">por Bibiana Poggi (EBP\/AMP)<br \/>\n<\/span><span style=\"font-weight: 400;\">Coordenadora Geral da Jornada<\/span><\/span><\/p>\n<blockquote><p><i><span style=\"font-weight: 400;\">\u201cO psicanalista nunca est\u00e1 sozinho,\u00a0<\/span><\/i><\/p>\n<p><i><span style=\"font-weight: 400;\">ele depende, tal como o chiste, de um Outro que o reconhe\u00e7a\u201d<\/span><\/i><\/p>\n<p><span style=\"font-weight: 400;\">(LAURENT)<\/span><\/p><\/blockquote>\n<p><span style=\"font-weight: 400;\">Na Escola de Lacan, o psicanalista, em sua cont\u00ednua forma\u00e7\u00e3o, encontra-se inserido numa comunidade, o que o coloca junto aos pares pela via da transfer\u00eancia de trabalho.<\/span><\/p>\n<p><span style=\"font-weight: 400;\">Dessa forma, uma vez por ano, os membros da Escola, os aderentes, os correspondentes, os cartelizantes e os participantes ativos da Se\u00e7\u00e3o Nordeste s\u00e3o convocados a apresentar e debater suas produ\u00e7\u00f5es em torno de um tema.<\/span><\/p>\n<p><span style=\"font-weight: 400;\">A <\/span><b>V<\/b> <b>Jornada da Se\u00e7\u00e3o Nordeste <\/b><span style=\"font-weight: 400;\">acontecer\u00e1 nos dias 5 e 6 de dezembro de 2025, tendo como convidado Marcus Andr\u00e9 Vieira (AME EBP\/AMP). O tema &#8220;Trauma&#8221; foi escolhido cuidadosamente, em continuidade aos temas das jornadas dos anos anteriores. Recebido com entusiasmo, desperta interesse e convoca ao trabalho. Mais de quarenta pessoas est\u00e3o envolvidas na organiza\u00e7\u00e3o do evento, compondo comiss\u00f5es que se movem pelo desejo. As comiss\u00f5es se formaram a partir do desejo de trabalhar e s\u00e3o coordenadas por Anamaria Vasconcelos e Cassandra Dias pela Comiss\u00e3o Cient\u00edfica; Jos\u00e9 Carlos Lapenda, pela Comiss\u00e3o de Refer\u00eancias Bibliogr\u00e1ficas; Cl\u00e1udia Formiga, pela Comiss\u00e3o de M\u00eddias; Cristina Maia, pela Comiss\u00e3o de Livraria e\u00a0 K\u00e9sia Ramos, pela Comiss\u00e3o de Infraestrutura.<\/span><\/p>\n<p><span style=\"font-weight: 400;\">A <\/span><b>Jornada<\/b><span style=\"font-weight: 400;\"> foi lan\u00e7ada no dia 22 de julho e sua organiza\u00e7\u00e3o encontra-se em pleno desenvolvimento. Tr\u00eas Preparat\u00f3rias acontecer\u00e3o nos dias 18 de agosto, 2 e 23 de setembro, sempre \u00e0s 20h, em formato h\u00edbrido. Cada preparat\u00f3ria est\u00e1 sob a responsabilidade de um cartel. S\u00e3o eles: Eixo 1) A tela da fantasia &#8211; Cartelizantes: Eliane Baptista, Anderson Barbosa, Francisco Santos e \u00cdsis Maur\u00edcio +1: In\u00eas Seabra (EBP\/MG); Eixo 2) O horizonte do ato &#8211; Cartelizantes: Cleyton Andrade, V\u00e2nia Ferreira, Wilson Lima e Carlange Castro +1: Fl\u00e1via Cera (EBP\/Sul); Eixo 3) Analista, trauma &#8211; Cartelizantes: Cleide Monteiro, S\u00edlvia Gusm\u00e3o, Roberta Gusm\u00e3o e Rosemarie Moneyham +1: Luc\u00edola Macedo (EBP\/MG).<\/span><\/p>\n<p><span style=\"font-weight: 400;\">Convido cada um a explorar o site e a se encontrar com o Argumento, os textos de orienta\u00e7\u00e3o, os textos do convidado \u2013 Marcus Andr\u00e9 Vieira \u2013 e, principalmente, a produzir trabalhos que possam ser enviados \u00e0 Comiss\u00e3o Cient\u00edfica at\u00e9 o dia 20 de outubro de 2025.<\/span><\/p>\n<p><span style=\"font-weight: 400;\">Encontramo-nos em Recife, cidade que acolhe de forma calorosa com sua hist\u00f3ria e sua cultura!<\/span><\/p>\n","protected":false},"excerpt":{"rendered":"<p>APRESENTA\u00c7\u00c3O\u00a0 por Bibiana Poggi (EBP\/AMP) Coordenadora Geral da Jornada \u201cO psicanalista nunca est\u00e1 sozinho,\u00a0 ele depende, tal como o chiste, de um Outro que o reconhe\u00e7a\u201d (LAURENT) Na Escola de Lacan, o psicanalista, em sua cont\u00ednua forma\u00e7\u00e3o, encontra-se inserido numa comunidade, o que o coloca junto aos pares pela via da transfer\u00eancia de trabalho. Dessa&hellip;<\/p>\n","protected":false},"author":1,"featured_media":0,"parent":0,"menu_order":0,"comment_status":"closed","ping_status":"closed","template":"","meta":{"footnotes":""},"class_list":["post-384","page","type-page","status-publish","hentry","entry","no-media"],"_links":{"self":[{"href":"https:\/\/ebp.org.br\/nordeste\/jornadas\/2025\/wp-json\/wp\/v2\/pages\/384","targetHints":{"allow":["GET"]}}],"collection":[{"href":"https:\/\/ebp.org.br\/nordeste\/jornadas\/2025\/wp-json\/wp\/v2\/pages"}],"about":[{"href":"https:\/\/ebp.org.br\/nordeste\/jornadas\/2025\/wp-json\/wp\/v2\/types\/page"}],"author":[{"embeddable":true,"href":"https:\/\/ebp.org.br\/nordeste\/jornadas\/2025\/wp-json\/wp\/v2\/users\/1"}],"replies":[{"embeddable":true,"href":"https:\/\/ebp.org.br\/nordeste\/jornadas\/2025\/wp-json\/wp\/v2\/comments?post=384"}],"version-history":[{"count":2,"href":"https:\/\/ebp.org.br\/nordeste\/jornadas\/2025\/wp-json\/wp\/v2\/pages\/384\/revisions"}],"predecessor-version":[{"id":510,"href":"https:\/\/ebp.org.br\/nordeste\/jornadas\/2025\/wp-json\/wp\/v2\/pages\/384\/revisions\/510"}],"wp:attachment":[{"href":"https:\/\/ebp.org.br\/nordeste\/jornadas\/2025\/wp-json\/wp\/v2\/media?parent=384"}],"curies":[{"name":"wp","href":"https:\/\/api.w.org\/{rel}","templated":true}]}}