{"id":382,"date":"2025-07-19T06:39:11","date_gmt":"2025-07-19T09:39:11","guid":{"rendered":"https:\/\/ebp.org.br\/nordeste\/jornadas\/2025\/?page_id=382"},"modified":"2025-11-30T05:49:25","modified_gmt":"2025-11-30T08:49:25","slug":"programa","status":"publish","type":"page","link":"https:\/\/ebp.org.br\/nordeste\/jornadas\/2025\/programa\/","title":{"rendered":"Programa"},"content":{"rendered":"<div class=\"wpb-content-wrapper\">[vc_row][vc_column width=&#8221;2\/3&#8243;][vc_column_text css=&#8221;&#8221;]\n<h3><strong><span style=\"color: #003300;\">Sexta, 05 de dezembro<\/span><\/strong><\/h3>\n<p><span style=\"color: #ff0000;\"><strong>08:00 \u2022 Credenciamento<\/strong><\/span><\/p>\n<p><span style=\"color: #ff0000;\"><strong>08:30 \u2022 Abertura<\/strong><\/span><\/p>\n<ul>\n<li>Margarida Assad &#8211; Diretora Geral Se\u00e7\u00e3o Nordeste<\/li>\n<li>Bibiana Poggi \u2022 Coordenadora V Jornada<\/li>\n<li>Anamaria Vasconcelos e Cassandra Dias \u2022 Comiss\u00e3o Cient\u00edfica<\/li>\n<\/ul>\n<p><strong><span style=\"color: #ff0000;\">09:00 \u2022 Mem\u00f3rias perdidas<\/span><\/strong><\/p>\n<ul>\n<li>Solturas: entre o corpo e o ato \u2022 <em>Jos\u00e9 Ronaldo <\/em><\/li>\n<li>Al\u00e9m dos resqu\u00edcios coloniais, o que pode uma an\u00e1lise? \u2022 <em>Suhelen Cruz<\/em><\/li>\n<li>A vida que eu habito \u2022 <em>Janayna Bonfim da Silva<\/em>\n<ul>\n<li><em>Coordena\u00e7\u00e3o: L\u00eddia Pessoa <\/em><\/li>\n<\/ul>\n<\/li>\n<\/ul>\n<p><strong><span style=\"color: #ff0000;\">10:00 \u2022 O mundo n\u00e3o termina com um trov\u00e3o<\/span><\/strong><\/p>\n<ul>\n<li>A verdade do inconsciente \u2022 <em>J\u00falio Garcia<\/em><\/li>\n<li>Um ato quase perfeito \u2022 <em>Jos\u00e9 Romero da Fonseca Ouriques <\/em><\/li>\n<li>Sonhei com a escurid\u00e3o \u2022 <em>Victor Hugo Dantas da Costa <\/em>\n<ul>\n<li><em>Coordena\u00e7\u00e3o: V\u00e2nia Ferreira <\/em><\/li>\n<\/ul>\n<\/li>\n<\/ul>\n<p><strong><span style=\"color: #ff0000;\">11:00 \u2022 Err\u00e2ncias<\/span><\/strong><\/p>\n<ul>\n<li>Symptraumatisme \u2022 <em>Andr\u00e9 Lucas Guedes de Souza<\/em><\/li>\n<li>Do trauma \u00e0 trama \u2022 <em>Carlange Castro <\/em><\/li>\n<li>Terra \u00e0 vista \u2022 <em>Marina Fragoso<\/em>\n<ul>\n<li style=\"list-style-type: none;\">\n<ul>\n<li><em>Coordena\u00e7\u00e3o: Is\u00eds Maur\u00edcio<\/em><\/li>\n<\/ul>\n<\/li>\n<\/ul>\n<\/li>\n<\/ul>\n<p><strong><span style=\"color: #ff0000;\">12:00 \u2022 Almo\u00e7o<\/span><\/strong><\/p>\n<p><strong><span style=\"color: #ff0000;\">14:00 \u2022 A base de opera\u00e7\u00e3o<\/span><\/strong><\/p>\n<ul>\n<li>A tela da fantasia e os (des)contentes de hoje\u00a0 &#8211; <em>Francisco Santos <\/em><\/li>\n<li>O horizonte do ato \u00e9 o corpo \u2022 <em>Wilson Lima<\/em><\/li>\n<li>O analista trauma operando em uma viol\u00eancia sexual\u00a0 \u2022 <em>Silvia Gusm\u00e3o<\/em>\n<ul>\n<li><em>Coordena\u00e7\u00e3o: Cleide Monteiro e Eliane Baptista <\/em><\/li>\n<\/ul>\n<\/li>\n<\/ul>\n<p><strong><span style=\"color: #ff0000;\">15:15 \u2022 A Roda dos + 1<\/span><\/strong><\/p>\n<ul>\n<li>Anamaria Vasconcelos e Cassandra Dias conversam com Fl\u00e1via Cera, In\u00eas Seabra e Luc\u00edola Macedo<\/li>\n<li>Trauma e fantasma \u2022 (In\u00eas Seabra)<\/li>\n<li>O analista-trauma : uma perspectiva borromeana \u2022 notas em progresso (Luc\u00edola Macedo)<\/li>\n<li>Trauma e viol\u00eancia \u2022 (Fl\u00e1via Cera)<\/li>\n<\/ul>\n<p><strong><span style=\"color: #ff0000;\">16:30 \u2022 Intervalo<\/span><\/strong><\/p>\n<p><strong><span style=\"color: #ff0000;\">17:00 \u2022 ARTETRAUMA<\/span><\/strong><\/p>\n<ul>\n<li>Bibiana Poggi, Carolina Queiroz, K\u00e9sia Ramos e Socorro Soares.<\/li>\n<\/ul>\n<p><strong><span style=\"color: #ff0000;\">17:30 \u2022 <em>Trou!<\/em><\/span><\/strong><\/p>\n<ul>\n<li>A brecha de C\u00e9sar \u2022 <em>Liana Feldman<\/em><\/li>\n<li>O que pode um analista na psicose? \u2022 <em>Luiza Domingues Maia e Silva<\/em><\/li>\n<li>Sonho, imagem e som \u2022 <em>Paulo Medeiros <\/em><\/li>\n<li>Silenciar at\u00e9 que seja poss\u00edvel dizer \u2022 <em>Anderson Jos\u00e9 da Silva<\/em>\n<ul>\n<li><em>Coordena\u00e7\u00e3o: Margarida Assad<\/em><\/li>\n<\/ul>\n<\/li>\n<\/ul>\n<p><strong><span style=\"color: #ff0000;\">18:45 \u2022 Trauma: o absurdo da vida e a sem\u00e2ntica do imposs\u00edvel<\/span><\/strong><\/p>\n<ul>\n<li><strong>\u00a0Tempo 1 &#8211; Marcus Andr\u00e9 Vieira<\/strong><\/li>\n<li style=\"list-style-type: none;\">\n<ul>\n<li><em>\u00a0Coordena\u00e7\u00e3o: Cleyton Andrade<\/em><\/li>\n<\/ul>\n<\/li>\n<\/ul>\n<h3><span style=\"color: #003300;\"><strong>S\u00e1bado, 06 de dezembro<\/strong><\/span><\/h3>\n<p><strong><span style=\"color: #ff0000;\">08:00 \u2022 Como se fora\u00a0 brincadeira de roda<\/span><\/strong><\/p>\n<ul>\n<li>Aban(donada): um vislumbre do trauma \u2022 <em>Ana Helena Souza<\/em><\/li>\n<li>Subjetiva\u00e7\u00e3o do trauma e o ato anal\u00edtico \u2022 <em>Socorro Soares<\/em><\/li>\n<li>Aus\u00eancia sempre presente \u2022 <em>Priscila Brennand de Carvalho Fernandes<\/em>\n<ul>\n<li><em>Coordena\u00e7\u00e3o: Karynna N\u00f3brega <\/em><\/li>\n<\/ul>\n<\/li>\n<\/ul>\n<p><strong><span style=\"color: #ff0000;\">09:00 \u2022 Cai o rei de espadas!<\/span><\/strong><\/p>\n<ul>\n<li>Trauma zero? \u2022 <em>Pauleska Asevedo N\u00f3brega<\/em><\/li>\n<li>A fala e a destrui\u00e7\u00e3o do equ\u00edvoco \u2022 <em>Emmerson Vinicius Duarte Barros Correia<\/em><\/li>\n<li>Uma crian\u00e7a bate em si mesma \u2022 <em>Marcos Gandelsman<\/em>\n<ul>\n<li><em>Coordena\u00e7\u00e3o: Carlange Castro<\/em><\/li>\n<\/ul>\n<\/li>\n<\/ul>\n<p><span style=\"color: #ff0000;\"><strong>10 :00 \u2022 Lugar secreto<\/strong><\/span><\/p>\n<ul>\n<li>Palavra e corpo: <em>Juliana Ribeiro C\u00e2mara Lima <\/em><\/li>\n<li>Maquinista desejante: trilhos de uma constru\u00e7\u00e3o \u2022 <em>Caio Varela\u00a0 <\/em><\/li>\n<li>Trauma: n\u00e3o h\u00e1 rela\u00e7\u00e3o sexual \u2022 <em>Tatiana Schefer<\/em>\n<ul>\n<li><em>Coordena\u00e7\u00e3o: Sandra Conrado <\/em><\/li>\n<\/ul>\n<\/li>\n<\/ul>\n<p><strong><span style=\"color: #ff0000;\">11:00 \u2022 Pe\u00e7as soltas<\/span><\/strong><\/p>\n<ul>\n<li>O encontro com o analista e a possibilidade de traumatizar um discurso sobre a droga &#8211; <em>Thayse Kessya Oliveira de Almeida Borges <\/em><\/li>\n<li>A cor do som \u2022 <em>Jos\u00e9 Augusto Rocha <\/em><\/li>\n<li>Uma leitura orientada pela psican\u00e1lise na institui\u00e7\u00e3o \u2022 <em>Ana Paula Oliveira<\/em>\n<ul>\n<li><em>Coordena\u00e7\u00e3o: Rosemarie Mooneyhan <\/em><\/li>\n<\/ul>\n<\/li>\n<\/ul>\n<p><strong><span style=\"color: #ff0000;\">12:00 \u2022 Almo\u00e7o<\/span><\/strong><\/p>\n<p><strong><span style=\"color: #ff0000;\">14:00 \u2022 Batidas na porta da frente<\/span><\/strong><\/p>\n<ul>\n<li>Um grito, uma marca \u2022 <em>Marina Cursino<\/em><\/li>\n<li>Uma mudan\u00e7a de pele \u2022 <em>Isadora Grego D\u2019Andrea\u00a0 <\/em><\/li>\n<li>\u201cO que me olha \u00e9 sem sentido \/ o que eu vejo toma forma\u201d \u2022 <em>Luma Oliveira <\/em>\n<ul>\n<li><em>Coordena\u00e7\u00e3o: Anderson Barbosa <\/em><\/li>\n<\/ul>\n<\/li>\n<\/ul>\n<p><span style=\"color: #ff0000;\"><strong>15:00 \u2022 O que rompe com o cont\u00ednuo do tempo<\/strong><\/span><\/p>\n<ul>\n<li>Um abrigo e n\u00e3o uma amea\u00e7a \u2022 <em>Elizabete Siqueira <\/em><\/li>\n<li>Qual a rela\u00e7\u00e3o do analista e a dimens\u00e3o da perda? \u2022 <em>Susane Zanotti<\/em><\/li>\n<li>Um corpo testemunho de um dizer \u2022 <em>Nelson Matheus <\/em>\n<ul>\n<li><em>Coordena\u00e7\u00e3o: Roberta Gusm\u00e3o <\/em><\/li>\n<\/ul>\n<\/li>\n<\/ul>\n<p><strong><span style=\"color: #ff0000;\">16:00 \u2022 Intervalo<\/span><\/strong><\/p>\n<p><strong><span style=\"color: #ff0000;\">16:30 &#8211; Trauma: o absurdo da vida e a sem\u00e2ntica do imposs\u00edvel<\/span><\/strong><\/p>\n<ul>\n<li><strong>Tempo 2 &#8211; Marcus Andr\u00e9 Vieira <\/strong>\n<ul>\n<li><em>Coordena\u00e7\u00e3o: Glacy Gorski<\/em><\/li>\n<\/ul>\n<\/li>\n<\/ul>\n<p><strong><span style=\"color: #ff0000;\">18:00 \u2022 Encerramento<\/span><\/strong><\/p>\n<ul>\n<li>Glacy Gorski &#8211; Presidente do Conselho da Se\u00e7\u00e3o Nordeste<\/li>\n<\/ul>\n<p><strong><span style=\"color: #ff0000;\">20:00 \u2022 Festa aBalada do Trauma<\/span><\/strong><\/p>\n<ul>\n<li>Local: Rock &amp; Ribs<br \/>\nAv. Alfredo Lisboa, s\/n, loja 11, Armaz\u00e9m 12 Marco Zero, Recife.<\/li>\n<\/ul>\n[\/vc_column_text][\/vc_column][vc_column width=&#8221;1\/3&#8243;]<figure class=\"vcex-image vcex-module wpex-text-center\"><div class=\"vcex-image-inner wpex-relative wpex-inline-block\"><img width=\"595\" height=\"842\" src=\"https:\/\/ebp.org.br\/nordeste\/jornadas\/2025\/wp-content\/uploads\/2025\/11\/PROGRAMA-CAPA.jpg\" class=\"vcex-image-img wpex-align-middle\" alt=\"\" loading=\"lazy\" decoding=\"async\" srcset=\"https:\/\/ebp.org.br\/nordeste\/jornadas\/2025\/wp-content\/uploads\/2025\/11\/PROGRAMA-CAPA.jpg 595w, https:\/\/ebp.org.br\/nordeste\/jornadas\/2025\/wp-content\/uploads\/2025\/11\/PROGRAMA-CAPA-212x300.jpg 212w\" sizes=\"auto, (max-width: 595px) 100vw, 595px\" \/><\/div><\/figure><div class=\"vcex-spacing wpex-w-100 wpex-clear\"><\/div><div class=\"theme-button-wrap textcenter wpex-clr\"><a href=\"https:\/\/ebp.org.br\/nordeste\/jornadas\/2025\/wp-content\/uploads\/2025\/11\/PROGRAMA.pdf\" class=\"vcex-button theme-button align-center inline\"><span class=\"vcex-button-inner theme-button-inner wpex-flex wpex-flex-wrap wpex-items-center wpex-justify-center\">PROGRAMA PDF<\/span><\/a><\/div> [\/vc_column][\/vc_row]\n<\/div>","protected":false},"excerpt":{"rendered":"<p>[vc_row][vc_column width=&#8221;2\/3&#8243;][vc_column_text css=&#8221;&#8221;] Sexta, 05 de dezembro 08:00 \u2022 Credenciamento 08:30 \u2022 Abertura Margarida Assad &#8211; Diretora Geral Se\u00e7\u00e3o Nordeste Bibiana Poggi \u2022 Coordenadora V Jornada Anamaria Vasconcelos e Cassandra Dias \u2022 Comiss\u00e3o Cient\u00edfica 09:00 \u2022 Mem\u00f3rias perdidas Solturas: entre o corpo e o ato \u2022 Jos\u00e9 Ronaldo Al\u00e9m dos resqu\u00edcios coloniais, o que pode&hellip;<\/p>\n","protected":false},"author":1,"featured_media":0,"parent":0,"menu_order":0,"comment_status":"closed","ping_status":"closed","template":"","meta":{"footnotes":""},"class_list":["post-382","page","type-page","status-publish","hentry","entry","no-media"],"_links":{"self":[{"href":"https:\/\/ebp.org.br\/nordeste\/jornadas\/2025\/wp-json\/wp\/v2\/pages\/382","targetHints":{"allow":["GET"]}}],"collection":[{"href":"https:\/\/ebp.org.br\/nordeste\/jornadas\/2025\/wp-json\/wp\/v2\/pages"}],"about":[{"href":"https:\/\/ebp.org.br\/nordeste\/jornadas\/2025\/wp-json\/wp\/v2\/types\/page"}],"author":[{"embeddable":true,"href":"https:\/\/ebp.org.br\/nordeste\/jornadas\/2025\/wp-json\/wp\/v2\/users\/1"}],"replies":[{"embeddable":true,"href":"https:\/\/ebp.org.br\/nordeste\/jornadas\/2025\/wp-json\/wp\/v2\/comments?post=382"}],"version-history":[{"count":5,"href":"https:\/\/ebp.org.br\/nordeste\/jornadas\/2025\/wp-json\/wp\/v2\/pages\/382\/revisions"}],"predecessor-version":[{"id":834,"href":"https:\/\/ebp.org.br\/nordeste\/jornadas\/2025\/wp-json\/wp\/v2\/pages\/382\/revisions\/834"}],"wp:attachment":[{"href":"https:\/\/ebp.org.br\/nordeste\/jornadas\/2025\/wp-json\/wp\/v2\/media?parent=382"}],"curies":[{"name":"wp","href":"https:\/\/api.w.org\/{rel}","templated":true}]}}