{"id":380,"date":"2025-07-19T06:38:53","date_gmt":"2025-07-19T09:38:53","guid":{"rendered":"https:\/\/ebp.org.br\/nordeste\/jornadas\/2025\/?page_id=380"},"modified":"2025-09-18T08:09:34","modified_gmt":"2025-09-18T11:09:34","slug":"organizacao","status":"publish","type":"page","link":"https:\/\/ebp.org.br\/nordeste\/jornadas\/2025\/organizacao\/","title":{"rendered":"Organiza\u00e7\u00e3o"},"content":{"rendered":"<p><strong>Coordena\u00e7\u00e3o Geral:<\/strong> Bibiana Poggi<\/p>\n<h3><span style=\"color: #ff0000;\">Comiss\u00e3o Cient\u00edfica<\/span><\/h3>\n<p><strong>Coordena\u00e7\u00e3o:<\/strong> Anamaria Vasconcelos e Cassandra Dias<\/p>\n<p>Cart\u00e9is constitu\u00eddos para o trabalho com os eixos tem\u00e1ticos:<\/p>\n<ul>\n<li><strong>Eixo 1 \u2013 A tela da fantasia<\/strong>\n<ul>\n<li>Cartelizantes: Eliane Baptista, Anderson Barbosa, Francisco Santos e \u00cdsis Maur\u00edcio.<br \/>\nMais-um: In\u00eas Seabra (EBP\/MG)<\/li>\n<\/ul>\n<\/li>\n<li><strong>Eixo 2 \u2013 O horizonte do ato<\/strong>\n<ul>\n<li>Cartelizantes: Cleyton Andrade, V\u00e2nia Ferreira, Wilson Lima e Carlange Castro.<br \/>\nMais-um: Fl\u00e1via Cera (EBP\/Sul)<\/li>\n<\/ul>\n<\/li>\n<li><strong>Eixo 3 \u2013 Analista trauma<\/strong>\n<ul>\n<li>Cartelizantes: Cleide Monteiro, S\u00edlvia Gusm\u00e3o, Roberta Gusm\u00e3o e Rosemarie Moneyham.<br \/>\nMais-um: Luc\u00edola Macedo (EBP\/MG)<\/li>\n<\/ul>\n<\/li>\n<\/ul>\n<h3><span style=\"color: #ff0000;\">Comiss\u00e3o de Refer\u00eancias Bibliogr\u00e1ficas<\/span><\/h3>\n<p><strong>Coordena\u00e7\u00e3o:<\/strong> Jos\u00e9 Carlos Lapenda<\/p>\n<ul>\n<li>Eliene Rodrigues<\/li>\n<li>Erick Leonardo Pereira<\/li>\n<li>Jos\u00e9 Ronado de Paulo<\/li>\n<li>Liana Feldman<\/li>\n<li>Marina Cursino<\/li>\n<\/ul>\n<h3><span style=\"color: #ff0000;\">Comiss\u00e3o de M\u00eddias<\/span><\/h3>\n<p><strong>Coordena\u00e7\u00e3o:<\/strong> Cl\u00e1udia Formiga<\/p>\n<ul>\n<li>Anderson Barbosa<\/li>\n<li>Jos\u00e9 Augusto Rocha<\/li>\n<li>Juliana de Castro<\/li>\n<li>J\u00falio Garcia<\/li>\n<li>Kevin do \u00d3<\/li>\n<li>Suele Conde<\/li>\n<li>Susane Zanotti<\/li>\n<li>Tatiana Schefer<\/li>\n<\/ul>\n<h3><span style=\"color: #ff0000;\">Comiss\u00e3o de Livraria<\/span><\/h3>\n<p><strong>Coordena\u00e7\u00e3o:<\/strong> Maria Cristina Maia Fernandes<\/p>\n<ul>\n<li>Anna Luzia de Oliveira<\/li>\n<li>An\u00edcia Ewerton<\/li>\n<li>Fernanda Vasconcelos<\/li>\n<li>\u2060Nelson Matheus Silva<\/li>\n<li>\u2060Patr\u00edcia Carla de Siqueira Alves<\/li>\n<li>Ra\u00edssa da N\u00f3brega Pessoa<\/li>\n<\/ul>\n<h3><span style=\"color: #ff0000;\">Comiss\u00e3o de Infraestrutura<\/span><\/h3>\n<p><strong>Coordena\u00e7\u00e3o:<\/strong> K\u00e9sia Ramos<\/p>\n<ul>\n<li>Ana Paula Mota<\/li>\n<li>Anderson Jos\u00e9<\/li>\n<li>Carolina Queiroz<\/li>\n<li>Marcela Alain<\/li>\n<li>Priscila Carvalho<\/li>\n<li>Roberta Gusm\u00e3o<\/li>\n<li>Socorro Soares<\/li>\n<\/ul>\n","protected":false},"excerpt":{"rendered":"<p>Coordena\u00e7\u00e3o Geral: Bibiana Poggi Comiss\u00e3o Cient\u00edfica Coordena\u00e7\u00e3o: Anamaria Vasconcelos e Cassandra Dias Cart\u00e9is constitu\u00eddos para o trabalho com os eixos tem\u00e1ticos: Eixo 1 \u2013 A tela da fantasia Cartelizantes: Eliane Baptista, Anderson Barbosa, Francisco Santos e \u00cdsis Maur\u00edcio. Mais-um: In\u00eas Seabra (EBP\/MG) Eixo 2 \u2013 O horizonte do ato Cartelizantes: Cleyton Andrade, V\u00e2nia Ferreira, Wilson&hellip;<\/p>\n","protected":false},"author":1,"featured_media":0,"parent":0,"menu_order":0,"comment_status":"closed","ping_status":"closed","template":"","meta":{"footnotes":""},"class_list":["post-380","page","type-page","status-publish","hentry","entry","no-media"],"_links":{"self":[{"href":"https:\/\/ebp.org.br\/nordeste\/jornadas\/2025\/wp-json\/wp\/v2\/pages\/380","targetHints":{"allow":["GET"]}}],"collection":[{"href":"https:\/\/ebp.org.br\/nordeste\/jornadas\/2025\/wp-json\/wp\/v2\/pages"}],"about":[{"href":"https:\/\/ebp.org.br\/nordeste\/jornadas\/2025\/wp-json\/wp\/v2\/types\/page"}],"author":[{"embeddable":true,"href":"https:\/\/ebp.org.br\/nordeste\/jornadas\/2025\/wp-json\/wp\/v2\/users\/1"}],"replies":[{"embeddable":true,"href":"https:\/\/ebp.org.br\/nordeste\/jornadas\/2025\/wp-json\/wp\/v2\/comments?post=380"}],"version-history":[{"count":6,"href":"https:\/\/ebp.org.br\/nordeste\/jornadas\/2025\/wp-json\/wp\/v2\/pages\/380\/revisions"}],"predecessor-version":[{"id":608,"href":"https:\/\/ebp.org.br\/nordeste\/jornadas\/2025\/wp-json\/wp\/v2\/pages\/380\/revisions\/608"}],"wp:attachment":[{"href":"https:\/\/ebp.org.br\/nordeste\/jornadas\/2025\/wp-json\/wp\/v2\/media?parent=380"}],"curies":[{"name":"wp","href":"https:\/\/api.w.org\/{rel}","templated":true}]}}