{"id":373,"date":"2025-07-19T06:37:39","date_gmt":"2025-07-19T09:37:39","guid":{"rendered":"https:\/\/ebp.org.br\/nordeste\/jornadas\/2025\/?page_id=373"},"modified":"2025-09-24T10:22:51","modified_gmt":"2025-09-24T13:22:51","slug":"atividades-preparatorias","status":"publish","type":"page","link":"https:\/\/ebp.org.br\/nordeste\/jornadas\/2025\/a-jornada\/atividades-preparatorias\/","title":{"rendered":"Atividades Preparat\u00f3rias"},"content":{"rendered":"<div class=\"wpb-content-wrapper\">[vc_row][vc_column width=&#8221;1\/2&#8243;][vc_column_text css=&#8221;&#8221;]\n<h3><span style=\"color: #993300;\">Lan\u00e7amento da V Jornada da Se\u00e7\u00e3o Nordeste \u00a0\u2013 <strong>Trauma<\/strong><\/span><\/h3>\n<ul>\n<li>Data: 22\/07, \u00e0s 20h<\/li>\n<li>Mesa: Coordenadora da V Jornada Bibiana Poggi (EBP\/AMP) e Coordenadoras da Comiss\u00e3o Cient\u00edfica Ana Maria Vasconcelos (EBP\/AMP)\u00a0 e Cassandra Dias (EBP\/AMP)<\/li>\n<li>Coordena\u00e7\u00e3o: Margarida Assad (EBP\/NE)<\/li>\n<\/ul>\n[\/vc_column_text][\/vc_column][vc_column width=&#8221;1\/2&#8243;][vc_column_text css=&#8221;&#8221;]https:\/\/www.youtube.com\/watch?v=jf-Mn8-3bA4[\/vc_column_text][\/vc_column][\/vc_row][vc_row][vc_column width=&#8221;1\/2&#8243;][vc_column_text css=&#8221;&#8221;]\n<h3><span style=\"color: #993300;\">Preparat\u00f3ria Eixo 1 \u2013 <strong>\u00a0A tela da fantasia<\/strong><\/span><\/h3>\n<ul>\n<li>Data: 19\/08, \u00e0s 20h<\/li>\n<li>Cartel respons\u00e1vel: Eliane Baptista (EBP\/AMP), Anderson Barbosa, Francisco Santos e \u00cdsis Maur\u00edcio<\/li>\n<li>Mais-Um: In\u00eas Seabra (EBP\/AMP &#8211; Se\u00e7\u00e3o Minas)<\/li>\n<li>Coordena\u00e7\u00e3o: Bibiana Poggi (EBP\/AMP)<\/li>\n<\/ul>\n[\/vc_column_text][\/vc_column][vc_column width=&#8221;1\/2&#8243;][vc_column_text css=&#8221;&#8221;]https:\/\/www.youtube.com\/watch?v=3FhdTpjIy2k[\/vc_column_text][\/vc_column][\/vc_row][vc_row][vc_column width=&#8221;1\/2&#8243;][vc_column_text css=&#8221;&#8221;]\n<h3><span style=\"color: #993300;\">Preparat\u00f3ria Eixo 2 \u2013 <\/span><strong><span style=\"color: #993300;\">O horizonte do ato<\/span> <\/strong><\/h3>\n<ul>\n<li>Data: 02\/09, \u00e0s 20h<\/li>\n<li>Cartel respons\u00e1vel: Cleyton Andrade (EBP\/AMP) V\u00e2nia Ferreira, Wilson Lima e Carlange Castro<\/li>\n<li>Mais-UM: Fl\u00e1via Cera (EBP\/AMP &#8211; Se\u00e7\u00e3o Sul)<\/li>\n<li>Coordena\u00e7\u00e3o: Anamaria Vasconcelos (EBP\/AMP)<\/li>\n<\/ul>\n[\/vc_column_text][\/vc_column][vc_column width=&#8221;1\/2&#8243;][vc_column_text css=&#8221;&#8221;]https:\/\/youtu.be\/J_oqu6NbqIg[\/vc_column_text][\/vc_column][\/vc_row][vc_row][vc_column width=&#8221;1\/2&#8243;][vc_column_text css=&#8221;&#8221;]\n<h3><span style=\"color: #993300;\">Preparat\u00f3ria Eixo 3 \u2013 <strong>Analista trauma<\/strong><\/span><\/h3>\n<ul>\n<li>Data: 23\/09, \u00e0s 20h<\/li>\n<li>Cartel respons\u00e1vel: Cleide Monteiro (EBP\/AMP), S\u00edlvia Gusm\u00e3o, Roberta Gusm\u00e3o e Rosemarie Mooneyham<\/li>\n<li>Mais Um: Luc\u00edola Macedo (EBP\/AMP &#8211; Se\u00e7\u00e3o Minas)<\/li>\n<li>Coordena\u00e7\u00e3o: Cassandra Dias (EBP\/AMP)<\/li>\n<\/ul>\n[\/vc_column_text][\/vc_column][vc_column width=&#8221;1\/2&#8243;][vc_column_text css=&#8221;&#8221;]https:\/\/youtu.be\/RDxxz_33JWA?si=dTYlPeaA3aMxnRBI[\/vc_column_text][\/vc_column][\/vc_row]\n<\/div>","protected":false},"excerpt":{"rendered":"<p>[vc_row][vc_column width=&#8221;1\/2&#8243;][vc_column_text css=&#8221;&#8221;] Lan\u00e7amento da V Jornada da Se\u00e7\u00e3o Nordeste \u00a0\u2013 Trauma Data: 22\/07, \u00e0s 20h Mesa: Coordenadora da V Jornada Bibiana Poggi (EBP\/AMP) e Coordenadoras da Comiss\u00e3o Cient\u00edfica Ana Maria Vasconcelos (EBP\/AMP)\u00a0 e Cassandra Dias (EBP\/AMP) Coordena\u00e7\u00e3o: Margarida Assad (EBP\/NE) [\/vc_column_text][\/vc_column][vc_column width=&#8221;1\/2&#8243;][vc_column_text css=&#8221;&#8221;]https:\/\/www.youtube.com\/watch?v=jf-Mn8-3bA4[\/vc_column_text][\/vc_column][\/vc_row][vc_row][vc_column width=&#8221;1\/2&#8243;][vc_column_text css=&#8221;&#8221;] Preparat\u00f3ria Eixo 1 \u2013 \u00a0A tela da fantasia Data:&hellip;<\/p>\n","protected":false},"author":1,"featured_media":0,"parent":384,"menu_order":0,"comment_status":"closed","ping_status":"closed","template":"","meta":{"footnotes":""},"class_list":["post-373","page","type-page","status-publish","hentry","entry","no-media"],"_links":{"self":[{"href":"https:\/\/ebp.org.br\/nordeste\/jornadas\/2025\/wp-json\/wp\/v2\/pages\/373","targetHints":{"allow":["GET"]}}],"collection":[{"href":"https:\/\/ebp.org.br\/nordeste\/jornadas\/2025\/wp-json\/wp\/v2\/pages"}],"about":[{"href":"https:\/\/ebp.org.br\/nordeste\/jornadas\/2025\/wp-json\/wp\/v2\/types\/page"}],"author":[{"embeddable":true,"href":"https:\/\/ebp.org.br\/nordeste\/jornadas\/2025\/wp-json\/wp\/v2\/users\/1"}],"replies":[{"embeddable":true,"href":"https:\/\/ebp.org.br\/nordeste\/jornadas\/2025\/wp-json\/wp\/v2\/comments?post=373"}],"version-history":[{"count":7,"href":"https:\/\/ebp.org.br\/nordeste\/jornadas\/2025\/wp-json\/wp\/v2\/pages\/373\/revisions"}],"predecessor-version":[{"id":614,"href":"https:\/\/ebp.org.br\/nordeste\/jornadas\/2025\/wp-json\/wp\/v2\/pages\/373\/revisions\/614"}],"up":[{"embeddable":true,"href":"https:\/\/ebp.org.br\/nordeste\/jornadas\/2025\/wp-json\/wp\/v2\/pages\/384"}],"wp:attachment":[{"href":"https:\/\/ebp.org.br\/nordeste\/jornadas\/2025\/wp-json\/wp\/v2\/media?parent=373"}],"curies":[{"name":"wp","href":"https:\/\/api.w.org\/{rel}","templated":true}]}}