{"id":364,"date":"2025-07-19T06:34:11","date_gmt":"2025-07-19T09:34:11","guid":{"rendered":"https:\/\/ebp.org.br\/nordeste\/jornadas\/2025\/?page_id=364"},"modified":"2025-07-19T06:40:18","modified_gmt":"2025-07-19T09:40:18","slug":"envio-de-trabalhos","status":"publish","type":"page","link":"https:\/\/ebp.org.br\/nordeste\/jornadas\/2025\/a-jornada\/envio-de-trabalhos\/","title":{"rendered":"Envio de Trabalhos"},"content":{"rendered":"<p>Envio de Trabalhos<\/p>\n<ol>\n<li>T\u00edtulo do trabalho e nome completo do autor.<\/li>\n<li>E-mail e telefone do autor do trabalho<\/li>\n<li>Eixo com o qual o trabalho est\u00e1 relacionado (consultar argumento e eixos no site da Jornada).<\/li>\n<\/ol>\n<ul>\n<li>Texto escrito em formato Word, com no m\u00e1ximo 6.000 caracteres sem espa\u00e7os, fonte Arial, tamanho 12, justificado, espa\u00e7amento de 1,5 entre linhas, sendo aconselh\u00e1vel fazer a revis\u00e3o ortogr\u00e1fica do texto.<\/li>\n<li>As refer\u00eancias bibliogr\u00e1ficas citadas devem ser apresentadas da seguinte forma:<\/li>\n<li>Autor, T\u00edtulo do livro, \u201ct\u00edtulo do artigo ou cap\u00edtulo\u201d, local, editora, ano, p\u00e1gina.<\/li>\n<li>\u201cT\u00edtulo do artigo\u201d, p\u00e1gina (site) de onde foi retirado o texto ou artigo.<\/li>\n<\/ul>\n<p>Os textos dever\u00e3o ser enviados para os e-mails da Comiss\u00e3o Cient\u00edfica: <a href=\"mailto:cassandradias@uol.com.br\">cassandradias@uol.com.br<\/a> e <a href=\"mailto:vasconcelos.anamaria@gmail.com\">vasconcelos.anamaria@gmail.com <\/a>constando no campo \u201cassunto\u201d o nome do autor e eixo no qual se inscreve esse trabalho.<\/p>\n<p>Recomendamos que o material cl\u00ednico seja enxuto e trabalhado atrav\u00e9s de pequenas vinhetas, resguardando a identidade do paciente e o risco de exposi\u00e7\u00e3o.<\/p>\n<p>Prazo para envio dos trabalhos: <strong>20 de outubro <\/strong><\/p>\n<p><strong>Obs: Para inscrever trabalho \u00e9 necess\u00e1rio estar inscrito na V Jornada.<\/strong><\/p>\n","protected":false},"excerpt":{"rendered":"<p>Envio de Trabalhos T\u00edtulo do trabalho e nome completo do autor. E-mail e telefone do autor do trabalho Eixo com o qual o trabalho est\u00e1 relacionado (consultar argumento e eixos no site da Jornada). Texto escrito em formato Word, com no m\u00e1ximo 6.000 caracteres sem espa\u00e7os, fonte Arial, tamanho 12, justificado, espa\u00e7amento de 1,5 entre&hellip;<\/p>\n","protected":false},"author":1,"featured_media":0,"parent":384,"menu_order":0,"comment_status":"closed","ping_status":"closed","template":"","meta":{"footnotes":""},"class_list":["post-364","page","type-page","status-publish","hentry","entry","no-media"],"_links":{"self":[{"href":"https:\/\/ebp.org.br\/nordeste\/jornadas\/2025\/wp-json\/wp\/v2\/pages\/364","targetHints":{"allow":["GET"]}}],"collection":[{"href":"https:\/\/ebp.org.br\/nordeste\/jornadas\/2025\/wp-json\/wp\/v2\/pages"}],"about":[{"href":"https:\/\/ebp.org.br\/nordeste\/jornadas\/2025\/wp-json\/wp\/v2\/types\/page"}],"author":[{"embeddable":true,"href":"https:\/\/ebp.org.br\/nordeste\/jornadas\/2025\/wp-json\/wp\/v2\/users\/1"}],"replies":[{"embeddable":true,"href":"https:\/\/ebp.org.br\/nordeste\/jornadas\/2025\/wp-json\/wp\/v2\/comments?post=364"}],"version-history":[{"count":1,"href":"https:\/\/ebp.org.br\/nordeste\/jornadas\/2025\/wp-json\/wp\/v2\/pages\/364\/revisions"}],"predecessor-version":[{"id":365,"href":"https:\/\/ebp.org.br\/nordeste\/jornadas\/2025\/wp-json\/wp\/v2\/pages\/364\/revisions\/365"}],"up":[{"embeddable":true,"href":"https:\/\/ebp.org.br\/nordeste\/jornadas\/2025\/wp-json\/wp\/v2\/pages\/384"}],"wp:attachment":[{"href":"https:\/\/ebp.org.br\/nordeste\/jornadas\/2025\/wp-json\/wp\/v2\/media?parent=364"}],"curies":[{"name":"wp","href":"https:\/\/api.w.org\/{rel}","templated":true}]}}