{"id":737,"date":"2024-11-30T05:43:49","date_gmt":"2024-11-30T08:43:49","guid":{"rendered":"https:\/\/ebp.org.br\/nordeste\/jornadas\/2024\/?page_id=737"},"modified":"2024-11-30T05:45:57","modified_gmt":"2024-11-30T08:45:57","slug":"cultura-e-turismo","status":"publish","type":"page","link":"https:\/\/ebp.org.br\/nordeste\/jornadas\/2024\/a-jornada\/acolhimento\/cultura-e-turismo\/","title":{"rendered":"Cultura e turismo"},"content":{"rendered":"<div class=\"wpb-content-wrapper\">[vc_row][vc_column][vc_column_text css=&#8221;&#8221;]\n<h3><span style=\"color: #000080;\"><strong>Informa\u00e7\u00f5es Tur\u00edsticas<\/strong><\/span><\/h3>\n<ul>\n<li>Pref. Municipal Jo\u00e3o Pessoa<br \/>\nhttps:\/\/turismo.joaopessoa.pb.gov.br\/<\/li>\n<\/ul>\n<h3><strong><span style=\"color: #000080;\">#DICAS<\/span><\/strong><\/h3>\n<ul>\n<li><strong>Pra\u00e7a Rio Branco &#8211; Sabadinho Bom<\/strong><br \/>\nShow de Chorinho e Samba todos os s\u00e1bados a partir das 12:00h at\u00e9 \u00e0 noite. Gratuito.<br \/>\n<a href=\"https:\/\/www.instagram.com\/sabadinhobomjp?igsh=YzljYTk1ODg3Zg==\">https:\/\/www.instagram.com\/sabadinhobomjp?igsh=YzljYTk1ODg3Zg==<\/a><\/li>\n<li><strong>Rua Joaquim Avundano &#8211; Miramar<\/strong><br \/>\nA rua \u00e9 exclusiva para pedestres com shows gratuitos \u00e0 noite em palco montado nos fins de semana.<br \/>\nTem uma variedade de bares, cafeterias, confeitarias, padarias e mais, atraindo o interesse daqueles que apreciam lugares agrad\u00e1veis.<br \/>\n<a href=\"https:\/\/www.instagram.com\/reel\/C4stdHpLveD\/?igsh=YzljYTk1ODg3Zg==\">https:\/\/www.instagram.com\/reel\/C4stdHpLveD\/?igsh=YzljYTk1ODg3Zg==<\/a><\/li>\n<li><strong>Centro Cultural S\u00e3o Francisco<\/strong><br \/>\n<a href=\"https:\/\/www.instagram.com\/centroculturalsaofrancisco?igsh=YzljYTk1ODg3Zg==\">https:\/\/www.instagram.com\/centroculturalsaofrancisco?igsh=YzljYTk1ODg3Zg==<\/a><\/li>\n<li><strong>General Store &#8211; Bar com vista para o Rio Sanhau\u00e1 e por do sol.<\/strong><br \/>\n<a href=\"https:\/\/www.instagram.com\/generalstorejp?igsh=YzljYTk1ODg3Zg==\">https:\/\/www.instagram.com\/generalstorejp?igsh=YzljYTk1ODg3Zg==<\/a><\/li>\n<li><strong>Mercardo de Artesanato &#8211; Tamba\u00fa<\/strong><br \/>\n<a href=\"https:\/\/www.instagram.com\/map.pb?igsh=YzljYTk1ODg3Zg==\">https:\/\/www.instagram.com\/map.pb?igsh=YzljYTk1ODg3Zg==<\/a><\/li>\n<li><strong>Parque Ecol\u00f3gico Bosque dos Sonhos &#8211; Farol do Cabo Branco<\/strong><br \/>\n<a href=\"https:\/\/www.instagram.com\/bosquedossonhosjp?igsh=YzljYTk1ODg3Zg==\">https:\/\/www.instagram.com\/bosquedossonhosjp?igsh=YzljYTk1ODg3Zg==<\/a><\/li>\n<li><strong>Caminhada Jampa Negra<\/strong><br \/>\nRota tur\u00edstica a p\u00e9 pelo Centro Hst\u00f3rico.<br \/>\n<a href=\"https:\/\/www.instagram.com\/sankrota?igsh=YzljYTk1ODg3Zg==\">https:\/\/www.instagram.com\/sankrota?igsh=YzljYTk1ODg3Zg==<\/a><\/li>\n<li><strong>Informa\u00e7\u00f5es Culturais &#8211; Jampa Qual \u00e9 a Boa?<\/strong><br \/>\n<a href=\"https:\/\/www.instagram.com\/jampaqualeaboa?igsh=YzljYTk1ODg3Zg==\">https:\/\/www.instagram.com\/jampaqualeaboa?igsh=YzljYTk1ODg3Zg==<\/a><\/li>\n<\/ul>\n[\/vc_column_text]<div class=\"vcex-spacing wpex-w-100 wpex-clear\"><\/div><div class=\"vcex-module vcex-divider vcex-divider-solid vcex-divider-center wpex-mx-auto wpex-max-w-100 wpex-block wpex-h-0 wpex-border-b wpex-border-solid wpex-border-main\" style=\"width:2px;border-color:#395d9e;\"><\/div><div class=\"vcex-spacing wpex-w-100 wpex-clear\"><\/div>[vc_column_text css=&#8221;&#8221;]\n<h3><strong><span style=\"color: #000080;\">Programa\u00e7\u00e3o cultural e art\u00edstica: (m\u00fasica, teatro, exposi\u00e7\u00f5es)<\/span><\/strong><\/h3>\n<p><strong>Per\u00edodo de 09 e 16 de dezembro<\/strong><strong>:<\/strong><\/p>\n<ul>\n<li><strong>Largo da Igreja de S\u00e3o Francisco<br \/>\n<\/strong><span style=\"background-color: var(--wpex-surface-1); color: var(--wpex-text-2);\">13\/12\/2024 &#8211; <\/span><span style=\"background-color: var(--wpex-surface-1); color: var(--wpex-text-2);\">19h \u2013 Concerto de Natal com a <\/span><strong style=\"background-color: var(--wpex-surface-1); color: var(--wpex-text-2);\">Orquestra Sinf\u00f4nica do Munic\u00edpio <\/strong><span style=\"background-color: var(--wpex-surface-1); color: var(--wpex-text-2);\">e a <\/span><strong style=\"background-color: var(--wpex-surface-1); color: var(--wpex-text-2);\">cantora Sandra de S\u00e1 com a participa\u00e7\u00e3o da Cia de Dan\u00e7a do Munic\u00edpio de Jo\u00e3o Pessoa. <\/strong><span style=\"background-color: var(--wpex-surface-1); color: var(--wpex-text-2);\">Intera\u00e7\u00e3o com personagens no entorno do espet\u00e1culo<\/span><\/li>\n<li><strong><span style=\"background-color: var(--wpex-surface-1); color: var(--wpex-text-2);\">Parque Solon de Lucena \u2013 Lagoa<br \/>\n<\/span><\/strong>14\/12\/2024 &#8211; Cavalo Marinho Infantil Sementes do Mestre Jo\u00e3o do Boi Circo Montagem<br \/>\n15\/12\/2024 &#8211; Trupizupe (Cia Solar) Maracatu Baque Mulher<\/li>\n<li><strong><span style=\"background-color: var(--wpex-surface-1); color: var(--wpex-text-2);\">M\u00fasica na Igreja<br \/>\n<\/span><\/strong><span style=\"background-color: var(--wpex-surface-1); color: var(--wpex-text-2);\">A partir das 16h &#8211; 13\/12\/2024<br \/>\n<\/span><span style=\"background-color: var(--wpex-surface-1); color: var(--wpex-text-2);\">Catedral Metropolitana de Nossa Senhora das Neves<\/span><\/li>\n<li><strong>Busto de Tamandar\u00e9<br \/>\n<\/strong>14\/12\/2024 &#8211; <span style=\"background-color: var(--wpex-surface-1); color: var(--wpex-text-2);\">18h \u2013 Maracatu Maracastelo<br \/>\n<\/span><span style=\"background-color: var(--wpex-surface-1); color: var(--wpex-text-2);\">15\/12\/2024 &#8211; <\/span><span style=\"background-color: var(--wpex-surface-1); color: var(--wpex-text-2);\">18h \u2013 Banda Sinf\u00f4nica da Sedec<\/span><\/li>\n<li><strong>Natal na Usina <\/strong><strong>\u2013 de 1 a 28 de dezembro<br \/>\n<\/strong>@natalnausina (programa\u00e7\u00e3o completa)<br \/>\nDe ter\u00e7a a domingo &#8211; 14 \u00e0s 21h: Exposi\u00e7\u00e3o \u201cL\u00famina terra\u201d \u2013 Maria dos Mares (ceramista)<\/li>\n<\/ul>\n[\/vc_column_text]<div class=\"vcex-spacing wpex-w-100 wpex-clear\"><\/div><div class=\"vcex-module vcex-divider vcex-divider-solid vcex-divider-center wpex-mx-auto wpex-max-w-100 wpex-block wpex-h-0 wpex-border-b wpex-border-solid wpex-border-main\" style=\"width:2px;border-color:#395d9e;\"><\/div><div class=\"vcex-spacing wpex-w-100 wpex-clear\"><\/div>[vc_column_text css=&#8221;&#8221;]\n<h3><span style=\"color: #000080;\"><strong>Museus da cidade<\/strong><\/span><\/h3>\n<p><strong>Museu da Cidade de Jo\u00e3o Pessoa<\/strong><\/p>\n<ul>\n<li><strong>Endere\u00e7o<\/strong><strong>: <\/strong>Pra\u00e7a da Independ\u00eancia, 92 &#8211; Centro, Jo\u00e3o Pessoa &#8211; PB, 58013-020<\/li>\n<\/ul>\n<p><strong>Museu Jos\u00e9 Lins do Rego<\/strong><\/p>\n<ul>\n<li><strong>Endere\u00e7o<\/strong><strong>: <\/strong>Av, R. Abdias Gomes de Almeida, 800 &#8211; Tambauzinho, Jo\u00e3o Pessoa &#8211; PB, 58042-100 \u2013 <strong>Localizado em: <\/strong>Espa\u00e7o Cultural Jos\u00e9 Lins do R\u00eago<\/li>\n<\/ul>\n<p><strong>Museu do Artesanato Paraibano &#8211; Janete Costa<\/strong><\/p>\n<ul>\n<li><strong>Endere\u00e7o<\/strong><strong>: <\/strong>Pra\u00e7a da Independ\u00eancia, 56 &#8211; Centro, Jo\u00e3o Pessoa &#8211; PB, 58013-025<\/li>\n<li><strong>Hor\u00e1rio de funcionamento<\/strong><strong>: <\/strong>Aberto \u22c5 Fecha \u00e0s 16:30 <strong>Telefone<\/strong><strong>: <\/strong>(83) 3221-2267<\/li>\n<\/ul>\n<p><strong>Museu da Cultura Popular &#8211; UFPB<\/strong><\/p>\n<ul>\n<li><strong>Endere\u00e7o<\/strong><strong>: <\/strong>Cidade Universit\u00e1ria &#8211; Castelo Branco, Jo\u00e3o Pessoa &#8211; PB, 58051-900<\/li>\n<li><strong>Hor\u00e1rio de funcionamento<\/strong><strong>: a partir das 08:00h <\/strong><strong>Telefone<\/strong><strong>: <\/strong>(83) 3216-7200<\/li>\n<\/ul>\n<p><strong>Museu Casa de Cultura Hermano Jos\u00e9<\/strong><\/p>\n<ul>\n<li><strong>Endere\u00e7o<\/strong><strong>: <\/strong>Rua Poeta Luiz Raimundo Batista de Carvalho, 805 &#8211; Jardim Oceania, Jo\u00e3o Pessoa &#8211; PB, 58037-530<\/li>\n<li><strong>Hor\u00e1rio de funcionamento<\/strong><strong>: <\/strong>Abre seg. \u00e0s 08:00<\/li>\n<\/ul>\n<p><strong>Casa da P\u00f3lvora<\/strong><\/p>\n<ul>\n<li><strong>Endere\u00e7o<\/strong><strong>: <\/strong>Ladeira S\u00e3o Francisco, 152 &#8211; Centro, Jo\u00e3o Pessoa &#8211; PB, 58010-630<\/li>\n<li><strong>Hor\u00e1rio de funcionamento<\/strong><strong>: <\/strong>Fecha \u00e0s 18:00<\/li>\n<\/ul>\n<p><strong>Funda\u00e7\u00e3o Casa de Jos\u00e9 Am\u00e9rico<\/strong><\/p>\n<ul>\n<li><strong>Endere\u00e7o<\/strong><strong>: <\/strong>Av. Cabo Branco, 3336 &#8211; Cabo Branco, Jo\u00e3o Pessoa &#8211; PB, 58045-010<\/li>\n<li><strong>Hor\u00e1rio de funcionamento<\/strong><strong>:<\/strong>\u22c5 Fecha \u00e0s 16:00<\/li>\n<li><strong>Telefone<\/strong><strong>: <\/strong>(83) 3219-0900<\/li>\n<\/ul>\n<p><strong>Esta\u00e7\u00e3o Cabo Branco &#8211; Ci\u00eancia, Cultura e Artes<\/strong><\/p>\n<ul>\n<li><strong>Endere\u00e7o<\/strong><strong>: <\/strong>Avenida Jo\u00e3o Cirillo da Silva &#8211; Altiplano Cabo Branco, Jo\u00e3o Pessoa &#8211; PB, 58046-010<\/li>\n<li><strong>Hor\u00e1rio de funcionamento<\/strong><strong>: <\/strong>Abre seg. \u00e0s 09:00<\/li>\n<li><strong>Telefone<\/strong><strong>: <\/strong>(83) 99812-6785<\/li>\n<li><strong>Arquiteto<\/strong><strong>: <\/strong>Oscar Niemeyer<\/li>\n<\/ul>\n<p><strong>Centro Cultural S\u00e3o Francisco<\/strong><\/p>\n<ul>\n<li><strong>Endere\u00e7o<\/strong><strong>: <\/strong>Ladeira S\u00e3o Francisco, S\/N &#8211; Centro, Jo\u00e3o Pessoa &#8211; PB, 58010-650<\/li>\n<li><strong>Hor\u00e1rio de funcionamento<\/strong><strong>: <\/strong>\u22c5 Fecha \u00e0s 15:30<\/li>\n<li><strong>Telefone<\/strong><strong>: <\/strong>(83) 98802-9877<\/li>\n<li><strong>Estilo arquitet\u00f4nico<\/strong><strong>: <\/strong>Arquitetura barroca<\/li>\n<li><strong>Inaugura\u00e7\u00e3o<\/strong><strong>: <\/strong>1589<\/li>\n<\/ul>\n<p><strong>Academia Paraibana de Letras<\/strong><\/p>\n<ul>\n<li>Espa\u00e7o dedicado a escritores da Para\u00edba com exposi\u00e7\u00f5es, filmes, biblioteca, visita\u00e7\u00e3o em diversos hor\u00e1rios.<\/li>\n<li><strong>Endere\u00e7o<\/strong><strong>: <\/strong>R. Duque de Caxias, 37 &#8211; Centro, Jo\u00e3o Pessoa &#8211; PB, 58010-820<\/li>\n<li><strong>Hor\u00e1rio de funcionamento<\/strong><strong>: <\/strong>Abre seg. \u00e0s 09:00<\/li>\n<li><strong>Telefone<\/strong><strong>: <\/strong>(83) 3221-8741<\/li>\n<\/ul>\n<p><strong>Hotel Globo<\/strong><\/p>\n<ul>\n<li><strong>Endere\u00e7o<\/strong><strong>: <\/strong>Largo de S\u00e3o Frei Pedro Gon\u00e7alves, Pra\u00e7a S\u00e3o Pedro Gon\u00e7alves, 7 &#8211; Varadouro, PB<\/li>\n<li><strong>Hor\u00e1rio de funcionamento<\/strong><strong>: <\/strong>Fecha \u00e0s 17:00<\/li>\n<\/ul>\n<p><strong>Memorial Abelardo da Hora<\/strong><\/p>\n<ul>\n<li><strong>Localizado em: <\/strong>Espa\u00e7o Cultural Jos\u00e9 Lins do R\u00eago<\/li>\n<li><strong>Endere\u00e7o<\/strong><strong>: <\/strong>Rua Governador Jos\u00e9 Gomes da Silva, R. Abdias Gomes de Almeida &#8211; Tambauzinho, Jo\u00e3o Pessoa &#8211; PB, 58053-455<\/li>\n<li><strong>Hor\u00e1rio de funcionamento<\/strong><strong>: <\/strong>Abre \u00e0s 13:00<\/li>\n<\/ul>\n[\/vc_column_text][\/vc_column][\/vc_row]\n<\/div>","protected":false},"excerpt":{"rendered":"<p>[vc_row][vc_column][vc_column_text css=&#8221;&#8221;] Informa\u00e7\u00f5es Tur\u00edsticas Pref. Municipal Jo\u00e3o Pessoa https:\/\/turismo.joaopessoa.pb.gov.br\/ #DICAS Pra\u00e7a Rio Branco &#8211; Sabadinho Bom Show de Chorinho e Samba todos os s\u00e1bados a partir das 12:00h at\u00e9 \u00e0 noite. Gratuito. https:\/\/www.instagram.com\/sabadinhobomjp?igsh=YzljYTk1ODg3Zg== Rua Joaquim Avundano &#8211; Miramar A rua \u00e9 exclusiva para pedestres com shows gratuitos \u00e0 noite em palco montado nos fins de&hellip;<\/p>\n","protected":false},"author":1,"featured_media":0,"parent":378,"menu_order":0,"comment_status":"closed","ping_status":"closed","template":"templates\/no-sidebar.php","meta":{"footnotes":""},"class_list":["post-737","page","type-page","status-publish","hentry","entry","no-media"],"_links":{"self":[{"href":"https:\/\/ebp.org.br\/nordeste\/jornadas\/2024\/wp-json\/wp\/v2\/pages\/737","targetHints":{"allow":["GET"]}}],"collection":[{"href":"https:\/\/ebp.org.br\/nordeste\/jornadas\/2024\/wp-json\/wp\/v2\/pages"}],"about":[{"href":"https:\/\/ebp.org.br\/nordeste\/jornadas\/2024\/wp-json\/wp\/v2\/types\/page"}],"author":[{"embeddable":true,"href":"https:\/\/ebp.org.br\/nordeste\/jornadas\/2024\/wp-json\/wp\/v2\/users\/1"}],"replies":[{"embeddable":true,"href":"https:\/\/ebp.org.br\/nordeste\/jornadas\/2024\/wp-json\/wp\/v2\/comments?post=737"}],"version-history":[{"count":2,"href":"https:\/\/ebp.org.br\/nordeste\/jornadas\/2024\/wp-json\/wp\/v2\/pages\/737\/revisions"}],"predecessor-version":[{"id":742,"href":"https:\/\/ebp.org.br\/nordeste\/jornadas\/2024\/wp-json\/wp\/v2\/pages\/737\/revisions\/742"}],"up":[{"embeddable":true,"href":"https:\/\/ebp.org.br\/nordeste\/jornadas\/2024\/wp-json\/wp\/v2\/pages\/378"}],"wp:attachment":[{"href":"https:\/\/ebp.org.br\/nordeste\/jornadas\/2024\/wp-json\/wp\/v2\/media?parent=737"}],"curies":[{"name":"wp","href":"https:\/\/api.w.org\/{rel}","templated":true}]}}