{"id":727,"date":"2024-11-27T05:53:20","date_gmt":"2024-11-27T08:53:20","guid":{"rendered":"https:\/\/ebp.org.br\/nordeste\/jornadas\/2024\/?page_id=727"},"modified":"2024-11-27T05:54:08","modified_gmt":"2024-11-27T08:54:08","slug":"boletim-hiante-04","status":"publish","type":"page","link":"https:\/\/ebp.org.br\/nordeste\/jornadas\/2024\/boletim-hiante-04\/","title":{"rendered":"Boletim Hiante #04"},"content":{"rendered":"<div class=\"wpb-content-wrapper\">[vc_row][vc_column]<figure class=\"vcex-image vcex-module\"><div class=\"vcex-image-inner wpex-relative wpex-inline-block\"><img width=\"1240\" height=\"285\" src=\"https:\/\/ebp.org.br\/nordeste\/jornadas\/2024\/wp-content\/uploads\/2024\/07\/top-boletim-hiante-site.jpg\" class=\"vcex-image-img wpex-align-middle\" alt=\"\" loading=\"lazy\" decoding=\"async\" srcset=\"https:\/\/ebp.org.br\/nordeste\/jornadas\/2024\/wp-content\/uploads\/2024\/07\/top-boletim-hiante-site.jpg 1240w, https:\/\/ebp.org.br\/nordeste\/jornadas\/2024\/wp-content\/uploads\/2024\/07\/top-boletim-hiante-site-300x69.jpg 300w, https:\/\/ebp.org.br\/nordeste\/jornadas\/2024\/wp-content\/uploads\/2024\/07\/top-boletim-hiante-site-1024x235.jpg 1024w, https:\/\/ebp.org.br\/nordeste\/jornadas\/2024\/wp-content\/uploads\/2024\/07\/top-boletim-hiante-site-768x177.jpg 768w\" sizes=\"auto, (max-width: 1240px) 100vw, 1240px\" \/><\/div><\/figure>[\/vc_column][\/vc_row][vc_row][vc_column][vc_column_text css=&#8221;&#8221;]\n<p style=\"text-align: center;\"><strong>Boletim Hiante #04<\/strong><\/p>\n[\/vc_column_text][\/vc_column][\/vc_row][vc_row][vc_column width=&#8221;5\/6&#8243;][vc_column_text css=&#8221;&#8221;]\n<h3>EDITORIAL<\/h3>\n<h6><em>por Francisco Santos<\/em><\/h6>\n<div id=\"bannerL\">\n<div id=\"div-gpt-ad-1474537762122-2\" data-google-query-id=\"CJfgofS9t_ACFTIG1AodxucDgQ\">\n<div id=\"google_ads_iframe_\/15188745\/Lipsum-Unit3_0__container__\"><span style=\"background-color: var(--wpex-surface-1); color: var(--wpex-text-2);\">A IV Jornada da Se\u00e7\u00e3o NE est\u00e1 \u00e0 porta! Desde o lan\u00e7amento do Boletim Hiante, desde que come\u00e7amos a nos preparar enquanto Se\u00e7\u00e3o, muito se tem produzido, discutido, inventado, ressoado e que encontrar\u00e1 seu destino &#8211; e seus restos &#8211; neste encontro de corpos em Dezembro. Como apresentamos no in\u00edcio desse percurso, o Boletim Hiante buscou produzir esse rasgo no tecido das redes, donde partissem as produ\u00e7\u00f5es daqueles que trabalharam e lan\u00e7aram, atrav\u00e9s da palavra, suas quest\u00f5es: nos restos colhidos das preparat\u00f3rias, no olhar sobre a cidade e o territ\u00f3rio, na supresa da arte, nas reflex\u00f5es te\u00f3ricas do Ipsin. Essas coisas que nos acompanhar\u00e3o na Jornada: dos trabalhos a serem apresentados, passando pelas confer\u00eancias dos nossos convidados, pelas provoca\u00e7\u00f5es daqueles que as ouvem, at\u00e9 a <\/span><a style=\"background-color: var(--wpex-surface-1);\" href=\"https:\/\/ebp.org.br\/nordeste\/jornadas\/2024\/a-jornada\/acolhimento\/festa-realce\/\">festa<\/a><span style=\"background-color: var(--wpex-surface-1); color: var(--wpex-text-2);\">\u00a0a\u00a0<\/span><strong style=\"background-color: var(--wpex-surface-1); color: var(--wpex-text-2);\">real<\/strong><span style=\"background-color: var(--wpex-surface-1); color: var(--wpex-text-2);\">\u00e7ar os corpos.<\/span><\/div>\n<\/div>\n<\/div>\n[\/vc_column_text]<div class=\"vcex-spacing wpex-w-100 wpex-clear\" style=\"height:20px;\"><\/div><a href=\"https:\/\/ebp.org.br\/nordeste\/jornadas\/2024\/editorial-boletim-hiante-04\/\" class=\"vcex-button theme-button black small inline\"><span class=\"vcex-button-inner theme-button-inner\">Leia mais<\/span><\/a> [\/vc_column][vc_column width=&#8221;1\/6&#8243;]<figure class=\"vcex-image vcex-module\"><div class=\"vcex-image-inner wpex-relative wpex-inline-block\"><img width=\"171\" height=\"215\" src=\"https:\/\/ebp.org.br\/nordeste\/jornadas\/2024\/wp-content\/uploads\/2024\/11\/hiante004_001.jpg\" class=\"vcex-image-img wpex-align-middle\" alt=\"\" loading=\"lazy\" decoding=\"async\" \/><\/div><\/figure>[\/vc_column][\/vc_row][vc_row][vc_column]<div class=\"vcex-spacing wpex-w-100 wpex-clear\" style=\"height:20px;\"><\/div><div class=\"vcex-module vcex-divider vcex-divider-solid vcex-divider-center wpex-mx-auto wpex-block wpex-h-0 wpex-border-b wpex-border-solid wpex-border-main\" style=\"border-color:#606060;\"><\/div><div class=\"vcex-spacing wpex-w-100 wpex-clear\" style=\"height:20px;\"><\/div>[\/vc_column][\/vc_row][vc_row][vc_column width=&#8221;5\/6&#8243;][vc_column_text css=&#8221;&#8221;]\n<h3>ECOS<\/h3>\n<p>\u201cO terceiro eixo da nossa IV jornada \u201cA pr\u00e1tica anal\u00edtica nos territ\u00f3rios\u201d nos convida a conectar a psican\u00e1lise com outros saberes e pr\u00e1ticas.<br \/>\nNa \u00faltima preparat\u00f3ria debatemos sobre o bom uso que se pode fazer do psicanalista enquanto objeto provocador do inconsciente.<br \/>\nTrazer o inconsciente \u00e0 cena, produzir intervalos, sustentar o real, abrir brechas para o aparecimento do sujeito, inclusive o sujeito crian\u00e7a\/adolescente, foi alvo da nossa discuss\u00e3o, estejam elas (as crian\u00e7as) na fam\u00edlia, na escola, ou em qualquer outro lugar.<br \/>\n\u2018\u201cEu fico com a pureza das respostas das crian\u00e7as\u2019\u2019&#8230; (Gonzaguinha).<br \/>\n\u00c9 poss\u00edvel que nos territ\u00f3rios, sendo uma psican\u00e1lise aplicada, o desafio seja ainda maior. Estar \u00e0 altura da subjetividade da nossa \u00e9poca \u00e9 uma recomenda\u00e7\u00e3o de Lacan imprescind\u00edvel ao uso da psican\u00e1lise aplicada, admitindo as quest\u00f5es do inconsciente hoje, do gozo, das conting\u00eancias e das respostas do real\u201d.[\/vc_column_text]<div class=\"vcex-spacing wpex-w-100 wpex-clear\" style=\"height:20px;\"><\/div><a href=\"https:\/\/ebp.org.br\/nordeste\/jornadas\/2024\/ecos-3\/\" class=\"vcex-button theme-button black small inline\"><span class=\"vcex-button-inner theme-button-inner\">Leia mais<\/span><\/a> [\/vc_column][vc_column width=&#8221;1\/6&#8243;]<figure class=\"vcex-image vcex-module\"><div class=\"vcex-image-inner wpex-relative wpex-inline-block\"><img width=\"311\" height=\"327\" src=\"https:\/\/ebp.org.br\/nordeste\/jornadas\/2024\/wp-content\/uploads\/2024\/11\/hiante004_002.jpg\" class=\"vcex-image-img wpex-align-middle\" alt=\"\" loading=\"lazy\" decoding=\"async\" srcset=\"https:\/\/ebp.org.br\/nordeste\/jornadas\/2024\/wp-content\/uploads\/2024\/11\/hiante004_002.jpg 311w, https:\/\/ebp.org.br\/nordeste\/jornadas\/2024\/wp-content\/uploads\/2024\/11\/hiante004_002-285x300.jpg 285w\" sizes=\"auto, (max-width: 311px) 100vw, 311px\" \/><\/div><\/figure>[\/vc_column][\/vc_row][vc_row][vc_column]<div class=\"vcex-spacing wpex-w-100 wpex-clear\" style=\"height:20px;\"><\/div><div class=\"vcex-module vcex-divider vcex-divider-solid vcex-divider-center wpex-mx-auto wpex-block wpex-h-0 wpex-border-b wpex-border-solid wpex-border-main\" style=\"border-color:#606060;\"><\/div><div class=\"vcex-spacing wpex-w-100 wpex-clear\" style=\"height:20px;\"><\/div>[\/vc_column][\/vc_row][vc_row][vc_column width=&#8221;5\/6&#8243;][vc_column_text css=&#8221;&#8221;]\n<h3>REFER\u00caNCIAS RESSONANTES<\/h3>\n<p>&#8220;N\u00f3s, precisamente, nos atemos \u00e0 apresenta\u00e7\u00e3o, n\u00e3o de uma psicopatologia geral, mas do esfor\u00e7o de cada sujeito para tratar do seu sintoma e do acolhimento que lhe damos em institui\u00e7\u00f5es que, sem nossa presen\u00e7a, teriam tend\u00eancia a trat\u00e1-lo como categoria.&#8221;<\/p>\n<p>O Del\u00edrio da Normalidade. In: Loucuras, sintomas e fantasias na vida cotidiana\/\u00c9ric Laurent. Belo Horizonte. Scriptum Livros, 2011, p. 45<\/p>\n<p>Como bem pontuado por \u00c9ric Laurent, os novos significantes mestres da contemporaneidade s\u00e3o a arma\u00e7\u00e3o (armature) do discurso do mestre. O espa\u00e7o do singular \u00e9 reduzido e banalizado, caminha-se ao seu desaparecimento. Em meio \u00e0s institui\u00e7\u00f5es, o analista \u00e9 o deslocado, \u00e9 o representante da estranheza e diferen\u00e7a frente aos ideais utilitaristas&#8230;[\/vc_column_text]<div class=\"vcex-spacing wpex-w-100 wpex-clear\" style=\"height:20px;\"><\/div><a href=\"https:\/\/ebp.org.br\/nordeste\/jornadas\/2024\/referencias-ressonantes-2\/\" class=\"vcex-button theme-button black small inline\"><span class=\"vcex-button-inner theme-button-inner\">Leia mais<\/span><\/a> [\/vc_column][vc_column width=&#8221;1\/6&#8243;]<figure class=\"vcex-image vcex-module\"><div class=\"vcex-image-inner wpex-relative wpex-inline-block\"><img width=\"327\" height=\"327\" src=\"https:\/\/ebp.org.br\/nordeste\/jornadas\/2024\/wp-content\/uploads\/2024\/11\/hiante004_003.jpg\" class=\"vcex-image-img wpex-align-middle\" alt=\"\" loading=\"lazy\" decoding=\"async\" srcset=\"https:\/\/ebp.org.br\/nordeste\/jornadas\/2024\/wp-content\/uploads\/2024\/11\/hiante004_003.jpg 327w, https:\/\/ebp.org.br\/nordeste\/jornadas\/2024\/wp-content\/uploads\/2024\/11\/hiante004_003-300x300.jpg 300w, https:\/\/ebp.org.br\/nordeste\/jornadas\/2024\/wp-content\/uploads\/2024\/11\/hiante004_003-150x150.jpg 150w\" sizes=\"auto, (max-width: 327px) 100vw, 327px\" \/><\/div><\/figure>[\/vc_column][\/vc_row][vc_row][vc_column]<div class=\"vcex-spacing wpex-w-100 wpex-clear\" style=\"height:20px;\"><\/div><div class=\"vcex-module vcex-divider vcex-divider-solid vcex-divider-center wpex-mx-auto wpex-block wpex-h-0 wpex-border-b wpex-border-solid wpex-border-main\" style=\"border-color:#606060;\"><\/div><div class=\"vcex-spacing wpex-w-100 wpex-clear\" style=\"height:20px;\"><\/div><div class=\"vcex-spacing wpex-w-100 wpex-clear\" style=\"height:20px;\"><\/div>[\/vc_column][\/vc_row][vc_row][vc_column width=&#8221;5\/6&#8243;][vc_column_text css=&#8221;&#8221;]\n<h3>PO\u00c9TICA<\/h3>\n<h6><em>por Jos\u00e9 Ronaldo<\/em><\/h6>\n<div id=\"bannerL5\">\n<div id=\"div-gpt-ad-1474537762122-9\" data-google-query-id=\"CJfgofS9t_ACFTIG1AodxucDgQ\">\n<div id=\"google_ads_iframe_\/15188745\/Lipsum-Unit3_0__container__5\"><span style=\"background-color: var(--wpex-surface-1); color: var(--wpex-text-2);\">O artista paraibano Jessier Quirino, define-se como \u201carquiteto por profiss\u00e3o, poeta por voca\u00e7\u00e3o e matuto por convic\u00e7\u00e3o\u201d. Ele tamb\u00e9m \u00e9 compositor e int\u00e9rprete, nasceu em Campina Grande e reside atualmente na cidade de Itabaiana, PB. Enveredou-se pelas palavras e se guia \u00e0 luz dos candeeiros, anunciando pelas frestas das <\/span><em style=\"background-color: var(--wpex-surface-1); color: var(--wpex-text-2);\">Agruras da Lata D\u2019\u00e1gua (1998)\u00a0<\/em><span style=\"background-color: var(--wpex-surface-1); color: var(--wpex-text-2);\">onde nasce a\u00a0<\/span><em style=\"background-color: var(--wpex-surface-1); color: var(--wpex-text-2);\">Paisagem do Interior (1999)\u00a0<\/em><span style=\"background-color: var(--wpex-surface-1); color: var(--wpex-text-2);\">e o desenho xilogr\u00e1fico de seus encantos pelo olhar astuto do matuto. O antigo, a\u00a0<\/span><em style=\"background-color: var(--wpex-surface-1); color: var(--wpex-text-2);\">Prosa Morena (2001)<\/em><span style=\"background-color: var(--wpex-surface-1); color: var(--wpex-text-2);\">, a\u00a0<\/span><em style=\"background-color: var(--wpex-surface-1); color: var(--wpex-text-2);\">Pol\u00edtica de P\u00e9 de Muro (2002)<\/em><span style=\"background-color: var(--wpex-surface-1); color: var(--wpex-text-2);\">, as botijas, a mocinha, entre outros elementos, ganham palco em seu \u00e2mago tom intimista. Sua poesia \u00e9 influenciada pela\u00a0<\/span><em style=\"background-color: var(--wpex-surface-1); color: var(--wpex-text-2);\">Bandeira Nordestina&#8230;<\/em><\/div>\n<\/div>\n<\/div>\n[\/vc_column_text]<div class=\"vcex-spacing wpex-w-100 wpex-clear\" style=\"height:20px;\"><\/div><a href=\"https:\/\/ebp.org.br\/nordeste\/jornadas\/2024\/poetica-3\/\" class=\"vcex-button theme-button black small inline\"><span class=\"vcex-button-inner theme-button-inner\">Leia mais<\/span><\/a> [\/vc_column][vc_column width=&#8221;1\/6&#8243;]<figure class=\"vcex-image vcex-module\"><div class=\"vcex-image-inner wpex-relative wpex-inline-block\"><img width=\"266\" height=\"229\" src=\"https:\/\/ebp.org.br\/nordeste\/jornadas\/2024\/wp-content\/uploads\/2024\/11\/hiante004_005.jpg\" class=\"vcex-image-img wpex-align-middle\" alt=\"\" loading=\"lazy\" decoding=\"async\" \/><\/div><\/figure>[\/vc_column][\/vc_row][vc_row][vc_column]<div class=\"vcex-spacing wpex-w-100 wpex-clear\" style=\"height:20px;\"><\/div><div class=\"vcex-module vcex-divider vcex-divider-solid vcex-divider-center wpex-mx-auto wpex-block wpex-h-0 wpex-border-b wpex-border-solid wpex-border-main\" style=\"border-color:#606060;\"><\/div><div class=\"vcex-spacing wpex-w-100 wpex-clear\" style=\"height:20px;\"><\/div><div class=\"vcex-spacing wpex-w-100 wpex-clear\" style=\"height:20px;\"><\/div>[\/vc_column][\/vc_row][vc_row][vc_column][vc_column_text css=&#8221;&#8221;]\n<h3>QUANDO O WITZ RESPONDE&#8230;<\/h3>\n[\/vc_column_text]<figure class=\"vcex-image vcex-module\"><div class=\"vcex-image-inner wpex-relative wpex-inline-block\"><img width=\"457\" height=\"456\" src=\"https:\/\/ebp.org.br\/nordeste\/jornadas\/2024\/wp-content\/uploads\/2024\/11\/hiante004_004.jpg\" class=\"vcex-image-img wpex-align-middle\" alt=\"\" loading=\"lazy\" decoding=\"async\" srcset=\"https:\/\/ebp.org.br\/nordeste\/jornadas\/2024\/wp-content\/uploads\/2024\/11\/hiante004_004.jpg 457w, https:\/\/ebp.org.br\/nordeste\/jornadas\/2024\/wp-content\/uploads\/2024\/11\/hiante004_004-300x300.jpg 300w, https:\/\/ebp.org.br\/nordeste\/jornadas\/2024\/wp-content\/uploads\/2024\/11\/hiante004_004-150x150.jpg 150w\" sizes=\"auto, (max-width: 457px) 100vw, 457px\" \/><\/div><\/figure>[\/vc_column][\/vc_row][vc_row][vc_column]<div class=\"vcex-spacing wpex-w-100 wpex-clear\" style=\"height:20px;\"><\/div><div class=\"vcex-module vcex-divider vcex-divider-solid vcex-divider-center wpex-mx-auto wpex-block wpex-h-0 wpex-border-b wpex-border-solid wpex-border-main\" style=\"border-color:#606060;\"><\/div><div class=\"vcex-spacing wpex-w-100 wpex-clear\" style=\"height:20px;\"><\/div><div class=\"vcex-spacing wpex-w-100 wpex-clear\" style=\"height:20px;\"><\/div>[\/vc_column][\/vc_row][vc_row][vc_column width=&#8221;5\/6&#8243;][vc_column_text css=&#8221;&#8221;]\n<h3>A PALAVRA DO IPSIN<\/h3>\n<h6><em>por Sandra Conrado<br \/>\nDiretora de Pesquisa e Se\u00e7\u00e3o Cl\u00ednica &#8211; IPSIN<\/em><\/h6>\n<div id=\"bannerL4\">\n<div id=\"div-gpt-ad-1474537762122-7\" data-google-query-id=\"CJfgofS9t_ACFTIG1AodxucDgQ\">\n<div id=\"google_ads_iframe_\/15188745\/Lipsum-Unit3_0__container__4\"><span style=\"background-color: var(--wpex-surface-1); color: var(--wpex-text-2);\">O Instituto de Psican\u00e1lise do Nordeste &#8211; IPSIN tem acolhido, dentro de sua proposta de investiga\u00e7\u00e3o, os N\u00facleos de Estudos e Pesquisas num trabalho que pretende estender e articular a psican\u00e1lise a outros saberes. Saberes que p\u00f5em em cena os campos das subjetividades, fazendo avan\u00e7ar e ampliar conceitos e pr\u00e1ticas frente aos novos modos de existir, pois a psican\u00e1lise acompanha o esp\u00edrito dos tempos.<\/span><\/div>\n<\/div>\n<\/div>\n<p>Nesse la\u00e7o com outros saberes, acolhe praticantes e n\u00e3o praticantes da psican\u00e1lise, cuja pol\u00edtica se garante sob a \u00e9gide da orienta\u00e7\u00e3o lacaniana, promovendo o vivo da cl\u00ednica, contemplando&#8230;[\/vc_column_text]<div class=\"vcex-spacing wpex-w-100 wpex-clear\" style=\"height:20px;\"><\/div><a href=\"https:\/\/ebp.org.br\/nordeste\/jornadas\/2024\/a-palavra-do-ipsin-3\/\" class=\"vcex-button theme-button black small inline\"><span class=\"vcex-button-inner theme-button-inner\">Leia mais<\/span><\/a> [\/vc_column][vc_column width=&#8221;1\/6&#8243;]<figure class=\"vcex-image vcex-module\"><div class=\"vcex-image-inner wpex-relative wpex-inline-block\"><img width=\"327\" height=\"327\" src=\"https:\/\/ebp.org.br\/nordeste\/jornadas\/2024\/wp-content\/uploads\/2024\/11\/hiante004_006.jpg\" class=\"vcex-image-img wpex-align-middle\" alt=\"\" loading=\"lazy\" decoding=\"async\" srcset=\"https:\/\/ebp.org.br\/nordeste\/jornadas\/2024\/wp-content\/uploads\/2024\/11\/hiante004_006.jpg 327w, https:\/\/ebp.org.br\/nordeste\/jornadas\/2024\/wp-content\/uploads\/2024\/11\/hiante004_006-300x300.jpg 300w, https:\/\/ebp.org.br\/nordeste\/jornadas\/2024\/wp-content\/uploads\/2024\/11\/hiante004_006-150x150.jpg 150w\" sizes=\"auto, (max-width: 327px) 100vw, 327px\" \/><\/div><\/figure>[\/vc_column][\/vc_row][vc_row][vc_column]<div class=\"vcex-spacing wpex-w-100 wpex-clear\" style=\"height:20px;\"><\/div><div class=\"vcex-module vcex-divider vcex-divider-solid vcex-divider-center wpex-mx-auto wpex-block wpex-h-0 wpex-border-b wpex-border-solid wpex-border-main\" style=\"border-color:#606060;\"><\/div><div class=\"vcex-spacing wpex-w-100 wpex-clear\" style=\"height:20px;\"><\/div><div class=\"vcex-spacing wpex-w-100 wpex-clear\" style=\"height:20px;\"><\/div>[\/vc_column][\/vc_row][vc_row][vc_column width=&#8221;5\/6&#8243;][vc_column_text css=&#8221;&#8221;]\n<h3><em>IN LOCU<\/em><\/h3>\n<h6><em>por Cassandra Dias<\/em><\/h6>\n<div id=\"bannerL6\">\n<div id=\"div-gpt-ad-1474537762122-11\" data-google-query-id=\"CJfgofS9t_ACFTIG1AodxucDgQ\">\n<div id=\"google_ads_iframe_\/15188745\/Lipsum-Unit3_0__container__6\"><span style=\"background-color: var(--wpex-surface-1); color: var(--wpex-text-2);\">A rubrica <\/span><em style=\"background-color: var(--wpex-surface-1); color: var(--wpex-text-2);\">In Locu\u00a0<\/em><span style=\"background-color: var(--wpex-surface-1); color: var(--wpex-text-2);\">ilumina dessa vez, um lugar muito especial na cidade de Jo\u00e3o Pessoa: a Praia do Jacar\u00e9.<\/span><\/div>\n<\/div>\n<\/div>\n<p>Trata-se de uma praia fluvial, resultado do encontro entre o rio Sanhau\u00e1 e o mar, localizada no munic\u00edpio de Cabedelo, dentro da regi\u00e3o metropolitana de Jo\u00e3o Pessoa. O nome Jacar\u00e9 vem do hidroavi\u00e3o que trazia os correios para a cidade em 1960 e que ao frear no rio fazia um movimento que lembrava o nado de um jacar\u00e9.<\/p>\n<p>Esse lugar buc\u00f3lico recebe turistas de todas as partes para assistirem ao espet\u00e1culo do p\u00f4r do sol nas \u00e1guas do rio ao som do bolero de Ravel. A tradi\u00e7\u00e3o surgiu quando um casal franc\u00eas comprou um pequeno restaurante e tinha por h\u00e1bito ouvir essa m\u00fasica sempre no mesmo hor\u00e1rio.[\/vc_column_text]<div class=\"vcex-spacing wpex-w-100 wpex-clear\" style=\"height:20px;\"><\/div><a href=\"https:\/\/ebp.org.br\/nordeste\/jornadas\/2024\/in-locu-4\/\" class=\"vcex-button theme-button black small inline\"><span class=\"vcex-button-inner theme-button-inner\">Leia mais<\/span><\/a> [\/vc_column][vc_column width=&#8221;1\/6&#8243;]<figure class=\"vcex-image vcex-module\"><div class=\"vcex-image-inner wpex-relative wpex-inline-block\"><img width=\"292\" height=\"180\" src=\"https:\/\/ebp.org.br\/nordeste\/jornadas\/2024\/wp-content\/uploads\/2024\/11\/hiante004_007.jpg\" class=\"vcex-image-img wpex-align-middle\" alt=\"\" loading=\"lazy\" decoding=\"async\" \/><\/div><\/figure>[\/vc_column][\/vc_row][vc_row][vc_column]<div class=\"vcex-spacing wpex-w-100 wpex-clear\" style=\"height:20px;\"><\/div>[\/vc_column][\/vc_row][vc_row css=&#8221;.vc_custom_1721154266354{background-color: #000000 !important;}&#8221;][vc_column]<figure class=\"vcex-image vcex-module\"><div class=\"vcex-image-inner wpex-relative wpex-inline-block\"><img width=\"1240\" height=\"161\" src=\"https:\/\/ebp.org.br\/nordeste\/jornadas\/2024\/wp-content\/uploads\/2024\/07\/bottom-boletim-hiante-site.jpg\" class=\"vcex-image-img wpex-align-middle\" alt=\"\" loading=\"lazy\" decoding=\"async\" srcset=\"https:\/\/ebp.org.br\/nordeste\/jornadas\/2024\/wp-content\/uploads\/2024\/07\/bottom-boletim-hiante-site.jpg 1240w, https:\/\/ebp.org.br\/nordeste\/jornadas\/2024\/wp-content\/uploads\/2024\/07\/bottom-boletim-hiante-site-300x39.jpg 300w, https:\/\/ebp.org.br\/nordeste\/jornadas\/2024\/wp-content\/uploads\/2024\/07\/bottom-boletim-hiante-site-1024x133.jpg 1024w, https:\/\/ebp.org.br\/nordeste\/jornadas\/2024\/wp-content\/uploads\/2024\/07\/bottom-boletim-hiante-site-768x100.jpg 768w\" sizes=\"auto, (max-width: 1240px) 100vw, 1240px\" \/><\/div><\/figure><div class=\"vcex-spacing wpex-w-100 wpex-clear\" style=\"height:20px;\"><\/div>[vc_column_text css=&#8221;&#8221;]\n<p style=\"text-align: center;\"><span style=\"color: #ffffff;\">Coordenadora Geral da Jornada &#8211;\u00a0<strong>Margarida Assad<\/strong><\/span><\/p>\n<p style=\"text-align: center;\"><span style=\"color: #ffffff;\"><strong>Comiss\u00e3o de Divulga\u00e7\u00e3o<\/strong>:<\/span><br \/>\n<span style=\"color: #ffffff;\"><strong>Coordena\u00e7\u00e3o<\/strong>: Cassandra Dias e Francisco Santos<\/span><br \/>\n<span style=\"color: #ffffff;\">Anderson Barbosa, Jos\u00e9 Ronaldo de Paulo, Pauleska N\u00f3brega, Severino Bernardino Neto, Suele Conde, Tatiana Schefer.<\/span><\/p>\n<p style=\"text-align: center;\"><span style=\"color: #ffffff;\"><strong>Cria\u00e7\u00e3o e Editora\u00e7\u00e3o:<\/strong>\u00a0<a style=\"color: #ffffff;\" title=\"sennabruno@gmail.com\" href=\"mailto:sennabruno@gmail.com\">Bruno Senna &#8211; sennabruno@gmail.com<\/a><\/span><\/p>\n[\/vc_column_text]<div class=\"vcex-spacing wpex-w-100 wpex-clear\" style=\"height:20px;\"><\/div>[\/vc_column][\/vc_row]\n<\/div>","protected":false},"excerpt":{"rendered":"<p>[vc_row][vc_column][\/vc_column][\/vc_row][vc_row][vc_column][vc_column_text css=&#8221;&#8221;] Boletim Hiante #04 [\/vc_column_text][\/vc_column][\/vc_row][vc_row][vc_column width=&#8221;5\/6&#8243;][vc_column_text css=&#8221;&#8221;] EDITORIAL por Francisco Santos A IV Jornada da Se\u00e7\u00e3o NE est\u00e1 \u00e0 porta! Desde o lan\u00e7amento do Boletim Hiante, desde que come\u00e7amos a nos preparar enquanto Se\u00e7\u00e3o, muito se tem produzido, discutido, inventado, ressoado e que encontrar\u00e1 seu destino &#8211; e seus restos &#8211; neste encontro de&hellip;<\/p>\n","protected":false},"author":1,"featured_media":0,"parent":0,"menu_order":0,"comment_status":"closed","ping_status":"closed","template":"templates\/no-sidebar.php","meta":{"footnotes":""},"class_list":["post-727","page","type-page","status-publish","hentry","entry","no-media"],"_links":{"self":[{"href":"https:\/\/ebp.org.br\/nordeste\/jornadas\/2024\/wp-json\/wp\/v2\/pages\/727","targetHints":{"allow":["GET"]}}],"collection":[{"href":"https:\/\/ebp.org.br\/nordeste\/jornadas\/2024\/wp-json\/wp\/v2\/pages"}],"about":[{"href":"https:\/\/ebp.org.br\/nordeste\/jornadas\/2024\/wp-json\/wp\/v2\/types\/page"}],"author":[{"embeddable":true,"href":"https:\/\/ebp.org.br\/nordeste\/jornadas\/2024\/wp-json\/wp\/v2\/users\/1"}],"replies":[{"embeddable":true,"href":"https:\/\/ebp.org.br\/nordeste\/jornadas\/2024\/wp-json\/wp\/v2\/comments?post=727"}],"version-history":[{"count":2,"href":"https:\/\/ebp.org.br\/nordeste\/jornadas\/2024\/wp-json\/wp\/v2\/pages\/727\/revisions"}],"predecessor-version":[{"id":729,"href":"https:\/\/ebp.org.br\/nordeste\/jornadas\/2024\/wp-json\/wp\/v2\/pages\/727\/revisions\/729"}],"wp:attachment":[{"href":"https:\/\/ebp.org.br\/nordeste\/jornadas\/2024\/wp-json\/wp\/v2\/media?parent=727"}],"curies":[{"name":"wp","href":"https:\/\/api.w.org\/{rel}","templated":true}]}}