{"id":656,"date":"2024-10-12T07:03:51","date_gmt":"2024-10-12T10:03:51","guid":{"rendered":"https:\/\/ebp.org.br\/nordeste\/jornadas\/2024\/?page_id=656"},"modified":"2024-10-14T10:59:20","modified_gmt":"2024-10-14T13:59:20","slug":"boletim-hiante-03","status":"publish","type":"page","link":"https:\/\/ebp.org.br\/nordeste\/jornadas\/2024\/boletim-hiante-03\/","title":{"rendered":"Boletim Hiante #03"},"content":{"rendered":"<div class=\"wpb-content-wrapper\">[vc_row][vc_column]<figure class=\"vcex-image vcex-module\"><div class=\"vcex-image-inner wpex-relative wpex-inline-block\"><img width=\"1240\" height=\"285\" src=\"https:\/\/ebp.org.br\/nordeste\/jornadas\/2024\/wp-content\/uploads\/2024\/07\/top-boletim-hiante-site.jpg\" class=\"vcex-image-img wpex-align-middle\" alt=\"\" loading=\"lazy\" decoding=\"async\" srcset=\"https:\/\/ebp.org.br\/nordeste\/jornadas\/2024\/wp-content\/uploads\/2024\/07\/top-boletim-hiante-site.jpg 1240w, https:\/\/ebp.org.br\/nordeste\/jornadas\/2024\/wp-content\/uploads\/2024\/07\/top-boletim-hiante-site-300x69.jpg 300w, https:\/\/ebp.org.br\/nordeste\/jornadas\/2024\/wp-content\/uploads\/2024\/07\/top-boletim-hiante-site-1024x235.jpg 1024w, https:\/\/ebp.org.br\/nordeste\/jornadas\/2024\/wp-content\/uploads\/2024\/07\/top-boletim-hiante-site-768x177.jpg 768w\" sizes=\"auto, (max-width: 1240px) 100vw, 1240px\" \/><\/div><\/figure>[\/vc_column][\/vc_row][vc_row][vc_column][vc_column_text css=&#8221;&#8221;]\n<p style=\"text-align: center;\"><strong>Boletim Hiante #03<\/strong><\/p>\n[\/vc_column_text][\/vc_column][\/vc_row][vc_row][vc_column width=&#8221;5\/6&#8243;][vc_column_text css=&#8221;&#8221;]\n<h3>EDITORIAL<\/h3>\n<h6><em>por Pauleska N\u00f3brega<\/em><\/h6>\n<div id=\"bannerL\">\n<div id=\"div-gpt-ad-1474537762122-2\" data-google-query-id=\"CJfgofS9t_ACFTIG1AodxucDgQ\">\n<div id=\"google_ads_iframe_\/15188745\/Lipsum-Unit3_0__container__\"><span style=\"background-color: var(--wpex-surface-1); color: var(--wpex-text-2);\">Ainda, o real, inven\u00e7\u00e3o t\u00e3o cara a Lacan, o seu sinthoma. O Boletim Hiante de n\u00famero tr\u00eas nos apresenta uma diversidade de respostas advindas desse campo lacaniano e que tem lugar na conting\u00eancia da pr\u00e1tica anal\u00edtica. Nesta edi\u00e7\u00e3o, o leitor encontrar\u00e1 pontua\u00e7\u00f5es de colegas que d\u00e3o not\u00edcias de testemunhar o que desse encontro com o real se pode extrair, nos animando a todos para participar da IV Jornada que se aproxima.<\/span><\/div>\n<\/div>\n<\/div>\n<p>Na ocasi\u00e3o da segunda atividade preparat\u00f3ria para a Jornada, na qual o segundo eixo investigativo &#8220;As subjetividades contempor\u00e2neas e suas urg\u00eancias&#8221; &#8211; coordenado por K\u00e9sia Ramos e Bibiana Poggi &#8211; fora apresentado, recolheu-se o vivo da conversa\u00e7\u00e3o. A seguir, a interven\u00e7\u00e3o de Wilson Lima nos provoca acerca do enlace ao simb\u00f3lico como um primeiro fio sustentador em rela\u00e7\u00e3o \u00e0 transfer\u00eancia num primeiro tempo de urg\u00eancia no encontro com o analista. E, Jos\u00e9 Augusto destaca a fun\u00e7\u00e3o da temporalidade investida&#8230;[\/vc_column_text]<div class=\"vcex-spacing wpex-w-100 wpex-clear\" style=\"height:20px;\"><\/div><a href=\"https:\/\/ebp.org.br\/nordeste\/jornadas\/2024\/editorial-boletim-hiante-03\/\" class=\"vcex-button theme-button black small inline\"><span class=\"vcex-button-inner theme-button-inner\">Leia mais<\/span><\/a> [\/vc_column][vc_column width=&#8221;1\/6&#8243;]<figure class=\"vcex-image vcex-module\"><div class=\"vcex-image-inner wpex-relative wpex-inline-block\"><img width=\"320\" height=\"250\" src=\"https:\/\/ebp.org.br\/nordeste\/jornadas\/2024\/wp-content\/uploads\/2024\/10\/mini_hiante_003_001.jpg\" class=\"vcex-image-img wpex-align-middle\" alt=\"\" loading=\"lazy\" decoding=\"async\" srcset=\"https:\/\/ebp.org.br\/nordeste\/jornadas\/2024\/wp-content\/uploads\/2024\/10\/mini_hiante_003_001.jpg 320w, https:\/\/ebp.org.br\/nordeste\/jornadas\/2024\/wp-content\/uploads\/2024\/10\/mini_hiante_003_001-300x234.jpg 300w\" sizes=\"auto, (max-width: 320px) 100vw, 320px\" \/><\/div><\/figure>[\/vc_column][\/vc_row][vc_row][vc_column]<div class=\"vcex-spacing wpex-w-100 wpex-clear\" style=\"height:20px;\"><\/div><div class=\"vcex-module vcex-divider vcex-divider-solid vcex-divider-center wpex-mx-auto wpex-block wpex-h-0 wpex-border-b wpex-border-solid wpex-border-main\" style=\"border-color:#606060;\"><\/div><div class=\"vcex-spacing wpex-w-100 wpex-clear\" style=\"height:20px;\"><\/div>[\/vc_column][\/vc_row][vc_row][vc_column width=&#8221;5\/6&#8243;][vc_column_text css=&#8221;&#8221;]\n<h3>ECOS<\/h3>\n<p>\u201cComo podemos pensar a transfer\u00eancia nas urg\u00eancias subjetivas? Embora a transfer\u00eancia n\u00e3o esteja estabelecida quando um sujeito se apresenta a um analista com alguma urg\u00eancia, ainda assim, h\u00e1 um endere\u00e7amento da fala. No Semin\u00e1rio 10, Lacan nos lembra que a passagem ao ato \u00e9 o apagamento do sujeito. O endere\u00e7amento da fala ao Outro pode, ent\u00e3o, permitir que o sujeito encontre um \u00faltimo fio de simb\u00f3lico para fazer la\u00e7o e n\u00e3o ser apagado, tecendo um destino que n\u00e3o seja o pior. Endere\u00e7ar a fala seria, portanto, uma possibilidade de suspender a urg\u00eancia do ato para dar lugar \u00e0 emerg\u00eancia da palavra\u201d.[\/vc_column_text]<div class=\"vcex-spacing wpex-w-100 wpex-clear\" style=\"height:20px;\"><\/div><a href=\"https:\/\/ebp.org.br\/nordeste\/jornadas\/2024\/ecos-2\/\" class=\"vcex-button theme-button black small inline\"><span class=\"vcex-button-inner theme-button-inner\">Leia mais<\/span><\/a> [\/vc_column][vc_column width=&#8221;1\/6&#8243;]<figure class=\"vcex-image vcex-module\"><div class=\"vcex-image-inner wpex-relative wpex-inline-block\"><img width=\"320\" height=\"250\" src=\"https:\/\/ebp.org.br\/nordeste\/jornadas\/2024\/wp-content\/uploads\/2024\/10\/mini_hiante_003_002.jpg\" class=\"vcex-image-img wpex-align-middle\" alt=\"\" loading=\"lazy\" decoding=\"async\" srcset=\"https:\/\/ebp.org.br\/nordeste\/jornadas\/2024\/wp-content\/uploads\/2024\/10\/mini_hiante_003_002.jpg 320w, https:\/\/ebp.org.br\/nordeste\/jornadas\/2024\/wp-content\/uploads\/2024\/10\/mini_hiante_003_002-300x234.jpg 300w\" sizes=\"auto, (max-width: 320px) 100vw, 320px\" \/><\/div><\/figure>[\/vc_column][\/vc_row][vc_row][vc_column]<div class=\"vcex-spacing wpex-w-100 wpex-clear\" style=\"height:20px;\"><\/div><div class=\"vcex-module vcex-divider vcex-divider-solid vcex-divider-center wpex-mx-auto wpex-block wpex-h-0 wpex-border-b wpex-border-solid wpex-border-main\" style=\"border-color:#606060;\"><\/div><div class=\"vcex-spacing wpex-w-100 wpex-clear\" style=\"height:20px;\"><\/div>[\/vc_column][\/vc_row][vc_row][vc_column width=&#8221;5\/6&#8243;][vc_column_text css=&#8221;&#8221;]\n<h3>REFER\u00caNCIAS RESSONANTES<\/h3>\n<p>\u201cAinda encontro a f\u00f3rmula do amor\u2026\u201d Eis que se canta desejosamente por uma solu\u00e7\u00e3o\u00a0<em>pr\u00eat-\u00e0-porter,<\/em>\u00a0para acertar no\u00a0<em>match<\/em>\u00a0da parceria amorosa<em>.<\/em>\u00a0Na cena anal\u00edtica, o\u00a0<em>falasser<\/em>\u00a0encontra um lugar:\u00a0 \u201cSe um quer uma mulher, ela pode estar no topo de uma montanha, que ele vai at\u00e9 ela!\u201d, afirmou uma analisante, \u201cE uma mulher quando quer um homem, ela faz o qu\u00ea?\u201d, respondido quase como um chiste, com um sorriso, \u201cEla sobe mais alto\u201d.<\/p>\n<p>Corta-se a sess\u00e3o que veio a se desdobrar sobre a experi\u00eancia do amor edipiano, na pista do que canta Lady Gaga, \u201cBaby, why do we love each other? \/ I said Honey, it&#8217;s simple \/ it\u2019s the way that you love and treat your mother\u201d.[\/vc_column_text]<div class=\"vcex-spacing wpex-w-100 wpex-clear\" style=\"height:20px;\"><\/div><a href=\"https:\/\/ebp.org.br\/nordeste\/jornadas\/2024\/referencias-ressonantes\/\" class=\"vcex-button theme-button black small inline\"><span class=\"vcex-button-inner theme-button-inner\">Leia mais<\/span><\/a> [\/vc_column][vc_column width=&#8221;1\/6&#8243;]<figure class=\"vcex-image vcex-module\"><div class=\"vcex-image-inner wpex-relative wpex-inline-block\"><img width=\"320\" height=\"250\" src=\"https:\/\/ebp.org.br\/nordeste\/jornadas\/2024\/wp-content\/uploads\/2024\/10\/mini_hiante_003_003.jpg\" class=\"vcex-image-img wpex-align-middle\" alt=\"\" loading=\"lazy\" decoding=\"async\" srcset=\"https:\/\/ebp.org.br\/nordeste\/jornadas\/2024\/wp-content\/uploads\/2024\/10\/mini_hiante_003_003.jpg 320w, https:\/\/ebp.org.br\/nordeste\/jornadas\/2024\/wp-content\/uploads\/2024\/10\/mini_hiante_003_003-300x234.jpg 300w\" sizes=\"auto, (max-width: 320px) 100vw, 320px\" \/><\/div><\/figure>[\/vc_column][\/vc_row][vc_row][vc_column]<div class=\"vcex-spacing wpex-w-100 wpex-clear\" style=\"height:20px;\"><\/div><div class=\"vcex-module vcex-divider vcex-divider-solid vcex-divider-center wpex-mx-auto wpex-block wpex-h-0 wpex-border-b wpex-border-solid wpex-border-main\" style=\"border-color:#606060;\"><\/div><div class=\"vcex-spacing wpex-w-100 wpex-clear\" style=\"height:20px;\"><\/div><div class=\"vcex-spacing wpex-w-100 wpex-clear\" style=\"height:20px;\"><\/div>[\/vc_column][\/vc_row][vc_row][vc_column width=&#8221;5\/6&#8243;][vc_column_text css=&#8221;&#8221;]\n<h3>PO\u00c9TICA<\/h3>\n<h6><em>Por Anderson Barbosa<\/em><\/h6>\n<div id=\"bannerL5\">\n<div id=\"div-gpt-ad-1474537762122-9\" data-google-query-id=\"CJfgofS9t_ACFTIG1AodxucDgQ\">\n<div id=\"google_ads_iframe_\/15188745\/Lipsum-Unit3_0__container__5\"><span style=\"background-color: var(--wpex-surface-1); color: var(--wpex-text-2);\">Paraibano nascido no Engenho Pau d\u2019Arco, atualmente munic\u00edpio de Sap\u00e9, Augusto dos Anjos (1884-1914) estudou direito em Recife e, com apenas 30 anos, faleceu em Minas Gerais v\u00edtima da pneumonia. Deixou apenas uma obra, <\/span><em style=\"background-color: var(--wpex-surface-1); color: var(--wpex-text-2);\">Eu e outras poesias<\/em><span style=\"background-color: var(--wpex-surface-1); color: var(--wpex-text-2);\">, que tem at\u00e9 hoje um grande impacto na literatura brasileira e paraibana, sendo considerada uma das grandes obras pr\u00e9-modernas. Augusto dos Anjos mescla um estilo da \u00e9poca cl\u00e1ssica com o interesse da era moderna pelos temas sombrios, pelo universo, pelo corpo humano e suas partes anat\u00f4micas. Na po\u00e9tica deste\u00a0<\/span><em style=\"background-color: var(--wpex-surface-1); color: var(--wpex-text-2);\">Hiante 3\u00a0<\/em><span style=\"background-color: var(--wpex-surface-1); color: var(--wpex-text-2);\">damos passagem a um de seus poemas<\/span><\/div>\n<\/div>\n<\/div>\n[\/vc_column_text]<div class=\"vcex-spacing wpex-w-100 wpex-clear\" style=\"height:20px;\"><\/div><a href=\"https:\/\/ebp.org.br\/nordeste\/jornadas\/2024\/poetica-2\/\" class=\"vcex-button theme-button black small inline\"><span class=\"vcex-button-inner theme-button-inner\">Leia mais<\/span><\/a> [\/vc_column][vc_column width=&#8221;1\/6&#8243;]<figure class=\"vcex-image vcex-module\"><div class=\"vcex-image-inner wpex-relative wpex-inline-block\"><img width=\"320\" height=\"250\" src=\"https:\/\/ebp.org.br\/nordeste\/jornadas\/2024\/wp-content\/uploads\/2024\/10\/mini_hiante_003_004.jpg\" class=\"vcex-image-img wpex-align-middle\" alt=\"\" loading=\"lazy\" decoding=\"async\" srcset=\"https:\/\/ebp.org.br\/nordeste\/jornadas\/2024\/wp-content\/uploads\/2024\/10\/mini_hiante_003_004.jpg 320w, https:\/\/ebp.org.br\/nordeste\/jornadas\/2024\/wp-content\/uploads\/2024\/10\/mini_hiante_003_004-300x234.jpg 300w\" sizes=\"auto, (max-width: 320px) 100vw, 320px\" \/><\/div><\/figure>[\/vc_column][\/vc_row][vc_row][vc_column]<div class=\"vcex-spacing wpex-w-100 wpex-clear\" style=\"height:20px;\"><\/div><div class=\"vcex-module vcex-divider vcex-divider-solid vcex-divider-center wpex-mx-auto wpex-block wpex-h-0 wpex-border-b wpex-border-solid wpex-border-main\" style=\"border-color:#606060;\"><\/div><div class=\"vcex-spacing wpex-w-100 wpex-clear\" style=\"height:20px;\"><\/div><div class=\"vcex-spacing wpex-w-100 wpex-clear\" style=\"height:20px;\"><\/div>[\/vc_column][\/vc_row][vc_row][vc_column width=&#8221;5\/6&#8243;][vc_column_text css=&#8221;&#8221;]\n<h3>A PALAVRA DO IPSIN<\/h3>\n<h6><em>por Bibiana Poggi<\/em><\/h6>\n<div id=\"bannerL4\">\n<div id=\"div-gpt-ad-1474537762122-7\" data-google-query-id=\"CJfgofS9t_ACFTIG1AodxucDgQ\">\n<div id=\"google_ads_iframe_\/15188745\/Lipsum-Unit3_0__container__4\"><span style=\"background-color: var(--wpex-surface-1); color: var(--wpex-text-2);\">As urg\u00eancias subjetivas est\u00e3o na cena quotidiana mediante diversos sinais, que muitas vezes excluem a considera\u00e7\u00e3o de que aquele que se encontra em sofrimento \u00e9 um <\/span><em style=\"background-color: var(--wpex-surface-1); color: var(--wpex-text-2);\">falasser\u00a0<\/em><span style=\"background-color: var(--wpex-surface-1); color: var(--wpex-text-2);\">e, como tal, sofre com um gozo que lhe \u00e9 pr\u00f3prio.<\/span><\/div>\n<\/div>\n<\/div>\n<p>A psican\u00e1lise, por sua vez, diante da urg\u00eancia, oferta uma temporalidade diferente, pautada no instante de ver, no tempo para compreender, no momento de concluir, segundo a orienta\u00e7\u00e3o lacaniana.<\/p>\n<p>Nesta mesma dire\u00e7\u00e3o, vale destacar que o analista como aquele que favorece a palavra, encontra-se advertido de que o fora do sentido \u00e9 pr\u00f3prio \u00e0 linguagem.[\/vc_column_text]<div class=\"vcex-spacing wpex-w-100 wpex-clear\" style=\"height:20px;\"><\/div><a href=\"https:\/\/ebp.org.br\/nordeste\/jornadas\/2024\/a-palavra-do-ipsin-2\/\" class=\"vcex-button theme-button black small inline\"><span class=\"vcex-button-inner theme-button-inner\">Leia mais<\/span><\/a> [\/vc_column][vc_column width=&#8221;1\/6&#8243;]<figure class=\"vcex-image vcex-module\"><div class=\"vcex-image-inner wpex-relative wpex-inline-block\"><img width=\"320\" height=\"250\" src=\"https:\/\/ebp.org.br\/nordeste\/jornadas\/2024\/wp-content\/uploads\/2024\/10\/mini_hiante_003_005.jpg\" class=\"vcex-image-img wpex-align-middle\" alt=\"\" loading=\"lazy\" decoding=\"async\" srcset=\"https:\/\/ebp.org.br\/nordeste\/jornadas\/2024\/wp-content\/uploads\/2024\/10\/mini_hiante_003_005.jpg 320w, https:\/\/ebp.org.br\/nordeste\/jornadas\/2024\/wp-content\/uploads\/2024\/10\/mini_hiante_003_005-300x234.jpg 300w\" sizes=\"auto, (max-width: 320px) 100vw, 320px\" \/><\/div><\/figure>[\/vc_column][\/vc_row][vc_row][vc_column]<div class=\"vcex-spacing wpex-w-100 wpex-clear\" style=\"height:20px;\"><\/div><div class=\"vcex-module vcex-divider vcex-divider-solid vcex-divider-center wpex-mx-auto wpex-block wpex-h-0 wpex-border-b wpex-border-solid wpex-border-main\" style=\"border-color:#606060;\"><\/div><div class=\"vcex-spacing wpex-w-100 wpex-clear\" style=\"height:20px;\"><\/div><div class=\"vcex-spacing wpex-w-100 wpex-clear\" style=\"height:20px;\"><\/div>[\/vc_column][\/vc_row][vc_row][vc_column width=&#8221;5\/6&#8243;][vc_column_text css=&#8221;&#8221;]\n<h3><em>IN LOCU<\/em><\/h3>\n<h6><em>por Francisco Santos<\/em><\/h6>\n<p>A IV Jornada da Se\u00e7\u00e3o Nordeste ser\u00e1 realizada no Hotel Nordeste Luxxor Tamba\u00fa, na famosa praia de mesmo nome.<\/p>\n<p>Tamba\u00fa \u00e9 praia, mas tamb\u00e9m \u00e9 bairro. \u00c9 bairro que foi \u00e0 orla, ou orla que foi a bairro? \u00c9 o misto mais evidente de orla e centro dispon\u00edvel na capital que se desenvolveu, do hoje denominado Centro Hist\u00f3rico, ao mar, em dire\u00e7\u00e3o \u00e0 vila de pescadores de Tamba\u00fa, a princ\u00edpio chamada Santo Ant\u00f4nio, que j\u00e1 ganhava corpo mesmo antes de a antiga cidade chegar ao seu litoral, e aos poucos se \u201cdesenvolvendo\u201d para abrigar as pessoas mais abastadas da crescente capital do estado, e que faziam uso somente no ver\u00e3o, pois era dif\u00edcil se deslocar da cidade antiga at\u00e9 l\u00e1. Essa dificuldade foi superada ao se construir a \u201cEstrada de Tamba\u00fa\u201d, que viria a se tornar a principal avenida da cidade, hoje, Avenida Presidente Epit\u00e1cio Pessoa.[\/vc_column_text]<div class=\"vcex-spacing wpex-w-100 wpex-clear\" style=\"height:20px;\"><\/div><a href=\"https:\/\/ebp.org.br\/nordeste\/jornadas\/2024\/in-locu-3\/\" class=\"vcex-button theme-button black small inline\"><span class=\"vcex-button-inner theme-button-inner\">Leia mais<\/span><\/a> [\/vc_column][vc_column width=&#8221;1\/6&#8243;]<figure class=\"vcex-image vcex-module\"><div class=\"vcex-image-inner wpex-relative wpex-inline-block\"><img width=\"320\" height=\"250\" src=\"https:\/\/ebp.org.br\/nordeste\/jornadas\/2024\/wp-content\/uploads\/2024\/10\/mini_hiante_003_006.jpg\" class=\"vcex-image-img wpex-align-middle\" alt=\"\" loading=\"lazy\" decoding=\"async\" srcset=\"https:\/\/ebp.org.br\/nordeste\/jornadas\/2024\/wp-content\/uploads\/2024\/10\/mini_hiante_003_006.jpg 320w, https:\/\/ebp.org.br\/nordeste\/jornadas\/2024\/wp-content\/uploads\/2024\/10\/mini_hiante_003_006-300x234.jpg 300w\" sizes=\"auto, (max-width: 320px) 100vw, 320px\" \/><\/div><\/figure>[\/vc_column][\/vc_row][vc_row][vc_column]<div class=\"vcex-spacing wpex-w-100 wpex-clear\" style=\"height:20px;\"><\/div>[vc_row_inner css=&#8221;.vc_custom_1721154207998{background-color: #a39672 !important;}&#8221;][vc_column_inner][vc_column_text css=&#8221;&#8221;]\n<h3 style=\"text-align: center;\"><span style=\"color: #ffffff;\"><a style=\"color: #ffffff;\" href=\"https:\/\/ebp.org.br\/nordeste\/jornadas\/2024\/organizacao\/\">ESTRUTURA DA JORNADA<\/a><\/span><\/h3>\n[\/vc_column_text][\/vc_column_inner][\/vc_row_inner]<div class=\"vcex-spacing wpex-w-100 wpex-clear\" style=\"height:20px;\"><\/div>[\/vc_column][\/vc_row][vc_row css=&#8221;.vc_custom_1721154266354{background-color: #000000 !important;}&#8221;][vc_column]<figure class=\"vcex-image vcex-module\"><div class=\"vcex-image-inner wpex-relative wpex-inline-block\"><img width=\"1240\" height=\"161\" src=\"https:\/\/ebp.org.br\/nordeste\/jornadas\/2024\/wp-content\/uploads\/2024\/07\/bottom-boletim-hiante-site.jpg\" class=\"vcex-image-img wpex-align-middle\" alt=\"\" loading=\"lazy\" decoding=\"async\" srcset=\"https:\/\/ebp.org.br\/nordeste\/jornadas\/2024\/wp-content\/uploads\/2024\/07\/bottom-boletim-hiante-site.jpg 1240w, https:\/\/ebp.org.br\/nordeste\/jornadas\/2024\/wp-content\/uploads\/2024\/07\/bottom-boletim-hiante-site-300x39.jpg 300w, https:\/\/ebp.org.br\/nordeste\/jornadas\/2024\/wp-content\/uploads\/2024\/07\/bottom-boletim-hiante-site-1024x133.jpg 1024w, https:\/\/ebp.org.br\/nordeste\/jornadas\/2024\/wp-content\/uploads\/2024\/07\/bottom-boletim-hiante-site-768x100.jpg 768w\" sizes=\"auto, (max-width: 1240px) 100vw, 1240px\" \/><\/div><\/figure><div class=\"vcex-spacing wpex-w-100 wpex-clear\" style=\"height:20px;\"><\/div>[vc_column_text css=&#8221;&#8221;]\n<p style=\"text-align: center;\"><span style=\"color: #ffffff;\">Coordenadora Geral da Jornada &#8211;\u00a0<strong>Margarida Assad<\/strong><\/span><\/p>\n<p style=\"text-align: center;\"><span style=\"color: #ffffff;\"><strong>Comiss\u00e3o de Divulga\u00e7\u00e3o<\/strong>:<\/span><br \/>\n<span style=\"color: #ffffff;\"><strong>Coordena\u00e7\u00e3o<\/strong>: Cassandra Dias e Francisco Santos<\/span><br \/>\n<span style=\"color: #ffffff;\">Anderson Barbosa, Jos\u00e9 Ronaldo de Paulo, Pauleska N\u00f3brega, Severino Bernardino Neto, Suele Conde, Tatiana Schefer.<\/span><\/p>\n<p style=\"text-align: center;\"><span style=\"color: #ffffff;\"><strong>Cria\u00e7\u00e3o e Editora\u00e7\u00e3o:<\/strong>\u00a0<a style=\"color: #ffffff;\" title=\"sennabruno@gmail.com\" href=\"mailto:sennabruno@gmail.com\">Bruno Senna &#8211; sennabruno@gmail.com<\/a><\/span><\/p>\n[\/vc_column_text]<div class=\"vcex-spacing wpex-w-100 wpex-clear\" style=\"height:20px;\"><\/div>[\/vc_column][\/vc_row]\n<\/div>","protected":false},"excerpt":{"rendered":"<p>[vc_row][vc_column][\/vc_column][\/vc_row][vc_row][vc_column][vc_column_text css=&#8221;&#8221;] Boletim Hiante #03 [\/vc_column_text][\/vc_column][\/vc_row][vc_row][vc_column width=&#8221;5\/6&#8243;][vc_column_text css=&#8221;&#8221;] EDITORIAL por Pauleska N\u00f3brega Ainda, o real, inven\u00e7\u00e3o t\u00e3o cara a Lacan, o seu sinthoma. O Boletim Hiante de n\u00famero tr\u00eas nos apresenta uma diversidade de respostas advindas desse campo lacaniano e que tem lugar na conting\u00eancia da pr\u00e1tica anal\u00edtica. Nesta edi\u00e7\u00e3o, o leitor encontrar\u00e1 pontua\u00e7\u00f5es de&hellip;<\/p>\n","protected":false},"author":1,"featured_media":0,"parent":0,"menu_order":0,"comment_status":"closed","ping_status":"closed","template":"templates\/no-sidebar.php","meta":{"footnotes":""},"class_list":["post-656","page","type-page","status-publish","hentry","entry","no-media"],"_links":{"self":[{"href":"https:\/\/ebp.org.br\/nordeste\/jornadas\/2024\/wp-json\/wp\/v2\/pages\/656","targetHints":{"allow":["GET"]}}],"collection":[{"href":"https:\/\/ebp.org.br\/nordeste\/jornadas\/2024\/wp-json\/wp\/v2\/pages"}],"about":[{"href":"https:\/\/ebp.org.br\/nordeste\/jornadas\/2024\/wp-json\/wp\/v2\/types\/page"}],"author":[{"embeddable":true,"href":"https:\/\/ebp.org.br\/nordeste\/jornadas\/2024\/wp-json\/wp\/v2\/users\/1"}],"replies":[{"embeddable":true,"href":"https:\/\/ebp.org.br\/nordeste\/jornadas\/2024\/wp-json\/wp\/v2\/comments?post=656"}],"version-history":[{"count":2,"href":"https:\/\/ebp.org.br\/nordeste\/jornadas\/2024\/wp-json\/wp\/v2\/pages\/656\/revisions"}],"predecessor-version":[{"id":669,"href":"https:\/\/ebp.org.br\/nordeste\/jornadas\/2024\/wp-json\/wp\/v2\/pages\/656\/revisions\/669"}],"wp:attachment":[{"href":"https:\/\/ebp.org.br\/nordeste\/jornadas\/2024\/wp-json\/wp\/v2\/media?parent=656"}],"curies":[{"name":"wp","href":"https:\/\/api.w.org\/{rel}","templated":true}]}}