{"id":588,"date":"2024-09-03T12:51:24","date_gmt":"2024-09-03T15:51:24","guid":{"rendered":"https:\/\/ebp.org.br\/nordeste\/jornadas\/2024\/?page_id=588"},"modified":"2024-09-05T15:06:09","modified_gmt":"2024-09-05T18:06:09","slug":"boletim-hiante-02","status":"publish","type":"page","link":"https:\/\/ebp.org.br\/nordeste\/jornadas\/2024\/boletim-hiante-02\/","title":{"rendered":"Boletim Hiante #02"},"content":{"rendered":"<div class=\"wpb-content-wrapper\">[vc_row][vc_column]<figure class=\"vcex-image vcex-module\"><div class=\"vcex-image-inner wpex-relative wpex-inline-block\"><img width=\"1240\" height=\"285\" src=\"https:\/\/ebp.org.br\/nordeste\/jornadas\/2024\/wp-content\/uploads\/2024\/07\/top-boletim-hiante-site.jpg\" class=\"vcex-image-img wpex-align-middle\" alt=\"\" loading=\"lazy\" decoding=\"async\" srcset=\"https:\/\/ebp.org.br\/nordeste\/jornadas\/2024\/wp-content\/uploads\/2024\/07\/top-boletim-hiante-site.jpg 1240w, https:\/\/ebp.org.br\/nordeste\/jornadas\/2024\/wp-content\/uploads\/2024\/07\/top-boletim-hiante-site-300x69.jpg 300w, https:\/\/ebp.org.br\/nordeste\/jornadas\/2024\/wp-content\/uploads\/2024\/07\/top-boletim-hiante-site-1024x235.jpg 1024w, https:\/\/ebp.org.br\/nordeste\/jornadas\/2024\/wp-content\/uploads\/2024\/07\/top-boletim-hiante-site-768x177.jpg 768w\" sizes=\"auto, (max-width: 1240px) 100vw, 1240px\" \/><\/div><\/figure>[\/vc_column][\/vc_row][vc_row][vc_column][vc_column_text css=&#8221;&#8221;]\n<p style=\"text-align: center;\"><strong>Boletim Hiante #02<\/strong><\/p>\n[\/vc_column_text][\/vc_column][\/vc_row][vc_row][vc_column width=&#8221;5\/6&#8243;][vc_column_text css=&#8221;&#8221;]\n<h3><span style=\"color: #333300;\">EDITORIAL<\/span><\/h3>\n<h6><em>por Cassandra Dias<\/em><\/h6>\n<div id=\"bannerL\">\n<div id=\"div-gpt-ad-1474537762122-2\" data-google-query-id=\"CJfgofS9t_ACFTIG1AodxucDgQ\">\n<div id=\"google_ads_iframe_\/15188745\/Lipsum-Unit3_0__container__\"><span style=\"background-color: var(--wpex-surface-1); color: var(--wpex-text-2);\">Setembro inicia dissipando os ventos de Agosto, aquecendo o tempo e\u00a0 preparando a terra para a\u00a0 chegada da Primavera.<\/span><\/div>\n<\/div>\n<\/div>\n<p>Aqui, no Nordeste do Brasil, acontece tamb\u00e9m uma semeadura para a IV Jornada. Uma comunidade que trabalha em dire\u00e7\u00e3o ao tema \u201cRespostas do real: conting\u00eancias na cl\u00ednica\u201d distribu\u00eddo nos tr\u00eas eixos tem\u00e1ticos que nos oferecem um caminho investigativo.<\/p>\n<p>O n\u00famero dois do Boletim Hiante apresenta algumas novas rubricas, resultado do trabalho coletivo de uma comiss\u00e3o que se movimenta para encontrar uma maneira de transmitir o que j\u00e1 est\u00e1 sendo produzido.[\/vc_column_text]<div class=\"vcex-spacing wpex-w-100 wpex-clear\" style=\"height:20px;\"><\/div><a href=\"https:\/\/ebp.org.br\/nordeste\/jornadas\/2024\/editorial-boletim-hiante-02\/\" class=\"vcex-button theme-button black small inline\"><span class=\"vcex-button-inner theme-button-inner\">Leia mais<\/span><\/a> [\/vc_column][vc_column width=&#8221;1\/6&#8243;]<figure class=\"vcex-image vcex-module\"><div class=\"vcex-image-inner wpex-relative wpex-inline-block\"><img width=\"640\" height=\"705\" src=\"https:\/\/ebp.org.br\/nordeste\/jornadas\/2024\/wp-content\/uploads\/2024\/09\/boletim_hyante_002_001.jpg\" class=\"vcex-image-img wpex-align-middle\" alt=\"\" loading=\"lazy\" decoding=\"async\" srcset=\"https:\/\/ebp.org.br\/nordeste\/jornadas\/2024\/wp-content\/uploads\/2024\/09\/boletim_hyante_002_001.jpg 640w, https:\/\/ebp.org.br\/nordeste\/jornadas\/2024\/wp-content\/uploads\/2024\/09\/boletim_hyante_002_001-272x300.jpg 272w\" sizes=\"auto, (max-width: 640px) 100vw, 640px\" \/><\/div><\/figure>[\/vc_column][\/vc_row][vc_row][vc_column]<div class=\"vcex-spacing wpex-w-100 wpex-clear\" style=\"height:20px;\"><\/div><div class=\"vcex-module vcex-divider vcex-divider-solid vcex-divider-center wpex-mx-auto wpex-block wpex-h-0 wpex-border-b wpex-border-solid wpex-border-main\" style=\"border-color:#606060;\"><\/div><div class=\"vcex-spacing wpex-w-100 wpex-clear\" style=\"height:20px;\"><\/div>[\/vc_column][\/vc_row][vc_row][vc_column width=&#8221;5\/6&#8243;][vc_column_text css=&#8221;&#8221;]\n<h3>REFER\u00caNCIAS RESSONANTES<\/h3>\n<p><strong>A passagem do horror ao rid\u00edculo: respostas do real<\/strong><\/p>\n<h6><em>Karynna N\u00f3brega<\/em><\/h6>\n<p>A cl\u00ednica do ultim\u00edssimo Lacan remete \u00e0 inconsist\u00eancia da ordem simb\u00f3lica, prima pela inven\u00e7\u00e3o, o saber fazer com o real, a partir da conting\u00eancia. (VERAS, 2013)[3]. Vicente [4](2022) em <em>A experi\u00eancia anal\u00edtica no ultim\u00edssimo\u00a0<\/em>recorda quepara Lacan o simb\u00f3lico est\u00e1 presente no real por meio da materialidade sonora. Nessa cl\u00ednica o ato do analista provoca surpresa e impulsiona o fazer poesia no falante a partir da conting\u00eancia.[\/vc_column_text]<div class=\"vcex-spacing wpex-w-100 wpex-clear\" style=\"height:20px;\"><\/div><a href=\"https:\/\/ebp.org.br\/nordeste\/jornadas\/2024\/referencias-ressoantes\/\" class=\"vcex-button theme-button black small inline\"><span class=\"vcex-button-inner theme-button-inner\">Leia mais<\/span><\/a> [\/vc_column][vc_column width=&#8221;1\/6&#8243;]<figure class=\"vcex-image vcex-module\"><div class=\"vcex-image-inner wpex-relative wpex-inline-block\"><img width=\"713\" height=\"900\" src=\"https:\/\/ebp.org.br\/nordeste\/jornadas\/2024\/wp-content\/uploads\/2024\/09\/boletim_hyante_002_002.jpg\" class=\"vcex-image-img wpex-align-middle\" alt=\"\" loading=\"lazy\" decoding=\"async\" srcset=\"https:\/\/ebp.org.br\/nordeste\/jornadas\/2024\/wp-content\/uploads\/2024\/09\/boletim_hyante_002_002.jpg 713w, https:\/\/ebp.org.br\/nordeste\/jornadas\/2024\/wp-content\/uploads\/2024\/09\/boletim_hyante_002_002-238x300.jpg 238w\" sizes=\"auto, (max-width: 713px) 100vw, 713px\" \/><\/div><\/figure>[\/vc_column][\/vc_row][vc_row][vc_column]<div class=\"vcex-spacing wpex-w-100 wpex-clear\" style=\"height:20px;\"><\/div><div class=\"vcex-module vcex-divider vcex-divider-solid vcex-divider-center wpex-mx-auto wpex-block wpex-h-0 wpex-border-b wpex-border-solid wpex-border-main\" style=\"border-color:#606060;\"><\/div><div class=\"vcex-spacing wpex-w-100 wpex-clear\" style=\"height:20px;\"><\/div>[\/vc_column][\/vc_row][vc_row][vc_column width=&#8221;5\/6&#8243;][vc_column_text css=&#8221;&#8221;]\n<h3>ECOS<\/h3>\n<h6><em>Paul Zivkovich &#8211; Lois Greenfield<\/em><\/h6>\n<div id=\"bannerL3\">\n<div id=\"div-gpt-ad-1474537762122-5\" data-google-query-id=\"CJfgofS9t_ACFTIG1AodxucDgQ\">\n<div id=\"google_ads_iframe_\/15188745\/Lipsum-Unit3_0__container__3\"><span style=\"background-color: var(--wpex-surface-1); color: var(--wpex-text-2);\">\u201cGostaria de lembrar a import\u00e2ncia da vertente introduzida por Lacan, no seu \u00faltimo ensino, quando coloca o corpo como imagin\u00e1rio. O imagin\u00e1rio, nos diz Lacan, \u00e9 o corpo. Em que pese a relev\u00e2ncia da subst\u00e2ncia gozosa trabalhada no Semin\u00e1rio 20, n\u00e3o se pode esquecer, nesse momento, o seu vi\u00e9s imagin\u00e1rio, abrindo grandes perspectivas para a elabora\u00e7\u00e3o dos trabalhos de nossa Jornada. Ao imagin\u00e1rio corporal concerne tudo o que diz respeito aos efeitos de sentido n\u00e3o s\u00f3 por sua vertente de intersec\u00e7\u00e3o com o registro simb\u00f3lico, como pelo que Lacan chama um efeito de sentido que seja real, conseguido atrav\u00e9s da intersec\u00e7\u00e3o com o registro Real, no que Lacan chamou de gozo Outro. \u00c9\u00a0 tudo o que poder\u00e1\u00a0 nos abrir uma grande janela para nossa pr\u00e1tica cl\u00ednica.\u201d<\/span><\/div>\n<\/div>\n<\/div>\n[\/vc_column_text]<div class=\"vcex-spacing wpex-w-100 wpex-clear\" style=\"height:20px;\"><\/div><a href=\"https:\/\/ebp.org.br\/nordeste\/jornadas\/2024\/ecos\/\" class=\"vcex-button theme-button black small inline\"><span class=\"vcex-button-inner theme-button-inner\">Leia mais<\/span><\/a> [\/vc_column][vc_column width=&#8221;1\/6&#8243;]<figure class=\"vcex-image vcex-module\"><div class=\"vcex-image-inner wpex-relative wpex-inline-block\"><img width=\"750\" height=\"1000\" src=\"https:\/\/ebp.org.br\/nordeste\/jornadas\/2024\/wp-content\/uploads\/2024\/09\/boletim_hyante_002_003.jpg\" class=\"vcex-image-img wpex-align-middle\" alt=\"\" loading=\"lazy\" decoding=\"async\" srcset=\"https:\/\/ebp.org.br\/nordeste\/jornadas\/2024\/wp-content\/uploads\/2024\/09\/boletim_hyante_002_003.jpg 750w, https:\/\/ebp.org.br\/nordeste\/jornadas\/2024\/wp-content\/uploads\/2024\/09\/boletim_hyante_002_003-225x300.jpg 225w\" sizes=\"auto, (max-width: 750px) 100vw, 750px\" \/><\/div><\/figure>[\/vc_column][\/vc_row][vc_row][vc_column]<div class=\"vcex-spacing wpex-w-100 wpex-clear\" style=\"height:20px;\"><\/div><div class=\"vcex-module vcex-divider vcex-divider-solid vcex-divider-center wpex-mx-auto wpex-block wpex-h-0 wpex-border-b wpex-border-solid wpex-border-main\" style=\"border-color:#606060;\"><\/div><div class=\"vcex-spacing wpex-w-100 wpex-clear\" style=\"height:20px;\"><\/div><div class=\"vcex-spacing wpex-w-100 wpex-clear\" style=\"height:20px;\"><\/div>[\/vc_column][\/vc_row][vc_row][vc_column][vc_column_text css=&#8221;&#8221;]\n<h3>QUANDO WITZ RESPONDE&#8230;<\/h3>\n[\/vc_column_text]<div class=\"vcex-spacing wpex-w-100 wpex-clear\" style=\"height:20px;\"><\/div><figure class=\"vcex-image vcex-module\"><div class=\"vcex-image-inner wpex-relative wpex-inline-block\"><img width=\"800\" height=\"795\" src=\"https:\/\/ebp.org.br\/nordeste\/jornadas\/2024\/wp-content\/uploads\/2024\/09\/charge.jpg\" class=\"vcex-image-img wpex-align-middle\" alt=\"\" loading=\"lazy\" decoding=\"async\" srcset=\"https:\/\/ebp.org.br\/nordeste\/jornadas\/2024\/wp-content\/uploads\/2024\/09\/charge.jpg 800w, https:\/\/ebp.org.br\/nordeste\/jornadas\/2024\/wp-content\/uploads\/2024\/09\/charge-300x298.jpg 300w, https:\/\/ebp.org.br\/nordeste\/jornadas\/2024\/wp-content\/uploads\/2024\/09\/charge-150x150.jpg 150w, https:\/\/ebp.org.br\/nordeste\/jornadas\/2024\/wp-content\/uploads\/2024\/09\/charge-768x763.jpg 768w\" sizes=\"auto, (max-width: 800px) 100vw, 800px\" \/><\/div><\/figure>[\/vc_column][\/vc_row][vc_row][vc_column]<div class=\"vcex-spacing wpex-w-100 wpex-clear\" style=\"height:20px;\"><\/div><div class=\"vcex-module vcex-divider vcex-divider-solid vcex-divider-center wpex-mx-auto wpex-block wpex-h-0 wpex-border-b wpex-border-solid wpex-border-main\" style=\"border-color:#606060;\"><\/div><div class=\"vcex-spacing wpex-w-100 wpex-clear\" style=\"height:20px;\"><\/div><div class=\"vcex-spacing wpex-w-100 wpex-clear\" style=\"height:20px;\"><\/div>[\/vc_column][\/vc_row][vc_row][vc_column width=&#8221;5\/6&#8243;][vc_column_text css=&#8221;&#8221;]\n<h3>A PALAVRA DO IPSIN<\/h3>\n<h6><em>Maria Eliane Neves Baptista<\/em><\/h6>\n<p>Lacan define o real como imposs\u00edvel, destacando tanto o real sustentado pela l\u00f3gica e pela matem\u00e1tica quanto aquele que constitui o Um.<\/p>\n<p>Ele passa da reflex\u00e3o focada no Outro para dar \u00eanfase ao Um cuja import\u00e2ncia emerge especialmente quando o Dois, representando o par sexual e a rela\u00e7\u00e3o entre os sexos, se apresenta como uma quest\u00e3o complexa.<br \/>\nO Um, para Lacan, existe antes de qualquer atribui\u00e7\u00e3o, ou seja, o Um \u00e9 exce\u00e7\u00e3o.[\/vc_column_text]<div class=\"vcex-spacing wpex-w-100 wpex-clear\" style=\"height:20px;\"><\/div><a href=\"https:\/\/ebp.org.br\/nordeste\/jornadas\/2024\/a-palavra-do-ipsin\/\" class=\"vcex-button theme-button black small inline\"><span class=\"vcex-button-inner theme-button-inner\">Leia mais<\/span><\/a> [\/vc_column][vc_column width=&#8221;1\/6&#8243;]<figure class=\"vcex-image vcex-module\"><div class=\"vcex-image-inner wpex-relative wpex-inline-block\"><img width=\"1270\" height=\"715\" src=\"https:\/\/ebp.org.br\/nordeste\/jornadas\/2024\/wp-content\/uploads\/2024\/09\/boletim_hyante_002_005.jpg\" class=\"vcex-image-img wpex-align-middle\" alt=\"\" loading=\"lazy\" decoding=\"async\" srcset=\"https:\/\/ebp.org.br\/nordeste\/jornadas\/2024\/wp-content\/uploads\/2024\/09\/boletim_hyante_002_005.jpg 1270w, https:\/\/ebp.org.br\/nordeste\/jornadas\/2024\/wp-content\/uploads\/2024\/09\/boletim_hyante_002_005-300x169.jpg 300w, https:\/\/ebp.org.br\/nordeste\/jornadas\/2024\/wp-content\/uploads\/2024\/09\/boletim_hyante_002_005-1024x577.jpg 1024w, https:\/\/ebp.org.br\/nordeste\/jornadas\/2024\/wp-content\/uploads\/2024\/09\/boletim_hyante_002_005-768x432.jpg 768w\" sizes=\"auto, (max-width: 1270px) 100vw, 1270px\" \/><\/div><\/figure>[\/vc_column][\/vc_row][vc_row][vc_column]<div class=\"vcex-spacing wpex-w-100 wpex-clear\" style=\"height:20px;\"><\/div><div class=\"vcex-module vcex-divider vcex-divider-solid vcex-divider-center wpex-mx-auto wpex-block wpex-h-0 wpex-border-b wpex-border-solid wpex-border-main\" style=\"border-color:#606060;\"><\/div><div class=\"vcex-spacing wpex-w-100 wpex-clear\" style=\"height:20px;\"><\/div><div class=\"vcex-spacing wpex-w-100 wpex-clear\" style=\"height:20px;\"><\/div>[\/vc_column][\/vc_row][vc_row][vc_column width=&#8221;5\/6&#8243;][vc_column_text css=&#8221;&#8221;]\n<h3><em>IN LOCU<\/em><\/h3>\n<h6><em>Suele Conde Soares<\/em><\/h6>\n<div id=\"bannerL6\">\n<div id=\"div-gpt-ad-1474537762122-11\" data-google-query-id=\"CJfgofS9t_ACFTIG1AodxucDgQ\">\n<div id=\"google_ads_iframe_\/15188745\/Lipsum-Unit3_0__container__6\">Nesta edi\u00e7\u00e3o do\u00a0<em>In locu<\/em>\u00a0aterrissamos sobre o Hotel Globo e o Porto do Capim, localizados no Centro Hist\u00f3rico da cidade de Jo\u00e3o Pessoa \u2013 Para\u00edba. O Hotel Globo constitui um dos cart\u00f5es postais que atrai visitantes\u00a0<em>in and out<\/em>, que moram na cidade e que v\u00eam de fora para visita\u00e7\u00e3o. Constru\u00eddo em 1929 por &#8220;Seu Marinheiro\u201d, atualmente o hotel serve de museu, bem como \u00e9 aberto a feirinhas art\u00edstica e cultural, com obras e apresenta\u00e7\u00f5es de artistas da regi\u00e3o. Adentrando o Hotel, chegando em seu jardim, tem-se a bela vista do Rio Sanhau\u00e1, rio que banha os\u00a0<a href=\"https:\/\/pt.wikipedia.org\/wiki\/Munic%C3%ADpio_(Brasil)\" target=\"_blank\" rel=\"noopener\" data-saferedirecturl=\"https:\/\/www.google.com\/url?q=https:\/\/pt.wikipedia.org\/wiki\/Munic%25C3%25ADpio_(Brasil)&amp;source=gmail&amp;ust=1725643243652000&amp;usg=AOvVaw3Sjr92CQDb1ie5ZDhyO0gZ\">munic\u00edpios<\/a>\u00a0de\u00a0<a href=\"https:\/\/pt.wikipedia.org\/wiki\/Bayeux_(Para%C3%ADba)\" target=\"_blank\" rel=\"noopener\" data-saferedirecturl=\"https:\/\/www.google.com\/url?q=https:\/\/pt.wikipedia.org\/wiki\/Bayeux_(Para%25C3%25ADba)&amp;source=gmail&amp;ust=1725643243652000&amp;usg=AOvVaw2x8zWgUjNzHwox2qUbk5sL\">Bayeux<\/a>\u00a0e\u00a0<a href=\"https:\/\/pt.wikipedia.org\/wiki\/Jo%C3%A3o_Pessoa\" target=\"_blank\" rel=\"noopener\" data-saferedirecturl=\"https:\/\/www.google.com\/url?q=https:\/\/pt.wikipedia.org\/wiki\/Jo%25C3%25A3o_Pessoa&amp;source=gmail&amp;ust=1725643243652000&amp;usg=AOvVaw1-3Xx1QqQsa2g_lOdf_-jZ\">Jo\u00e3o Pessoa<\/a>. Um dos principais afluentes do\u00a0<a href=\"https:\/\/pt.wikipedia.org\/wiki\/Rio_Para%C3%ADba\" target=\"_blank\" rel=\"noopener\" data-saferedirecturl=\"https:\/\/www.google.com\/url?q=https:\/\/pt.wikipedia.org\/wiki\/Rio_Para%25C3%25ADba&amp;source=gmail&amp;ust=1725643243652000&amp;usg=AOvVaw2FH8wDSDgKtGrFOlB7WXn1\">Rio Para\u00edba<\/a>, foi em sua\u00a0<a href=\"https:\/\/pt.wikipedia.org\/wiki\/Foz\" target=\"_blank\" rel=\"noopener\" data-saferedirecturl=\"https:\/\/www.google.com\/url?q=https:\/\/pt.wikipedia.org\/wiki\/Foz&amp;source=gmail&amp;ust=1725643243652000&amp;usg=AOvVaw1fVQxsb3cJjhnZ19O3bz35\">foz<\/a>\u00a0que Jo\u00e3o Pessoa, a capital do estado, foi fundada, no\u00a0<a href=\"https:\/\/pt.wikipedia.org\/wiki\/S%C3%A9culo_XVI\" target=\"_blank\" rel=\"noopener\" data-saferedirecturl=\"https:\/\/www.google.com\/url?q=https:\/\/pt.wikipedia.org\/wiki\/S%25C3%25A9culo_XVI&amp;source=gmail&amp;ust=1725643243652000&amp;usg=AOvVaw1J38bS2yV0l4Jg61zzeD0n\">s\u00e9culo XVI<\/a>.<\/div>\n<\/div>\n<\/div>\n[\/vc_column_text]<div class=\"vcex-spacing wpex-w-100 wpex-clear\" style=\"height:20px;\"><\/div><a href=\"https:\/\/ebp.org.br\/nordeste\/jornadas\/2024\/in-locu-2\/\" class=\"vcex-button theme-button black small inline\"><span class=\"vcex-button-inner theme-button-inner\">Leia mais<\/span><\/a> [\/vc_column][vc_column width=&#8221;1\/6&#8243;]<figure class=\"vcex-image vcex-module\"><div class=\"vcex-image-inner wpex-relative wpex-inline-block\"><img width=\"2560\" height=\"1920\" src=\"https:\/\/ebp.org.br\/nordeste\/jornadas\/2024\/wp-content\/uploads\/2024\/09\/boletim_hyante_002_006-scaled.jpg\" class=\"vcex-image-img wpex-align-middle\" alt=\"\" loading=\"lazy\" decoding=\"async\" srcset=\"https:\/\/ebp.org.br\/nordeste\/jornadas\/2024\/wp-content\/uploads\/2024\/09\/boletim_hyante_002_006-scaled.jpg 2560w, https:\/\/ebp.org.br\/nordeste\/jornadas\/2024\/wp-content\/uploads\/2024\/09\/boletim_hyante_002_006-300x225.jpg 300w, https:\/\/ebp.org.br\/nordeste\/jornadas\/2024\/wp-content\/uploads\/2024\/09\/boletim_hyante_002_006-1024x768.jpg 1024w, https:\/\/ebp.org.br\/nordeste\/jornadas\/2024\/wp-content\/uploads\/2024\/09\/boletim_hyante_002_006-768x576.jpg 768w, https:\/\/ebp.org.br\/nordeste\/jornadas\/2024\/wp-content\/uploads\/2024\/09\/boletim_hyante_002_006-1536x1152.jpg 1536w, https:\/\/ebp.org.br\/nordeste\/jornadas\/2024\/wp-content\/uploads\/2024\/09\/boletim_hyante_002_006-2048x1536.jpg 2048w\" sizes=\"auto, (max-width: 2560px) 100vw, 2560px\" \/><\/div><\/figure>[\/vc_column][\/vc_row][vc_row][vc_column]<div class=\"vcex-spacing wpex-w-100 wpex-clear\" style=\"height:20px;\"><\/div>[vc_row_inner css=&#8221;.vc_custom_1721154207998{background-color: #a39672 !important;}&#8221;][vc_column_inner][vc_column_text css=&#8221;&#8221;]\n<h3 style=\"text-align: center;\"><span style=\"color: #ffffff;\"><a style=\"color: #ffffff;\" href=\"https:\/\/ebp.org.br\/nordeste\/jornadas\/2024\/organizacao\/\">ESTRUTURA DA JORNADA<\/a><\/span><\/h3>\n[\/vc_column_text][\/vc_column_inner][\/vc_row_inner]<div class=\"vcex-spacing wpex-w-100 wpex-clear\" style=\"height:20px;\"><\/div>[\/vc_column][\/vc_row][vc_row css=&#8221;.vc_custom_1721154266354{background-color: #000000 !important;}&#8221;][vc_column]<figure class=\"vcex-image vcex-module\"><div class=\"vcex-image-inner wpex-relative wpex-inline-block\"><img width=\"1240\" height=\"161\" src=\"https:\/\/ebp.org.br\/nordeste\/jornadas\/2024\/wp-content\/uploads\/2024\/07\/bottom-boletim-hiante-site.jpg\" class=\"vcex-image-img wpex-align-middle\" alt=\"\" loading=\"lazy\" decoding=\"async\" srcset=\"https:\/\/ebp.org.br\/nordeste\/jornadas\/2024\/wp-content\/uploads\/2024\/07\/bottom-boletim-hiante-site.jpg 1240w, https:\/\/ebp.org.br\/nordeste\/jornadas\/2024\/wp-content\/uploads\/2024\/07\/bottom-boletim-hiante-site-300x39.jpg 300w, https:\/\/ebp.org.br\/nordeste\/jornadas\/2024\/wp-content\/uploads\/2024\/07\/bottom-boletim-hiante-site-1024x133.jpg 1024w, https:\/\/ebp.org.br\/nordeste\/jornadas\/2024\/wp-content\/uploads\/2024\/07\/bottom-boletim-hiante-site-768x100.jpg 768w\" sizes=\"auto, (max-width: 1240px) 100vw, 1240px\" \/><\/div><\/figure><div class=\"vcex-spacing wpex-w-100 wpex-clear\" style=\"height:20px;\"><\/div>[vc_column_text css=&#8221;&#8221;]\n<p style=\"text-align: center;\"><span style=\"color: #ffffff;\">Coordenadora Geral da Jornada &#8211;\u00a0<strong>Margarida Assad<\/strong><\/span><\/p>\n<p style=\"text-align: center;\"><span style=\"color: #ffffff;\"><strong>Comiss\u00e3o de Divulga\u00e7\u00e3o<\/strong>:<\/span><br \/>\n<span style=\"color: #ffffff;\"><strong>Coordena\u00e7\u00e3o<\/strong>: Cassandra Dias e Francisco Santos<\/span><br \/>\n<span style=\"color: #ffffff;\">Anderson Barbosa, Jos\u00e9 Ronaldo de Paulo, Pauleska N\u00f3brega, Severino Bernardino Neto, Suele Conde, Tatiana Schefer.<\/span><\/p>\n<p style=\"text-align: center;\"><span style=\"color: #ffffff;\"><strong>Cria\u00e7\u00e3o e Editora\u00e7\u00e3o:<\/strong>\u00a0<a style=\"color: #ffffff;\" title=\"sennabruno@gmail.com\" href=\"mailto:sennabruno@gmail.com\">Bruno Senna &#8211; sennabruno@gmail.com<\/a><\/span><\/p>\n[\/vc_column_text]<div class=\"vcex-spacing wpex-w-100 wpex-clear\" style=\"height:20px;\"><\/div>[\/vc_column][\/vc_row]\n<\/div>","protected":false},"excerpt":{"rendered":"<p>[vc_row][vc_column][\/vc_column][\/vc_row][vc_row][vc_column][vc_column_text css=&#8221;&#8221;] Boletim Hiante #02 [\/vc_column_text][\/vc_column][\/vc_row][vc_row][vc_column width=&#8221;5\/6&#8243;][vc_column_text css=&#8221;&#8221;] EDITORIAL por Cassandra Dias Setembro inicia dissipando os ventos de Agosto, aquecendo o tempo e\u00a0 preparando a terra para a\u00a0 chegada da Primavera. Aqui, no Nordeste do Brasil, acontece tamb\u00e9m uma semeadura para a IV Jornada. Uma comunidade que trabalha em dire\u00e7\u00e3o ao tema \u201cRespostas do real:&hellip;<\/p>\n","protected":false},"author":1,"featured_media":0,"parent":0,"menu_order":0,"comment_status":"closed","ping_status":"closed","template":"templates\/no-sidebar.php","meta":{"footnotes":""},"class_list":["post-588","page","type-page","status-publish","hentry","entry","no-media"],"_links":{"self":[{"href":"https:\/\/ebp.org.br\/nordeste\/jornadas\/2024\/wp-json\/wp\/v2\/pages\/588","targetHints":{"allow":["GET"]}}],"collection":[{"href":"https:\/\/ebp.org.br\/nordeste\/jornadas\/2024\/wp-json\/wp\/v2\/pages"}],"about":[{"href":"https:\/\/ebp.org.br\/nordeste\/jornadas\/2024\/wp-json\/wp\/v2\/types\/page"}],"author":[{"embeddable":true,"href":"https:\/\/ebp.org.br\/nordeste\/jornadas\/2024\/wp-json\/wp\/v2\/users\/1"}],"replies":[{"embeddable":true,"href":"https:\/\/ebp.org.br\/nordeste\/jornadas\/2024\/wp-json\/wp\/v2\/comments?post=588"}],"version-history":[{"count":9,"href":"https:\/\/ebp.org.br\/nordeste\/jornadas\/2024\/wp-json\/wp\/v2\/pages\/588\/revisions"}],"predecessor-version":[{"id":607,"href":"https:\/\/ebp.org.br\/nordeste\/jornadas\/2024\/wp-json\/wp\/v2\/pages\/588\/revisions\/607"}],"wp:attachment":[{"href":"https:\/\/ebp.org.br\/nordeste\/jornadas\/2024\/wp-json\/wp\/v2\/media?parent=588"}],"curies":[{"name":"wp","href":"https:\/\/api.w.org\/{rel}","templated":true}]}}