{"id":543,"date":"2024-08-15T07:59:31","date_gmt":"2024-08-15T10:59:31","guid":{"rendered":"https:\/\/ebp.org.br\/nordeste\/jornadas\/2024\/?page_id=543"},"modified":"2024-08-24T09:07:39","modified_gmt":"2024-08-24T12:07:39","slug":"eixo-2-as-subjetividades-contemporaneas-e-suas-urgencias","status":"publish","type":"page","link":"https:\/\/ebp.org.br\/nordeste\/jornadas\/2024\/a-jornada\/eixo-2-as-subjetividades-contemporaneas-e-suas-urgencias\/","title":{"rendered":"Eixo 2: As subjetividades contempor\u00e2neas e suas urg\u00eancias"},"content":{"rendered":"<div class=\"wpb-content-wrapper\">[vc_row][vc_column][vc_column_text css=&#8221;&#8221;]\n<h3><strong>La urgencia del psicoan\u00e1lisis aplicado<\/strong><\/h3>\n<h5>Ricardo Seldes<\/h5>\n<hr \/>\n<p>NOTA SOBRE O TEXTO:<\/p>\n<p>Texto publicado na Revista Virtual de La EOL &#8211; VIRTUALIA. Noviembre 2008, A\u00f1o VII &#8211; #18[\/vc_column_text]<div class=\"vcex-spacing wpex-w-100 wpex-clear\"><\/div><a href=\"https:\/\/www.revistavirtualia.com\/articulos\/432\/seminario-de-psicoanalisis-aplicado\/la-urgencia-del-psicoanalisis-aplicado\" class=\"vcex-button theme-button align-left inline\" target=\"_blank\" rel=\"noopener noreferrer\"><span class=\"vcex-button-inner theme-button-inner\">BAIXAR PDF<span class=\"vcex-button-icon vcex-icon-wrap theme-button-icon-right\"><span class=\"ticon ticon-file-pdf-o\" aria-hidden=\"true\"><\/span><\/span><\/span><\/a> [\/vc_column][\/vc_row][vc_row][vc_column]<div class=\"vcex-spacing wpex-w-100 wpex-clear\"><\/div><div class=\"vcex-module vcex-divider vcex-divider-solid vcex-divider-center wpex-mx-auto wpex-block wpex-h-0 wpex-border-b wpex-border-solid wpex-border-main\" style=\"border-color:var(--wpex-accent);\"><\/div><div class=\"vcex-spacing wpex-w-100 wpex-clear\"><\/div>[\/vc_column][\/vc_row][vc_row][vc_column][vc_column_text css=&#8221;&#8221;]\n<h3><strong>Urg\u00eancia: Entre a Verdade e o Gozo<\/strong><\/h3>\n<h5>Ricardo Seldes<\/h5>\n<hr \/>\n<p>NOTA SOBRE O TEXTO:<\/p>\n<p>Texto publicado no site da Cl\u00ednica Lacaniana de Atendimento e Pesquisa em Psican\u00e1lise &#8211; CLIPP. Atualidades Psicanal\u00edticas #29[\/vc_column_text]<div class=\"vcex-spacing wpex-w-100 wpex-clear\"><\/div><a href=\"https:\/\/clipp.org.br\/atualidades-psicanaliticas-29\/\" class=\"vcex-button theme-button align-left inline\" target=\"_blank\" rel=\"noopener noreferrer\"><span class=\"vcex-button-inner theme-button-inner\">BAIXAR PDF<span class=\"vcex-button-icon vcex-icon-wrap theme-button-icon-right\"><span class=\"ticon ticon-file-pdf-o\" aria-hidden=\"true\"><\/span><\/span><\/span><\/a> [\/vc_column][\/vc_row][vc_row][vc_column]<div class=\"vcex-spacing wpex-w-100 wpex-clear\"><\/div><div class=\"vcex-module vcex-divider vcex-divider-solid vcex-divider-center wpex-mx-auto wpex-block wpex-h-0 wpex-border-b wpex-border-solid wpex-border-main\" style=\"border-color:var(--wpex-accent);\"><\/div><div class=\"vcex-spacing wpex-w-100 wpex-clear\"><\/div>[\/vc_column][\/vc_row][vc_row][vc_column][vc_column_text css=&#8221;&#8221;]\n<h3><strong>Os efeitos da psican\u00e1lise no tecido da civiliza\u00e7\u00e3o Entrevista com \u00c9ric Laurent<\/strong><\/h3>\n<h5>Fabiola Ramon<\/h5>\n<hr \/>\n<p>NOTA SOBRE O TEXTO:<\/p>\n<p>Texto publicado na Op\u00e7\u00e3o Lacaniana Online Nova S\u00e9rie. Ano 8, n\u00famero 22, mar\u00e7o 2017.[\/vc_column_text]<div class=\"vcex-spacing wpex-w-100 wpex-clear\"><\/div><a href=\"http:\/\/www.opcaolacaniana.com.br\/pdf\/numero_22\/0s_efeitos_da_psicanalise_no_tecido_da_civilizacao.pdf\" class=\"vcex-button theme-button align-left inline\" target=\"_blank\" rel=\"noopener noreferrer\"><span class=\"vcex-button-inner theme-button-inner\">BAIXAR PDF<span class=\"vcex-button-icon vcex-icon-wrap theme-button-icon-right\"><span class=\"ticon ticon-file-pdf-o\" aria-hidden=\"true\"><\/span><\/span><\/span><\/a> [\/vc_column][\/vc_row][vc_row][vc_column]<div class=\"vcex-spacing wpex-w-100 wpex-clear\"><\/div><div class=\"vcex-module vcex-divider vcex-divider-solid vcex-divider-center wpex-mx-auto wpex-block wpex-h-0 wpex-border-b wpex-border-solid wpex-border-main\" style=\"border-color:var(--wpex-accent);\"><\/div><div class=\"vcex-spacing wpex-w-100 wpex-clear\"><\/div>[\/vc_column][\/vc_row][vc_row][vc_column][vc_column_text css=&#8221;&#8221;]\n<h3><strong>Todos en Urgencia<\/strong><\/h3>\n<hr \/>\n<p>NOTA SOBRE O TEXTO:<\/p>\n<p>Escrito a partir del Seminario dictado en las XIII Jornadas de EBP-Pernambuco \u201cFragilidade do Outro e desenlaces dos sexos\u201d, 9 y 10 de noviembre de 2018.[\/vc_column_text]<div class=\"vcex-spacing wpex-w-100 wpex-clear\"><\/div><a href=\"https:\/\/ebp.org.br\/nordeste\/jornadas\/2024\/wp-content\/uploads\/2024\/08\/Todos-en-Urgencia.pdf\" class=\"vcex-button theme-button align-left inline\" target=\"_blank\" rel=\"noopener noreferrer\"><span class=\"vcex-button-inner theme-button-inner\">BAIXAR PDF<span class=\"vcex-button-icon vcex-icon-wrap theme-button-icon-right\"><span class=\"ticon ticon-file-pdf-o\" aria-hidden=\"true\"><\/span><\/span><\/span><\/a> [\/vc_column][\/vc_row]\n<\/div>","protected":false},"excerpt":{"rendered":"<p>[vc_row][vc_column][vc_column_text css=&#8221;&#8221;] La urgencia del psicoan\u00e1lisis aplicado Ricardo Seldes NOTA SOBRE O TEXTO: Texto publicado na Revista Virtual de La EOL &#8211; VIRTUALIA. Noviembre 2008, A\u00f1o VII &#8211; #18[\/vc_column_text][\/vc_column][\/vc_row][vc_row][vc_column][\/vc_column][\/vc_row][vc_row][vc_column][vc_column_text css=&#8221;&#8221;] Urg\u00eancia: Entre a Verdade e o Gozo Ricardo Seldes NOTA SOBRE O TEXTO: Texto publicado no site da Cl\u00ednica Lacaniana de Atendimento e Pesquisa em&hellip;<\/p>\n","protected":false},"author":1,"featured_media":0,"parent":372,"menu_order":0,"comment_status":"closed","ping_status":"closed","template":"templates\/no-sidebar.php","meta":{"footnotes":""},"class_list":["post-543","page","type-page","status-publish","hentry","entry","no-media"],"_links":{"self":[{"href":"https:\/\/ebp.org.br\/nordeste\/jornadas\/2024\/wp-json\/wp\/v2\/pages\/543","targetHints":{"allow":["GET"]}}],"collection":[{"href":"https:\/\/ebp.org.br\/nordeste\/jornadas\/2024\/wp-json\/wp\/v2\/pages"}],"about":[{"href":"https:\/\/ebp.org.br\/nordeste\/jornadas\/2024\/wp-json\/wp\/v2\/types\/page"}],"author":[{"embeddable":true,"href":"https:\/\/ebp.org.br\/nordeste\/jornadas\/2024\/wp-json\/wp\/v2\/users\/1"}],"replies":[{"embeddable":true,"href":"https:\/\/ebp.org.br\/nordeste\/jornadas\/2024\/wp-json\/wp\/v2\/comments?post=543"}],"version-history":[{"count":3,"href":"https:\/\/ebp.org.br\/nordeste\/jornadas\/2024\/wp-json\/wp\/v2\/pages\/543\/revisions"}],"predecessor-version":[{"id":553,"href":"https:\/\/ebp.org.br\/nordeste\/jornadas\/2024\/wp-json\/wp\/v2\/pages\/543\/revisions\/553"}],"up":[{"embeddable":true,"href":"https:\/\/ebp.org.br\/nordeste\/jornadas\/2024\/wp-json\/wp\/v2\/pages\/372"}],"wp:attachment":[{"href":"https:\/\/ebp.org.br\/nordeste\/jornadas\/2024\/wp-json\/wp\/v2\/media?parent=543"}],"curies":[{"name":"wp","href":"https:\/\/api.w.org\/{rel}","templated":true}]}}