{"id":485,"date":"2024-07-16T15:15:54","date_gmt":"2024-07-16T18:15:54","guid":{"rendered":"https:\/\/ebp.org.br\/nordeste\/jornadas\/2024\/?page_id=485"},"modified":"2024-07-17T17:36:21","modified_gmt":"2024-07-17T20:36:21","slug":"boletim-hiante-01","status":"publish","type":"page","link":"https:\/\/ebp.org.br\/nordeste\/jornadas\/2024\/boletim-hiante-01\/","title":{"rendered":"Boletim Hiante #01"},"content":{"rendered":"<div class=\"wpb-content-wrapper\">[vc_row][vc_column]<figure class=\"vcex-image vcex-module\"><div class=\"vcex-image-inner wpex-relative wpex-inline-block\"><img width=\"1240\" height=\"285\" src=\"https:\/\/ebp.org.br\/nordeste\/jornadas\/2024\/wp-content\/uploads\/2024\/07\/top-boletim-hiante-site.jpg\" class=\"vcex-image-img wpex-align-middle\" alt=\"\" loading=\"lazy\" decoding=\"async\" srcset=\"https:\/\/ebp.org.br\/nordeste\/jornadas\/2024\/wp-content\/uploads\/2024\/07\/top-boletim-hiante-site.jpg 1240w, https:\/\/ebp.org.br\/nordeste\/jornadas\/2024\/wp-content\/uploads\/2024\/07\/top-boletim-hiante-site-300x69.jpg 300w, https:\/\/ebp.org.br\/nordeste\/jornadas\/2024\/wp-content\/uploads\/2024\/07\/top-boletim-hiante-site-1024x235.jpg 1024w, https:\/\/ebp.org.br\/nordeste\/jornadas\/2024\/wp-content\/uploads\/2024\/07\/top-boletim-hiante-site-768x177.jpg 768w\" sizes=\"auto, (max-width: 1240px) 100vw, 1240px\" \/><\/div><\/figure>[\/vc_column][\/vc_row][vc_row][vc_column][vc_column_text css=&#8221;&#8221;]\n<p style=\"text-align: center;\"><strong>Boletim Hiante #01<\/strong><\/p>\n[\/vc_column_text][\/vc_column][\/vc_row][vc_row][vc_column][vc_column_text css=&#8221;&#8221;]\n<h3><span style=\"color: #333300;\">EDITORIAL<\/span><\/h3>\n<p><em><span class=\"wpex-text-sm\">por<\/span> Francisco Santos<\/em><\/p>\n<div id=\"bannerL\">\n<div id=\"div-gpt-ad-1474537762122-2\" data-google-query-id=\"CJfgofS9t_ACFTIG1AodxucDgQ\">\n<div id=\"google_ads_iframe_\/15188745\/Lipsum-Unit3_0__container__\"><span style=\"background-color: var(--wpex-surface-1); color: var(--wpex-text-2);\">A Jornada est\u00e1 lan\u00e7ada, e seu argumento, j\u00e1 dispon\u00edvel no <\/span><a style=\"background-color: var(--wpex-surface-1);\" href=\"https:\/\/ebp.org.br\/nordeste\/jornadas\/2024\/a-jornada\/argumento\/\">site<\/a><span style=\"background-color: var(--wpex-surface-1); color: var(--wpex-text-2);\">\u00a0nos convoca. Atrav\u00e9s de um texto ao mesmo tempo consistente e comunicante, a Comiss\u00e3o Cient\u00edfica circunscreve o hodierno do mundo dentro da perspectiva lacaniana, isto \u00e9, uma cl\u00ednica orientada ao real, pelo real que se nos apresenta cotidianamente nos consult\u00f3rios e territ\u00f3rios.<\/span><\/div>\n<\/div>\n<\/div>\n<p>Tamb\u00e9m, aponta para uma cl\u00ednica cada vez mais implicada com a pol\u00edtica, embasada com a episteme, cujo desenvolvimento se d\u00e1 atrav\u00e9s de espa\u00e7os e a\u00e7\u00f5es como uma jornada, como a nossa IV Jornada. Pois, a episteme precisa da consist\u00eancia de um\u00a0<em>O aturdito<\/em>, mas tamb\u00e9m necessita da clareza de um\u00a0<em>Est\u00e1dio do espelho<\/em> para tratar do mist\u00e9rio humano, e isto foi poss\u00edvel no argumento concebido &#8211; e tratado &#8211; por Elizabete e Cleide.[\/vc_column_text]<div class=\"vcex-spacing wpex-w-100 wpex-clear\" style=\"height:20px;\"><\/div><a href=\"https:\/\/ebp.org.br\/nordeste\/jornadas\/2024\/editorial-boletim-hiante-01\/\" class=\"vcex-button theme-button black small inline\"><span class=\"vcex-button-inner theme-button-inner\">Leia mais<\/span><\/a> [\/vc_column][\/vc_row][vc_row][vc_column]<div class=\"vcex-spacing wpex-w-100 wpex-clear\" style=\"height:20px;\"><\/div><div class=\"vcex-module vcex-divider vcex-divider-solid vcex-divider-center wpex-mx-auto wpex-block wpex-h-0 wpex-border-b wpex-border-solid wpex-border-main\" style=\"border-color:#606060;\"><\/div><div class=\"vcex-spacing wpex-w-100 wpex-clear\" style=\"height:20px;\"><\/div>[\/vc_column][\/vc_row][vc_row][vc_column width=&#8221;5\/6&#8243;][vc_column_text css=&#8221;&#8221;]\n<h3>PO\u00c9TICA<\/h3>\n<p><em>OS <span class=\"wpex-text-sm\">ACROBATAS<\/span> de Vinicius de Moraes (1946)<\/em><\/p>\n<div id=\"bannerL2\">\n<div id=\"div-gpt-ad-1474537762122-\" data-google-query-id=\"CJfgofS9t_ACFTIG1AodxucDgQ\">\n<div id=\"google_ads_iframe_\/15188745\/Lipsum-Unit3_0__container__2\"><span style=\"background-color: var(--wpex-surface-1); color: var(--wpex-text-2);\">Subamos!\u00a0<\/span><\/div>\n<\/div>\n<\/div>\n<p>Subamos acima<br \/>\nSubamos al\u00e9m, subamos<br \/>\nAcima do al\u00e9m, subamos!<br \/>\nCom a posse f\u00edsica dos bra\u00e7os<br \/>\nInelutavelmente galgaremos<br \/>\nO grande mar de estrelas<br \/>\nAtrav\u00e9s de mil\u00eanios de luz.<br \/>\nSubamos![\/vc_column_text]<div class=\"vcex-spacing wpex-w-100 wpex-clear\" style=\"height:20px;\"><\/div><a href=\"https:\/\/ebp.org.br\/nordeste\/jornadas\/2024\/poetica\/\" class=\"vcex-button theme-button black small inline\"><span class=\"vcex-button-inner theme-button-inner\">Leia mais<\/span><\/a> [\/vc_column][vc_column width=&#8221;1\/6&#8243;]<figure class=\"vcex-image vcex-module\"><div class=\"vcex-image-inner wpex-relative wpex-inline-block\"><img width=\"300\" height=\"250\" src=\"https:\/\/ebp.org.br\/nordeste\/jornadas\/2024\/wp-content\/uploads\/2024\/07\/mini_acrobatas.jpg\" class=\"vcex-image-img wpex-align-middle\" alt=\"\" loading=\"lazy\" decoding=\"async\" \/><\/div><\/figure>[\/vc_column][\/vc_row][vc_row][vc_column]<div class=\"vcex-spacing wpex-w-100 wpex-clear\" style=\"height:20px;\"><\/div><div class=\"vcex-module vcex-divider vcex-divider-solid vcex-divider-center wpex-mx-auto wpex-block wpex-h-0 wpex-border-b wpex-border-solid wpex-border-main\" style=\"border-color:#606060;\"><\/div><div class=\"vcex-spacing wpex-w-100 wpex-clear\" style=\"height:20px;\"><\/div>[\/vc_column][\/vc_row][vc_row][vc_column width=&#8221;5\/6&#8243;][vc_column_text css=&#8221;&#8221;]\n<h3><em>IN LOCU<\/em><\/h3>\n<p><span class=\"wpex-text-sm\"><em>por Anderson Barbosa<\/em><\/span><\/p>\n<div id=\"bannerL3\">\n<div id=\"div-gpt-ad-1474537762122-5\" data-google-query-id=\"CJfgofS9t_ACFTIG1AodxucDgQ\">\n<div id=\"google_ads_iframe_\/15188745\/Lipsum-Unit3_0__container__3\"><span style=\"background-color: var(--wpex-surface-1); color: var(--wpex-text-2);\">O <\/span><em style=\"background-color: var(--wpex-surface-1); color: var(--wpex-text-2);\">In Locu<\/em><span style=\"background-color: var(--wpex-surface-1); color: var(--wpex-text-2);\">\u00a0do primeiro Boletim\u00a0<\/span><strong style=\"background-color: var(--wpex-surface-1); color: var(--wpex-text-2);\"><em>Hiante<\/em><\/strong><span style=\"background-color: var(--wpex-surface-1); color: var(--wpex-text-2);\">\u00a0se debru\u00e7a sobre o significante que marca a cidade de Jo\u00e3o Pessoa, no extremo oriental das Am\u00e9ricas: Porta do Sol. Como apontado no editorial de abertura, nossa cidade \u00e9 recortada pela luz que primeiro invade o continente, mas que dele tamb\u00e9m primeiro se esvai. \u00c9 nesse lugar, conhecido como \u201cPonta do Seixas\u201d, que em 1972, sob a assinatura do professor do Departamento de Arquitetura da UFPB, Pedro Abra\u00e3o Diebe, foi constru\u00eddo o farol que visava ser a marca dessa dan\u00e7a com a luz.<\/span><\/div>\n<\/div>\n<\/div>\n[\/vc_column_text]<div class=\"vcex-spacing wpex-w-100 wpex-clear\" style=\"height:20px;\"><\/div><a href=\"https:\/\/ebp.org.br\/nordeste\/jornadas\/2024\/in-locu\/\" class=\"vcex-button theme-button black small inline\"><span class=\"vcex-button-inner theme-button-inner\">Leia mais<\/span><\/a> [\/vc_column][vc_column width=&#8221;1\/6&#8243;]<figure class=\"vcex-image vcex-module\"><div class=\"vcex-image-inner wpex-relative wpex-inline-block\"><img width=\"300\" height=\"250\" src=\"https:\/\/ebp.org.br\/nordeste\/jornadas\/2024\/wp-content\/uploads\/2024\/07\/mini_ponta-do-seixas.jpg\" class=\"vcex-image-img wpex-align-middle\" alt=\"\" loading=\"lazy\" decoding=\"async\" \/><\/div><\/figure>[\/vc_column][\/vc_row][vc_row][vc_column]<div class=\"vcex-spacing wpex-w-100 wpex-clear\" style=\"height:20px;\"><\/div><div class=\"vcex-module vcex-divider vcex-divider-solid vcex-divider-center wpex-mx-auto wpex-block wpex-h-0 wpex-border-b wpex-border-solid wpex-border-main\" style=\"border-color:#606060;\"><\/div><div class=\"vcex-spacing wpex-w-100 wpex-clear\" style=\"height:20px;\"><\/div>[\/vc_column][\/vc_row][vc_row][vc_column]<div class=\"vcex-spacing wpex-w-100 wpex-clear\" style=\"height:20px;\"><\/div>[vc_row_inner css=&#8221;.vc_custom_1721154207998{background-color: #a39672 !important;}&#8221;][vc_column_inner][vc_column_text css=&#8221;&#8221;]\n<h3 style=\"text-align: center;\"><span style=\"color: #ffffff;\"><a style=\"color: #ffffff;\" href=\"https:\/\/ebp.org.br\/nordeste\/jornadas\/2024\/organizacao\/\">ESTRUTURA DA JORNADA<\/a><\/span><\/h3>\n[\/vc_column_text][\/vc_column_inner][\/vc_row_inner]<div class=\"vcex-spacing wpex-w-100 wpex-clear\" style=\"height:20px;\"><\/div>[\/vc_column][\/vc_row][vc_row css=&#8221;.vc_custom_1721154266354{background-color: #000000 !important;}&#8221;][vc_column]<figure class=\"vcex-image vcex-module\"><div class=\"vcex-image-inner wpex-relative wpex-inline-block\"><img width=\"1240\" height=\"161\" src=\"https:\/\/ebp.org.br\/nordeste\/jornadas\/2024\/wp-content\/uploads\/2024\/07\/bottom-boletim-hiante-site.jpg\" class=\"vcex-image-img wpex-align-middle\" alt=\"\" loading=\"lazy\" decoding=\"async\" srcset=\"https:\/\/ebp.org.br\/nordeste\/jornadas\/2024\/wp-content\/uploads\/2024\/07\/bottom-boletim-hiante-site.jpg 1240w, https:\/\/ebp.org.br\/nordeste\/jornadas\/2024\/wp-content\/uploads\/2024\/07\/bottom-boletim-hiante-site-300x39.jpg 300w, https:\/\/ebp.org.br\/nordeste\/jornadas\/2024\/wp-content\/uploads\/2024\/07\/bottom-boletim-hiante-site-1024x133.jpg 1024w, https:\/\/ebp.org.br\/nordeste\/jornadas\/2024\/wp-content\/uploads\/2024\/07\/bottom-boletim-hiante-site-768x100.jpg 768w\" sizes=\"auto, (max-width: 1240px) 100vw, 1240px\" \/><\/div><\/figure><div class=\"vcex-spacing wpex-w-100 wpex-clear\" style=\"height:20px;\"><\/div>[vc_column_text css=&#8221;&#8221;]\n<p style=\"text-align: center;\"><span style=\"color: #ffffff;\">Coordenadora Geral da Jornada &#8211;\u00a0<strong>Margarida Assad<\/strong><\/span><\/p>\n<p style=\"text-align: center;\"><span style=\"color: #ffffff;\"><strong>Comiss\u00e3o de Divulga\u00e7\u00e3o<\/strong>:<\/span><br \/>\n<span style=\"color: #ffffff;\"><strong>Coordena\u00e7\u00e3o<\/strong>: Cassandra Dias e Francisco Santos<\/span><br \/>\n<span style=\"color: #ffffff;\">Anderson Barbosa, Jos\u00e9 Ronaldo de Paulo, Pauleska N\u00f3brega, Severino Bernardino Neto, Suele Conde, Tatiana Schefer.<\/span><\/p>\n<p style=\"text-align: center;\"><span style=\"color: #ffffff;\"><strong>Cria\u00e7\u00e3o e Editora\u00e7\u00e3o:<\/strong>\u00a0<a style=\"color: #ffffff;\" title=\"sennabruno@gmail.com\" href=\"mailto:sennabruno@gmail.com\">Bruno Senna &#8211; sennabruno@gmail.com<\/a><\/span><\/p>\n[\/vc_column_text]<div class=\"vcex-spacing wpex-w-100 wpex-clear\" style=\"height:20px;\"><\/div>[\/vc_column][\/vc_row]\n<\/div>","protected":false},"excerpt":{"rendered":"<p>[vc_row][vc_column][\/vc_column][\/vc_row][vc_row][vc_column][vc_column_text css=&#8221;&#8221;] Boletim Hiante #01 [\/vc_column_text][\/vc_column][\/vc_row][vc_row][vc_column][vc_column_text css=&#8221;&#8221;] EDITORIAL por Francisco Santos A Jornada est\u00e1 lan\u00e7ada, e seu argumento, j\u00e1 dispon\u00edvel no site\u00a0nos convoca. Atrav\u00e9s de um texto ao mesmo tempo consistente e comunicante, a Comiss\u00e3o Cient\u00edfica circunscreve o hodierno do mundo dentro da perspectiva lacaniana, isto \u00e9, uma cl\u00ednica orientada ao real, pelo real que&hellip;<\/p>\n","protected":false},"author":1,"featured_media":0,"parent":0,"menu_order":0,"comment_status":"closed","ping_status":"closed","template":"templates\/no-sidebar.php","meta":{"footnotes":""},"class_list":["post-485","page","type-page","status-publish","hentry","entry","no-media"],"_links":{"self":[{"href":"https:\/\/ebp.org.br\/nordeste\/jornadas\/2024\/wp-json\/wp\/v2\/pages\/485","targetHints":{"allow":["GET"]}}],"collection":[{"href":"https:\/\/ebp.org.br\/nordeste\/jornadas\/2024\/wp-json\/wp\/v2\/pages"}],"about":[{"href":"https:\/\/ebp.org.br\/nordeste\/jornadas\/2024\/wp-json\/wp\/v2\/types\/page"}],"author":[{"embeddable":true,"href":"https:\/\/ebp.org.br\/nordeste\/jornadas\/2024\/wp-json\/wp\/v2\/users\/1"}],"replies":[{"embeddable":true,"href":"https:\/\/ebp.org.br\/nordeste\/jornadas\/2024\/wp-json\/wp\/v2\/comments?post=485"}],"version-history":[{"count":8,"href":"https:\/\/ebp.org.br\/nordeste\/jornadas\/2024\/wp-json\/wp\/v2\/pages\/485\/revisions"}],"predecessor-version":[{"id":497,"href":"https:\/\/ebp.org.br\/nordeste\/jornadas\/2024\/wp-json\/wp\/v2\/pages\/485\/revisions\/497"}],"wp:attachment":[{"href":"https:\/\/ebp.org.br\/nordeste\/jornadas\/2024\/wp-json\/wp\/v2\/media?parent=485"}],"curies":[{"name":"wp","href":"https:\/\/api.w.org\/{rel}","templated":true}]}}