{"id":390,"date":"2024-07-01T17:21:27","date_gmt":"2024-07-01T20:21:27","guid":{"rendered":"https:\/\/ebp.org.br\/nordeste\/jornadas\/2024\/?page_id=390"},"modified":"2024-07-12T14:46:55","modified_gmt":"2024-07-12T17:46:55","slug":"inscricoes","status":"publish","type":"page","link":"https:\/\/ebp.org.br\/nordeste\/jornadas\/2024\/inscricoes\/","title":{"rendered":"Inscri\u00e7\u00f5es"},"content":{"rendered":"<div class=\"wpb-content-wrapper\">[vc_row][vc_column][vc_column_text css=&#8221;&#8221;]\n<div class=\"wpb_text_column wpb_content_element \">\n<div class=\"wpb_wrapper\">\n<p>Voc\u00ea pode se inscrever na IV Jornada da Se\u00e7\u00e3o Nordeste utilizando o Sympla<\/p>\n<p>Verifique qual a sua, entre as categorias de inscri\u00e7\u00e3o dispon\u00edveis, e clique no bot\u00e3o referente a seu ingresso.<\/p>\n<p>Ap\u00f3s clicar no bot\u00e3o de inscri\u00e7\u00e3o voc\u00ea ser\u00e1 direcionado(a) ao site do SYMPLA. Certifique-se de escolher a modalidade correta de inscri\u00e7\u00e3o (se presencial ou on-line).<\/p>\n<\/div>\n<\/div>\n<div class=\"vc_empty_space\">\n<hr \/>\n<\/div>\n<div class=\"wpb_text_column wpb_content_element \">\n<div class=\"wpb_wrapper\">\n<h3><b>Aten\u00e7\u00e3o!\u00a0<\/b><\/h3>\n<p><b>Estudantes de Gradua\u00e7\u00e3o devem enviar para o email da Jornada o comprovante do v\u00ednculo com sua Institui\u00e7\u00e3o de Ensino.<\/b><\/p>\n<p><b>\u201cParticipantes do IPSIN\u201d\u00a0precisam enviar Declara\u00e7\u00e3o do\u00a0IPSIN, afirmando estar regularmente matriculado(a) no Curso Anual ou<\/b><b>\u00a0participa h\u00e1 mais de 3 meses de um dos N\u00facleos de Pesquisa do IPSIN<\/b><\/p>\n<p><b>E-mail da IV Jornada: <a href=\"mailto:jornadasne@gmail.com\">jornadasne@gmail.com<\/a><\/b><\/p>\n<\/div>\n<\/div>\n[\/vc_column_text][\/vc_column][\/vc_row][vc_row][vc_column][vc_column_text css=&#8221;&#8221;]\n<table border=\"0\" width=\"100%\" cellspacing=\"10\" cellpadding=\"5\">\n<tbody>\n<tr>\n<td align=\"center\" valign=\"top\" width=\"140\"><\/td>\n<td align=\"center\" valign=\"top\" width=\"140\">Promocional de 12 a<br \/>\n19\/07<\/td>\n<td align=\"center\" valign=\"top\" width=\"67\">a partir de 20\/07<\/td>\n<td align=\"center\" valign=\"top\" width=\"68\">A partir de 04\/11<\/td>\n<\/tr>\n<tr bgcolor=\"#FFEDBA\">\n<td valign=\"top\" bgcolor=\"#F4F4F4\" width=\"232\">Membros EBP &#8211; <strong>Presencial<\/strong><\/td>\n<td align=\"center\" valign=\"top\" bgcolor=\"#F4F4F4\" width=\"140\"><strong>R$ 350,00<\/strong><\/td>\n<td align=\"center\" valign=\"top\" bgcolor=\"#F4F4F4\" width=\"67\"><strong>R$ 385,00<\/strong><\/td>\n<td align=\"center\" valign=\"top\" bgcolor=\"#F4F4F4\" width=\"68\"><strong>R$ 440,00<\/strong><\/td>\n<\/tr>\n<tr bgcolor=\"#FCE3A7\">\n<td valign=\"top\" bgcolor=\"#FFFFFF\" width=\"232\">Membros EBP-\u00a0<strong>On line<\/strong><\/td>\n<td align=\"center\" valign=\"top\" bgcolor=\"#FFFFFF\" width=\"140\"><strong>R$ 450,00<\/strong><\/td>\n<td align=\"center\" valign=\"top\" bgcolor=\"#FFFFFF\" width=\"67\"><strong>R$ 495,00<\/strong><\/td>\n<td align=\"center\" valign=\"top\" bgcolor=\"#FFFFFF\" width=\"68\"><strong>R$ 550,00<\/strong><\/td>\n<\/tr>\n<tr bgcolor=\"#FFEDBA\">\n<td valign=\"top\" bgcolor=\"#F4F4F4\" width=\"232\">Participantes do IPSIN &#8211; <strong>Presencial<\/strong><\/td>\n<td align=\"center\" valign=\"top\" bgcolor=\"#F4F4F4\" width=\"140\"><strong>R$ 200,00<\/strong><\/td>\n<td align=\"center\" valign=\"top\" bgcolor=\"#F4F4F4\" width=\"67\"><strong>R$ 220,00<\/strong><\/td>\n<td align=\"center\" valign=\"top\" bgcolor=\"#F4F4F4\" width=\"68\"><strong>R$ 275,00<\/strong><\/td>\n<\/tr>\n<tr bgcolor=\"#FCE3A7\">\n<td valign=\"top\" bgcolor=\"#FFFFFF\" width=\"232\">Participantes do IPSIN &#8211; \u00a0<strong>On lin<\/strong>e<\/td>\n<td align=\"center\" valign=\"top\" bgcolor=\"#FFFFFF\" width=\"140\"><strong>R$ 300,00<\/strong><\/td>\n<td align=\"center\" valign=\"top\" bgcolor=\"#FFFFFF\" width=\"67\"><strong>R$ 330,00<\/strong><\/td>\n<td align=\"center\" valign=\"top\" bgcolor=\"#FFFFFF\" width=\"68\"><strong>R$ 385,00<\/strong><\/td>\n<\/tr>\n<tr bgcolor=\"#FFEDBA\">\n<td valign=\"top\" bgcolor=\"#F4F4F4\" width=\"232\">Profissionais &#8211;\u00a0<strong>Presencia<\/strong>l<\/td>\n<td align=\"center\" valign=\"top\" bgcolor=\"#F4F4F4\" width=\"140\"><strong>R$ 250,00<\/strong><\/td>\n<td align=\"center\" valign=\"top\" bgcolor=\"#F4F4F4\" width=\"67\"><strong>R$ 275,00<\/strong><\/td>\n<td align=\"center\" valign=\"top\" bgcolor=\"#F4F4F4\" width=\"68\"><strong>R$ 330,00<\/strong><\/td>\n<\/tr>\n<tr bgcolor=\"#FCE3A7\">\n<td valign=\"top\" bgcolor=\"#FFFFFF\" width=\"232\">Profissionais &#8211;\u00a0<strong>On line<\/strong><\/td>\n<td align=\"center\" valign=\"top\" bgcolor=\"#FFFFFF\" width=\"140\"><strong>R$ 350,00<\/strong><\/td>\n<td align=\"center\" valign=\"top\" bgcolor=\"#FFFFFF\" width=\"67\"><strong>R$ 385,00<\/strong><\/td>\n<td align=\"center\" valign=\"top\" bgcolor=\"#FFFFFF\" width=\"68\"><strong>R$ 440,00<\/strong><\/td>\n<\/tr>\n<tr bgcolor=\"#FFEDBA\">\n<td valign=\"top\" bgcolor=\"#F4F4F4\" width=\"232\">Estudantes Gradua\u00e7\u00e3o &#8211;\u00a0<strong>Presencial<\/strong><\/td>\n<td align=\"center\" valign=\"top\" bgcolor=\"#F4F4F4\" width=\"140\"><strong>R$ 100,00<\/strong><\/td>\n<td align=\"center\" valign=\"top\" bgcolor=\"#F4F4F4\" width=\"67\"><strong>R$ 110,00<\/strong><\/td>\n<td align=\"center\" valign=\"top\" bgcolor=\"#F4F4F4\" width=\"68\"><strong>R$ 165,00<\/strong><\/td>\n<\/tr>\n<tr bgcolor=\"#FCE3A7\">\n<td valign=\"top\" bgcolor=\"#FFFFFF\" width=\"232\">Estudantes Gradua\u00e7\u00e3o &#8211;\u00a0<strong>On lin<\/strong>e<\/td>\n<td align=\"center\" valign=\"top\" bgcolor=\"#FFFFFF\" width=\"140\"><strong>R$ 200,00<\/strong><\/td>\n<td align=\"center\" valign=\"top\" bgcolor=\"#FFFFFF\" width=\"67\"><strong>R$ 210,00<\/strong><\/td>\n<td align=\"center\" valign=\"top\" bgcolor=\"#FFFFFF\" width=\"68\"><strong>R$ 275,00<\/strong><\/td>\n<\/tr>\n<\/tbody>\n<\/table>\n[\/vc_column_text][\/vc_column][\/vc_row][vc_row][vc_column]<div class=\"theme-button-wrap textcenter wpex-clr\"><a href=\"https:\/\/www.sympla.com.br\/iv-jornada-da-ebp-secao-nordeste__2535355\" class=\"vcex-button theme-button align-center inline\"><span class=\"vcex-button-inner theme-button-inner\"><span class=\"vcex-button-icon vcex-icon-wrap theme-button-icon-left\" style=\"color:#ffffff;\"><span class=\"ticon ticon-check\" aria-hidden=\"true\"><\/span><\/span>INSCRI\u00c7\u00d5ES<\/span><\/a><\/div> [\/vc_column][\/vc_row]\n<\/div>","protected":false},"excerpt":{"rendered":"<p>[vc_row][vc_column][vc_column_text css=&#8221;&#8221;] Voc\u00ea pode se inscrever na IV Jornada da Se\u00e7\u00e3o Nordeste utilizando o Sympla Verifique qual a sua, entre as categorias de inscri\u00e7\u00e3o dispon\u00edveis, e clique no bot\u00e3o referente a seu ingresso. Ap\u00f3s clicar no bot\u00e3o de inscri\u00e7\u00e3o voc\u00ea ser\u00e1 direcionado(a) ao site do SYMPLA. Certifique-se de escolher a modalidade correta de inscri\u00e7\u00e3o (se&hellip;<\/p>\n","protected":false},"author":1,"featured_media":0,"parent":0,"menu_order":0,"comment_status":"closed","ping_status":"closed","template":"templates\/no-sidebar.php","meta":{"footnotes":""},"class_list":["post-390","page","type-page","status-publish","hentry","entry","no-media"],"_links":{"self":[{"href":"https:\/\/ebp.org.br\/nordeste\/jornadas\/2024\/wp-json\/wp\/v2\/pages\/390","targetHints":{"allow":["GET"]}}],"collection":[{"href":"https:\/\/ebp.org.br\/nordeste\/jornadas\/2024\/wp-json\/wp\/v2\/pages"}],"about":[{"href":"https:\/\/ebp.org.br\/nordeste\/jornadas\/2024\/wp-json\/wp\/v2\/types\/page"}],"author":[{"embeddable":true,"href":"https:\/\/ebp.org.br\/nordeste\/jornadas\/2024\/wp-json\/wp\/v2\/users\/1"}],"replies":[{"embeddable":true,"href":"https:\/\/ebp.org.br\/nordeste\/jornadas\/2024\/wp-json\/wp\/v2\/comments?post=390"}],"version-history":[{"count":12,"href":"https:\/\/ebp.org.br\/nordeste\/jornadas\/2024\/wp-json\/wp\/v2\/pages\/390\/revisions"}],"predecessor-version":[{"id":450,"href":"https:\/\/ebp.org.br\/nordeste\/jornadas\/2024\/wp-json\/wp\/v2\/pages\/390\/revisions\/450"}],"wp:attachment":[{"href":"https:\/\/ebp.org.br\/nordeste\/jornadas\/2024\/wp-json\/wp\/v2\/media?parent=390"}],"curies":[{"name":"wp","href":"https:\/\/api.w.org\/{rel}","templated":true}]}}