{"id":386,"date":"2024-07-01T17:20:29","date_gmt":"2024-07-01T20:20:29","guid":{"rendered":"https:\/\/ebp.org.br\/nordeste\/jornadas\/2024\/?page_id=386"},"modified":"2024-07-28T06:09:27","modified_gmt":"2024-07-28T09:09:27","slug":"envio-de-trabalhos","status":"publish","type":"page","link":"https:\/\/ebp.org.br\/nordeste\/jornadas\/2024\/envio-de-trabalhos\/","title":{"rendered":"Envio de Trabalhos"},"content":{"rendered":"<div class=\"wpb-content-wrapper\">[vc_row][vc_column][vc_column_text css=&#8221;&#8221;]As inscri\u00e7\u00f5es dos trabalhos\u00a0 para a IV Jornada da EBP &#8211; Se\u00e7\u00e3o Nordeste<strong>, Respostas do Real: conting\u00eancias na cl\u00ednica<\/strong>, encontram-se abertas. A comiss\u00e3o cient\u00edfica prop\u00f5e que os trabalhos tragam um fragmento cl\u00ednico, sem exposi\u00e7\u00e3o do caso; ou uma ilustra\u00e7\u00e3o (arte, cinema, literatura) a partir da escolha de um dos tr\u00eas eixos tem\u00e1ticos:<\/p>\n<ul>\n<li>Eixo 1 \u2013 As coisas do amor<\/li>\n<li>Eixo 2 &#8211; As subjetividades contempor\u00e2neas e suas urg\u00eancias<\/li>\n<li>Eixo 3 &#8211; A pr\u00e1tica anal\u00edtica nos territ\u00f3rios<\/li>\n<\/ul>\n<p>Nas contribui\u00e7\u00f5es devem prevalecer a precis\u00e3o, o detalhe e a concis\u00e3o. Importante indicar uma refer\u00eancia conceitual\/te\u00f3rica que orientou a an\u00e1lise do fragmento cl\u00ednico\u00a0 escolhido sem que a teoria recubra o desenvolvimento cl\u00ednico.<\/p>\n<p>A data-limite para os envios de trabalhos \u00e9 <strong><span style=\"color: #000080;\">15 de outubro de 2024<\/span><\/strong>. Os trabalhos dever\u00e3o ser enviados para Cleide Monteiro (<a href=\"mailto:cleidepmonteiro@gmail.com\">cleidepmonteiro@gmail.com<\/a>) e Elizabete Siqueira (<a href=\"mailto:betesiqueira1@gmail.com\">betesiqueira1@gmail.com<\/a>). No assunto do e-mail dever\u00e3o constar os seguintes dados: IV Jornada EBP-Se\u00e7\u00e3o NE, nome do autor\u00a0 e eixo tem\u00e1tico.<\/p>\n<p>Antes do t\u00edtulo, inserir o nome completo do autor, seu e-mail, n\u00famero de WhatsApp e o eixo para o qual o texto se endere\u00e7a.<\/p>\n<ul>\n<li>O texto deve ser escrito em formato Word, com no m\u00e1ximo 6.000 caracteres sem espa\u00e7os, fonte Arial, tamanho 12, espa\u00e7amento de 1,5 entre linhas, alinhamento justificado, sendo aconselh\u00e1vel que o autor tenha feito anteriormente a revis\u00e3o ortogr\u00e1fica.<\/li>\n<li>Para as cita\u00e7\u00f5es devem constar as refer\u00eancias bibliogr\u00e1ficas completas.<\/li>\n<li>O autor ser\u00e1 comunicado do recebimento do trabalho e, caso seja aceito, receber\u00e1 posteriormente a programa\u00e7\u00e3o da Jornada, a mesa e o hor\u00e1rio de sua apresenta\u00e7\u00e3o.<\/li>\n<li>Para envio dos trabalhos, os autores dever\u00e3o estar previamente inscritos na IV Jornada.<\/li>\n<\/ul>\n<hr \/>\n<p><span class=\"wpex-text-sm\">Cleide Monteiro<\/span><br \/>\n<span class=\"wpex-text-sm\">Elizabete Siqueira<\/span><br \/>\n<span class=\"wpex-text-sm\">Coordenadoras da Comiss\u00e3o Cient\u00edfica\u00a0 IV Jornada EBP \u2013 Se\u00e7\u00e3o Nordeste<\/span>[\/vc_column_text][\/vc_column][\/vc_row]\n<\/div>","protected":false},"excerpt":{"rendered":"<p>[vc_row][vc_column][vc_column_text css=&#8221;&#8221;]As inscri\u00e7\u00f5es dos trabalhos\u00a0 para a IV Jornada da EBP &#8211; Se\u00e7\u00e3o Nordeste, Respostas do Real: conting\u00eancias na cl\u00ednica, encontram-se abertas. A comiss\u00e3o cient\u00edfica prop\u00f5e que os trabalhos tragam um fragmento cl\u00ednico, sem exposi\u00e7\u00e3o do caso; ou uma ilustra\u00e7\u00e3o (arte, cinema, literatura) a partir da escolha de um dos tr\u00eas eixos tem\u00e1ticos: Eixo 1&hellip;<\/p>\n","protected":false},"author":1,"featured_media":0,"parent":0,"menu_order":0,"comment_status":"closed","ping_status":"closed","template":"templates\/no-sidebar.php","meta":{"footnotes":""},"class_list":["post-386","page","type-page","status-publish","hentry","entry","no-media"],"_links":{"self":[{"href":"https:\/\/ebp.org.br\/nordeste\/jornadas\/2024\/wp-json\/wp\/v2\/pages\/386","targetHints":{"allow":["GET"]}}],"collection":[{"href":"https:\/\/ebp.org.br\/nordeste\/jornadas\/2024\/wp-json\/wp\/v2\/pages"}],"about":[{"href":"https:\/\/ebp.org.br\/nordeste\/jornadas\/2024\/wp-json\/wp\/v2\/types\/page"}],"author":[{"embeddable":true,"href":"https:\/\/ebp.org.br\/nordeste\/jornadas\/2024\/wp-json\/wp\/v2\/users\/1"}],"replies":[{"embeddable":true,"href":"https:\/\/ebp.org.br\/nordeste\/jornadas\/2024\/wp-json\/wp\/v2\/comments?post=386"}],"version-history":[{"count":2,"href":"https:\/\/ebp.org.br\/nordeste\/jornadas\/2024\/wp-json\/wp\/v2\/pages\/386\/revisions"}],"predecessor-version":[{"id":525,"href":"https:\/\/ebp.org.br\/nordeste\/jornadas\/2024\/wp-json\/wp\/v2\/pages\/386\/revisions\/525"}],"wp:attachment":[{"href":"https:\/\/ebp.org.br\/nordeste\/jornadas\/2024\/wp-json\/wp\/v2\/media?parent=386"}],"curies":[{"name":"wp","href":"https:\/\/api.w.org\/{rel}","templated":true}]}}