{"id":382,"date":"2024-07-01T17:19:42","date_gmt":"2024-07-01T20:19:42","guid":{"rendered":"https:\/\/ebp.org.br\/nordeste\/jornadas\/2024\/?page_id=382"},"modified":"2024-12-09T05:26:52","modified_gmt":"2024-12-09T08:26:52","slug":"programa","status":"publish","type":"page","link":"https:\/\/ebp.org.br\/nordeste\/jornadas\/2024\/programa\/","title":{"rendered":"Programa"},"content":{"rendered":"<div class=\"wpb-content-wrapper\">[vc_row][vc_column width=&#8221;2\/3&#8243;][vc_column_text css=&#8221;&#8221;]\n<h3><span style=\"color: #808000;\"><strong>SEXTA-FEIRA<\/strong><\/span><\/h3>\n<h4><strong>13 | DEZ<\/strong><\/h4>\n<p><strong>13:30 \u2013 Credenciamento<\/strong><\/p>\n<p><strong>14:00 | 14:30 \u2013 Abertura<\/strong><\/p>\n<ul>\n<li>Margarida Assad (EBP\/AMP) \u2013 <em>Coordenadora Geral da IV Jornada <\/em><\/li>\n<li>Cassandra Dias (EBP\/AMP) \u2013 <em>Diretora Geral da EBP \u2013 Se\u00e7\u00e3o NE<\/em><\/li>\n<li>Bibiana Poggi (EBP\/AMP) \u2013 <em>Presidente do Conselho da EBP \u2013 Se\u00e7\u00e3o NE<\/em><\/li>\n<li>Elizabete Siqueira (EBP\/AMP) \u2013 <em>Coordenadora da Comiss\u00e3o Cient\u00edfica <\/em><\/li>\n<\/ul>\n<p><em>\u00a0<\/em><strong>14:30 | 16:00 \u2013 Plen\u00e1ria I: As coisas do amor<\/strong><\/p>\n<ul>\n<li>A l\u00edngua do amor, n\u00e3o sem lalangue \u2013 <em>Graciela Bessa (EBP\/AMP)<\/em><\/li>\n<li>Um dos nomes do amor: transfer\u00eancia \u2013 <em>Gisella Sette Lopes (EBP\/AMP)<\/em><\/li>\n<li>Uma <em>Lady Bird<\/em> \u2013 <em>Nelson Matheus Silva (Participante da NPJ)<\/em>\n<ul>\n<li>Coordena: <em>Glacy Gorski (EBP\/AMP)<\/em><\/li>\n<\/ul>\n<\/li>\n<\/ul>\n<p><strong>16:00 | 17:30 \u2013 Plen\u00e1ria: Palavra do IPSIN<\/strong><\/p>\n<ul>\n<li>O Caso B.: uma mulher devastada \u2013 <em>Jos\u00e9 Ronaldo de Paulo (Participante da NPJ)<\/em><\/li>\n<li>Um sonho muito pessoal \u2013 <em>Roberta de Ara\u00fajo Gusm\u00e3o<\/em><\/li>\n<li>Entre o sil\u00eancio da puls\u00e3o e a palavra: o efeito <em>dealer<\/em> do analista \u2013 <em>Silvia Gusm\u00e3o <\/em>\n<ul>\n<li>Coordena: <em>Jos\u00e9 Carlos Lapenda (EBP\/AMP) Presidente do Conselho do IPSIN<\/em><\/li>\n<\/ul>\n<\/li>\n<\/ul>\n<p><strong>17:30 \u2013 Atra\u00e7\u00e3o Cultural <\/strong><\/p>\n<p><strong>18:00 | 19:30 \u2013 Confer\u00eancia I<\/strong><\/p>\n<ul>\n<li>O tempo das respostas do real \u2013 <em>Romildo do R\u00eago Barros (AME \u2013 EBP\/AMP)<\/em><\/li>\n<li>Conversa: <em>Ricardo Seldes (AME \u2013 EOL\/AMP) <\/em>\n<ul>\n<li>Coordena: <em>Cleide Monteiro (EBP\/AMP)<\/em><\/li>\n<\/ul>\n<\/li>\n<\/ul>\n<h3><span style=\"color: #808000;\"><strong>S\u00c1BADO<\/strong><\/span><\/h3>\n<h4><strong>14 | DEZ<\/strong><\/h4>\n<p><strong>08:00 | 12:30 \u2013 Jornadas Cl\u00ednicas \u2013 Simult\u00e2neas<\/strong><\/p>\n<p><strong>08:00 | 09:30 <\/strong><\/p>\n<p><strong>Embrulhadas \u2013 Sala 1 <\/strong><\/p>\n<p><strong>Mesa \u2013 Parceria amorosa e devasta\u00e7\u00e3o<\/strong><\/p>\n<ul>\n<li>Do sonambulismo ao sonho, do fazer ao contar&#8230; \u2013 <em>Socorro Soares<\/em><\/li>\n<li>Desatino Amoroso \u2013 <em>Carlange Silva de Castro<\/em><\/li>\n<li>Cair em si \u2013 <em>Janayna Bomfim da Silva<\/em>\n<ul>\n<li>Coordena: <em>Lourdes Arag\u00e3o<\/em><\/li>\n<\/ul>\n<\/li>\n<\/ul>\n<p><strong>Fisgadas \u2013 Sala 2<\/strong><\/p>\n<p><strong>Mesa \u2013 O Real, a crian\u00e7a, o adolescente <\/strong><\/p>\n<ul>\n<li>As subjetividades contempor\u00e2neas e suas urg\u00eancias \u2013 <em>Juliana Ribeiro Lima<\/em><\/li>\n<li>A crian\u00e7a em an\u00e1lise: da urg\u00eancia a uma constru\u00e7\u00e3o singular \u2013 <em>Isadora D\u2019andrea<\/em><\/li>\n<li>\u201cEu fico com a resposta das crian\u00e7as\u201d \u2013 <em>Sandra Conrado (Aderente da EBP)<\/em>\n<ul>\n<li>Coordena: <em>Bibiana Poggi (EBP\/AMP)<\/em><\/li>\n<\/ul>\n<\/li>\n<\/ul>\n<p><strong>Arriscadas \u2013 Sala 3<\/strong><\/p>\n<p><strong>Mesa \u2013 A pr\u00e1tica anal\u00edtica aplicada: uma cl\u00ednica do singular <\/strong><\/p>\n<ul>\n<li>Eu sou um monstro \u2013 <em>Paulo Carvalho <\/em><\/li>\n<li>Juntas e misturadas: da diferen\u00e7a fiz o meu lugar \u2013 <em>Gabriela Ramos <\/em><\/li>\n<li>Brincar \u00e9 dizer \u2013 <em>Francisco Santos <\/em><\/li>\n<li>An\u00e1lise como tapete m\u00e1gico: o analista na institui\u00e7\u00e3o \u2013 <em>Paulo Medeiros <\/em>\n<ul>\n<li>Coordena: <em>Zaina Pereira (Aderente da EBP)<\/em><\/li>\n<\/ul>\n<\/li>\n<\/ul>\n<p><strong>09:30 |11:00<\/strong><\/p>\n<p><strong>Embrulhadas \u2013 Sala 1 <\/strong><\/p>\n<p><strong>Mesa \u2013 Corpos e gozo: do Real ao sintoma<\/strong><\/p>\n<ul>\n<li>Topo do <em>lift<\/em>: redimensionando a urg\u00eancia \u2013 <em>\u00c2ngela Pinto <\/em><\/li>\n<li>O excesso de um gozo \u2013 <em>An\u00edcia Ewerton<\/em><\/li>\n<li>Um com Outro, poss\u00edvel, na cl\u00ednica das toxicomanias \u2013 <em>Erick Leonardo (Participante da NPJ)<\/em><\/li>\n<li>Comida, anorexia, tatuagens e \u00e1lcool. Que s\u00e9rie \u00e9 essa? \u2013 <em>Claudin\u00e9ia Bento<\/em>\n<ul>\n<li>Coordena: <em>Cassandra Dias (EBP\/AMP)<\/em><\/li>\n<\/ul>\n<\/li>\n<\/ul>\n<p><strong>Fisgadas \u2013 Sala 2<\/strong><\/p>\n<p><strong>Mesa \u2013 O analista na conversa\u00e7\u00e3o com outras pr\u00e1ticas e saberes<\/strong><\/p>\n<ul>\n<li>A psican\u00e1lise frente aos eletr\u00f4nicos na escola \u2013 <em>Michele Ara\u00fajo <\/em><\/li>\n<li>Pode-se ensinar psican\u00e1lise nas universidades? \u2013 <em>J\u00falio Garcia <\/em><\/li>\n<li>O feminino, o real e a dan\u00e7a no teatro de <em>Pina Bausch<\/em>: h\u00e1 algo que nos aproxima do trabalho do analista? \u2013 <em>Ana Aparecida Rocha <\/em><\/li>\n<li>Da cadeia \u00e0 sala de parto: percursos pela cl\u00ednica escola de Psicologia na UFPB &#8211; <em>Maria Beatriz Bezerra<\/em>\n<ul>\n<li>Coordena: <em>Sandra Conrado (Aderente da EBP)<\/em><\/li>\n<\/ul>\n<\/li>\n<\/ul>\n<p><strong>Arriscadas &#8211; Sala 3<\/strong><\/p>\n<p><strong>Mesa \u2013 Vers\u00f5es do amor: supl\u00eancia, loucura e arrebatamento<\/strong><\/p>\n<ul>\n<li>Um amor louco \u2013 <em>S\u00edlvia Gusm\u00e3o<\/em><\/li>\n<li>O gozo de um segredo \u2013 <em>Rosemarie Mooneyhan<\/em><\/li>\n<li>Amor e arrebatamento: arranjos anal\u00edticos \u2013 <em>Maria L\u00eddia Pessoa (EBP\/AMP)<\/em>\n<ul>\n<li>Coordena: <em>Rosa Reis (EBP\/AMP)<\/em><\/li>\n<\/ul>\n<\/li>\n<\/ul>\n<p><strong>11:00 |12:30<\/strong><\/p>\n<p><strong>Embrulhadas \u2013 Sala 1 <\/strong><\/p>\n<p><strong>Mesa \u2013 O psicanalista nas institui\u00e7\u00f5es e seus desafios<\/strong><\/p>\n<ul>\n<li>Sa\u00fade mental: novos ideais e as respostas do real \u2013 <em>Tatiana Schefer <\/em><\/li>\n<li>Se manter \u00eaxtimo na institui\u00e7\u00e3o, nem dentro nem fora, ao lado do desejo \u2013 <em>Ana Elisa Rocha<\/em><\/li>\n<li>Como escutar a fala delirante? Um surfista no hospital \u2013 <em>Raul Torres A\u00e7ucena <\/em><\/li>\n<li>Vinheta de uma experi\u00eancia psicanal\u00edtica em uma institui\u00e7\u00e3o \u2013 <em>Neide Golebiovsk<\/em>\n<ul>\n<li>Coordena: <em>Anamaria Vasconcelos (EBP\/AMP)<\/em><\/li>\n<\/ul>\n<\/li>\n<\/ul>\n<p><strong>Fisgadas \u2013 Sala 2<\/strong><\/p>\n<p><strong>Mesa \u2013 Amor: mola da transfer\u00eancia<\/strong><\/p>\n<ul>\n<li>Amor de transfer\u00eancia: defesa contra o real? \u2013 <em>Jos\u00e9 Wilson de Lima<\/em><\/li>\n<li>Amor e transfer\u00eancia nos autismos: uma abertura poss\u00edvel \u2013 <em>Francisco Xavier <\/em><\/li>\n<li>Transfer\u00eancia ainda&#8230; \u2013 <em>Ana Ocil\u00eaide Bezerra<\/em><\/li>\n<li>S\u00f3 n\u00e3o se esque\u00e7a do mais importante \u2013 <em>Jos\u00e9 Augusto Rocha (Participante da NPJ)<\/em>\n<ul>\n<li>Coordena: <em>Maria Eliane Baptista (EBP\/AMP)<\/em><\/li>\n<\/ul>\n<\/li>\n<\/ul>\n<p><strong>Arriscadas &#8211; Sala 3<\/strong><\/p>\n<p><strong>Mesa \u2013 Interroga\u00e7\u00f5es do Real e encontros com o imposs\u00edvel <\/strong><\/p>\n<ul>\n<li><em>Blackout<\/em> \u2013 <em>Anderson Barbosa<\/em><\/li>\n<li>Perguntas do Real \u2013 <em>Anna Luzia de Oliveira (Participante da NPJ)<\/em><\/li>\n<li>Se n\u00e3o fosse esse sonho&#8230; \u2013 <em>Pauleska N\u00f3brega <\/em><\/li>\n<li>O que merecemos? <em>Joker<\/em>: a extra\u00e7\u00e3o do objeto <em>a<\/em> e a passagem ao ato como resposta do real na psicose \u2013 <em>Caio Varela <\/em>\n<ul>\n<li>Coordena: <em>V\u00e2nia Ferreira (Aderente da EBP)<\/em><\/li>\n<\/ul>\n<\/li>\n<\/ul>\n<p><strong>12:30 |14:30 \u2013 Intervalo Almo\u00e7o<\/strong><\/p>\n<p><strong>14:30 | 16:00 \u2013 Plen\u00e1ria II: As subjetividades contempor\u00e2neas e suas urg\u00eancias<\/strong><\/p>\n<ul>\n<li>A cl\u00ednica do Um e suas urg\u00eancias: o que pode um analista? \u2013 <em>S\u00f4nia Vicente (AME \u2013 EBP\/AMP)<\/em><\/li>\n<li>O que a urg\u00eancia subjetiva\u00a0ensina ao analista?\u00a0\u2013 <em>Karynna N\u00f3brega (EBP\/AMP)<\/em><\/li>\n<li>Do medo do novo ao novo medo: um tratamento ao que do real insiste \u2013 <em>Marina Fragoso (Participante da NPJ)<\/em>\n<ul>\n<li>Coordena: <em>K\u00e9sia Ramos (EBP\/AMP)<\/em><\/li>\n<\/ul>\n<\/li>\n<\/ul>\n<p><strong>16:00 | 17:30 \u2013 Plen\u00e1ria III: A pr\u00e1tica anal\u00edtica nos territ\u00f3rios<\/strong><\/p>\n<ul>\n<li>O territ\u00f3rio da Psican\u00e1lise: a cidade, os marcos e os restos \u2013 <em>Cristiane Barreto (EBP\/AMP)<\/em><\/li>\n<li>A singularidade como orienta\u00e7\u00e3o na constru\u00e7\u00e3o de uma rede de sa\u00fade mental \u2013 <em>Li\u00e8ge Uch\u00f4a (EBP\/AMP)<\/em><\/li>\n<li>Lan\u00e7ar-se \u00e0s pedras \u2013 <em>Raissa da N\u00f3brega (Participante da NPJ)<\/em>\n<ul>\n<li>Coordena: <em>Claudia Formiga (EBP\/AMP)<\/em><\/li>\n<\/ul>\n<\/li>\n<\/ul>\n<p><strong>17:30 | 19:00 \u2013 Confer\u00eancia II<\/strong><\/p>\n<ul>\n<li>Urg\u00eancias na cl\u00ednica \u2013 <em>Ricardo Seldes (AME \u2013\u00a0 EOL\/AMP)<\/em><\/li>\n<li>Conversa: <em>Romildo do R\u00eago Barros (AME \u2013 EBP\/AMP)<\/em>\n<ul>\n<li>Coordena: <em>Elizabete Siqueira (EBP\/AMP)<\/em><\/li>\n<\/ul>\n<\/li>\n<\/ul>\n<p><strong>19:00 |19:30 \u2013 Encerramento<\/strong><\/p>\n<ul>\n<li>Bibiana Poggi \u2013 <em>(EBP\/AMP) Presidente do Conselho da EBP \u2013 Se\u00e7\u00e3o NE<\/em><\/li>\n<\/ul>\n<p><strong>20:00 \u2013 Festa: REALce<\/strong><\/p>\n<ul>\n<li>Local: Ancoradouro Bar e Restaurante<\/li>\n<\/ul>\n[\/vc_column_text][\/vc_column][vc_column width=&#8221;1\/3&#8243;]<figure class=\"vcex-image vcex-module textcenter\"><div class=\"vcex-image-inner wpex-relative wpex-inline-block\"><img width=\"1080\" height=\"1528\" src=\"https:\/\/ebp.org.br\/nordeste\/jornadas\/2024\/wp-content\/uploads\/2024\/11\/CAPA-PROGRAMA.jpg\" class=\"vcex-image-img wpex-align-middle\" alt=\"\" loading=\"lazy\" decoding=\"async\" srcset=\"https:\/\/ebp.org.br\/nordeste\/jornadas\/2024\/wp-content\/uploads\/2024\/11\/CAPA-PROGRAMA.jpg 1080w, https:\/\/ebp.org.br\/nordeste\/jornadas\/2024\/wp-content\/uploads\/2024\/11\/CAPA-PROGRAMA-212x300.jpg 212w, https:\/\/ebp.org.br\/nordeste\/jornadas\/2024\/wp-content\/uploads\/2024\/11\/CAPA-PROGRAMA-724x1024.jpg 724w, https:\/\/ebp.org.br\/nordeste\/jornadas\/2024\/wp-content\/uploads\/2024\/11\/CAPA-PROGRAMA-768x1087.jpg 768w\" sizes=\"auto, (max-width: 1080px) 100vw, 1080px\" \/><\/div><\/figure><div class=\"vcex-spacing wpex-w-100 wpex-clear\"><\/div><div class=\"theme-button-wrap textcenter wpex-clr\"><a href=\"https:\/\/ebp.org.br\/nordeste\/jornadas\/2024\/wp-content\/uploads\/2024\/11\/Programa-IV-Jornada-da-Secao-Nordeste.pdf\" class=\"vcex-button theme-button align-center inline\"><span class=\"vcex-button-inner theme-button-inner\">DOWNLOAD PDF<\/span><\/a><\/div> [\/vc_column][\/vc_row]\n<\/div>","protected":false},"excerpt":{"rendered":"<p>[vc_row][vc_column width=&#8221;2\/3&#8243;][vc_column_text css=&#8221;&#8221;] SEXTA-FEIRA 13 | DEZ 13:30 \u2013 Credenciamento 14:00 | 14:30 \u2013 Abertura Margarida Assad (EBP\/AMP) \u2013 Coordenadora Geral da IV Jornada Cassandra Dias (EBP\/AMP) \u2013 Diretora Geral da EBP \u2013 Se\u00e7\u00e3o NE Bibiana Poggi (EBP\/AMP) \u2013 Presidente do Conselho da EBP \u2013 Se\u00e7\u00e3o NE Elizabete Siqueira (EBP\/AMP) \u2013 Coordenadora da Comiss\u00e3o Cient\u00edfica&hellip;<\/p>\n","protected":false},"author":1,"featured_media":0,"parent":0,"menu_order":0,"comment_status":"closed","ping_status":"closed","template":"templates\/no-sidebar.php","meta":{"footnotes":""},"class_list":["post-382","page","type-page","status-publish","hentry","entry","no-media"],"_links":{"self":[{"href":"https:\/\/ebp.org.br\/nordeste\/jornadas\/2024\/wp-json\/wp\/v2\/pages\/382","targetHints":{"allow":["GET"]}}],"collection":[{"href":"https:\/\/ebp.org.br\/nordeste\/jornadas\/2024\/wp-json\/wp\/v2\/pages"}],"about":[{"href":"https:\/\/ebp.org.br\/nordeste\/jornadas\/2024\/wp-json\/wp\/v2\/types\/page"}],"author":[{"embeddable":true,"href":"https:\/\/ebp.org.br\/nordeste\/jornadas\/2024\/wp-json\/wp\/v2\/users\/1"}],"replies":[{"embeddable":true,"href":"https:\/\/ebp.org.br\/nordeste\/jornadas\/2024\/wp-json\/wp\/v2\/comments?post=382"}],"version-history":[{"count":4,"href":"https:\/\/ebp.org.br\/nordeste\/jornadas\/2024\/wp-json\/wp\/v2\/pages\/382\/revisions"}],"predecessor-version":[{"id":748,"href":"https:\/\/ebp.org.br\/nordeste\/jornadas\/2024\/wp-json\/wp\/v2\/pages\/382\/revisions\/748"}],"wp:attachment":[{"href":"https:\/\/ebp.org.br\/nordeste\/jornadas\/2024\/wp-json\/wp\/v2\/media?parent=382"}],"curies":[{"name":"wp","href":"https:\/\/api.w.org\/{rel}","templated":true}]}}