{"id":380,"date":"2024-07-01T17:19:22","date_gmt":"2024-07-01T20:19:22","guid":{"rendered":"https:\/\/ebp.org.br\/nordeste\/jornadas\/2024\/?page_id=380"},"modified":"2024-08-26T09:08:44","modified_gmt":"2024-08-26T12:08:44","slug":"atividades-preparatorias","status":"publish","type":"page","link":"https:\/\/ebp.org.br\/nordeste\/jornadas\/2024\/atividades-preparatorias\/","title":{"rendered":"Atividades Preparat\u00f3rias"},"content":{"rendered":"<div class=\"wpb-content-wrapper\">[vc_row][vc_column width=&#8221;1\/3&#8243;][vc_column_text css=&#8221;&#8221;]\n<h3><span style=\"color: #800000;\">2\u00aa PREPARAT\u00d3RIA DA IV JORNADA SE\u00c7\u00c3O-NE<\/span><\/h3>\n<p>Apresenta\u00e7\u00e3o do Eixo 2 &#8211; Coordena\u00e7\u00e3o Elizabete Siqueira<\/p>\n<p>Apresentam: Bibiana Poggi e K\u00e9sia Ramos[\/vc_column_text][\/vc_column][vc_column width=&#8221;1\/3&#8243;]<div class=\"vcex-video wpex-bg-black\" data-vcex-video-type=\"youtube\"><div class=\"vcex-video-inner wpex-relative\"><iframe class=\"wpex-block wpex-w-100 wpex-h-100 wpex-aspect-16-9\" src=\"https:\/\/youtube.com\/embed\/DVCUtHT7XcE\" title=\"\" frameborder=\"0\" allow=\"accelerometer; autoplay; clipboard-write; encrypted-media; gyroscope; picture-in-picture; web-share\" allowfullscreen loading=\"lazy\"><\/iframe><\/div><\/div>[\/vc_column][vc_column width=&#8221;1\/3&#8243;]<figure class=\"vcex-image vcex-module\"><div class=\"vcex-image-inner wpex-relative wpex-inline-block\"><img width=\"1280\" height=\"1280\" src=\"https:\/\/ebp.org.br\/nordeste\/jornadas\/2024\/wp-content\/uploads\/2024\/08\/2-preparatoria-da-iv-jornada-da-secao.jpeg\" class=\"vcex-image-img wpex-align-middle\" alt=\"\" loading=\"lazy\" decoding=\"async\" srcset=\"https:\/\/ebp.org.br\/nordeste\/jornadas\/2024\/wp-content\/uploads\/2024\/08\/2-preparatoria-da-iv-jornada-da-secao.jpeg 1280w, https:\/\/ebp.org.br\/nordeste\/jornadas\/2024\/wp-content\/uploads\/2024\/08\/2-preparatoria-da-iv-jornada-da-secao-300x300.jpeg 300w, https:\/\/ebp.org.br\/nordeste\/jornadas\/2024\/wp-content\/uploads\/2024\/08\/2-preparatoria-da-iv-jornada-da-secao-1024x1024.jpeg 1024w, https:\/\/ebp.org.br\/nordeste\/jornadas\/2024\/wp-content\/uploads\/2024\/08\/2-preparatoria-da-iv-jornada-da-secao-150x150.jpeg 150w, https:\/\/ebp.org.br\/nordeste\/jornadas\/2024\/wp-content\/uploads\/2024\/08\/2-preparatoria-da-iv-jornada-da-secao-768x768.jpeg 768w\" sizes=\"auto, (max-width: 1280px) 100vw, 1280px\" \/><\/div><\/figure>[\/vc_column][\/vc_row][vc_row][vc_column]<div class=\"vcex-spacing wpex-w-100 wpex-clear\"><\/div><div class=\"vcex-module vcex-divider vcex-divider-solid vcex-divider-center wpex-mx-auto wpex-block wpex-h-0 wpex-border-b wpex-border-solid wpex-border-main\"><\/div><div class=\"vcex-spacing wpex-w-100 wpex-clear\"><\/div>[\/vc_column][\/vc_row][vc_row][vc_column width=&#8221;1\/3&#8243;][vc_column_text css=&#8221;&#8221;]\n<h3><span style=\"color: #800000;\">LAN\u00c7AMENTO DA IV JORNADA SE\u00c7\u00c3O-NE<\/span><\/h3>\n<p>Coordena\u00e7\u00e3o: Margarida Assad (Coordenadora Geral da IV Jornada)<\/p>\n<p>Apresenta\u00e7\u00e3o do Argumento pela Comiss\u00e3o Cient\u00edfica: Cleide Monteiro e Elizabete Siqueira[\/vc_column_text][\/vc_column][vc_column width=&#8221;1\/3&#8243;]<div class=\"vcex-video wpex-bg-black\" data-vcex-video-type=\"youtube\"><div class=\"vcex-video-inner wpex-relative\"><iframe class=\"wpex-block wpex-w-100 wpex-h-100 wpex-aspect-16-9\" src=\"https:\/\/youtube.com\/embed\/BQrWht_mi0o\" title=\"\" frameborder=\"0\" allow=\"accelerometer; autoplay; clipboard-write; encrypted-media; gyroscope; picture-in-picture; web-share\" allowfullscreen loading=\"lazy\"><\/iframe><\/div><\/div>[\/vc_column][vc_column width=&#8221;1\/3&#8243;]<figure class=\"vcex-image vcex-module\"><div class=\"vcex-image-inner wpex-relative wpex-inline-block\"><img width=\"2250\" height=\"2250\" src=\"https:\/\/ebp.org.br\/nordeste\/jornadas\/2024\/wp-content\/uploads\/2024\/07\/07-JULHO-02-LANCAMENTO-JORNADA-01.jpg\" class=\"vcex-image-img wpex-align-middle\" alt=\"\" loading=\"lazy\" decoding=\"async\" srcset=\"https:\/\/ebp.org.br\/nordeste\/jornadas\/2024\/wp-content\/uploads\/2024\/07\/07-JULHO-02-LANCAMENTO-JORNADA-01.jpg 2250w, https:\/\/ebp.org.br\/nordeste\/jornadas\/2024\/wp-content\/uploads\/2024\/07\/07-JULHO-02-LANCAMENTO-JORNADA-01-300x300.jpg 300w, https:\/\/ebp.org.br\/nordeste\/jornadas\/2024\/wp-content\/uploads\/2024\/07\/07-JULHO-02-LANCAMENTO-JORNADA-01-1024x1024.jpg 1024w, https:\/\/ebp.org.br\/nordeste\/jornadas\/2024\/wp-content\/uploads\/2024\/07\/07-JULHO-02-LANCAMENTO-JORNADA-01-150x150.jpg 150w, https:\/\/ebp.org.br\/nordeste\/jornadas\/2024\/wp-content\/uploads\/2024\/07\/07-JULHO-02-LANCAMENTO-JORNADA-01-768x768.jpg 768w, https:\/\/ebp.org.br\/nordeste\/jornadas\/2024\/wp-content\/uploads\/2024\/07\/07-JULHO-02-LANCAMENTO-JORNADA-01-1536x1536.jpg 1536w, https:\/\/ebp.org.br\/nordeste\/jornadas\/2024\/wp-content\/uploads\/2024\/07\/07-JULHO-02-LANCAMENTO-JORNADA-01-2048x2048.jpg 2048w\" sizes=\"auto, (max-width: 2250px) 100vw, 2250px\" \/><\/div><\/figure>[\/vc_column][\/vc_row]\n<\/div>","protected":false},"excerpt":{"rendered":"<p>[vc_row][vc_column width=&#8221;1\/3&#8243;][vc_column_text css=&#8221;&#8221;] 2\u00aa PREPARAT\u00d3RIA DA IV JORNADA SE\u00c7\u00c3O-NE Apresenta\u00e7\u00e3o do Eixo 2 &#8211; Coordena\u00e7\u00e3o Elizabete Siqueira Apresentam: Bibiana Poggi e K\u00e9sia Ramos[\/vc_column_text][\/vc_column][vc_column width=&#8221;1\/3&#8243;][\/vc_column][vc_column width=&#8221;1\/3&#8243;][\/vc_column][\/vc_row][vc_row][vc_column][\/vc_column][\/vc_row][vc_row][vc_column width=&#8221;1\/3&#8243;][vc_column_text css=&#8221;&#8221;] LAN\u00c7AMENTO DA IV JORNADA SE\u00c7\u00c3O-NE Coordena\u00e7\u00e3o: Margarida Assad (Coordenadora Geral da IV Jornada) Apresenta\u00e7\u00e3o do Argumento pela Comiss\u00e3o Cient\u00edfica: Cleide Monteiro e Elizabete Siqueira[\/vc_column_text][\/vc_column][vc_column width=&#8221;1\/3&#8243;][\/vc_column][vc_column width=&#8221;1\/3&#8243;][\/vc_column][\/vc_row]<\/p>\n","protected":false},"author":1,"featured_media":0,"parent":0,"menu_order":0,"comment_status":"closed","ping_status":"closed","template":"templates\/no-sidebar.php","meta":{"footnotes":""},"class_list":["post-380","page","type-page","status-publish","hentry","entry","no-media"],"_links":{"self":[{"href":"https:\/\/ebp.org.br\/nordeste\/jornadas\/2024\/wp-json\/wp\/v2\/pages\/380","targetHints":{"allow":["GET"]}}],"collection":[{"href":"https:\/\/ebp.org.br\/nordeste\/jornadas\/2024\/wp-json\/wp\/v2\/pages"}],"about":[{"href":"https:\/\/ebp.org.br\/nordeste\/jornadas\/2024\/wp-json\/wp\/v2\/types\/page"}],"author":[{"embeddable":true,"href":"https:\/\/ebp.org.br\/nordeste\/jornadas\/2024\/wp-json\/wp\/v2\/users\/1"}],"replies":[{"embeddable":true,"href":"https:\/\/ebp.org.br\/nordeste\/jornadas\/2024\/wp-json\/wp\/v2\/comments?post=380"}],"version-history":[{"count":7,"href":"https:\/\/ebp.org.br\/nordeste\/jornadas\/2024\/wp-json\/wp\/v2\/pages\/380\/revisions"}],"predecessor-version":[{"id":555,"href":"https:\/\/ebp.org.br\/nordeste\/jornadas\/2024\/wp-json\/wp\/v2\/pages\/380\/revisions\/555"}],"wp:attachment":[{"href":"https:\/\/ebp.org.br\/nordeste\/jornadas\/2024\/wp-json\/wp\/v2\/media?parent=380"}],"curies":[{"name":"wp","href":"https:\/\/api.w.org\/{rel}","templated":true}]}}