{"id":376,"date":"2024-07-01T17:18:28","date_gmt":"2024-07-01T20:18:28","guid":{"rendered":"https:\/\/ebp.org.br\/nordeste\/jornadas\/2024\/?page_id=376"},"modified":"2024-07-02T11:39:05","modified_gmt":"2024-07-02T14:39:05","slug":"referencias-bibliograficas","status":"publish","type":"page","link":"https:\/\/ebp.org.br\/nordeste\/jornadas\/2024\/a-jornada\/referencias-bibliograficas\/","title":{"rendered":"Refer\u00eancias Bibliogr\u00e1ficas"},"content":{"rendered":"<div class=\"wpb-content-wrapper\">[vc_row][vc_column][vc_column_text css=&#8221;&#8221;]\n<h4><strong><span style=\"color: #000080;\">Refer\u00eancias Bibliogr\u00e1ficas ao Argumento da IV Jornada da Se\u00e7\u00e3o Nordeste: Respostas do Real: conting\u00eancias na cl\u00ednica.<\/span> <\/strong><\/h4>\n<p>A comiss\u00e3o de Refer\u00eancias Bibliogr\u00e1ficas elaborou, com entusiasmo, algumas sugest\u00f5es de leituras visando envolver nossa comunidade anal\u00edtica numa jornada de investiga\u00e7\u00e3o em torno de no\u00e7\u00f5es conceituais, que se articulam ao tema proposto pela IV Jornada da Se\u00e7\u00e3o NE: <strong>Respostas do Real: conting\u00eancias na cl\u00ed<\/strong><strong>nica. <\/strong>Esta pesquisa das refer\u00eancias, seguir\u00e1 em constru\u00e7\u00e3o em torno dos 3 Eixos da jornada propostos pela comiss\u00e3o cient\u00edfica. Boa leitura!<\/p>\n<hr \/>\n<p>FREUD, S. Contribui\u00e7\u00f5es para a psicologia da vida amorosa [1910-1918].\u00a0 <em>In<\/em>: <strong>Amor, sexualidade e feminilidade<\/strong> (Obras Incompletas de Sigmund Freud). Belo Horizonte: Aut\u00eantica editora, 2018, p. 86-134.<\/p>\n<p>FREUD, S. Observa\u00e7\u00f5es sobre o amor transferencial [1915]. <em>In<\/em>: <strong>Obras completas de Sigmund Freud<\/strong>. Rio de Janeiro: Imago, 1980, v.XII, p. 207-223.<\/p>\n<p>FREUD, S. As puls\u00f5es e seus destinos [1915]. In: <strong>As puls\u00f5es e seus destinos<\/strong>. (Obras incompletas de Sigmund Freud). Belo Horizonte: Aut\u00eantica editora, 2013, p. 28-65.<\/p>\n<p>FREUD, S. Confer\u00eancias introdut\u00f3rias sobre psican\u00e1lise (O sentido do sintoma [1916-1917]). <em>In<\/em>:\u00a0<strong>Obras Completas de Sigmund Freud<\/strong>. Rio de Janeiro: Imago, 1990, v.XVI, p.305-322.<\/p>\n<p>FREUD, S. Confer\u00eancias introdut\u00f3rias sobre psican\u00e1lise (O caminho da forma\u00e7\u00e3o dos sintomas [1916-1917]). <em>In<\/em>:\u00a0<strong>Obras Completas de Sigmund Freud<\/strong>. Rio de Janeiro: Imago. 1990, v. XVI, p. 419-439.<\/p>\n<p>Freud, S. O Infamiliar [1919]. <em>In<\/em>: <strong>O Infamiliar<\/strong> (Obras incompletas de Sigmund Freud). Belo Horizonte: Aut\u00eantica editora, 2019, p.51-102.<\/p>\n<p>FREUD, S.\u00a0 Al\u00e9m do princ\u00edpio de prazer [1920]. <em>In<\/em>: <strong>Al<\/strong><strong>\u00e9m do princ\u00edpio de prazer.<\/strong> <strong>\u00a0<\/strong>(Obras incompletas de Sigmund Freud). Belo Horizonte: Aut\u00eantica editora, 2020, p. 57-205.<\/p>\n<p>FREUD, S.\u00a0 Inibi\u00e7\u00e3o, Sintoma e Ang\u00fastia [1925].\u00a0 <em>In<\/em>: <strong>Obras Psicol<\/strong><strong>\u00f3gicas Completas de Sigmund Freud.\u00a0 <\/strong>Rio de Janeiro: Imago, 1996, v. XX, p. 81-171.<\/p>\n<p>FREUD, S. <strong>\u00a0<\/strong>O Futuro de uma Ilus\u00e3o [1927].\u00a0 <em>In<\/em>: <strong>Cultura, Sociedade, Religi\u00e3<\/strong><strong>o<\/strong>: O mal-estar na cultura e outros escritos. (Obras incompletas de Sigmund Freud). Belo Horizonte: Aut\u00eantica editora, 2020, p. 233-297.<\/p>\n<p>FREUD, S. <strong>\u00a0<\/strong>O\u00a0 mal-estar\u00a0 na\u00a0 civiliza\u00e7\u00e3o\u00a0 [1930] . <em>In<\/em>: <strong>Cultura, Sociedade, Religi\u00e3<\/strong><strong>o<\/strong>: O mal-estar na cultura e outros escritos. (Obras incompletas de Sigmund Freud). Belo Horizonte: Aut\u00eantica editora, 2020, p. 305-405.<\/p>\n<p>FREUD, S. <strong>\u00a0<\/strong>Sobre a sexualidade feminina [1931]. <em>In<\/em>: <strong>Amor, sexualidade e feminilidade<\/strong> (Obras Incompletas de Sigmund Freud). Belo Horizonte: Aut\u00eantica editora, 2018, p. 220-241.<\/p>\n<p>FREUD, S. A feminilidade [1933]. <em>I<\/em>n<strong>: Amor, sexualidade e feminilidade<\/strong> (Obras Incompletas de Sigmund Freud). Belo Horizonte: Aut\u00eantica editora, 2018, p.242-270.<\/p>\n<p>FREUD, S. An\u00e1lise finita e infinita [1937]. <em>In<\/em>: <strong>Fundamentos da cl\u00ednica psicanal\u00edtica.<\/strong> (Obras incompletas de Sigmund Freud).\u00a0 Belo Horizonte: Aut\u00eantica editora, 2019, p. 315-361.<\/p>\n<p>LACAN, J. <strong>O semin\u00e1rio, livro 16<\/strong>: de um Outro ao outro [1968-69]. Rio de Janeiro, Jorge Zahar editora, 2008.<\/p>\n<p>LACAN, J. <strong>O semin\u00e1rio, livro 17<\/strong>: o avesso da psican\u00e1lise [1969-70]. Rio de Janeiro: Jorge Zahar editora, 1992.<\/p>\n<p>LACAN, J. <strong>O semin\u00e1rio, livro 18<\/strong>: de um discurso que n\u00e3o fosse semblante [1970-71]. Rio de Janeiro: Jorge Zahar editora, 2009.<\/p>\n<p>LACAN, J.\u00a0<strong>O semin\u00e1rio, livro 19<\/strong>: &#8230;ou pior [1971-72]. Rio de Janeiro: Jorge Zahar editora, 2012.<\/p>\n<p>LACAN, J. <strong>O semin\u00e1rio livro 20: <\/strong>mais, ainda [1972-73]. Rio de Janeiro: Jorge Zahar editora,1985.<\/p>\n<p>LACAN, Jacques. <strong>O semin\u00e1rio, livro 22<\/strong>: RSI [1974-75]. Semin\u00e1rio in\u00e9dito.<\/p>\n<p>LACAN, J. <strong>O semin\u00e1rio, livro 23<\/strong>: o sinthoma [1975-76]. Rio de Janeiro: Jorge Zahar editora, 2007.<\/p>\n<p>LACAN, J. A Ci\u00eancia e a Verdade [1966]. <em>In<\/em>: LACAN, J. <strong>Escritos<\/strong>. Rio de Janeiro: Jorge Zahar editora, 1998, 869-892.<\/p>\n<p>LACAN, J. Radiofonia [1970]. <em>In<\/em>: LACAN, J. <strong>Outros escritos.<\/strong> Rio de Janeiro: Jorge Zahar editora, 2003, 400-447.<\/p>\n<p>LACAN, J. O aturdito [1972]. <em>In<\/em>: LACAN, J. <strong>Outros escritos<\/strong>. Rio de Janeiro: Jorge Zahar editora, 2003, 448-497.<\/p>\n<p>LACAN, J. Televis\u00e3o [1973]. <em>In<\/em>: LACAN, J. <strong>Outros escritos<\/strong>. Rio de Janeiro: Jorge Zahar editora, 2003, 508-543.<\/p>\n<p>LACAN, J. Pref\u00e1cio \u00e0 edi\u00e7\u00e3o inglesa do Semin\u00e1rio 11 [1976]. <em>In<\/em>: LACAN, J. <strong>Outros escritos.<\/strong> Rio de Janeiro: Jorge Zahar editora, 2003, 567-569.<\/p>\n<p>LACAN, J. Joyce, o Sintoma. In: LACAN, J. <strong>\u00a0Outros escritos<\/strong>. Rio de Janeiro. Jorge Zahar editora, 2003, 560-566.<\/p>\n<p>LACAN, J. A terceira [1974]. <em>In<\/em>: Lacan, J. <strong>A terceira<\/strong> \/ Miller, J-A. <strong>Teoria de\u00a0<\/strong><strong>lal<\/strong><strong>\u00ed<\/strong><strong>ngua<\/strong>. Rio de Janeiro: Zahar, 2022, p. 11-109.<\/p>\n<p>LACAN, J.\u00a0 Confer\u00eancia em Genebra sobre o sintoma. <em>In<\/em>: <strong>Op<\/strong><strong>\u00e7\u00e3o Lacaniana: <\/strong>Revista Brasileira Internacional de Psican\u00e1lise, n.23, S\u00e3o Paulo: Eolia, dezembro, 1998, p.6-16.<\/p>\n<p>LACAN, J.\u00a0 Transfer\u00eancia para Saint Denis<strong>? Correio<\/strong>, Revista da Escola Brasileira de Psican\u00e1lise, n. 65, S\u00e3o Paulo, junho, 2010, p. 31-32.<\/p>\n<p>MILLER, J.-A.<strong>\u00a0 <\/strong>Despertar.\u00a0 <em>In<\/em>: MILLER, J.-A. <strong>Matemas I<\/strong>. Rio de Janeiro: Jorge Zahar editora, 1996, p. 102-106.<\/p>\n<p>MILLER, J.-A. Cl\u00ednica ir\u00f4nica. <em>In<\/em>: MILLER, J.-A<strong>. Matemas I<\/strong>. Rio de Janeiro: Jorge Zahar editora, 1996, p. 190- 200.<\/p>\n<p>MILLER, J.-A.<strong> La experiencia de lo real en la cura psicoanalitica <\/strong>[1998-1999]. Buenos Aires: Paid\u00f3s, 2003.<\/p>\n<p>MILLER, J.-A. <strong>El ultim<\/strong><strong>\u00ed<\/strong><strong>ssimo Lacan <\/strong>[2006-2007]. Buenos Aires: Paid\u00f3s, 2014<\/p>\n<p><strong>\u00a0<\/strong>MILLER, J.-A. \u00a0<strong>Todo el mundo es loco <\/strong>[2007-2008]. Buenos Aires: Paid\u00f3s, 2015.<\/p>\n<p>MILLER, J.-A. <strong>O ser e o um<\/strong> [2011].\u00a0 Semin\u00e1rio de orienta\u00e7\u00e3o lacaniana, in\u00e9dito.<\/p>\n<p>MILLER, J.-A.\u00a0 <strong>Perspectivas do semin\u00e1<\/strong><strong>rio 23 de Lacan<\/strong>: O sinthoma. Rio de Janeiro: Jorge Zahar editora, 2009.<\/p>\n<p>MILLER, J.-A.<strong>\u00a0 <\/strong>Os seis paradigmas do gozo. <em>In<\/em>: <strong>Op<\/strong><strong>\u00e7\u00e3o Lacaniana<\/strong>: Revista Brasileira Internacional de Psican\u00e1lise, n. 26\/27. S\u00e3o Paulo: Eolia, abril, 2000, p. 87-105.<\/p>\n<p>MILLER, J.-A.<strong>\u00a0 <\/strong>Um real para a psican\u00e1lise. <em>In<\/em>: <strong>Op<\/strong><strong>\u00e7\u00e3o Lacaniana<\/strong>: Revista Brasileira Internacional de Psican\u00e1lise, n.32. S\u00e3o Paulo: Eolia, dezembro, 2001, p.\u00a015-18.<\/p>\n<p>MILLER, J.-A.\u00a0 O amor entre repeti\u00e7\u00e3o e inven\u00e7\u00e3o. <em>In<\/em>: <strong>Op<\/strong><strong>\u00e7\u00e3o lacaniana online<\/strong> nova s\u00e9rie ano 1, n.2, julho, 2010, p.1-17. Dispon\u00edvel em: <a href=\"http:\/\/www.opcaolacaniana.com.br\/pdf\/numero_2\/O_amor_entre_repeticao_e_invencao.pdf\">http:\/\/www.opcaolacaniana.com.br\/pdf\/numero_2\/O_amor_entre_repeticao_e_invencao.pdf<\/a> . Acesso em: 29 junho. 2024.<\/p>\n<p>MILLER, J.-A. O real no S\u00e9culo XXI. <em>In<\/em>: <strong>Op<\/strong><strong>\u00e7\u00e3o Lacaniana<\/strong>: Revista Brasileira Internacional de Psican\u00e1lise, n. 63. S\u00e3o Paulo: Eolia, junho, 2012, p. 11-19.<\/p>\n<p>MILLER,J.-A. Falar com seu corpo. <em>In<\/em>: <strong>Op<\/strong><strong>\u00e7\u00e3o Lacaniana<\/strong>: Revista Brasileira Internacional de Psican\u00e1lise, n.66. S\u00e3o Paulo: Eolia, agosto, 2013, p.11-18.<\/p>\n<p>MILLER, J.-A. O inconsciente e o corpo falante. <em>In<\/em>: Scilicet:<strong> O Corpo falante<\/strong> &#8211; sobre o inconsciente no s\u00e9culo XXI.\u00a0 S\u00e3o Paulo: Escola Brasileira de Psican\u00e1lise, 2016, p.19-32.<\/p>\n<p>LAURENT, \u00c9.\u00a0 Um novo amor pelo pai.\u00a0 <em>In<\/em>:\u00a0 LAURENT,\u00a0 E. <strong>\u00a0A\u00a0 sociedade\u00a0 do\u00a0 sintoma: <\/strong>\u00a0a\u00a0 psican\u00e1lise, hoje. Rio de Janeiro: Contra-Capa, 2007, p.71-88.<\/p>\n<p>LAURENT, \u00c9.\u00a0 O tecido da fantasia. <em>In<\/em>: <strong>Op<\/strong><strong>\u00e7\u00e3o Lacaniana<\/strong>: Revista Brasileira Internacional de Psican\u00e1lise, n.54. S\u00e3o Paulo: Eolia, maio, 2009, p. 27-34.<\/p>\n<p>LAURENT, \u00c9. Por que o Um? <em>In<\/em>: GORSKI, G. e FUENTES, M.J.S.(org.). <strong>Leituras do Semin\u00e1rio&#8230;ou pior de Jacques Lacan<\/strong>. Salvador: Escola Brasileira de Psican\u00e1lise, 2015, p.31-47.<\/p>\n<p>LAURENT, \u00c9.\u00a0 Entre vazio e imagens. <em>In<\/em>:\u00a0 LAURENT,\u00a0 \u00c9. <strong>\u00a0O\u00a0 avesso\u00a0 da\u00a0 biopol<\/strong><strong>\u00ed<\/strong><strong>tica: <\/strong>\u00a0uma escrita para o gozo. Rio de Janeiro: Contra Capa, 2016, p. 13-33.<\/p>\n<p>LAURENT, \u00c9.\u00a0\u00a0 <strong>\u00a0<\/strong>Disrup\u00e7\u00e3o do gozo nas loucuras sob transfer\u00eancia. <em>In<\/em><strong>: <\/strong>\u00a0<strong>Op<\/strong><strong>\u00e7\u00e3o Lacaniana<\/strong>: Revista Brasileira Internacional de Psican\u00e1lise, n.79. S\u00e3o Paulo: Eolia, 2018, p.52-63.<\/p>\n<p>LAURENT, \u00c9.\u00a0 O traumatismo do final da pol\u00edtica das identidades. <em>In<\/em>: <strong>Op<\/strong><strong>\u00e7\u00e3o\u00a0 Lacaniana\u00a0 online <\/strong>\u00a0nova\u00a0 s\u00e9rie\u00a0 Ano\u00a0 9, n. 25\/26,\u00a0 mar\u00e7o\/julho,\u00a0 2018,\u00a0 p. 1-19. Dispon\u00edvel\u00a0 em: h<a href=\"http:\/\/www.opcaolacaniana.com.br\/pdf\/numero_25\/O_traumatismo_do_final_da_politica_das_identidades.pdf\">ttp:\/\/www.opcaolacaniana.com.br\/pdf\/numero_25\/O_traumatismo_do_final_da_politica_das<\/a> <a href=\"http:\/\/www.opcaolacaniana.com.br\/pdf\/numero_25\/O_traumatismo_do_final_da_politica_das_identidades.pdf\">\u00a0<\/a><a href=\"http:\/\/www.opcaolacaniana.com.br\/pdf\/numero_25\/O_traumatismo_do_final_da_politica_das_identidades.pdf\">_identidades.pdf<\/a>\u00a0\u00a0 Acesso em: 26 de junho\/24.<\/p>\n<h5><strong><span style=\"color: #000080;\">\u00a0Leia ainda<\/span> <\/strong><\/h5>\n<p>BASSOLS, M. <strong>\u00a0A psican\u00e1<\/strong><strong>lise, a ci<\/strong><strong>\u00eancia, o real.<\/strong> Rio de Janeiro: Contra-Capa. 2015.<\/p>\n<p>BRODSKY, G. <strong>\u00a0<\/strong>Dizer n\u00e3o. <em>In<\/em>: <strong>Op<\/strong><strong>\u00e7\u00e3o Lacaniana: <\/strong>Revista Brasileira Internacional de Psican\u00e1lise, n.56\/57. S\u00e3o Paulo: Eolia, julho, 2009, p.87-90.<\/p>\n<p>BRODSKY, G. <strong>\u00a0<\/strong>Cinco decorr\u00eancias da nova ordem simb\u00f3lica para a dire\u00e7\u00e3o do tratamento. <em>In<\/em>:\u00a0 <strong>Op<\/strong><strong>\u00e7\u00e3o Lacaniana<\/strong>: Revista Brasileira Internacional de Psican\u00e1lise, n. 59. S\u00e3o Paulo: Eolia, mar\u00e7o, 2011, p. 04.<\/p>\n<p>BROUSSE, M-H. As identidades, uma pol\u00edtica, a identifica\u00e7\u00e3o, um processo, e a identidade, um sintoma. <em>In<\/em>: <strong>Op<\/strong><strong>\u00e7\u00e3o Lacaniana online<\/strong> nova s\u00e9rie Ano 9, n. 25 e 26, mar\u00e7o\/julho, 2018, p.1-11. Dispon\u00edvel em: <a href=\"http:\/\/www.opcaolacaniana.com.br\/pdf\/numero_25\/As_Identidades_uma_politica_a_identificacao.pdf\">http:\/\/www.opcaolacaniana.com.br\/pdf\/numero_25\/As_Identidades_uma_politica_a_identificacao.pdf<\/a> \u00a0Acesso em: 25\/06\/24.<\/p>\n<p>BROUSSE, Marie-H\u00e9l\u00e8ne. Trauma e ex\u00edlio, o lado das mulheres.\u00a0<strong>Correio<\/strong>, n.83. S\u00e3o Paulo: Escola Brasileira de Psican\u00e1lise, abril, 2020, p.85.<\/p>\n<p>SANTIAGO, J. O novo imagin\u00e1rio \u00e9 o corpo. <em>In<\/em>: <strong>Correio<\/strong>. n. 78. S\u00e3o Paulo: EBP, abril, 2016, p.73-77.<\/p>\n<hr \/>\n<p><span class=\"wpex-text-sm\"><strong>Comiss\u00e3o de Refer\u00eancias Bibliogr\u00e1ficas<\/strong><\/span><\/p>\n<p><span class=\"wpex-text-sm\">Coordena\u00e7\u00e3o: Karynna N\u00f3brega e Li\u00e8ge Uch\u00f4a<\/span><\/p>\n<p><span class=\"wpex-text-sm\">Erick Leonardo, Jos\u00e9 Augusto Rocha, Luiza Domingues, Nelson Matheus, Paulo Carvalho, Ra\u00edssa N\u00f3brega, Virg\u00ednia Fernandes.<\/span>[\/vc_column_text][\/vc_column][\/vc_row]\n<\/div>","protected":false},"excerpt":{"rendered":"<p>[vc_row][vc_column][vc_column_text css=&#8221;&#8221;] Refer\u00eancias Bibliogr\u00e1ficas ao Argumento da IV Jornada da Se\u00e7\u00e3o Nordeste: Respostas do Real: conting\u00eancias na cl\u00ednica. A comiss\u00e3o de Refer\u00eancias Bibliogr\u00e1ficas elaborou, com entusiasmo, algumas sugest\u00f5es de leituras visando envolver nossa comunidade anal\u00edtica numa jornada de investiga\u00e7\u00e3o em torno de no\u00e7\u00f5es conceituais, que se articulam ao tema proposto pela IV Jornada da Se\u00e7\u00e3o&hellip;<\/p>\n","protected":false},"author":1,"featured_media":0,"parent":372,"menu_order":0,"comment_status":"closed","ping_status":"closed","template":"templates\/no-sidebar.php","meta":{"footnotes":""},"class_list":["post-376","page","type-page","status-publish","hentry","entry","no-media"],"_links":{"self":[{"href":"https:\/\/ebp.org.br\/nordeste\/jornadas\/2024\/wp-json\/wp\/v2\/pages\/376","targetHints":{"allow":["GET"]}}],"collection":[{"href":"https:\/\/ebp.org.br\/nordeste\/jornadas\/2024\/wp-json\/wp\/v2\/pages"}],"about":[{"href":"https:\/\/ebp.org.br\/nordeste\/jornadas\/2024\/wp-json\/wp\/v2\/types\/page"}],"author":[{"embeddable":true,"href":"https:\/\/ebp.org.br\/nordeste\/jornadas\/2024\/wp-json\/wp\/v2\/users\/1"}],"replies":[{"embeddable":true,"href":"https:\/\/ebp.org.br\/nordeste\/jornadas\/2024\/wp-json\/wp\/v2\/comments?post=376"}],"version-history":[{"count":4,"href":"https:\/\/ebp.org.br\/nordeste\/jornadas\/2024\/wp-json\/wp\/v2\/pages\/376\/revisions"}],"predecessor-version":[{"id":431,"href":"https:\/\/ebp.org.br\/nordeste\/jornadas\/2024\/wp-json\/wp\/v2\/pages\/376\/revisions\/431"}],"up":[{"embeddable":true,"href":"https:\/\/ebp.org.br\/nordeste\/jornadas\/2024\/wp-json\/wp\/v2\/pages\/372"}],"wp:attachment":[{"href":"https:\/\/ebp.org.br\/nordeste\/jornadas\/2024\/wp-json\/wp\/v2\/media?parent=376"}],"curies":[{"name":"wp","href":"https:\/\/api.w.org\/{rel}","templated":true}]}}