{"id":374,"date":"2024-07-01T17:18:07","date_gmt":"2024-07-01T20:18:07","guid":{"rendered":"https:\/\/ebp.org.br\/nordeste\/jornadas\/2024\/?page_id=374"},"modified":"2024-08-14T15:32:04","modified_gmt":"2024-08-14T18:32:04","slug":"eixo-1-as-coisas-do-amor","status":"publish","type":"page","link":"https:\/\/ebp.org.br\/nordeste\/jornadas\/2024\/a-jornada\/eixo-1-as-coisas-do-amor\/","title":{"rendered":"Eixo 1: As coisas do amor"},"content":{"rendered":"<div class=\"wpb-content-wrapper\">[vc_row][vc_column][vc_column_text css=&#8221;&#8221;]\n<h3><strong>O discurso capitalista e o imposs\u00edvel<\/strong><\/h3>\n<p>Fabi\u00e1n Fajnwaks<\/p>\n<p>Tomarei o discurso capitalista como variante do discurso do Mestre. N\u00e3o \u00e9 que n\u00e3o haja discurso do Mestre. Este faz um retorno, nos \u00faltimos tempos, na demanda, por exemplo, de um retorno \u00e0 soberan\u00eda das na\u00e7\u00f5es, na Europa, com o Brexit; a ascens\u00e3o dos l\u00edderes neoconservadores, como Trump, Bolsonaro no Brasil, e um personagem como \u00c9ric Zemmour aqui na Fran\u00e7a \u2013 mas tra- ta-se de l\u00edderes sint\u00e9ticos, dir\u00edamos, inclusive, de semblantes, j\u00e1 que sua pot\u00eancia se encontra emoldurada pelo verdadeiro Mestre que hoje s\u00e3o os mercados. O Mestre manda de maneira limitada, tentando regular hoje os efeitos do fluxo cont\u00ednuo de capital nas finan\u00e7as e nos mer- cados, mas tamb\u00e9m o fluxo de popula\u00e7\u00f5es de emigrantes, o fluxo de votos. Isso tamb\u00e9m quer dizer tentando governar em um mundo no qual tudo flui agora, fluxo que n\u00e3o \u00e9 outro sen\u00e3o o do gozo, ali onde o que Lacan chamou \u201cdiscurso capitalista\u201d n\u00e3o \u00e9 mais do que um circuito que, diferentemente dos outros quatro discursos que est\u00e3o sendo apresentados nesta Jornada da Se\u00e7\u00e3o Bahia, n\u00e3o apresenta uma impossibilidade, quer dizer, um freio ao gozo. Ou seja, n\u00e3o \u00e9 um verdadeiro discurso, estritamente falando, nos termos de Lacan, j\u00e1 que o que define um discurso, cada um deles, \u00e9 constituir-se como barreira ao gozo.<\/p>\n<hr \/>\n<p><span class=\"wpex-text-sm\"><strong>NOTA SOBRE O TEXTO:<br \/>\n<\/strong>Texto publicado nos sites eletr\u00f4nicos da XXVI JORNADA da EBP-BA e da XXII JORNADA DO INSTITUTO DE PSICAN\u00c1LISE DA BAHIA &#8211; &#8220;Eros\u00e3o de Eros&#8221;<\/span><br \/>\n<span class=\"wpex-text-sm\"><a href=\"https:\/\/ebpbahia.com.br\/jornadas\/2022\/o-discurso-capitalista-e-o-impossivel\/\" data-saferedirecturl=\"https:\/\/www.google.com\/url?q=https:\/\/ebpbahia.com.br\/jornadas\/2022\/o-discurso-capitalista-e-o-impossivel\/&amp;source=gmail&amp;ust=1721905226654000&amp;usg=AOvVaw2ltIn6bqvYWkM04pXwt5pt\">https:\/\/ebpbahia.com.br\/jornadas\/2022\/o-discurso-capitalista-e-o-impossivel\/<\/a>\u00a0e na II JORNADA DA SE\u00c7\u00c3O NORDESTE \u201cE o analista em tempos de evapora\u00e7\u00e3o do pai?\u201d.<a href=\"https:\/\/ebp.org.br\/nordeste\/jornadas\/2022\/2022\/08\/16\/o-discurso-capitalista-e-o-impossivel\/\" data-saferedirecturl=\"https:\/\/www.google.com\/url?q=https:\/\/ebp.org.br\/nordeste\/jornadas\/2022\/2022\/08\/16\/o-discurso-capitalista-e-o-impossivel\/&amp;source=gmail&amp;ust=1721905226654000&amp;usg=AOvVaw3mxDTgGshwbhn75my7Rp93\">https:\/\/ebp.org.br\/nordeste\/jornadas\/2022\/2022\/08\/16\/o-discurso-capitalista-e-o-impossivel\/<\/a><\/span>[\/vc_column_text]<div class=\"vcex-spacing wpex-w-100 wpex-clear\"><\/div><a href=\"https:\/\/ebp.org.br\/nordeste\/jornadas\/2024\/wp-content\/uploads\/2024\/07\/O-discurso-capitalista-e-o-impossivel-Fabian-Fajnwaks.pdf\" class=\"vcex-button theme-button align-left inline\" target=\"_blank\" rel=\"noopener noreferrer\"><span class=\"vcex-button-inner theme-button-inner\">BAIXAR PDF<span class=\"vcex-button-icon vcex-icon-wrap theme-button-icon-right\"><span class=\"ticon ticon-file-pdf-o\" aria-hidden=\"true\"><\/span><\/span><\/span><\/a> [\/vc_column][\/vc_row][vc_row][vc_column]<div class=\"vcex-spacing wpex-w-100 wpex-clear\"><\/div><div class=\"vcex-module vcex-divider vcex-divider-solid vcex-divider-center wpex-mx-auto wpex-block wpex-h-0 wpex-border-b wpex-border-solid wpex-border-main\" style=\"border-color:var(--wpex-accent);\"><\/div><div class=\"vcex-spacing wpex-w-100 wpex-clear\"><\/div>[\/vc_column][\/vc_row][vc_row][vc_column][vc_column_text css=&#8221;&#8221;]\n<h3>Uma partilha sexual<sup>1<\/sup><\/h3>\n<h5><em>Jacques-Alain Miller<\/em><\/h5>\n<p>Terminei o curso da \u00faltima vez com um di\u00e1logo que me trazia a atualidade. Uma mulher diz: &#8220;Estou pronta para tudo&#8221;. E um senhor responde, sob a forma de obje\u00e7\u00e3o: &#8220;Mais para n\u00e3o-tudo&#8221;<sup>2<\/sup>.<\/p>\n<h3>O ap\u00f3logo da mulher ao volante<\/h3>\n<p>Isto me foi ilustrado h\u00e1 pouco tempo, no momento em que eu me apressava em dire\u00e7\u00e3o a este lugar, em um carro conduzido por uma mulher. Cheguei um pouco mais tarde do que costumo me atrasar, porque fomos parados pela pol\u00edcia.<\/p>\n<p>Estou ainda sob o impacto da surpresa ocasionada pela enumera\u00e7\u00e3o que saiu da boca do agente de pol\u00edcia<sup>3<\/sup> que, pulando de sua pequena caminhonete, num belo uniforme, especificou, para minha companheira, uma lista impressio- nante de infra\u00e7\u00f5es que ela havia acabado de cometer no percurso de um quil\u00f4metro &#8211; ter virado \u00e0 esquerda, ter cortado a caminhonete policial na estrada, ter trocado de fila continuamente, at\u00e9 que, finalmente, ele conseguisse peg\u00e1-la e dizer que tinha que reter sua carteira<\/p>\n<hr \/>\n<p><span class=\"wpex-text-sm\"><strong>NOTA SOBRE O TEXTO:<br \/>\n<\/strong>. Texto publicado no site eletr\u00f4nico da Revista\u00a0Op\u00e7\u00e3o Lacaniana online.\u00a0<a id=\"m_-9162315288916150779m_1224675596298448668OWAa0aabff5-dab7-409c-038e-a2a2c36103d3\" href=\"http:\/\/www.opcaolacaniana.com.br\/nranterior\/numero20\/texto1.html\" target=\"_blank\" rel=\"noopener noreferrer\" data-saferedirecturl=\"https:\/\/www.google.com\/url?q=http:\/\/www.opcaolacaniana.com.br\/nranterior\/numero20\/texto1.html&amp;source=gmail&amp;ust=1721905226654000&amp;usg=AOvVaw10fw9ardvqoQdv6ReOcw43\">http:\/\/www.opcaolacaniana.com.<wbr \/>br\/nranterior\/numero20\/texto1.<wbr \/>html<\/a><br \/>\n<\/span>[\/vc_column_text]<div class=\"vcex-spacing wpex-w-100 wpex-clear\"><\/div><a href=\"https:\/\/ebp.org.br\/nordeste\/jornadas\/2024\/wp-content\/uploads\/2024\/07\/Uma_partilha_sexual_JAMiller.pdf\" class=\"vcex-button theme-button align-left inline\" target=\"_blank\" rel=\"noopener noreferrer\"><span class=\"vcex-button-inner theme-button-inner\">BAIXAR PDF<span class=\"vcex-button-icon vcex-icon-wrap theme-button-icon-right\"><span class=\"ticon ticon-file-pdf-o\" aria-hidden=\"true\"><\/span><\/span><\/span><\/a> [\/vc_column][\/vc_row][vc_row][vc_column]<div class=\"vcex-spacing wpex-w-100 wpex-clear\"><\/div><div class=\"vcex-module vcex-divider vcex-divider-solid vcex-divider-center wpex-mx-auto wpex-block wpex-h-0 wpex-border-b wpex-border-solid wpex-border-main\" style=\"border-color:var(--wpex-accent);\"><\/div><div class=\"vcex-spacing wpex-w-100 wpex-clear\"><\/div>[\/vc_column][\/vc_row][vc_row][vc_column][vc_column_text css=&#8221;&#8221;]\n<h3>Variaciones del amor<\/h3>\n<h5><strong>Mar\u00eda Jos\u00e9 Olmedo<\/strong><\/h5>\n<p>El t\u00edtulo de esta l\u00ednea de trabajo \u201cVariaciones del amor\u201d, me remiti\u00f3 desde el inicio a otro sintagma, \u201cVariedades del amor\u201d.<\/p>\n<p>Efectivamente est\u00e1 por un lado la diversidad de los v\u00ednculos amorosos entre los sexos y por otro est\u00e1 aquello que hace que el amor cambie y sea diferente, que pueda surgir un nuevo amor, una nueva manera de amar.<\/p>\n<p>Partimos de que el amor es un hecho de cultura, que toma forma a partir de las coordenadas de una \u00e9poca.<\/p>\n<p>A su vez tenemos en consideraci\u00f3n la diferente manera de gozar del hombre y de la mujer, goces no complementarios que no consiguen ninguna armon\u00eda, lo que nos remite a la formula de Lacan de que la relaci\u00f3n sexual no existe, de que no hay proporci\u00f3n entre los sexos y que es el amor el que viene a cumplir la funci\u00f3n de suplencia de esa imposibilidad.<\/p>\n<hr \/>\n<p><span class=\"wpex-text-sm\"><strong>NOTA SOBRE O TEXTO:<br \/>\n<\/strong><\/span><\/p>\n<p>. Texto publicado no site eletr\u00f4nico da XVIII JORNADAS de la Escuela Lacaniana de Psicoan\u00e1lisis del Campo Freudiano &#8211; De la discordia entre los sexos a la luz del psicoan\u00e1lisis. <a href=\"https:\/\/discordia.jornadaselp.com\/variaciones-del-amor\/\" data-saferedirecturl=\"https:\/\/www.google.com\/url?q=https:\/\/discordia.jornadaselp.com\/variaciones-del-amor\/&amp;source=gmail&amp;ust=1721905226654000&amp;usg=AOvVaw22CamcrG5Fty-sQstnfJI3\">https:\/\/discordia.jornadaselp.com\/variaciones-del-amor\/#<\/a><\/p>\n<p><span class=\"wpex-text-sm\">\u00a0<\/span>[\/vc_column_text]<div class=\"vcex-spacing wpex-w-100 wpex-clear\"><\/div><a href=\"https:\/\/ebp.org.br\/nordeste\/jornadas\/2024\/wp-content\/uploads\/2024\/07\/Variaciones-del-amor-\u2013-XVIII-Jornadas-de-la-ELP.pdf\" class=\"vcex-button theme-button align-left inline\" target=\"_blank\" rel=\"noopener noreferrer\"><span class=\"vcex-button-inner theme-button-inner\">BAIXAR PDF<span class=\"vcex-button-icon vcex-icon-wrap theme-button-icon-right\"><span class=\"ticon ticon-file-pdf-o\" aria-hidden=\"true\"><\/span><\/span><\/span><\/a> [\/vc_column][\/vc_row][vc_row][vc_column]<div class=\"vcex-spacing wpex-w-100 wpex-clear\"><\/div><div class=\"vcex-module vcex-divider vcex-divider-solid vcex-divider-center wpex-mx-auto wpex-block wpex-h-0 wpex-border-b wpex-border-solid wpex-border-main\" style=\"border-color:var(--wpex-accent);\"><\/div><div class=\"vcex-spacing wpex-w-100 wpex-clear\"><\/div>[\/vc_column][\/vc_row]\n<\/div>","protected":false},"excerpt":{"rendered":"<p>[vc_row][vc_column][vc_column_text css=&#8221;&#8221;] O discurso capitalista e o imposs\u00edvel Fabi\u00e1n Fajnwaks Tomarei o discurso capitalista como variante do discurso do Mestre. N\u00e3o \u00e9 que n\u00e3o haja discurso do Mestre. Este faz um retorno, nos \u00faltimos tempos, na demanda, por exemplo, de um retorno \u00e0 soberan\u00eda das na\u00e7\u00f5es, na Europa, com o Brexit; a ascens\u00e3o dos l\u00edderes&hellip;<\/p>\n","protected":false},"author":1,"featured_media":0,"parent":372,"menu_order":0,"comment_status":"closed","ping_status":"closed","template":"templates\/no-sidebar.php","meta":{"footnotes":""},"class_list":["post-374","page","type-page","status-publish","hentry","entry","no-media"],"_links":{"self":[{"href":"https:\/\/ebp.org.br\/nordeste\/jornadas\/2024\/wp-json\/wp\/v2\/pages\/374","targetHints":{"allow":["GET"]}}],"collection":[{"href":"https:\/\/ebp.org.br\/nordeste\/jornadas\/2024\/wp-json\/wp\/v2\/pages"}],"about":[{"href":"https:\/\/ebp.org.br\/nordeste\/jornadas\/2024\/wp-json\/wp\/v2\/types\/page"}],"author":[{"embeddable":true,"href":"https:\/\/ebp.org.br\/nordeste\/jornadas\/2024\/wp-json\/wp\/v2\/users\/1"}],"replies":[{"embeddable":true,"href":"https:\/\/ebp.org.br\/nordeste\/jornadas\/2024\/wp-json\/wp\/v2\/comments?post=374"}],"version-history":[{"count":9,"href":"https:\/\/ebp.org.br\/nordeste\/jornadas\/2024\/wp-json\/wp\/v2\/pages\/374\/revisions"}],"predecessor-version":[{"id":541,"href":"https:\/\/ebp.org.br\/nordeste\/jornadas\/2024\/wp-json\/wp\/v2\/pages\/374\/revisions\/541"}],"up":[{"embeddable":true,"href":"https:\/\/ebp.org.br\/nordeste\/jornadas\/2024\/wp-json\/wp\/v2\/pages\/372"}],"wp:attachment":[{"href":"https:\/\/ebp.org.br\/nordeste\/jornadas\/2024\/wp-json\/wp\/v2\/media?parent=374"}],"curies":[{"name":"wp","href":"https:\/\/api.w.org\/{rel}","templated":true}]}}