{"id":368,"date":"2024-07-01T17:16:11","date_gmt":"2024-07-01T20:16:11","guid":{"rendered":"https:\/\/ebp.org.br\/nordeste\/jornadas\/2024\/?page_id=368"},"modified":"2024-10-15T05:23:22","modified_gmt":"2024-10-15T08:23:22","slug":"eixos-tematicos","status":"publish","type":"page","link":"https:\/\/ebp.org.br\/nordeste\/jornadas\/2024\/a-jornada\/eixos-tematicos\/","title":{"rendered":"Eixos Tem\u00e1ticos"},"content":{"rendered":"<div class=\"wpb-content-wrapper\">[vc_row][vc_column][vc_column_text css=&#8221;&#8221;]\n<h3><strong>IV Jornada da Se\u00e7\u00e3o Nordeste<br \/>\n<\/strong><strong>Respostas do Real: conting\u00eancias na cl\u00ednica 13 e 14 de dezembro de 2024<br \/>\n<\/strong><\/h3>\n<h3><span style=\"color: #000080;\"><strong>Eixo 1: \u201cAs coisas do amor\u201d<\/strong><\/span><\/h3>\n<h5><span class=\"wpex-text-sm\">Coordena\u00e7\u00e3o: Glacy Gonzales Gorski e Susane Zanotti<\/span><\/h5>\n<p>&nbsp;<\/p>\n<p><strong>\u00a0<\/strong>O discurso capitalista \u00e9 um <em>aggiornamento <\/em>do discurso do mestre, por\u00e9m, \u00e9 um falso discurso, uma vez que n\u00e3o tem a fun\u00e7\u00e3o de fazer barreira ao gozo e n\u00e3o faz la\u00e7o social. Ademais, n\u00e3o h\u00e1, nesse discurso, um direcionamento ao Outro, o que h\u00e1 \u00e9 uma recusa de tudo que \u00e9 do campo do simb\u00f3lico. Ele foraclui a castra\u00e7\u00e3o, elide o sujeito dividido, e o que domina s\u00e3o os imperativos: goze, consuma! A parceria do discurso da ci\u00eancia viabiliza uma oferta ininterrupta de novos objetos, de modo que, no intuito de obturar a falta, promove um gozo autista, que desconhece limites. O verdadeiro mestre, ent\u00e3o, passou a ser o mercado a servi\u00e7o do capital. O discurso capitalista faz equivaler Sujeito barrado e objeto, transformando a mercadoria em objetos mais de gozar, o que produz um curto-circuito do desejo e a desvaloriza\u00e7\u00e3o da palavra<em><sup>1<\/sup>. <\/em>E, mais ainda, segundo Lacan, \u201cToda ordem, todo discurso aparentado com o capitalismo deixa de lado o que chamaremos, simplesmente, de coisas do amor\u201d<em><sup>2<\/sup>.<\/em>[\/vc_column_text]<div class=\"vcex-spacing wpex-w-100 wpex-clear\"><\/div><a href=\"https:\/\/ebp.org.br\/nordeste\/jornadas\/2024\/eixo-1-as-coisas-do-amor\/\" class=\"vcex-button theme-button align-left inline\" style=\"background:var(--wpex-accent);\"><span class=\"vcex-button-inner theme-button-inner\">Leia<span class=\"vcex-button-icon vcex-icon-wrap theme-button-icon-right\"><span class=\"ticon ticon-plus-circle\" aria-hidden=\"true\"><\/span><\/span><\/span><\/a> [\/vc_column][\/vc_row][vc_row][vc_column]<div class=\"vcex-spacing wpex-w-100 wpex-clear\"><\/div><div class=\"vcex-module vcex-divider vcex-divider-solid vcex-divider-center wpex-mx-auto wpex-block wpex-h-0 wpex-border-b wpex-border-solid wpex-border-main\" style=\"border-color:var(--wpex-accent);\"><\/div><div class=\"vcex-spacing wpex-w-100 wpex-clear\"><\/div>[\/vc_column][\/vc_row][vc_row][vc_column][vc_column_text css=&#8221;&#8221;]\n<h3 style=\"margin: 0cm; text-align: justify; line-height: 200%; background: white;\"><strong><span style=\"color: #000080;\"><span style=\"font-family: Arial, sans-serif;\">Eixo 2: As subjetividades contempor\u00e2neas e suas urg\u00eancias<\/span><\/span><\/strong><\/h3>\n<p style=\"margin: 0cm; text-align: justify; line-height: 200%; background: white;\"><span class=\"wpex-text-sm\" style=\"font-family: 'Arial',sans-serif; color: #0d0d0d;\">Coordenadoras: Bibiana Poggi e K\u00e9sia Ramos<\/span><\/p>\n<p>&nbsp;<\/p>\n<p style=\"margin: 0cm; text-align: justify; line-height: 200%; background: white;\"><span style=\"font-family: 'Arial',sans-serif; color: #0d0d0d;\">A proposta do tema da IV Jornada da Se\u00e7\u00e3o Nordeste \u201cRespostas do Real, conting\u00eancias na cl\u00ednica\u201d e do eixo de trabalho \u201cAs subjetividades contempor\u00e2neas e suas urg\u00eancias\u201d provocou algumas indaga\u00e7\u00f5es:<\/span><\/p>\n<p style=\"margin: 0cm; text-align: justify; line-height: 200%; background: white;\"><span style=\"font-family: 'Arial',sans-serif; color: #0d0d0d;\">O que \u00e9 urgente para o ser falante?<\/span><\/p>\n<p style=\"margin: 0cm; text-align: justify; line-height: 200%; background: white;\"><span style=\"font-family: 'Arial',sans-serif; color: #0d0d0d;\">Como opera o analista perante o sujeito que chega com uma urg\u00eancia como sintoma?<\/span><\/p>\n[\/vc_column_text]<div class=\"vcex-spacing wpex-w-100 wpex-clear\"><\/div><a href=\"https:\/\/ebp.org.br\/nordeste\/jornadas\/2024\/eixo-2-as-subjetividades-contemporaneas-e-suas-urgencias\/\" class=\"vcex-button theme-button align-left inline\" style=\"background:var(--wpex-accent);\"><span class=\"vcex-button-inner theme-button-inner\">Leia<span class=\"vcex-button-icon vcex-icon-wrap theme-button-icon-right\"><span class=\"ticon ticon-plus-circle\" aria-hidden=\"true\"><\/span><\/span><\/span><\/a> [\/vc_column][\/vc_row][vc_row][vc_column]<div class=\"vcex-spacing wpex-w-100 wpex-clear\"><\/div><div class=\"vcex-module vcex-divider vcex-divider-solid vcex-divider-center wpex-mx-auto wpex-block wpex-h-0 wpex-border-b wpex-border-solid wpex-border-main\" style=\"border-color:var(--wpex-accent);\"><\/div><div class=\"vcex-spacing wpex-w-100 wpex-clear\"><\/div>[\/vc_column][\/vc_row][vc_row][vc_column][vc_column_text css=&#8221;&#8221;]\n<h3><span style=\"color: #000080;\"><strong>Eixo 3: A pr\u00e1tica anal\u00edtica nos territ\u00f3rios<\/strong><\/span><\/h3>\n<p><span class=\"wpex-text-sm\">Coordenadoras: Claudia Formiga e Sandra Conrado<\/span><\/p>\n<p>&nbsp;<\/p>\n<p>Frente ao desafio de compreender o mal-estar em nossos dias, \u00e9 com as ferramentas da cl\u00ednica que a orienta\u00e7\u00e3o lacaniana se dirige \u201cao real em suas m\u00faltiplas e incalcul\u00e1veis facetas\u201d<a href=\"#_ftn1\" name=\"_ftnref1\">[1]<\/a>, seja como leitura dos impasses na civiliza\u00e7\u00e3o, seja por meio de uma pr\u00e1tica dita <em>aplicada.<\/em><\/p>\n<p>Que a pr\u00e1tica anal\u00edtica n\u00e3o mais se restringe ao consult\u00f3rio, j\u00e1 sabemos. Mas o que delimita a a\u00e7\u00e3o do analista em hospitais, escolas ou no encontro com outras pr\u00e1ticas e saberes? Quais os riscos da radicalidade da descoberta freudiana vir a se perder em uma pragm\u00e1tica? S\u00e3o quest\u00f5es que no Eixo III iremos estar \u00e0s voltas, ao abordar as <em>Respostas de real e as conting\u00eancias na cl\u00ednica. <\/em>[\/vc_column_text]<div class=\"vcex-spacing wpex-w-100 wpex-clear\"><\/div><a href=\"https:\/\/ebp.org.br\/nordeste\/jornadas\/2024\/eixo-3-a-pratica-analitica-nos-territorios\/\" class=\"vcex-button theme-button align-left inline\" style=\"background:var(--wpex-accent);\"><span class=\"vcex-button-inner theme-button-inner\">Leia<span class=\"vcex-button-icon vcex-icon-wrap theme-button-icon-right\"><span class=\"ticon ticon-plus-circle\" aria-hidden=\"true\"><\/span><\/span><\/span><\/a> [\/vc_column][\/vc_row]\n<\/div>","protected":false},"excerpt":{"rendered":"<p>[vc_row][vc_column][vc_column_text css=&#8221;&#8221;] IV Jornada da Se\u00e7\u00e3o Nordeste Respostas do Real: conting\u00eancias na cl\u00ednica 13 e 14 de dezembro de 2024 Eixo 1: \u201cAs coisas do amor\u201d Coordena\u00e7\u00e3o: Glacy Gonzales Gorski e Susane Zanotti &nbsp; \u00a0O discurso capitalista \u00e9 um aggiornamento do discurso do mestre, por\u00e9m, \u00e9 um falso discurso, uma vez que n\u00e3o tem a&hellip;<\/p>\n","protected":false},"author":1,"featured_media":0,"parent":372,"menu_order":0,"comment_status":"closed","ping_status":"closed","template":"templates\/no-sidebar.php","meta":{"footnotes":""},"class_list":["post-368","page","type-page","status-publish","hentry","entry","no-media"],"_links":{"self":[{"href":"https:\/\/ebp.org.br\/nordeste\/jornadas\/2024\/wp-json\/wp\/v2\/pages\/368","targetHints":{"allow":["GET"]}}],"collection":[{"href":"https:\/\/ebp.org.br\/nordeste\/jornadas\/2024\/wp-json\/wp\/v2\/pages"}],"about":[{"href":"https:\/\/ebp.org.br\/nordeste\/jornadas\/2024\/wp-json\/wp\/v2\/types\/page"}],"author":[{"embeddable":true,"href":"https:\/\/ebp.org.br\/nordeste\/jornadas\/2024\/wp-json\/wp\/v2\/users\/1"}],"replies":[{"embeddable":true,"href":"https:\/\/ebp.org.br\/nordeste\/jornadas\/2024\/wp-json\/wp\/v2\/comments?post=368"}],"version-history":[{"count":6,"href":"https:\/\/ebp.org.br\/nordeste\/jornadas\/2024\/wp-json\/wp\/v2\/pages\/368\/revisions"}],"predecessor-version":[{"id":676,"href":"https:\/\/ebp.org.br\/nordeste\/jornadas\/2024\/wp-json\/wp\/v2\/pages\/368\/revisions\/676"}],"up":[{"embeddable":true,"href":"https:\/\/ebp.org.br\/nordeste\/jornadas\/2024\/wp-json\/wp\/v2\/pages\/372"}],"wp:attachment":[{"href":"https:\/\/ebp.org.br\/nordeste\/jornadas\/2024\/wp-json\/wp\/v2\/media?parent=368"}],"curies":[{"name":"wp","href":"https:\/\/api.w.org\/{rel}","templated":true}]}}