{"id":57828,"date":"2023-11-16T03:25:05","date_gmt":"2023-11-16T06:25:05","guid":{"rendered":"https:\/\/ebp.org.br\/nordeste\/jornadas\/2023\/?page_id=57828"},"modified":"2023-11-16T03:36:05","modified_gmt":"2023-11-16T06:36:05","slug":"bares-e-restaurantes","status":"publish","type":"page","link":"https:\/\/ebp.org.br\/nordeste\/jornadas\/2023\/acolhimento\/bares-e-restaurantes\/","title":{"rendered":"Bares e Restaurantes"},"content":{"rendered":"<div class=\"wpb-content-wrapper\"><p>[vc_row][vc_column]<div id=\"ultimate-heading-632669daf84d11f84\" class=\"uvc-heading ult-adjust-bottom-margin ultimate-heading-632669daf84d11f84 uvc-7466  uvc-heading-default-font-sizes\" data-hspacer=\"line_only\"  data-halign=\"left\" style=\"text-align:left\"><div class=\"uvc-main-heading ult-responsive\"  data-ultimate-target='.uvc-heading.ultimate-heading-632669daf84d11f84 h2'  data-responsive-json-new='{\"font-size\":\"\",\"line-height\":\"\"}' ><h2 style=\"--font-weight:theme;\">Acolhimento - Bares e Restaurantes<\/h2><\/div><div class=\"uvc-heading-spacer line_only\" style=\"topheight:1px;\"><span class=\"uvc-headings-line\" style=\"border-style:solid;border-bottom-width:1px;border-color:#8e0c0f;width:50px;\"><\/span><\/div><\/div>[\/vc_column][\/vc_row][vc_row][vc_column][vc_empty_space height=&#8221;50px&#8221;][vc_column_text]<\/p>\n<ul>\n<li><strong>Voar restaurante<\/strong><\/li>\n<\/ul>\n<p>Endere\u00e7o: R. Baltazar Pereira, 130 &#8211; Boa Viagem<\/p>\n<p>Contato: (81) 9-99309313<\/p>\n<p>Dist\u00e2ncia aproximada: 0.5Km<\/p>\n<p>Tipo: bar \/ restaurante a la carte<\/p>\n<p>&nbsp;<\/p>\n<ul>\n<li><strong>Entre amigos praia<\/strong><\/li>\n<\/ul>\n<p>Endere\u00e7o: Av. Boa Viagem, 760 &#8211; Boa Viagem<\/p>\n<p>Contato: (81) 3127-2510<\/p>\n<p>Dist\u00e2ncia aproximada:\u00a0 0.47Km<\/p>\n<p>Tipo: bar \/ restaurante a la carte<\/p>\n<p>&nbsp;<\/p>\n<ul>\n<li><strong>Entre amigos o bode<\/strong><\/li>\n<\/ul>\n<p>Endere\u00e7o: R. Marqu\u00eas de Valen\u00e7a, 50 &#8211; Boa Viagem<\/p>\n<p>Contato: (81) 3312-1000<\/p>\n<p>Dist\u00e2ncia aproximada: 4.32Km<\/p>\n<p>Tipo: bar \/ restaurante a la carte. Tem sushi, rod\u00edzio ou a la carte.<\/p>\n<p>&nbsp;<\/p>\n<ul>\n<li><strong>Cia do chopp<\/strong><\/li>\n<\/ul>\n<p>Endere\u00e7o: Av. Conselheiro Aguiar, 2775 &#8211; Boa Viagem<\/p>\n<p>Contato: (81) 3465-9066<\/p>\n<p>Dist\u00e2ncia aproximada: 2km<\/p>\n<p>Tipo: bar<\/p>\n<p>&nbsp;<\/p>\n<ul>\n<li><strong>Tasquinha do tio<\/strong><\/li>\n<\/ul>\n<p>Endere\u00e7o: Av. Boa Viagem, 560 &#8211; Pina<\/p>\n<p>Contato: (81) 3465-4143<\/p>\n<p>Dist\u00e2ncia aproximada: 1km<\/p>\n<p>Tipo: bar \/ restaurante a la carte<\/p>\n<p>&nbsp;<\/p>\n<ul>\n<li><strong>Ilha da Kosta<\/strong><\/li>\n<\/ul>\n<p>Endere\u00e7o: R. Padre Bernardino Pessoa, 50 &#8211; Boa Viagem<\/p>\n<p>Contato: (81) 3466-2222<\/p>\n<p>Dist\u00e2ncia aproximada: 2.23km<\/p>\n<p>Tipo: bar \/ restaurante a la carte<\/p>\n<p>&nbsp;<\/p>\n<ul>\n<li><strong>Terra\u00e7o Carvalheira<\/strong><\/li>\n<\/ul>\n<p>Endere\u00e7o: R. Padre Carapuceiro, 777 &#8211; Edif\u00edcio Garagem cobertura b4 &#8211; Boa Viagem<\/p>\n<p>Contato: (81) 99197-1188<\/p>\n<p>Dist\u00e2ncia aproximada: 4.29km<\/p>\n<p>Tipo: bar \/ restaurante a la carte<\/p>\n<p>&nbsp;<\/p>\n<ul>\n<li><strong>Coco bambu shopping recife<\/strong><\/li>\n<\/ul>\n<p>Endere\u00e7o: R. Padre Carapuceiro, 777 &#8211; Loja 82A &#8211; Boa Viagem<\/p>\n<p>Contato: (81) 3038-7080<\/p>\n<p>Dist\u00e2ncia aproximada: 4.29km<\/p>\n<p>Tipo: restaurante \/ bar a la carte<\/p>\n<p>&nbsp;<\/p>\n<ul>\n<li><strong>Mingus<\/strong><\/li>\n<\/ul>\n<p>Endere\u00e7o: Rua do Atl\u00e2ntico, 102 &#8211; Boa Viagem<\/p>\n<p>Contato: (81) 99232-5656<\/p>\n<p>Dist\u00e2ncia aproximada: 0.39km<\/p>\n<p>Tipo: restaurante<\/p>\n<p>&nbsp;<\/p>\n<ul>\n<li><strong>Barga\u00e7o<\/strong><\/li>\n<\/ul>\n<p>Endere\u00e7o: Av. Antonio de Goes, 62 &#8211; Pina<\/p>\n<p>Contato: (81) 3465-1847<\/p>\n<p>Dist\u00e2ncia aproximada: 2.64km<\/p>\n<p>Tipo: restaurante \/ bar<\/p>\n<p>&nbsp;<\/p>\n<ul>\n<li><strong>NAU frutos do mar<\/strong><\/li>\n<\/ul>\n<p>Endere\u00e7o: Av. Engenheiro Domingos Ferreira, 1910 &#8211; Boa Viagem<\/p>\n<p>Contato: (81) 3205-8456<\/p>\n<p>Dist\u00e2ncia aproximada: 0.95km<\/p>\n<p>Tipo: restaurante a la carte<\/p>\n<p>&nbsp;<\/p>\n<ul>\n<li><strong>Furetti Cucina italiana<\/strong><\/li>\n<\/ul>\n<p>Endere\u00e7o: R. Carlos Pereira Falc\u00e3o, 184 &#8211; Boa Viagem<\/p>\n<p>Contato: (81) 3314-4592<\/p>\n<p>Dist\u00e2ncia aproximada: 3.97km<\/p>\n<p>Tipo: restaurante a la carte<\/p>\n<p>&nbsp;<\/p>\n<ul>\n<li><strong>Anjo solto<\/strong><\/li>\n<\/ul>\n<p>Endere\u00e7o: Av. Herculano Bandeira, 513 &#8211; Pina<\/p>\n<p>Contato: (81) 3325-0862<\/p>\n<p>Dist\u00e2ncia aproximada: 2.52km<\/p>\n<p>Tipo: restaurante \/ creperia<\/p>\n<p>&nbsp;<\/p>\n<ul>\n<li><strong>Kojima<\/strong><\/li>\n<\/ul>\n<p>Endere\u00e7o: R. Vic\u00eancia, 85 &#8211; Pina<\/p>\n<p>Contato: (81) 3328-3585<\/p>\n<p>Dist\u00e2ncia aproximada: 0.75km<\/p>\n<p>Tipo: sushi a la carte<\/p>\n<p>&nbsp;<\/p>\n<ul>\n<li><strong>Vieira<\/strong><\/li>\n<\/ul>\n<p>Endere\u00e7o: R. Araguari, 47 &#8211; Bras\u00edlia Teimosa<\/p>\n<p>Contato: (81) 3078-5484<\/p>\n<p>Dist\u00e2ncia aproximada: 1.6km<\/p>\n<p>Tipo: restaurante e bar<\/p>\n<p>&nbsp;<\/p>\n<ul>\n<li><strong>Deck Pina Bar<\/strong><\/li>\n<\/ul>\n<p>Endere\u00e7o: R. Delfim, 246 &#8211; Bras\u00edlia Teimosa<\/p>\n<p>Contato: (81) 98231-2433<\/p>\n<p>Dist\u00e2ncia aproximada:<\/p>\n<p>Tipo: bar<\/p>\n<p>&nbsp;<\/p>\n<ul>\n<li><strong>Quiosque Akira praia<\/strong><\/li>\n<\/ul>\n<p>Endere\u00e7o: Quiosque 54, av. Boa Viagem<\/p>\n<p>Dist\u00e2ncia aproximada:<\/p>\n<p>Tipo: sushi<\/p>\n<p>&nbsp;<\/p>\n<ul>\n<li><strong>Manu Ten\u00f3rio culin\u00e1ria saud\u00e1vel<\/strong><\/li>\n<\/ul>\n<p>Endere\u00e7o: R. Amazonas, 42 &#8211; Boa Viagem<\/p>\n<p>Contato: (81) 3125-2334<\/p>\n<p>Dist\u00e2ncia aproximada: 0.43km<\/p>\n<p>Tipo: culin\u00e1ria saud\u00e1vel a la carte<\/p>\n<p>&nbsp;<\/p>\n<ul>\n<li><strong>Cais Rooftop Lounge Bar<\/strong><\/li>\n<\/ul>\n<p>Endere\u00e7o: Av. Alfredo Lisboa, 04 &#8211; Recife Antigo<\/p>\n<p>Contato: (81) 99146-8062<\/p>\n<p>Dist\u00e2ncia aproximada: 6.24km<\/p>\n<p>Tipo: bar<\/p>\n<p>&nbsp;<\/p>\n<ul>\n<li><strong>Moendo na laje<\/strong><\/li>\n<\/ul>\n<p>Endere\u00e7o: Av. Alfredo Lisboa, 810 &#8211; Recife Antigo<\/p>\n<p>Contato: (81) 99437-6621<\/p>\n<p>Dist\u00e2ncia aproximada: 6km<\/p>\n<p>Tipo: bar<\/p>\n<p>&nbsp;<\/p>\n<ul>\n<li><strong>Venda Bom Jesus<\/strong><\/li>\n<\/ul>\n<p>Endere\u00e7o: R. Bar\u00e3o Rodrigues Mendes, 59 &#8211; Recife Antigo<\/p>\n<p>Contato: (81) 99733-0663<\/p>\n<p>Dist\u00e2ncia aproximada:<\/p>\n<p>Tipo: bar<\/p>\n<p>&nbsp;<\/p>\n<ul>\n<li><strong>Barchef Boteco<\/strong><\/li>\n<\/ul>\n<p>Endere\u00e7o: Av. Conselheiro Aguiar, 2814 &#8211; Boa Viagem<\/p>\n<p>Contato:<\/p>\n<p>Dist\u00e2ncia aproximada: 2.22km<\/p>\n<p>Tipo: bar<\/p>\n<p>&nbsp;<\/p>\n<ul>\n<li><strong>Mangai<\/strong><\/li>\n<\/ul>\n<p>Endere\u00e7o: Av. Engenheiro Domingos Ferreira, 1910 &#8211; Boa Viagem<\/p>\n<p>Contato: (81) 32058455<\/p>\n<p>Dist\u00e2ncia aproximada: 0.95km<\/p>\n<p>Tipo: self-service<\/p>\n<p>&nbsp;<\/p>\n<ul>\n<li><strong>Parraxax\u00e1<\/strong><\/li>\n<\/ul>\n<p>Endere\u00e7o: Av. Fernando Sim\u00f5es Barbosa, 1200 &#8211; Boa Viagem<\/p>\n<p>Contato: (81) 3463-7874<\/p>\n<p>Dist\u00e2ncia aproximada: 3.91km<\/p>\n<p>Tipo: self-service<\/p>\n<p>[\/vc_column_text][\/vc_column][\/vc_row]<\/p>\n<\/div>","protected":false},"excerpt":{"rendered":"<p>[vc_row][vc_column][\/vc_column][\/vc_row][vc_row][vc_column][vc_empty_space height=&#8221;50px&#8221;][vc_column_text] Voar restaurante Endere\u00e7o: R. Baltazar Pereira, 130 &#8211; Boa Viagem Contato: (81) 9-99309313 Dist\u00e2ncia aproximada: 0.5Km Tipo: bar \/ restaurante a la carte &nbsp; Entre amigos praia Endere\u00e7o: Av. Boa Viagem, 760 &#8211; Boa Viagem Contato: (81) 3127-2510 Dist\u00e2ncia aproximada:\u00a0 0.47Km Tipo: bar \/ restaurante a la carte &nbsp; Entre amigos o bode&hellip;<\/p>\n","protected":false},"author":1,"featured_media":0,"parent":57676,"menu_order":0,"comment_status":"closed","ping_status":"closed","template":"","meta":{"footnotes":""},"class_list":["post-57828","page","type-page","status-publish","hentry","description-off"],"_links":{"self":[{"href":"https:\/\/ebp.org.br\/nordeste\/jornadas\/2023\/wp-json\/wp\/v2\/pages\/57828","targetHints":{"allow":["GET"]}}],"collection":[{"href":"https:\/\/ebp.org.br\/nordeste\/jornadas\/2023\/wp-json\/wp\/v2\/pages"}],"about":[{"href":"https:\/\/ebp.org.br\/nordeste\/jornadas\/2023\/wp-json\/wp\/v2\/types\/page"}],"author":[{"embeddable":true,"href":"https:\/\/ebp.org.br\/nordeste\/jornadas\/2023\/wp-json\/wp\/v2\/users\/1"}],"replies":[{"embeddable":true,"href":"https:\/\/ebp.org.br\/nordeste\/jornadas\/2023\/wp-json\/wp\/v2\/comments?post=57828"}],"version-history":[{"count":2,"href":"https:\/\/ebp.org.br\/nordeste\/jornadas\/2023\/wp-json\/wp\/v2\/pages\/57828\/revisions"}],"predecessor-version":[{"id":57831,"href":"https:\/\/ebp.org.br\/nordeste\/jornadas\/2023\/wp-json\/wp\/v2\/pages\/57828\/revisions\/57831"}],"up":[{"embeddable":true,"href":"https:\/\/ebp.org.br\/nordeste\/jornadas\/2023\/wp-json\/wp\/v2\/pages\/57676"}],"wp:attachment":[{"href":"https:\/\/ebp.org.br\/nordeste\/jornadas\/2023\/wp-json\/wp\/v2\/media?parent=57828"}],"curies":[{"name":"wp","href":"https:\/\/api.w.org\/{rel}","templated":true}]}}